{"id":99535,"date":"2021-01-31T12:46:31","date_gmt":"2021-01-31T11:46:31","guid":{"rendered":"https:\/\/endormoonstore.com\/frodo-the-lord-of-the-rings-action-figures-series-2\/"},"modified":"2023-08-21T21:59:30","modified_gmt":"2023-08-21T19:59:30","slug":"frodo-the-lord-of-the-rings-action-figures-wave-2","status":"publish","type":"product","link":"https:\/\/endormoonstore.com\/en\/frodo-the-lord-of-the-rings-action-figures-wave-2\/","title":{"rendered":"Frodo The Lord of The Rings Action Figures Series 2"},"content":{"rendered":"<p><strong>Frodo The Lord of The Rings Action Figures Series 2\u00a0Figura 10 cm<\/strong><\/p>\n<ul>\n<li>Diamond Select Toys presenta la serie 2 de las figuras articuladas basadas en la pel\u00edcula El Se\u00f1or de los Anillos.En este caso esta figura es del \u00a1Uno de los Hobbit m\u00e1s famosos y valiente de la Comarca Frodo !<\/li>\n<li>Incluye partes intercambiables y varios accesorios.<\/li>\n<li>Viene con una pieza de Sauron, colecciona toda la l\u00ednea para construir al villano de 33 cm. Est\u00e1n hechas en PVC, Frodo mide 10 cm y cuentan con 16 puntos de articulaci\u00f3n.<\/li>\n<li>Cada figura viene empaquetada en una caja a todo color con ventana y una etiqueta colgante.<\/li>\n<li>Esculpidas por Gentle Giant Studios y dise\u00f1adas por Yuri Tming y Eamon O&#8217;Donoghue.<\/li>\n<\/ul>\n","protected":false},"excerpt":{"rendered":"<p><strong>Frodo The Lord of The Rings Action Figures Series 2\u00a0Figura 10 cm<\/strong><\/p>\n<p>Diamond Select Toys presenta la serie 2 de las figuras articuladas basadas en la pel\u00edcula El Se\u00f1or de los Anillos.En este caso esta figura es del \u00a1Uno de los Hobbit m\u00e1s famosos y valiente de la Comarca Frodo !<\/p>\n","protected":false},"featured_media":99527,"template":"","meta":{"_acf_changed":false,"_kad_blocks_custom_css":"","_kad_blocks_head_custom_js":"","_kad_blocks_body_custom_js":"","_kad_blocks_footer_custom_js":""},"product_cat":[1390],"product_tag":[],"class_list":{"0":"post-99535","1":"product","2":"type-product","3":"status-publish","4":"has-post-thumbnail","6":"product_cat-figures","7":"pa_brand-diamond-select-toys-en","8":"pa_character-frodo-en","9":"pa_license-the-lord-of-the-rings","10":"pa_product-type-figure","12":"first","13":"outofstock","14":"taxable","15":"shipping-taxable","16":"purchasable","17":"product-type-simple"},"acf":[],"yoast_head":"<!-- This site is optimized with the Yoast SEO plugin v26.1.1 - https:\/\/yoast.com\/wordpress\/plugins\/seo\/ -->\n<title>Frodo The Lord of The Rings Action Figures Series 2 - EndormoonStore<\/title>\n<meta name=\"robots\" content=\"index, follow, max-snippet:-1, max-image-preview:large, max-video-preview:-1\" \/>\n<link rel=\"canonical\" href=\"https:\/\/endormoonstore.com\/frodo-the-lord-of-the-rings-action-figures-wave-2\/\" \/>\n<meta property=\"og:locale\" content=\"en_US\" \/>\n<meta property=\"og:type\" content=\"article\" \/>\n<meta property=\"og:title\" content=\"Frodo The Lord of The Rings Action Figures Series 2 - EndormoonStore\" \/>\n<meta property=\"og:description\" content=\"Frodo The Lord of The Rings Action Figures Series 2\u00a0Figura 10 cm  Diamond Select Toys presenta la serie 2 de las figuras articuladas basadas en la pel\u00edcula El Se\u00f1or de los Anillos.En este caso esta figura es del \u00a1Uno de los Hobbit m\u00e1s famosos y valiente de la Comarca Frodo !\" \/>\n<meta property=\"og:url\" content=\"https:\/\/endormoonstore.com\/frodo-the-lord-of-the-rings-action-figures-wave-2\/\" \/>\n<meta property=\"og:site_name\" content=\"EndormoonStore\" \/>\n<meta property=\"article:modified_time\" content=\"2023-08-21T19:59:30+00:00\" \/>\n<meta property=\"og:image\" content=\"https:\/\/endormoonstore.com\/wp-content\/uploads\/2021\/01\/lord-of-the-rings-series-2-figure-asst-2.jpg\" \/>\n\t<meta property=\"og:image:width\" content=\"897\" \/>\n\t<meta property=\"og:image:height\" content=\"1600\" \/>\n\t<meta property=\"og:image:type\" content=\"image\/jpeg\" \/>\n<meta name=\"twitter:card\" content=\"summary_large_image\" \/>\n<meta name=\"twitter:label1\" content=\"Est. reading time\" \/>\n\t<meta name=\"twitter:data1\" content=\"1 minute\" \/>\n<script type=\"application\/ld+json\" class=\"yoast-schema-graph\">{\"@context\":\"https:\/\/schema.org\",\"@graph\":[{\"@type\":\"WebPage\",\"@id\":\"https:\/\/endormoonstore.com\/frodo-the-lord-of-the-rings-action-figures-wave-2\/\",\"url\":\"https:\/\/endormoonstore.com\/frodo-the-lord-of-the-rings-action-figures-wave-2\/\",\"name\":\"Frodo The Lord of The Rings Action Figures Series 2 - EndormoonStore\",\"isPartOf\":{\"@id\":\"https:\/\/endormoonstore.com\/#website\"},\"primaryImageOfPage\":{\"@id\":\"https:\/\/endormoonstore.com\/frodo-the-lord-of-the-rings-action-figures-wave-2\/#primaryimage\"},\"image\":{\"@id\":\"https:\/\/endormoonstore.com\/frodo-the-lord-of-the-rings-action-figures-wave-2\/#primaryimage\"},\"thumbnailUrl\":\"https:\/\/endormoonstore.com\/wp-content\/uploads\/2021\/01\/lord-of-the-rings-series-2-figure-asst-2.jpg\",\"datePublished\":\"2021-01-31T11:46:31+00:00\",\"dateModified\":\"2023-08-21T19:59:30+00:00\",\"breadcrumb\":{\"@id\":\"https:\/\/endormoonstore.com\/frodo-the-lord-of-the-rings-action-figures-wave-2\/#breadcrumb\"},\"inLanguage\":\"en-US\",\"potentialAction\":[{\"@type\":\"ReadAction\",\"target\":[\"https:\/\/endormoonstore.com\/frodo-the-lord-of-the-rings-action-figures-wave-2\/\"]}]},{\"@type\":\"ImageObject\",\"inLanguage\":\"en-US\",\"@id\":\"https:\/\/endormoonstore.com\/frodo-the-lord-of-the-rings-action-figures-wave-2\/#primaryimage\",\"url\":\"https:\/\/endormoonstore.com\/wp-content\/uploads\/2021\/01\/lord-of-the-rings-series-2-figure-asst-2.jpg\",\"contentUrl\":\"https:\/\/endormoonstore.com\/wp-content\/uploads\/2021\/01\/lord-of-the-rings-series-2-figure-asst-2.jpg\",\"width\":897,\"height\":1600},{\"@type\":\"BreadcrumbList\",\"@id\":\"https:\/\/endormoonstore.com\/frodo-the-lord-of-the-rings-action-figures-wave-2\/#breadcrumb\",\"itemListElement\":[{\"@type\":\"ListItem\",\"position\":1,\"name\":\"Shop\",\"item\":\"https:\/\/endormoonstore.com\/en\/shop\/\"},{\"@type\":\"ListItem\",\"position\":2,\"name\":\"Frodo The Lord of The Rings Action Figures Series 2\"}]},{\"@type\":\"WebSite\",\"@id\":\"https:\/\/endormoonstore.com\/#website\",\"url\":\"https:\/\/endormoonstore.com\/\",\"name\":\"EndormoonStore\",\"description\":\"\",\"potentialAction\":[{\"@type\":\"SearchAction\",\"target\":{\"@type\":\"EntryPoint\",\"urlTemplate\":\"https:\/\/endormoonstore.com\/?s={search_term_string}\"},\"query-input\":{\"@type\":\"PropertyValueSpecification\",\"valueRequired\":true,\"valueName\":\"search_term_string\"}}],\"inLanguage\":\"en-US\"}]}<\/script>\n<!-- \/ Yoast SEO plugin. -->","yoast_head_json":{"title":"Frodo The Lord of The Rings Action Figures Series 2 - EndormoonStore","robots":{"index":"index","follow":"follow","max-snippet":"max-snippet:-1","max-image-preview":"max-image-preview:large","max-video-preview":"max-video-preview:-1"},"canonical":"https:\/\/endormoonstore.com\/frodo-the-lord-of-the-rings-action-figures-wave-2\/","og_locale":"en_US","og_type":"article","og_title":"Frodo The Lord of The Rings Action Figures Series 2 - EndormoonStore","og_description":"Frodo The Lord of The Rings Action Figures Series 2\u00a0Figura 10 cm  Diamond Select Toys presenta la serie 2 de las figuras articuladas basadas en la pel\u00edcula El Se\u00f1or de los Anillos.En este caso esta figura es del \u00a1Uno de los Hobbit m\u00e1s famosos y valiente de la Comarca Frodo !","og_url":"https:\/\/endormoonstore.com\/frodo-the-lord-of-the-rings-action-figures-wave-2\/","og_site_name":"EndormoonStore","article_modified_time":"2023-08-21T19:59:30+00:00","og_image":[{"width":897,"height":1600,"url":"https:\/\/endormoonstore.com\/wp-content\/uploads\/2021\/01\/lord-of-the-rings-series-2-figure-asst-2.jpg","type":"image\/jpeg"}],"twitter_card":"summary_large_image","twitter_misc":{"Est. reading time":"1 minute"},"schema":{"@context":"https:\/\/schema.org","@graph":[{"@type":"WebPage","@id":"https:\/\/endormoonstore.com\/frodo-the-lord-of-the-rings-action-figures-wave-2\/","url":"https:\/\/endormoonstore.com\/frodo-the-lord-of-the-rings-action-figures-wave-2\/","name":"Frodo The Lord of The Rings Action Figures Series 2 - EndormoonStore","isPartOf":{"@id":"https:\/\/endormoonstore.com\/#website"},"primaryImageOfPage":{"@id":"https:\/\/endormoonstore.com\/frodo-the-lord-of-the-rings-action-figures-wave-2\/#primaryimage"},"image":{"@id":"https:\/\/endormoonstore.com\/frodo-the-lord-of-the-rings-action-figures-wave-2\/#primaryimage"},"thumbnailUrl":"https:\/\/endormoonstore.com\/wp-content\/uploads\/2021\/01\/lord-of-the-rings-series-2-figure-asst-2.jpg","datePublished":"2021-01-31T11:46:31+00:00","dateModified":"2023-08-21T19:59:30+00:00","breadcrumb":{"@id":"https:\/\/endormoonstore.com\/frodo-the-lord-of-the-rings-action-figures-wave-2\/#breadcrumb"},"inLanguage":"en-US","potentialAction":[{"@type":"ReadAction","target":["https:\/\/endormoonstore.com\/frodo-the-lord-of-the-rings-action-figures-wave-2\/"]}]},{"@type":"ImageObject","inLanguage":"en-US","@id":"https:\/\/endormoonstore.com\/frodo-the-lord-of-the-rings-action-figures-wave-2\/#primaryimage","url":"https:\/\/endormoonstore.com\/wp-content\/uploads\/2021\/01\/lord-of-the-rings-series-2-figure-asst-2.jpg","contentUrl":"https:\/\/endormoonstore.com\/wp-content\/uploads\/2021\/01\/lord-of-the-rings-series-2-figure-asst-2.jpg","width":897,"height":1600},{"@type":"BreadcrumbList","@id":"https:\/\/endormoonstore.com\/frodo-the-lord-of-the-rings-action-figures-wave-2\/#breadcrumb","itemListElement":[{"@type":"ListItem","position":1,"name":"Shop","item":"https:\/\/endormoonstore.com\/en\/shop\/"},{"@type":"ListItem","position":2,"name":"Frodo The Lord of The Rings Action Figures Series 2"}]},{"@type":"WebSite","@id":"https:\/\/endormoonstore.com\/#website","url":"https:\/\/endormoonstore.com\/","name":"EndormoonStore","description":"","potentialAction":[{"@type":"SearchAction","target":{"@type":"EntryPoint","urlTemplate":"https:\/\/endormoonstore.com\/?s={search_term_string}"},"query-input":{"@type":"PropertyValueSpecification","valueRequired":true,"valueName":"search_term_string"}}],"inLanguage":"en-US"}]}},"taxonomy_info":{"product_cat":[{"value":1390,"label":"Figures"}],"pa_brand":[{"value":1632,"label":"Diamond Select Toys"}],"pa_character":[{"value":5857,"label":"Frodo"}],"pa_license":[{"value":1771,"label":"The Lord of The Rings"}],"pa_product-type":[{"value":2387,"label":"Figure"}]},"featured_image_src_large":["https:\/\/endormoonstore.com\/wp-content\/uploads\/2021\/01\/lord-of-the-rings-series-2-figure-asst-2-574x1024.jpg",574,1024,true],"author_info":[],"comment_info":"","_links":{"self":[{"href":"https:\/\/endormoonstore.com\/en\/wp-json\/wp\/v2\/product\/99535","targetHints":{"allow":["GET"]}}],"collection":[{"href":"https:\/\/endormoonstore.com\/en\/wp-json\/wp\/v2\/product"}],"about":[{"href":"https:\/\/endormoonstore.com\/en\/wp-json\/wp\/v2\/types\/product"}],"wp:featuredmedia":[{"embeddable":true,"href":"https:\/\/endormoonstore.com\/en\/wp-json\/wp\/v2\/media\/99527"}],"wp:attachment":[{"href":"https:\/\/endormoonstore.com\/en\/wp-json\/wp\/v2\/media?parent=99535"}],"wp:term":[{"taxonomy":"product_cat","embeddable":true,"href":"https:\/\/endormoonstore.com\/en\/wp-json\/wp\/v2\/product_cat?post=99535"},{"taxonomy":"product_tag","embeddable":true,"href":"https:\/\/endormoonstore.com\/en\/wp-json\/wp\/v2\/product_tag?post=99535"}],"curies":[{"name":"wp","href":"https:\/\/api.w.org\/{rel}","templated":true}]}}