{"id":99525,"date":"2021-01-30T20:26:51","date_gmt":"2021-01-30T19:26:51","guid":{"rendered":"https:\/\/endormoonstore.com\/john-constantine-ed-deluxe-dc-universe-one-12-collective\/"},"modified":"2023-01-29T23:05:11","modified_gmt":"2023-01-29T22:05:11","slug":"john-constantine-ed-deluxe-dc-universe-one-12-collective","status":"publish","type":"product","link":"https:\/\/endormoonstore.com\/en\/john-constantine-ed-deluxe-dc-universe-one-12-collective\/","title":{"rendered":"John Constantine Ed.Deluxe DC Universe One:12 Collective"},"content":{"rendered":"<p><strong>John Constantine Ed.Deluxe DC Universe One:12 Collective\u00a0Figura 18 cm<\/strong><\/p>\n<ul>\n<li>Mezco Toyz, dentro de su colecci\u00f3n de figuras The One:12 Collective presenta la figura de John Constantine, c\u00ednico, estafador y hechicero.<\/li>\n<li>Se trata de una figura con m\u00e1s de 28 puntos de articulaci\u00f3n, de PVC, de unos 18 cm de alto, que viste su emblem\u00e1tica camisa de trabajo desordenada y abotonada con corbata suelta, pantalones, botas Chelsea y un abrigo extra\u00edble.<\/li>\n<li>Un infame estafador y ladr\u00f3n, la br\u00fajula moral de Constantine es tan gris como los cielos de Londres. Sus poderes le permiten no solo enga\u00f1ar a la muerte, sino tambi\u00e9n a las fuerzas que gobiernan el cielo y el infierno.\u00a0Constantine ejerce las artes oscuras para salvar su alma y la tierra misma.<\/li>\n<li>Incluye 4x retratos intercambiables, 15x manos intercambiables, Moonblade, Twin Blade, reliquia cruzada, encendedor con y sin llama FX, hechizo m\u00edstico FX, cartas del tarot y una base soporte para exposici\u00f3n.<\/li>\n<li>Cada figura de One: 12 Collective Constantine est\u00e1 empaquetada en una caja dise\u00f1ada para los coleccionistas.<\/li>\n<\/ul>\n<p>&nbsp;<\/p>\n","protected":false},"excerpt":{"rendered":"<p><strong>John Constantine Ed.Deluxe DC Universe One:12 Collective\u00a0Figura 18 cm<\/strong><\/p>\n<p>Mezco Toyz, dentro de su colecci\u00f3n de figuras The One:12 Collective presenta la figura de John Constantine, c\u00ednico, estafador y hechicero.<\/p>\n","protected":false},"featured_media":99473,"template":"","meta":{"_acf_changed":false,"_kad_blocks_custom_css":"","_kad_blocks_head_custom_js":"","_kad_blocks_body_custom_js":"","_kad_blocks_footer_custom_js":""},"product_cat":[1390],"product_tag":[],"class_list":{"0":"post-99525","1":"product","2":"type-product","3":"status-publish","4":"has-post-thumbnail","6":"product_cat-figures","7":"pa_brand-mezco-toyz-en","8":"pa_character-john-constantine-en","9":"pa_license-dc-universe-en","10":"pa_theme-one12-collective-en","12":"first","13":"outofstock","14":"taxable","15":"shipping-taxable","16":"purchasable","17":"product-type-simple"},"acf":[],"yoast_head":"<!-- This site is optimized with the Yoast SEO plugin v26.1.1 - https:\/\/yoast.com\/wordpress\/plugins\/seo\/ -->\n<title>John Constantine Ed.Deluxe DC Universe One:12 Collective - EndormoonStore<\/title>\n<meta name=\"robots\" content=\"index, follow, max-snippet:-1, max-image-preview:large, max-video-preview:-1\" \/>\n<link rel=\"canonical\" href=\"https:\/\/endormoonstore.com\/en\/john-constantine-ed-deluxe-dc-universe-one-12-collective\/\" \/>\n<meta property=\"og:locale\" content=\"en_US\" \/>\n<meta property=\"og:type\" content=\"article\" \/>\n<meta property=\"og:title\" content=\"John Constantine Ed.Deluxe DC Universe One:12 Collective - EndormoonStore\" \/>\n<meta property=\"og:description\" content=\"John Constantine Ed.Deluxe DC Universe One:12 Collective\u00a0Figura 18 cm  Mezco Toyz, dentro de su colecci\u00f3n de figuras The One:12 Collective presenta la figura de John Constantine, c\u00ednico, estafador y hechicero.\" \/>\n<meta property=\"og:url\" content=\"https:\/\/endormoonstore.com\/en\/john-constantine-ed-deluxe-dc-universe-one-12-collective\/\" \/>\n<meta property=\"og:site_name\" content=\"EndormoonStore\" \/>\n<meta property=\"article:modified_time\" content=\"2023-01-29T22:05:11+00:00\" \/>\n<meta property=\"og:image\" content=\"https:\/\/endormoonstore.com\/wp-content\/uploads\/2021\/01\/mezmez76083_1.jpg\" \/>\n\t<meta property=\"og:image:width\" content=\"1500\" \/>\n\t<meta property=\"og:image:height\" content=\"1500\" \/>\n\t<meta property=\"og:image:type\" content=\"image\/jpeg\" \/>\n<meta name=\"twitter:card\" content=\"summary_large_image\" \/>\n<meta name=\"twitter:label1\" content=\"Est. reading time\" \/>\n\t<meta name=\"twitter:data1\" content=\"1 minute\" \/>\n<script type=\"application\/ld+json\" class=\"yoast-schema-graph\">{\"@context\":\"https:\/\/schema.org\",\"@graph\":[{\"@type\":\"WebPage\",\"@id\":\"https:\/\/endormoonstore.com\/en\/john-constantine-ed-deluxe-dc-universe-one-12-collective\/\",\"url\":\"https:\/\/endormoonstore.com\/en\/john-constantine-ed-deluxe-dc-universe-one-12-collective\/\",\"name\":\"John Constantine Ed.Deluxe DC Universe One:12 Collective - EndormoonStore\",\"isPartOf\":{\"@id\":\"https:\/\/endormoonstore.com\/#website\"},\"primaryImageOfPage\":{\"@id\":\"https:\/\/endormoonstore.com\/en\/john-constantine-ed-deluxe-dc-universe-one-12-collective\/#primaryimage\"},\"image\":{\"@id\":\"https:\/\/endormoonstore.com\/en\/john-constantine-ed-deluxe-dc-universe-one-12-collective\/#primaryimage\"},\"thumbnailUrl\":\"https:\/\/endormoonstore.com\/wp-content\/uploads\/2021\/01\/mezmez76083_1.jpg\",\"datePublished\":\"2021-01-30T19:26:51+00:00\",\"dateModified\":\"2023-01-29T22:05:11+00:00\",\"breadcrumb\":{\"@id\":\"https:\/\/endormoonstore.com\/en\/john-constantine-ed-deluxe-dc-universe-one-12-collective\/#breadcrumb\"},\"inLanguage\":\"en-US\",\"potentialAction\":[{\"@type\":\"ReadAction\",\"target\":[\"https:\/\/endormoonstore.com\/en\/john-constantine-ed-deluxe-dc-universe-one-12-collective\/\"]}]},{\"@type\":\"ImageObject\",\"inLanguage\":\"en-US\",\"@id\":\"https:\/\/endormoonstore.com\/en\/john-constantine-ed-deluxe-dc-universe-one-12-collective\/#primaryimage\",\"url\":\"https:\/\/endormoonstore.com\/wp-content\/uploads\/2021\/01\/mezmez76083_1.jpg\",\"contentUrl\":\"https:\/\/endormoonstore.com\/wp-content\/uploads\/2021\/01\/mezmez76083_1.jpg\",\"width\":1500,\"height\":1500},{\"@type\":\"BreadcrumbList\",\"@id\":\"https:\/\/endormoonstore.com\/en\/john-constantine-ed-deluxe-dc-universe-one-12-collective\/#breadcrumb\",\"itemListElement\":[{\"@type\":\"ListItem\",\"position\":1,\"name\":\"Shop\",\"item\":\"https:\/\/endormoonstore.com\/en\/shop\/\"},{\"@type\":\"ListItem\",\"position\":2,\"name\":\"John Constantine Ed.Deluxe DC Universe One:12 Collective\"}]},{\"@type\":\"WebSite\",\"@id\":\"https:\/\/endormoonstore.com\/#website\",\"url\":\"https:\/\/endormoonstore.com\/\",\"name\":\"EndormoonStore\",\"description\":\"\",\"potentialAction\":[{\"@type\":\"SearchAction\",\"target\":{\"@type\":\"EntryPoint\",\"urlTemplate\":\"https:\/\/endormoonstore.com\/?s={search_term_string}\"},\"query-input\":{\"@type\":\"PropertyValueSpecification\",\"valueRequired\":true,\"valueName\":\"search_term_string\"}}],\"inLanguage\":\"en-US\"}]}<\/script>\n<!-- \/ Yoast SEO plugin. -->","yoast_head_json":{"title":"John Constantine Ed.Deluxe DC Universe One:12 Collective - EndormoonStore","robots":{"index":"index","follow":"follow","max-snippet":"max-snippet:-1","max-image-preview":"max-image-preview:large","max-video-preview":"max-video-preview:-1"},"canonical":"https:\/\/endormoonstore.com\/en\/john-constantine-ed-deluxe-dc-universe-one-12-collective\/","og_locale":"en_US","og_type":"article","og_title":"John Constantine Ed.Deluxe DC Universe One:12 Collective - EndormoonStore","og_description":"John Constantine Ed.Deluxe DC Universe One:12 Collective\u00a0Figura 18 cm  Mezco Toyz, dentro de su colecci\u00f3n de figuras The One:12 Collective presenta la figura de John Constantine, c\u00ednico, estafador y hechicero.","og_url":"https:\/\/endormoonstore.com\/en\/john-constantine-ed-deluxe-dc-universe-one-12-collective\/","og_site_name":"EndormoonStore","article_modified_time":"2023-01-29T22:05:11+00:00","og_image":[{"width":1500,"height":1500,"url":"https:\/\/endormoonstore.com\/wp-content\/uploads\/2021\/01\/mezmez76083_1.jpg","type":"image\/jpeg"}],"twitter_card":"summary_large_image","twitter_misc":{"Est. reading time":"1 minute"},"schema":{"@context":"https:\/\/schema.org","@graph":[{"@type":"WebPage","@id":"https:\/\/endormoonstore.com\/en\/john-constantine-ed-deluxe-dc-universe-one-12-collective\/","url":"https:\/\/endormoonstore.com\/en\/john-constantine-ed-deluxe-dc-universe-one-12-collective\/","name":"John Constantine Ed.Deluxe DC Universe One:12 Collective - EndormoonStore","isPartOf":{"@id":"https:\/\/endormoonstore.com\/#website"},"primaryImageOfPage":{"@id":"https:\/\/endormoonstore.com\/en\/john-constantine-ed-deluxe-dc-universe-one-12-collective\/#primaryimage"},"image":{"@id":"https:\/\/endormoonstore.com\/en\/john-constantine-ed-deluxe-dc-universe-one-12-collective\/#primaryimage"},"thumbnailUrl":"https:\/\/endormoonstore.com\/wp-content\/uploads\/2021\/01\/mezmez76083_1.jpg","datePublished":"2021-01-30T19:26:51+00:00","dateModified":"2023-01-29T22:05:11+00:00","breadcrumb":{"@id":"https:\/\/endormoonstore.com\/en\/john-constantine-ed-deluxe-dc-universe-one-12-collective\/#breadcrumb"},"inLanguage":"en-US","potentialAction":[{"@type":"ReadAction","target":["https:\/\/endormoonstore.com\/en\/john-constantine-ed-deluxe-dc-universe-one-12-collective\/"]}]},{"@type":"ImageObject","inLanguage":"en-US","@id":"https:\/\/endormoonstore.com\/en\/john-constantine-ed-deluxe-dc-universe-one-12-collective\/#primaryimage","url":"https:\/\/endormoonstore.com\/wp-content\/uploads\/2021\/01\/mezmez76083_1.jpg","contentUrl":"https:\/\/endormoonstore.com\/wp-content\/uploads\/2021\/01\/mezmez76083_1.jpg","width":1500,"height":1500},{"@type":"BreadcrumbList","@id":"https:\/\/endormoonstore.com\/en\/john-constantine-ed-deluxe-dc-universe-one-12-collective\/#breadcrumb","itemListElement":[{"@type":"ListItem","position":1,"name":"Shop","item":"https:\/\/endormoonstore.com\/en\/shop\/"},{"@type":"ListItem","position":2,"name":"John Constantine Ed.Deluxe DC Universe One:12 Collective"}]},{"@type":"WebSite","@id":"https:\/\/endormoonstore.com\/#website","url":"https:\/\/endormoonstore.com\/","name":"EndormoonStore","description":"","potentialAction":[{"@type":"SearchAction","target":{"@type":"EntryPoint","urlTemplate":"https:\/\/endormoonstore.com\/?s={search_term_string}"},"query-input":{"@type":"PropertyValueSpecification","valueRequired":true,"valueName":"search_term_string"}}],"inLanguage":"en-US"}]}},"taxonomy_info":{"product_cat":[{"value":1390,"label":"Figures"}],"pa_brand":[{"value":1638,"label":"Mezco Toyz"}],"pa_character":[{"value":3092,"label":"John Constantine"}],"pa_license":[{"value":3086,"label":"Dc Universe"}],"pa_theme":[{"value":1885,"label":"One:12 Collective"}]},"featured_image_src_large":["https:\/\/endormoonstore.com\/wp-content\/uploads\/2021\/01\/mezmez76083_1-1024x1024.jpg",1024,1024,true],"author_info":[],"comment_info":"","_links":{"self":[{"href":"https:\/\/endormoonstore.com\/en\/wp-json\/wp\/v2\/product\/99525","targetHints":{"allow":["GET"]}}],"collection":[{"href":"https:\/\/endormoonstore.com\/en\/wp-json\/wp\/v2\/product"}],"about":[{"href":"https:\/\/endormoonstore.com\/en\/wp-json\/wp\/v2\/types\/product"}],"wp:featuredmedia":[{"embeddable":true,"href":"https:\/\/endormoonstore.com\/en\/wp-json\/wp\/v2\/media\/99473"}],"wp:attachment":[{"href":"https:\/\/endormoonstore.com\/en\/wp-json\/wp\/v2\/media?parent=99525"}],"wp:term":[{"taxonomy":"product_cat","embeddable":true,"href":"https:\/\/endormoonstore.com\/en\/wp-json\/wp\/v2\/product_cat?post=99525"},{"taxonomy":"product_tag","embeddable":true,"href":"https:\/\/endormoonstore.com\/en\/wp-json\/wp\/v2\/product_tag?post=99525"}],"curies":[{"name":"wp","href":"https:\/\/api.w.org\/{rel}","templated":true}]}}