{"id":99349,"date":"2021-01-21T19:20:16","date_gmt":"2021-01-21T18:20:16","guid":{"rendered":"https:\/\/endormoonstore.com\/ghost-face-doll-mds-roto-plus-the-scream\/"},"modified":"2021-09-30T23:05:52","modified_gmt":"2021-09-30T21:05:52","slug":"ghost-face-doll-mds-roto-plus-the-scream","status":"publish","type":"product","link":"https:\/\/endormoonstore.com\/en\/ghost-face-doll-mds-roto-plus-the-scream\/","title":{"rendered":"Ghost Face Doll MDS Roto Plus The Scream"},"content":{"rendered":"<p><strong>Ghost Face Doll MDS Roto Plus The Scream\u00a0Peluche 45 cm<\/strong><\/p>\n<ul>\n<li>\u00a1Puede ser la vida (o la muerte) de la fiesta!<\/li>\n<li>Mezco Toyz presenta este peluche de unos 45 cm de Ghost Face, el protagonista de la pel\u00edcula de los 90 &#8220;The Scream&#8221;.<\/li>\n<li>El peluche de Ghost Face presenta una expresi\u00f3n escalofriante que se inspir\u00f3 en la ic\u00f3nica pintura de Edvard Munch.<\/li>\n<li>Cuenta con su t\u00fanica caracter\u00edstica y viene completo con un cuchillo de caza que encaja perfectamente en su mano.<\/li>\n<li>Ya sea que vaya a pasar la noche o se quede en casa, \u00a1\u00e9l quiere estar a su lado!<\/li>\n<li>Ghost Face viene empaquetado en una caja con ventana troquelada, perfecta para exhibir.<\/li>\n<\/ul>\n<p><strong>\u00a0<\/strong><\/p>\n<p>&nbsp;<\/p>\n","protected":false},"excerpt":{"rendered":"<p><strong>Ghost Face Doll MDS Roto Plus The Scream\u00a0Peluche 45 cm<\/strong><\/p>\n<p>\u00a1Puede ser la vida (o la muerte) de la fiesta!<\/p>\n","protected":false},"featured_media":99321,"template":"","meta":{"_acf_changed":false,"_kad_blocks_custom_css":"","_kad_blocks_head_custom_js":"","_kad_blocks_body_custom_js":"","_kad_blocks_footer_custom_js":""},"product_cat":[1390],"product_tag":[],"class_list":{"0":"post-99349","1":"product","2":"type-product","3":"status-publish","4":"has-post-thumbnail","6":"product_cat-figures","7":"pa_brand-mezco-toyz-en","8":"pa_license-scream-en","9":"pa_product-type-figure","10":"pa_theme-mds-roto-plush-en","12":"first","13":"outofstock","14":"taxable","15":"shipping-taxable","16":"purchasable","17":"product-type-simple"},"acf":[],"yoast_head":"<!-- This site is optimized with the Yoast SEO plugin v26.1.1 - https:\/\/yoast.com\/wordpress\/plugins\/seo\/ -->\n<title>Ghost Face Doll MDS Roto Plus The Scream - EndormoonStore<\/title>\n<meta name=\"robots\" content=\"index, follow, max-snippet:-1, max-image-preview:large, max-video-preview:-1\" \/>\n<link rel=\"canonical\" href=\"https:\/\/endormoonstore.com\/en\/ghost-face-doll-mds-roto-plus-the-scream\/\" \/>\n<meta property=\"og:locale\" content=\"en_US\" \/>\n<meta property=\"og:type\" content=\"article\" \/>\n<meta property=\"og:title\" content=\"Ghost Face Doll MDS Roto Plus The Scream - EndormoonStore\" \/>\n<meta property=\"og:description\" content=\"Ghost Face Doll MDS Roto Plus The Scream\u00a0Peluche 45 cm  \u00a1Puede ser la vida (o la muerte) de la fiesta!\" \/>\n<meta property=\"og:url\" content=\"https:\/\/endormoonstore.com\/en\/ghost-face-doll-mds-roto-plus-the-scream\/\" \/>\n<meta property=\"og:site_name\" content=\"EndormoonStore\" \/>\n<meta property=\"article:modified_time\" content=\"2021-09-30T21:05:52+00:00\" \/>\n<meta property=\"og:image\" content=\"https:\/\/endormoonstore.com\/wp-content\/uploads\/2021\/01\/10050.jpeg\" \/>\n\t<meta property=\"og:image:width\" content=\"1500\" \/>\n\t<meta property=\"og:image:height\" content=\"1500\" \/>\n\t<meta property=\"og:image:type\" content=\"image\/jpeg\" \/>\n<meta name=\"twitter:card\" content=\"summary_large_image\" \/>\n<meta name=\"twitter:label1\" content=\"Est. reading time\" \/>\n\t<meta name=\"twitter:data1\" content=\"1 minute\" \/>\n<script type=\"application\/ld+json\" class=\"yoast-schema-graph\">{\"@context\":\"https:\/\/schema.org\",\"@graph\":[{\"@type\":\"WebPage\",\"@id\":\"https:\/\/endormoonstore.com\/en\/ghost-face-doll-mds-roto-plus-the-scream\/\",\"url\":\"https:\/\/endormoonstore.com\/en\/ghost-face-doll-mds-roto-plus-the-scream\/\",\"name\":\"Ghost Face Doll MDS Roto Plus The Scream - EndormoonStore\",\"isPartOf\":{\"@id\":\"https:\/\/endormoonstore.com\/#website\"},\"primaryImageOfPage\":{\"@id\":\"https:\/\/endormoonstore.com\/en\/ghost-face-doll-mds-roto-plus-the-scream\/#primaryimage\"},\"image\":{\"@id\":\"https:\/\/endormoonstore.com\/en\/ghost-face-doll-mds-roto-plus-the-scream\/#primaryimage\"},\"thumbnailUrl\":\"https:\/\/endormoonstore.com\/wp-content\/uploads\/2021\/01\/10050.jpeg\",\"datePublished\":\"2021-01-21T18:20:16+00:00\",\"dateModified\":\"2021-09-30T21:05:52+00:00\",\"breadcrumb\":{\"@id\":\"https:\/\/endormoonstore.com\/en\/ghost-face-doll-mds-roto-plus-the-scream\/#breadcrumb\"},\"inLanguage\":\"en-US\",\"potentialAction\":[{\"@type\":\"ReadAction\",\"target\":[\"https:\/\/endormoonstore.com\/en\/ghost-face-doll-mds-roto-plus-the-scream\/\"]}]},{\"@type\":\"ImageObject\",\"inLanguage\":\"en-US\",\"@id\":\"https:\/\/endormoonstore.com\/en\/ghost-face-doll-mds-roto-plus-the-scream\/#primaryimage\",\"url\":\"https:\/\/endormoonstore.com\/wp-content\/uploads\/2021\/01\/10050.jpeg\",\"contentUrl\":\"https:\/\/endormoonstore.com\/wp-content\/uploads\/2021\/01\/10050.jpeg\",\"width\":1500,\"height\":1500},{\"@type\":\"BreadcrumbList\",\"@id\":\"https:\/\/endormoonstore.com\/en\/ghost-face-doll-mds-roto-plus-the-scream\/#breadcrumb\",\"itemListElement\":[{\"@type\":\"ListItem\",\"position\":1,\"name\":\"Shop\",\"item\":\"https:\/\/endormoonstore.com\/en\/shop\/\"},{\"@type\":\"ListItem\",\"position\":2,\"name\":\"Ghost Face Doll MDS Roto Plus The Scream\"}]},{\"@type\":\"WebSite\",\"@id\":\"https:\/\/endormoonstore.com\/#website\",\"url\":\"https:\/\/endormoonstore.com\/\",\"name\":\"EndormoonStore\",\"description\":\"\",\"potentialAction\":[{\"@type\":\"SearchAction\",\"target\":{\"@type\":\"EntryPoint\",\"urlTemplate\":\"https:\/\/endormoonstore.com\/?s={search_term_string}\"},\"query-input\":{\"@type\":\"PropertyValueSpecification\",\"valueRequired\":true,\"valueName\":\"search_term_string\"}}],\"inLanguage\":\"en-US\"}]}<\/script>\n<!-- \/ Yoast SEO plugin. -->","yoast_head_json":{"title":"Ghost Face Doll MDS Roto Plus The Scream - EndormoonStore","robots":{"index":"index","follow":"follow","max-snippet":"max-snippet:-1","max-image-preview":"max-image-preview:large","max-video-preview":"max-video-preview:-1"},"canonical":"https:\/\/endormoonstore.com\/en\/ghost-face-doll-mds-roto-plus-the-scream\/","og_locale":"en_US","og_type":"article","og_title":"Ghost Face Doll MDS Roto Plus The Scream - EndormoonStore","og_description":"Ghost Face Doll MDS Roto Plus The Scream\u00a0Peluche 45 cm  \u00a1Puede ser la vida (o la muerte) de la fiesta!","og_url":"https:\/\/endormoonstore.com\/en\/ghost-face-doll-mds-roto-plus-the-scream\/","og_site_name":"EndormoonStore","article_modified_time":"2021-09-30T21:05:52+00:00","og_image":[{"width":1500,"height":1500,"url":"https:\/\/endormoonstore.com\/wp-content\/uploads\/2021\/01\/10050.jpeg","type":"image\/jpeg"}],"twitter_card":"summary_large_image","twitter_misc":{"Est. reading time":"1 minute"},"schema":{"@context":"https:\/\/schema.org","@graph":[{"@type":"WebPage","@id":"https:\/\/endormoonstore.com\/en\/ghost-face-doll-mds-roto-plus-the-scream\/","url":"https:\/\/endormoonstore.com\/en\/ghost-face-doll-mds-roto-plus-the-scream\/","name":"Ghost Face Doll MDS Roto Plus The Scream - EndormoonStore","isPartOf":{"@id":"https:\/\/endormoonstore.com\/#website"},"primaryImageOfPage":{"@id":"https:\/\/endormoonstore.com\/en\/ghost-face-doll-mds-roto-plus-the-scream\/#primaryimage"},"image":{"@id":"https:\/\/endormoonstore.com\/en\/ghost-face-doll-mds-roto-plus-the-scream\/#primaryimage"},"thumbnailUrl":"https:\/\/endormoonstore.com\/wp-content\/uploads\/2021\/01\/10050.jpeg","datePublished":"2021-01-21T18:20:16+00:00","dateModified":"2021-09-30T21:05:52+00:00","breadcrumb":{"@id":"https:\/\/endormoonstore.com\/en\/ghost-face-doll-mds-roto-plus-the-scream\/#breadcrumb"},"inLanguage":"en-US","potentialAction":[{"@type":"ReadAction","target":["https:\/\/endormoonstore.com\/en\/ghost-face-doll-mds-roto-plus-the-scream\/"]}]},{"@type":"ImageObject","inLanguage":"en-US","@id":"https:\/\/endormoonstore.com\/en\/ghost-face-doll-mds-roto-plus-the-scream\/#primaryimage","url":"https:\/\/endormoonstore.com\/wp-content\/uploads\/2021\/01\/10050.jpeg","contentUrl":"https:\/\/endormoonstore.com\/wp-content\/uploads\/2021\/01\/10050.jpeg","width":1500,"height":1500},{"@type":"BreadcrumbList","@id":"https:\/\/endormoonstore.com\/en\/ghost-face-doll-mds-roto-plus-the-scream\/#breadcrumb","itemListElement":[{"@type":"ListItem","position":1,"name":"Shop","item":"https:\/\/endormoonstore.com\/en\/shop\/"},{"@type":"ListItem","position":2,"name":"Ghost Face Doll MDS Roto Plus The Scream"}]},{"@type":"WebSite","@id":"https:\/\/endormoonstore.com\/#website","url":"https:\/\/endormoonstore.com\/","name":"EndormoonStore","description":"","potentialAction":[{"@type":"SearchAction","target":{"@type":"EntryPoint","urlTemplate":"https:\/\/endormoonstore.com\/?s={search_term_string}"},"query-input":{"@type":"PropertyValueSpecification","valueRequired":true,"valueName":"search_term_string"}}],"inLanguage":"en-US"}]}},"taxonomy_info":{"product_cat":[{"value":1390,"label":"Figures"}],"pa_brand":[{"value":1638,"label":"Mezco Toyz"}],"pa_license":[{"value":1969,"label":"Scream"}],"pa_product-type":[{"value":2387,"label":"Figure"}],"pa_theme":[{"value":11537,"label":"MDS Roto Plush"}]},"featured_image_src_large":["https:\/\/endormoonstore.com\/wp-content\/uploads\/2021\/01\/10050-1024x1024.jpeg",1024,1024,true],"author_info":[],"comment_info":"","_links":{"self":[{"href":"https:\/\/endormoonstore.com\/en\/wp-json\/wp\/v2\/product\/99349","targetHints":{"allow":["GET"]}}],"collection":[{"href":"https:\/\/endormoonstore.com\/en\/wp-json\/wp\/v2\/product"}],"about":[{"href":"https:\/\/endormoonstore.com\/en\/wp-json\/wp\/v2\/types\/product"}],"wp:featuredmedia":[{"embeddable":true,"href":"https:\/\/endormoonstore.com\/en\/wp-json\/wp\/v2\/media\/99321"}],"wp:attachment":[{"href":"https:\/\/endormoonstore.com\/en\/wp-json\/wp\/v2\/media?parent=99349"}],"wp:term":[{"taxonomy":"product_cat","embeddable":true,"href":"https:\/\/endormoonstore.com\/en\/wp-json\/wp\/v2\/product_cat?post=99349"},{"taxonomy":"product_tag","embeddable":true,"href":"https:\/\/endormoonstore.com\/en\/wp-json\/wp\/v2\/product_tag?post=99349"}],"curies":[{"name":"wp","href":"https:\/\/api.w.org\/{rel}","templated":true}]}}