{"id":99245,"date":"2021-01-16T14:34:00","date_gmt":"2021-01-16T13:34:00","guid":{"rendered":"https:\/\/endormoonstore.com\/transformers-generations-war-for-cybertron-kingdom-deluxe-wfc-k16-huffer\/"},"modified":"2021-06-03T10:15:45","modified_gmt":"2021-06-03T08:15:45","slug":"transformers-generations-war-for-cybertron-kingdom-deluxe-wfc-k16-huffer","status":"publish","type":"product","link":"https:\/\/endormoonstore.com\/en\/transformers-generations-war-for-cybertron-kingdom-deluxe-wfc-k16-huffer\/","title":{"rendered":"Transformers Generations War for Cybertron: Kingdom Deluxe WFC-K16 Huffer"},"content":{"rendered":"<p><strong>Transformers Generations War for Cybertron: Kingdom Deluxe WFC-K16 Huffer\u00a0Figura 14 cm<\/strong><\/p>\n<ul>\n<li>\u00a1Arde el campo de batalla!\u00a0Los mundos chocan cuando los Maximals y Predacons se unen a la lucha, uni\u00e9ndose a los Autobots y Decepticons en una batalla \u00e9pica que alterar\u00e1 su destino para siempre.<\/li>\n<li>Con la tecnolog\u00eda antigua y altamente avanzada FOSSIL (Fossilized Osteo-Skeletal Shield Integration Loadout), los bots Fossilizer, infundidos con energ\u00eda primordial, se separan para armar a sus aliados.<\/li>\n<li>\u00a0\u00a1Usa figuras Deluxe Fossilizer para bestializar la figura Inferno con armadura de hueso!\u00a0(Se vende por separado, sujeto a disponibilidad).<\/li>\n<li>Este juguete inspirado en G1 se convierte en el modo cami\u00f3n terrestre en 14 pasos.<\/li>\n<li>La caja de la camioneta se convierte en escudo y accesorios de bl\u00e1ster Energon.<\/li>\n<li>La figura se puede adjuntar al tr\u00e1iler de Optimus Prime de WFC-K11 para que los fan\u00e1ticos puedan recrear la escena G1 del episodio de Heavy Metal War, donde Huffer debe remolcar el tr\u00e1iler despu\u00e9s de que Optimus Prime resulta gravemente herido en una batalla con Megatron.<\/li>\n<li>Incluye una tarjeta Golden Disk que revela un posible destino de un personaje clave.<\/li>\n<li>\u00a1Colecciona otras figuras del Reino para revelar las 3 variantes de destino alternativas para cada personaje!\u00a0(Cada uno se vende por separado, sujeto a disponibilidad.)<\/li>\n<li>Incluye la figura de Transformers Generations War for Cybertron: Kingdom Deluxe Class Huffer, tarjeta Golden Disk, accesorio e instrucciones.<\/li>\n<li>Advertencia: peligro de asfixia: piezas peque\u00f1as.\u00a0No apto para ni\u00f1os menores de 3 a\u00f1os.<\/li>\n<\/ul>\n<p>&nbsp;<\/p>\n","protected":false},"excerpt":{"rendered":"<p><strong>Transformers Generations War for Cybertron: Kingdom Deluxe WFC-K16 Huffer\u00a0Figura 14 cm<\/strong><\/p>\n<p>\u00a1Arde el campo de batalla!\u00a0Los mundos chocan cuando los Maximals y Predacons se unen a la lucha, uni\u00e9ndose a los Autobots y Decepticons en una batalla \u00e9pica que alterar\u00e1 su destino para siempre.<\/p>\n","protected":false},"featured_media":107252,"template":"","meta":{"_acf_changed":false,"_kad_blocks_custom_css":"","_kad_blocks_head_custom_js":"","_kad_blocks_body_custom_js":"","_kad_blocks_footer_custom_js":""},"product_cat":[1390],"product_tag":[],"class_list":{"0":"post-99245","1":"product","2":"type-product","3":"status-publish","4":"has-post-thumbnail","6":"product_cat-figures","7":"pa_brand-hasbro-en","8":"pa_license-transformers-en","9":"pa_product-type-figure","10":"pa_theme-war-for-cybertron-en","12":"first","13":"outofstock","14":"taxable","15":"shipping-taxable","16":"purchasable","17":"product-type-simple"},"acf":[],"yoast_head":"<!-- This site is optimized with the Yoast SEO plugin v26.1.1 - https:\/\/yoast.com\/wordpress\/plugins\/seo\/ -->\n<title>Transformers Generations War for Cybertron: Kingdom Deluxe WFC-K16 Huffer - EndormoonStore<\/title>\n<meta name=\"robots\" content=\"index, follow, max-snippet:-1, max-image-preview:large, max-video-preview:-1\" \/>\n<link rel=\"canonical\" href=\"https:\/\/endormoonstore.com\/en\/transformers-generations-war-for-cybertron-kingdom-deluxe-wfc-k16-huffer\/\" \/>\n<meta property=\"og:locale\" content=\"en_US\" \/>\n<meta property=\"og:type\" content=\"article\" \/>\n<meta property=\"og:title\" content=\"Transformers Generations War for Cybertron: Kingdom Deluxe WFC-K16 Huffer - EndormoonStore\" \/>\n<meta property=\"og:description\" content=\"Transformers Generations War for Cybertron: Kingdom Deluxe WFC-K16 Huffer\u00a0Figura 14 cm  \u00a1Arde el campo de batalla!\u00a0Los mundos chocan cuando los Maximals y Predacons se unen a la lucha, uni\u00e9ndose a los Autobots y Decepticons en una batalla \u00e9pica que alterar\u00e1 su destino para siempre.\" \/>\n<meta property=\"og:url\" content=\"https:\/\/endormoonstore.com\/en\/transformers-generations-war-for-cybertron-kingdom-deluxe-wfc-k16-huffer\/\" \/>\n<meta property=\"og:site_name\" content=\"EndormoonStore\" \/>\n<meta property=\"article:modified_time\" content=\"2021-06-03T08:15:45+00:00\" \/>\n<meta property=\"og:image\" content=\"https:\/\/endormoonstore.com\/wp-content\/uploads\/2021\/01\/Transformers-Generations-War-for-Cybertron-Kingdom-Deluxe-WFC-K16-Huffer-11.jpeg\" \/>\n\t<meta property=\"og:image:width\" content=\"1024\" \/>\n\t<meta property=\"og:image:height\" content=\"1024\" \/>\n\t<meta property=\"og:image:type\" content=\"image\/jpeg\" \/>\n<meta name=\"twitter:card\" content=\"summary_large_image\" \/>\n<meta name=\"twitter:label1\" content=\"Est. reading time\" \/>\n\t<meta name=\"twitter:data1\" content=\"2 minutes\" \/>\n<script type=\"application\/ld+json\" class=\"yoast-schema-graph\">{\"@context\":\"https:\/\/schema.org\",\"@graph\":[{\"@type\":\"WebPage\",\"@id\":\"https:\/\/endormoonstore.com\/en\/transformers-generations-war-for-cybertron-kingdom-deluxe-wfc-k16-huffer\/\",\"url\":\"https:\/\/endormoonstore.com\/en\/transformers-generations-war-for-cybertron-kingdom-deluxe-wfc-k16-huffer\/\",\"name\":\"Transformers Generations War for Cybertron: Kingdom Deluxe WFC-K16 Huffer - EndormoonStore\",\"isPartOf\":{\"@id\":\"https:\/\/endormoonstore.com\/#website\"},\"primaryImageOfPage\":{\"@id\":\"https:\/\/endormoonstore.com\/en\/transformers-generations-war-for-cybertron-kingdom-deluxe-wfc-k16-huffer\/#primaryimage\"},\"image\":{\"@id\":\"https:\/\/endormoonstore.com\/en\/transformers-generations-war-for-cybertron-kingdom-deluxe-wfc-k16-huffer\/#primaryimage\"},\"thumbnailUrl\":\"https:\/\/endormoonstore.com\/wp-content\/uploads\/2021\/01\/Transformers-Generations-War-for-Cybertron-Kingdom-Deluxe-WFC-K16-Huffer-11.jpeg\",\"datePublished\":\"2021-01-16T13:34:00+00:00\",\"dateModified\":\"2021-06-03T08:15:45+00:00\",\"breadcrumb\":{\"@id\":\"https:\/\/endormoonstore.com\/en\/transformers-generations-war-for-cybertron-kingdom-deluxe-wfc-k16-huffer\/#breadcrumb\"},\"inLanguage\":\"en-US\",\"potentialAction\":[{\"@type\":\"ReadAction\",\"target\":[\"https:\/\/endormoonstore.com\/en\/transformers-generations-war-for-cybertron-kingdom-deluxe-wfc-k16-huffer\/\"]}]},{\"@type\":\"ImageObject\",\"inLanguage\":\"en-US\",\"@id\":\"https:\/\/endormoonstore.com\/en\/transformers-generations-war-for-cybertron-kingdom-deluxe-wfc-k16-huffer\/#primaryimage\",\"url\":\"https:\/\/endormoonstore.com\/wp-content\/uploads\/2021\/01\/Transformers-Generations-War-for-Cybertron-Kingdom-Deluxe-WFC-K16-Huffer-11.jpeg\",\"contentUrl\":\"https:\/\/endormoonstore.com\/wp-content\/uploads\/2021\/01\/Transformers-Generations-War-for-Cybertron-Kingdom-Deluxe-WFC-K16-Huffer-11.jpeg\",\"width\":1024,\"height\":1024},{\"@type\":\"BreadcrumbList\",\"@id\":\"https:\/\/endormoonstore.com\/en\/transformers-generations-war-for-cybertron-kingdom-deluxe-wfc-k16-huffer\/#breadcrumb\",\"itemListElement\":[{\"@type\":\"ListItem\",\"position\":1,\"name\":\"Shop\",\"item\":\"https:\/\/endormoonstore.com\/en\/shop\/\"},{\"@type\":\"ListItem\",\"position\":2,\"name\":\"Transformers Generations War for Cybertron: Kingdom Deluxe WFC-K16 Huffer\"}]},{\"@type\":\"WebSite\",\"@id\":\"https:\/\/endormoonstore.com\/#website\",\"url\":\"https:\/\/endormoonstore.com\/\",\"name\":\"EndormoonStore\",\"description\":\"\",\"potentialAction\":[{\"@type\":\"SearchAction\",\"target\":{\"@type\":\"EntryPoint\",\"urlTemplate\":\"https:\/\/endormoonstore.com\/?s={search_term_string}\"},\"query-input\":{\"@type\":\"PropertyValueSpecification\",\"valueRequired\":true,\"valueName\":\"search_term_string\"}}],\"inLanguage\":\"en-US\"}]}<\/script>\n<!-- \/ Yoast SEO plugin. -->","yoast_head_json":{"title":"Transformers Generations War for Cybertron: Kingdom Deluxe WFC-K16 Huffer - EndormoonStore","robots":{"index":"index","follow":"follow","max-snippet":"max-snippet:-1","max-image-preview":"max-image-preview:large","max-video-preview":"max-video-preview:-1"},"canonical":"https:\/\/endormoonstore.com\/en\/transformers-generations-war-for-cybertron-kingdom-deluxe-wfc-k16-huffer\/","og_locale":"en_US","og_type":"article","og_title":"Transformers Generations War for Cybertron: Kingdom Deluxe WFC-K16 Huffer - EndormoonStore","og_description":"Transformers Generations War for Cybertron: Kingdom Deluxe WFC-K16 Huffer\u00a0Figura 14 cm  \u00a1Arde el campo de batalla!\u00a0Los mundos chocan cuando los Maximals y Predacons se unen a la lucha, uni\u00e9ndose a los Autobots y Decepticons en una batalla \u00e9pica que alterar\u00e1 su destino para siempre.","og_url":"https:\/\/endormoonstore.com\/en\/transformers-generations-war-for-cybertron-kingdom-deluxe-wfc-k16-huffer\/","og_site_name":"EndormoonStore","article_modified_time":"2021-06-03T08:15:45+00:00","og_image":[{"width":1024,"height":1024,"url":"https:\/\/endormoonstore.com\/wp-content\/uploads\/2021\/01\/Transformers-Generations-War-for-Cybertron-Kingdom-Deluxe-WFC-K16-Huffer-11.jpeg","type":"image\/jpeg"}],"twitter_card":"summary_large_image","twitter_misc":{"Est. reading time":"2 minutes"},"schema":{"@context":"https:\/\/schema.org","@graph":[{"@type":"WebPage","@id":"https:\/\/endormoonstore.com\/en\/transformers-generations-war-for-cybertron-kingdom-deluxe-wfc-k16-huffer\/","url":"https:\/\/endormoonstore.com\/en\/transformers-generations-war-for-cybertron-kingdom-deluxe-wfc-k16-huffer\/","name":"Transformers Generations War for Cybertron: Kingdom Deluxe WFC-K16 Huffer - EndormoonStore","isPartOf":{"@id":"https:\/\/endormoonstore.com\/#website"},"primaryImageOfPage":{"@id":"https:\/\/endormoonstore.com\/en\/transformers-generations-war-for-cybertron-kingdom-deluxe-wfc-k16-huffer\/#primaryimage"},"image":{"@id":"https:\/\/endormoonstore.com\/en\/transformers-generations-war-for-cybertron-kingdom-deluxe-wfc-k16-huffer\/#primaryimage"},"thumbnailUrl":"https:\/\/endormoonstore.com\/wp-content\/uploads\/2021\/01\/Transformers-Generations-War-for-Cybertron-Kingdom-Deluxe-WFC-K16-Huffer-11.jpeg","datePublished":"2021-01-16T13:34:00+00:00","dateModified":"2021-06-03T08:15:45+00:00","breadcrumb":{"@id":"https:\/\/endormoonstore.com\/en\/transformers-generations-war-for-cybertron-kingdom-deluxe-wfc-k16-huffer\/#breadcrumb"},"inLanguage":"en-US","potentialAction":[{"@type":"ReadAction","target":["https:\/\/endormoonstore.com\/en\/transformers-generations-war-for-cybertron-kingdom-deluxe-wfc-k16-huffer\/"]}]},{"@type":"ImageObject","inLanguage":"en-US","@id":"https:\/\/endormoonstore.com\/en\/transformers-generations-war-for-cybertron-kingdom-deluxe-wfc-k16-huffer\/#primaryimage","url":"https:\/\/endormoonstore.com\/wp-content\/uploads\/2021\/01\/Transformers-Generations-War-for-Cybertron-Kingdom-Deluxe-WFC-K16-Huffer-11.jpeg","contentUrl":"https:\/\/endormoonstore.com\/wp-content\/uploads\/2021\/01\/Transformers-Generations-War-for-Cybertron-Kingdom-Deluxe-WFC-K16-Huffer-11.jpeg","width":1024,"height":1024},{"@type":"BreadcrumbList","@id":"https:\/\/endormoonstore.com\/en\/transformers-generations-war-for-cybertron-kingdom-deluxe-wfc-k16-huffer\/#breadcrumb","itemListElement":[{"@type":"ListItem","position":1,"name":"Shop","item":"https:\/\/endormoonstore.com\/en\/shop\/"},{"@type":"ListItem","position":2,"name":"Transformers Generations War for Cybertron: Kingdom Deluxe WFC-K16 Huffer"}]},{"@type":"WebSite","@id":"https:\/\/endormoonstore.com\/#website","url":"https:\/\/endormoonstore.com\/","name":"EndormoonStore","description":"","potentialAction":[{"@type":"SearchAction","target":{"@type":"EntryPoint","urlTemplate":"https:\/\/endormoonstore.com\/?s={search_term_string}"},"query-input":{"@type":"PropertyValueSpecification","valueRequired":true,"valueName":"search_term_string"}}],"inLanguage":"en-US"}]}},"taxonomy_info":{"product_cat":[{"value":1390,"label":"Figures"}],"pa_brand":[{"value":2084,"label":"Hasbro"}],"pa_license":[{"value":1873,"label":"Transformers"}],"pa_product-type":[{"value":2387,"label":"Figure"}],"pa_theme":[{"value":3140,"label":"War for Cybertron"}]},"featured_image_src_large":["https:\/\/endormoonstore.com\/wp-content\/uploads\/2021\/01\/Transformers-Generations-War-for-Cybertron-Kingdom-Deluxe-WFC-K16-Huffer-11.jpeg",1024,1024,false],"author_info":[],"comment_info":"","_links":{"self":[{"href":"https:\/\/endormoonstore.com\/en\/wp-json\/wp\/v2\/product\/99245","targetHints":{"allow":["GET"]}}],"collection":[{"href":"https:\/\/endormoonstore.com\/en\/wp-json\/wp\/v2\/product"}],"about":[{"href":"https:\/\/endormoonstore.com\/en\/wp-json\/wp\/v2\/types\/product"}],"wp:featuredmedia":[{"embeddable":true,"href":"https:\/\/endormoonstore.com\/en\/wp-json\/wp\/v2\/media\/107252"}],"wp:attachment":[{"href":"https:\/\/endormoonstore.com\/en\/wp-json\/wp\/v2\/media?parent=99245"}],"wp:term":[{"taxonomy":"product_cat","embeddable":true,"href":"https:\/\/endormoonstore.com\/en\/wp-json\/wp\/v2\/product_cat?post=99245"},{"taxonomy":"product_tag","embeddable":true,"href":"https:\/\/endormoonstore.com\/en\/wp-json\/wp\/v2\/product_tag?post=99245"}],"curies":[{"name":"wp","href":"https:\/\/api.w.org\/{rel}","templated":true}]}}