{"id":99185,"date":"2021-01-15T21:34:59","date_gmt":"2021-01-15T20:34:59","guid":{"rendered":"https:\/\/endormoonstore.com\/star-wars-the-bounty-collection-series-3-pack-sorpresa-de-sopa-de-tentaculo-y-bigote-de-leche-azul\/"},"modified":"2021-05-02T00:12:52","modified_gmt":"2021-05-01T22:12:52","slug":"star-wars-the-bounty-collection-series-3-pack-sorpresa-de-sopa-de-tentaculo-y-bigote-de-leche-azul","status":"publish","type":"product","link":"https:\/\/endormoonstore.com\/en\/star-wars-the-bounty-collection-series-3-pack-sorpresa-de-sopa-de-tentaculo-y-bigote-de-leche-azul\/","title":{"rendered":"Star Wars The Bounty Collection Series 3 Pack Tentacle Soup Surprise, Blue Milk Mustache Poses Figure 5,5 cm"},"content":{"rendered":"<p><strong>Star Wars The Bounty Collection Series 3 Pack Tentacle Soup Surprise, Blue Milk Mustache Poses Figure 5,5 cm<\/strong><\/p>\n<ul>\n<li>\u00a1The Child (Grogu) es un misterioso alien\u00edgena perseguido por cazarrecompensas en nombre de los intereses imperiales en la serie de acci\u00f3n de Disney + The Mandalorian!<\/li>\n<li>La adorable criatura de 50 a\u00f1os conocida como The Child (Grogu), y cari\u00f1osamente referida por los fans como &#8220;Baby Yoda&#8221;, es muchas cosas: lind0, curios0, hambriento, somnoliento, sensible a la Fuerza y \u200b\u200buna de las personas m\u00e1s buscadas de la galaxia.<\/li>\n<li>\u00a0\u00a1Este paquete de 2\u00a0 The Child, presenta a The Child (Grogu) en pose de \u201cSorpresa de Sopa de tent\u00e1culo\u201d y \u201cBigote de Leche Azul\u201d<\/li>\n<li>Inspiradas en la serie de acci\u00f3n real de Disney +<\/li>\n<li>\u00a1Estas figuras coleccionables a escala de 5,5 cm son una forma incre\u00edble de comenzar una colecci\u00f3n, intercambiar con amigos, regalar o exhibir en cualquier colecci\u00f3n de Star Wars!<\/li>\n<li>Colecciona los tres pack diferentes de dos figuras de The Child de la serie 3<\/li>\n<li>Se venden por separado cada uno de los pack<\/li>\n<\/ul>\n","protected":false},"excerpt":{"rendered":"<p><strong>Star Wars The Bounty Collection Series 3 Pack Tentacle Soup Surprise, Blue Milk Mustache Poses Figure 5,5 cm<\/strong><\/p>\n<p class=\"h3 margin-bottom\">Star Wars The Bounty Collection Series 3 2-Pack: Tentacle Soup Surprise, Blue Milk Mustache Poses<\/p>\n<p>&nbsp;<\/p>\n","protected":false},"featured_media":99177,"template":"","meta":{"_acf_changed":false,"_kad_blocks_custom_css":"","_kad_blocks_head_custom_js":"","_kad_blocks_body_custom_js":"","_kad_blocks_footer_custom_js":""},"product_cat":[1390],"product_tag":[],"class_list":{"0":"post-99185","1":"product","2":"type-product","3":"status-publish","4":"has-post-thumbnail","6":"product_cat-figures","7":"pa_brand-hasbro-en","8":"pa_character-the-child-en","9":"pa_episode-the-mandalorian-en","10":"pa_license-star-wars-en","11":"pa_theme-star-wars-the-bounty-collection-en","13":"first","14":"instock","15":"taxable","16":"shipping-taxable","17":"purchasable","18":"product-type-simple"},"acf":[],"yoast_head":"<!-- This site is optimized with the Yoast SEO plugin v26.1.1 - https:\/\/yoast.com\/wordpress\/plugins\/seo\/ -->\n<title>Star Wars The Bounty Collection Series 3 Pack Tentacle Soup Surprise, Blue Milk Mustache Poses Figure 5,5 cm - EndormoonStore<\/title>\n<meta name=\"robots\" content=\"index, follow, max-snippet:-1, max-image-preview:large, max-video-preview:-1\" \/>\n<link rel=\"canonical\" href=\"https:\/\/endormoonstore.com\/en\/star-wars-the-bounty-collection-series-3-pack-sorpresa-de-sopa-de-tentaculo-y-bigote-de-leche-azul\/\" \/>\n<meta property=\"og:locale\" content=\"en_US\" \/>\n<meta property=\"og:type\" content=\"article\" \/>\n<meta property=\"og:title\" content=\"Star Wars The Bounty Collection Series 3 Pack Tentacle Soup Surprise, Blue Milk Mustache Poses Figure 5,5 cm - EndormoonStore\" \/>\n<meta property=\"og:description\" content=\"Star Wars The Bounty Collection Series 3 Pack Tentacle Soup Surprise, Blue Milk Mustache Poses Figure 5,5 cm Star Wars The Bounty Collection Series 3 2-Pack: Tentacle Soup Surprise, Blue Milk Mustache Poses &nbsp;\" \/>\n<meta property=\"og:url\" content=\"https:\/\/endormoonstore.com\/en\/star-wars-the-bounty-collection-series-3-pack-sorpresa-de-sopa-de-tentaculo-y-bigote-de-leche-azul\/\" \/>\n<meta property=\"og:site_name\" content=\"EndormoonStore\" \/>\n<meta property=\"article:modified_time\" content=\"2021-05-01T22:12:52+00:00\" \/>\n<meta property=\"og:image\" content=\"https:\/\/endormoonstore.com\/wp-content\/uploads\/2021\/01\/star_wars_the_bounty_collection_series_3_2-pack_tentacle_soup_surprise_blue_milk_mustache_poses-1.jpg\" \/>\n\t<meta property=\"og:image:width\" content=\"1600\" \/>\n\t<meta property=\"og:image:height\" content=\"1600\" \/>\n\t<meta property=\"og:image:type\" content=\"image\/jpeg\" \/>\n<meta name=\"twitter:card\" content=\"summary_large_image\" \/>\n<meta name=\"twitter:label1\" content=\"Est. reading time\" \/>\n\t<meta name=\"twitter:data1\" content=\"1 minute\" \/>\n<script type=\"application\/ld+json\" class=\"yoast-schema-graph\">{\"@context\":\"https:\/\/schema.org\",\"@graph\":[{\"@type\":\"WebPage\",\"@id\":\"https:\/\/endormoonstore.com\/en\/star-wars-the-bounty-collection-series-3-pack-sorpresa-de-sopa-de-tentaculo-y-bigote-de-leche-azul\/\",\"url\":\"https:\/\/endormoonstore.com\/en\/star-wars-the-bounty-collection-series-3-pack-sorpresa-de-sopa-de-tentaculo-y-bigote-de-leche-azul\/\",\"name\":\"Star Wars The Bounty Collection Series 3 Pack Tentacle Soup Surprise, Blue Milk Mustache Poses Figure 5,5 cm - EndormoonStore\",\"isPartOf\":{\"@id\":\"https:\/\/endormoonstore.com\/#website\"},\"primaryImageOfPage\":{\"@id\":\"https:\/\/endormoonstore.com\/en\/star-wars-the-bounty-collection-series-3-pack-sorpresa-de-sopa-de-tentaculo-y-bigote-de-leche-azul\/#primaryimage\"},\"image\":{\"@id\":\"https:\/\/endormoonstore.com\/en\/star-wars-the-bounty-collection-series-3-pack-sorpresa-de-sopa-de-tentaculo-y-bigote-de-leche-azul\/#primaryimage\"},\"thumbnailUrl\":\"https:\/\/endormoonstore.com\/wp-content\/uploads\/2021\/01\/star_wars_the_bounty_collection_series_3_2-pack_tentacle_soup_surprise_blue_milk_mustache_poses-1.jpg\",\"datePublished\":\"2021-01-15T20:34:59+00:00\",\"dateModified\":\"2021-05-01T22:12:52+00:00\",\"breadcrumb\":{\"@id\":\"https:\/\/endormoonstore.com\/en\/star-wars-the-bounty-collection-series-3-pack-sorpresa-de-sopa-de-tentaculo-y-bigote-de-leche-azul\/#breadcrumb\"},\"inLanguage\":\"en-US\",\"potentialAction\":[{\"@type\":\"ReadAction\",\"target\":[\"https:\/\/endormoonstore.com\/en\/star-wars-the-bounty-collection-series-3-pack-sorpresa-de-sopa-de-tentaculo-y-bigote-de-leche-azul\/\"]}]},{\"@type\":\"ImageObject\",\"inLanguage\":\"en-US\",\"@id\":\"https:\/\/endormoonstore.com\/en\/star-wars-the-bounty-collection-series-3-pack-sorpresa-de-sopa-de-tentaculo-y-bigote-de-leche-azul\/#primaryimage\",\"url\":\"https:\/\/endormoonstore.com\/wp-content\/uploads\/2021\/01\/star_wars_the_bounty_collection_series_3_2-pack_tentacle_soup_surprise_blue_milk_mustache_poses-1.jpg\",\"contentUrl\":\"https:\/\/endormoonstore.com\/wp-content\/uploads\/2021\/01\/star_wars_the_bounty_collection_series_3_2-pack_tentacle_soup_surprise_blue_milk_mustache_poses-1.jpg\",\"width\":1600,\"height\":1600},{\"@type\":\"BreadcrumbList\",\"@id\":\"https:\/\/endormoonstore.com\/en\/star-wars-the-bounty-collection-series-3-pack-sorpresa-de-sopa-de-tentaculo-y-bigote-de-leche-azul\/#breadcrumb\",\"itemListElement\":[{\"@type\":\"ListItem\",\"position\":1,\"name\":\"Shop\",\"item\":\"https:\/\/endormoonstore.com\/en\/shop\/\"},{\"@type\":\"ListItem\",\"position\":2,\"name\":\"Star Wars The Bounty Collection Series 3 Pack Tentacle Soup Surprise, Blue Milk Mustache Poses Figure 5,5 cm\"}]},{\"@type\":\"WebSite\",\"@id\":\"https:\/\/endormoonstore.com\/#website\",\"url\":\"https:\/\/endormoonstore.com\/\",\"name\":\"EndormoonStore\",\"description\":\"\",\"potentialAction\":[{\"@type\":\"SearchAction\",\"target\":{\"@type\":\"EntryPoint\",\"urlTemplate\":\"https:\/\/endormoonstore.com\/?s={search_term_string}\"},\"query-input\":{\"@type\":\"PropertyValueSpecification\",\"valueRequired\":true,\"valueName\":\"search_term_string\"}}],\"inLanguage\":\"en-US\"}]}<\/script>\n<!-- \/ Yoast SEO plugin. -->","yoast_head_json":{"title":"Star Wars The Bounty Collection Series 3 Pack Tentacle Soup Surprise, Blue Milk Mustache Poses Figure 5,5 cm - EndormoonStore","robots":{"index":"index","follow":"follow","max-snippet":"max-snippet:-1","max-image-preview":"max-image-preview:large","max-video-preview":"max-video-preview:-1"},"canonical":"https:\/\/endormoonstore.com\/en\/star-wars-the-bounty-collection-series-3-pack-sorpresa-de-sopa-de-tentaculo-y-bigote-de-leche-azul\/","og_locale":"en_US","og_type":"article","og_title":"Star Wars The Bounty Collection Series 3 Pack Tentacle Soup Surprise, Blue Milk Mustache Poses Figure 5,5 cm - EndormoonStore","og_description":"Star Wars The Bounty Collection Series 3 Pack Tentacle Soup Surprise, Blue Milk Mustache Poses Figure 5,5 cm Star Wars The Bounty Collection Series 3 2-Pack: Tentacle Soup Surprise, Blue Milk Mustache Poses &nbsp;","og_url":"https:\/\/endormoonstore.com\/en\/star-wars-the-bounty-collection-series-3-pack-sorpresa-de-sopa-de-tentaculo-y-bigote-de-leche-azul\/","og_site_name":"EndormoonStore","article_modified_time":"2021-05-01T22:12:52+00:00","og_image":[{"width":1600,"height":1600,"url":"https:\/\/endormoonstore.com\/wp-content\/uploads\/2021\/01\/star_wars_the_bounty_collection_series_3_2-pack_tentacle_soup_surprise_blue_milk_mustache_poses-1.jpg","type":"image\/jpeg"}],"twitter_card":"summary_large_image","twitter_misc":{"Est. reading time":"1 minute"},"schema":{"@context":"https:\/\/schema.org","@graph":[{"@type":"WebPage","@id":"https:\/\/endormoonstore.com\/en\/star-wars-the-bounty-collection-series-3-pack-sorpresa-de-sopa-de-tentaculo-y-bigote-de-leche-azul\/","url":"https:\/\/endormoonstore.com\/en\/star-wars-the-bounty-collection-series-3-pack-sorpresa-de-sopa-de-tentaculo-y-bigote-de-leche-azul\/","name":"Star Wars The Bounty Collection Series 3 Pack Tentacle Soup Surprise, Blue Milk Mustache Poses Figure 5,5 cm - EndormoonStore","isPartOf":{"@id":"https:\/\/endormoonstore.com\/#website"},"primaryImageOfPage":{"@id":"https:\/\/endormoonstore.com\/en\/star-wars-the-bounty-collection-series-3-pack-sorpresa-de-sopa-de-tentaculo-y-bigote-de-leche-azul\/#primaryimage"},"image":{"@id":"https:\/\/endormoonstore.com\/en\/star-wars-the-bounty-collection-series-3-pack-sorpresa-de-sopa-de-tentaculo-y-bigote-de-leche-azul\/#primaryimage"},"thumbnailUrl":"https:\/\/endormoonstore.com\/wp-content\/uploads\/2021\/01\/star_wars_the_bounty_collection_series_3_2-pack_tentacle_soup_surprise_blue_milk_mustache_poses-1.jpg","datePublished":"2021-01-15T20:34:59+00:00","dateModified":"2021-05-01T22:12:52+00:00","breadcrumb":{"@id":"https:\/\/endormoonstore.com\/en\/star-wars-the-bounty-collection-series-3-pack-sorpresa-de-sopa-de-tentaculo-y-bigote-de-leche-azul\/#breadcrumb"},"inLanguage":"en-US","potentialAction":[{"@type":"ReadAction","target":["https:\/\/endormoonstore.com\/en\/star-wars-the-bounty-collection-series-3-pack-sorpresa-de-sopa-de-tentaculo-y-bigote-de-leche-azul\/"]}]},{"@type":"ImageObject","inLanguage":"en-US","@id":"https:\/\/endormoonstore.com\/en\/star-wars-the-bounty-collection-series-3-pack-sorpresa-de-sopa-de-tentaculo-y-bigote-de-leche-azul\/#primaryimage","url":"https:\/\/endormoonstore.com\/wp-content\/uploads\/2021\/01\/star_wars_the_bounty_collection_series_3_2-pack_tentacle_soup_surprise_blue_milk_mustache_poses-1.jpg","contentUrl":"https:\/\/endormoonstore.com\/wp-content\/uploads\/2021\/01\/star_wars_the_bounty_collection_series_3_2-pack_tentacle_soup_surprise_blue_milk_mustache_poses-1.jpg","width":1600,"height":1600},{"@type":"BreadcrumbList","@id":"https:\/\/endormoonstore.com\/en\/star-wars-the-bounty-collection-series-3-pack-sorpresa-de-sopa-de-tentaculo-y-bigote-de-leche-azul\/#breadcrumb","itemListElement":[{"@type":"ListItem","position":1,"name":"Shop","item":"https:\/\/endormoonstore.com\/en\/shop\/"},{"@type":"ListItem","position":2,"name":"Star Wars The Bounty Collection Series 3 Pack Tentacle Soup Surprise, Blue Milk Mustache Poses Figure 5,5 cm"}]},{"@type":"WebSite","@id":"https:\/\/endormoonstore.com\/#website","url":"https:\/\/endormoonstore.com\/","name":"EndormoonStore","description":"","potentialAction":[{"@type":"SearchAction","target":{"@type":"EntryPoint","urlTemplate":"https:\/\/endormoonstore.com\/?s={search_term_string}"},"query-input":{"@type":"PropertyValueSpecification","valueRequired":true,"valueName":"search_term_string"}}],"inLanguage":"en-US"}]}},"taxonomy_info":{"product_cat":[{"value":1390,"label":"Figures"}],"pa_brand":[{"value":2084,"label":"Hasbro"}],"pa_character":[{"value":2192,"label":"The Child"}],"pa_episode":[{"value":1993,"label":"The Mandalorian"}],"pa_license":[{"value":1644,"label":"Star Wars"}],"pa_theme":[{"value":2029,"label":"Star Wars The Bounty Collection"}]},"featured_image_src_large":["https:\/\/endormoonstore.com\/wp-content\/uploads\/2021\/01\/star_wars_the_bounty_collection_series_3_2-pack_tentacle_soup_surprise_blue_milk_mustache_poses-1-1024x1024.jpg",1024,1024,true],"author_info":[],"comment_info":"","_links":{"self":[{"href":"https:\/\/endormoonstore.com\/en\/wp-json\/wp\/v2\/product\/99185","targetHints":{"allow":["GET"]}}],"collection":[{"href":"https:\/\/endormoonstore.com\/en\/wp-json\/wp\/v2\/product"}],"about":[{"href":"https:\/\/endormoonstore.com\/en\/wp-json\/wp\/v2\/types\/product"}],"wp:featuredmedia":[{"embeddable":true,"href":"https:\/\/endormoonstore.com\/en\/wp-json\/wp\/v2\/media\/99177"}],"wp:attachment":[{"href":"https:\/\/endormoonstore.com\/en\/wp-json\/wp\/v2\/media?parent=99185"}],"wp:term":[{"taxonomy":"product_cat","embeddable":true,"href":"https:\/\/endormoonstore.com\/en\/wp-json\/wp\/v2\/product_cat?post=99185"},{"taxonomy":"product_tag","embeddable":true,"href":"https:\/\/endormoonstore.com\/en\/wp-json\/wp\/v2\/product_tag?post=99185"}],"curies":[{"name":"wp","href":"https:\/\/api.w.org\/{rel}","templated":true}]}}