{"id":98773,"date":"2021-01-09T19:24:39","date_gmt":"2021-01-09T18:24:39","guid":{"rendered":"https:\/\/endormoonstore.com\/waka-waka-pac-man-replica-pac-man-proplica\/"},"modified":"2021-09-22T23:04:36","modified_gmt":"2021-09-22T21:04:36","slug":"waka-waka-pac-man-replica-pac-man-proplica","status":"publish","type":"product","link":"https:\/\/endormoonstore.com\/en\/waka-waka-pac-man-replica-pac-man-proplica\/","title":{"rendered":"Waka Waka Pac-Man Replica Pac-Man Proplica"},"content":{"rendered":"<p><strong>Waka Waka Pac-Man Replica Pac-Man Proplica\u00a0Figura 8 cm<\/strong><\/p>\n<ul>\n<li>Tamashii Nations lanza, para su colecci\u00f3n PROPLICA, esta r\u00e9plica del personaje cl\u00e1sico de los 80 Pac-Man.<\/li>\n<li>Se trata de una reproducci\u00f3n fiel de unos 8 cm, hecha en PVC\/ABS.<\/li>\n<li>Usando la \u00faltima tecnolog\u00eda para esculturas geniales, funciones de juego divertidas y efectos de sonido realistas, esta r\u00e9plica es una forma totalmente nueva de jugar con este personaje cl\u00e1sico e ic\u00f3nico.<\/li>\n<li>La boca se abre y se cierra autom\u00e1ticamente cuando se rueda sobre una superficie, lo que activa los efectos de sonido del juego.<\/li>\n<li>Las variaciones incluyen el sonido de persecuci\u00f3n de fantasmas, masticaci\u00f3n de pellets y, si tienes suerte, la m\u00fasica de la escena del intermedio.<\/li>\n<li>Incluye adem\u00e1s un soporte para exponer la r\u00e9plica y pilas LR44 \u00d7 3.<\/li>\n<\/ul>\n<p>&nbsp;<\/p>\n<p>&nbsp;<\/p>\n","protected":false},"excerpt":{"rendered":"<p><strong>Waka Waka Pac-Man Replica Pac-Man Proplica\u00a0Figura 8 cm<\/strong><\/p>\n<p>Tamashii Nations lanza, para su colecci\u00f3n PROPLICA, esta r\u00e9plica del personaje cl\u00e1sico de los 80 Pac-Man.<\/p>\n","protected":false},"featured_media":98749,"template":"","meta":{"_acf_changed":false,"_kad_blocks_custom_css":"","_kad_blocks_head_custom_js":"","_kad_blocks_body_custom_js":"","_kad_blocks_footer_custom_js":""},"product_cat":[1390],"product_tag":[],"class_list":{"0":"post-98773","1":"product","2":"type-product","3":"status-publish","4":"has-post-thumbnail","6":"product_cat-figures","7":"pa_brand-tamashii-nations-en","8":"pa_character-pac-man-en","9":"pa_license-pac-man-en","10":"pa_product-type-figure","11":"pa_theme-proplica-en","13":"first","14":"instock","15":"taxable","16":"shipping-taxable","17":"purchasable","18":"product-type-simple"},"acf":[],"yoast_head":"<!-- This site is optimized with the Yoast SEO plugin v26.1.1 - https:\/\/yoast.com\/wordpress\/plugins\/seo\/ -->\n<title>Waka Waka Pac-Man Replica Pac-Man Proplica - EndormoonStore<\/title>\n<meta name=\"robots\" content=\"index, follow, max-snippet:-1, max-image-preview:large, max-video-preview:-1\" \/>\n<link rel=\"canonical\" href=\"https:\/\/endormoonstore.com\/en\/waka-waka-pac-man-replica-pac-man-proplica\/\" \/>\n<meta property=\"og:locale\" content=\"en_US\" \/>\n<meta property=\"og:type\" content=\"article\" \/>\n<meta property=\"og:title\" content=\"Waka Waka Pac-Man Replica Pac-Man Proplica - EndormoonStore\" \/>\n<meta property=\"og:description\" content=\"Waka Waka Pac-Man Replica Pac-Man Proplica\u00a0Figura 8 cm  Tamashii Nations lanza, para su colecci\u00f3n PROPLICA, esta r\u00e9plica del personaje cl\u00e1sico de los 80 Pac-Man.\" \/>\n<meta property=\"og:url\" content=\"https:\/\/endormoonstore.com\/en\/waka-waka-pac-man-replica-pac-man-proplica\/\" \/>\n<meta property=\"og:site_name\" content=\"EndormoonStore\" \/>\n<meta property=\"article:modified_time\" content=\"2021-09-22T21:04:36+00:00\" \/>\n<meta property=\"og:image\" content=\"https:\/\/endormoonstore.com\/wp-content\/uploads\/2021\/01\/bdipm614766_1.jpg\" \/>\n\t<meta property=\"og:image:width\" content=\"1200\" \/>\n\t<meta property=\"og:image:height\" content=\"857\" \/>\n\t<meta property=\"og:image:type\" content=\"image\/jpeg\" \/>\n<meta name=\"twitter:card\" content=\"summary_large_image\" \/>\n<meta name=\"twitter:label1\" content=\"Est. reading time\" \/>\n\t<meta name=\"twitter:data1\" content=\"1 minute\" \/>\n<script type=\"application\/ld+json\" class=\"yoast-schema-graph\">{\"@context\":\"https:\/\/schema.org\",\"@graph\":[{\"@type\":\"WebPage\",\"@id\":\"https:\/\/endormoonstore.com\/en\/waka-waka-pac-man-replica-pac-man-proplica\/\",\"url\":\"https:\/\/endormoonstore.com\/en\/waka-waka-pac-man-replica-pac-man-proplica\/\",\"name\":\"Waka Waka Pac-Man Replica Pac-Man Proplica - EndormoonStore\",\"isPartOf\":{\"@id\":\"https:\/\/endormoonstore.com\/#website\"},\"primaryImageOfPage\":{\"@id\":\"https:\/\/endormoonstore.com\/en\/waka-waka-pac-man-replica-pac-man-proplica\/#primaryimage\"},\"image\":{\"@id\":\"https:\/\/endormoonstore.com\/en\/waka-waka-pac-man-replica-pac-man-proplica\/#primaryimage\"},\"thumbnailUrl\":\"https:\/\/endormoonstore.com\/wp-content\/uploads\/2021\/01\/bdipm614766_1.jpg\",\"datePublished\":\"2021-01-09T18:24:39+00:00\",\"dateModified\":\"2021-09-22T21:04:36+00:00\",\"breadcrumb\":{\"@id\":\"https:\/\/endormoonstore.com\/en\/waka-waka-pac-man-replica-pac-man-proplica\/#breadcrumb\"},\"inLanguage\":\"en-US\",\"potentialAction\":[{\"@type\":\"ReadAction\",\"target\":[\"https:\/\/endormoonstore.com\/en\/waka-waka-pac-man-replica-pac-man-proplica\/\"]}]},{\"@type\":\"ImageObject\",\"inLanguage\":\"en-US\",\"@id\":\"https:\/\/endormoonstore.com\/en\/waka-waka-pac-man-replica-pac-man-proplica\/#primaryimage\",\"url\":\"https:\/\/endormoonstore.com\/wp-content\/uploads\/2021\/01\/bdipm614766_1.jpg\",\"contentUrl\":\"https:\/\/endormoonstore.com\/wp-content\/uploads\/2021\/01\/bdipm614766_1.jpg\",\"width\":1200,\"height\":857},{\"@type\":\"BreadcrumbList\",\"@id\":\"https:\/\/endormoonstore.com\/en\/waka-waka-pac-man-replica-pac-man-proplica\/#breadcrumb\",\"itemListElement\":[{\"@type\":\"ListItem\",\"position\":1,\"name\":\"Shop\",\"item\":\"https:\/\/endormoonstore.com\/en\/shop\/\"},{\"@type\":\"ListItem\",\"position\":2,\"name\":\"Waka Waka Pac-Man Replica Pac-Man Proplica\"}]},{\"@type\":\"WebSite\",\"@id\":\"https:\/\/endormoonstore.com\/#website\",\"url\":\"https:\/\/endormoonstore.com\/\",\"name\":\"EndormoonStore\",\"description\":\"\",\"potentialAction\":[{\"@type\":\"SearchAction\",\"target\":{\"@type\":\"EntryPoint\",\"urlTemplate\":\"https:\/\/endormoonstore.com\/?s={search_term_string}\"},\"query-input\":{\"@type\":\"PropertyValueSpecification\",\"valueRequired\":true,\"valueName\":\"search_term_string\"}}],\"inLanguage\":\"en-US\"}]}<\/script>\n<!-- \/ Yoast SEO plugin. -->","yoast_head_json":{"title":"Waka Waka Pac-Man Replica Pac-Man Proplica - EndormoonStore","robots":{"index":"index","follow":"follow","max-snippet":"max-snippet:-1","max-image-preview":"max-image-preview:large","max-video-preview":"max-video-preview:-1"},"canonical":"https:\/\/endormoonstore.com\/en\/waka-waka-pac-man-replica-pac-man-proplica\/","og_locale":"en_US","og_type":"article","og_title":"Waka Waka Pac-Man Replica Pac-Man Proplica - EndormoonStore","og_description":"Waka Waka Pac-Man Replica Pac-Man Proplica\u00a0Figura 8 cm  Tamashii Nations lanza, para su colecci\u00f3n PROPLICA, esta r\u00e9plica del personaje cl\u00e1sico de los 80 Pac-Man.","og_url":"https:\/\/endormoonstore.com\/en\/waka-waka-pac-man-replica-pac-man-proplica\/","og_site_name":"EndormoonStore","article_modified_time":"2021-09-22T21:04:36+00:00","og_image":[{"width":1200,"height":857,"url":"https:\/\/endormoonstore.com\/wp-content\/uploads\/2021\/01\/bdipm614766_1.jpg","type":"image\/jpeg"}],"twitter_card":"summary_large_image","twitter_misc":{"Est. reading time":"1 minute"},"schema":{"@context":"https:\/\/schema.org","@graph":[{"@type":"WebPage","@id":"https:\/\/endormoonstore.com\/en\/waka-waka-pac-man-replica-pac-man-proplica\/","url":"https:\/\/endormoonstore.com\/en\/waka-waka-pac-man-replica-pac-man-proplica\/","name":"Waka Waka Pac-Man Replica Pac-Man Proplica - EndormoonStore","isPartOf":{"@id":"https:\/\/endormoonstore.com\/#website"},"primaryImageOfPage":{"@id":"https:\/\/endormoonstore.com\/en\/waka-waka-pac-man-replica-pac-man-proplica\/#primaryimage"},"image":{"@id":"https:\/\/endormoonstore.com\/en\/waka-waka-pac-man-replica-pac-man-proplica\/#primaryimage"},"thumbnailUrl":"https:\/\/endormoonstore.com\/wp-content\/uploads\/2021\/01\/bdipm614766_1.jpg","datePublished":"2021-01-09T18:24:39+00:00","dateModified":"2021-09-22T21:04:36+00:00","breadcrumb":{"@id":"https:\/\/endormoonstore.com\/en\/waka-waka-pac-man-replica-pac-man-proplica\/#breadcrumb"},"inLanguage":"en-US","potentialAction":[{"@type":"ReadAction","target":["https:\/\/endormoonstore.com\/en\/waka-waka-pac-man-replica-pac-man-proplica\/"]}]},{"@type":"ImageObject","inLanguage":"en-US","@id":"https:\/\/endormoonstore.com\/en\/waka-waka-pac-man-replica-pac-man-proplica\/#primaryimage","url":"https:\/\/endormoonstore.com\/wp-content\/uploads\/2021\/01\/bdipm614766_1.jpg","contentUrl":"https:\/\/endormoonstore.com\/wp-content\/uploads\/2021\/01\/bdipm614766_1.jpg","width":1200,"height":857},{"@type":"BreadcrumbList","@id":"https:\/\/endormoonstore.com\/en\/waka-waka-pac-man-replica-pac-man-proplica\/#breadcrumb","itemListElement":[{"@type":"ListItem","position":1,"name":"Shop","item":"https:\/\/endormoonstore.com\/en\/shop\/"},{"@type":"ListItem","position":2,"name":"Waka Waka Pac-Man Replica Pac-Man Proplica"}]},{"@type":"WebSite","@id":"https:\/\/endormoonstore.com\/#website","url":"https:\/\/endormoonstore.com\/","name":"EndormoonStore","description":"","potentialAction":[{"@type":"SearchAction","target":{"@type":"EntryPoint","urlTemplate":"https:\/\/endormoonstore.com\/?s={search_term_string}"},"query-input":{"@type":"PropertyValueSpecification","valueRequired":true,"valueName":"search_term_string"}}],"inLanguage":"en-US"}]}},"taxonomy_info":{"product_cat":[{"value":1390,"label":"Figures"}],"pa_brand":[{"value":2096,"label":"Tamashii Nations"}],"pa_character":[{"value":9736,"label":"Pac-Man"}],"pa_license":[{"value":2216,"label":"Pac-Man"}],"pa_product-type":[{"value":2387,"label":"Figure"}],"pa_theme":[{"value":2204,"label":"Proplica"}]},"featured_image_src_large":["https:\/\/endormoonstore.com\/wp-content\/uploads\/2021\/01\/bdipm614766_1-1024x731.jpg",1024,731,true],"author_info":[],"comment_info":"","_links":{"self":[{"href":"https:\/\/endormoonstore.com\/en\/wp-json\/wp\/v2\/product\/98773","targetHints":{"allow":["GET"]}}],"collection":[{"href":"https:\/\/endormoonstore.com\/en\/wp-json\/wp\/v2\/product"}],"about":[{"href":"https:\/\/endormoonstore.com\/en\/wp-json\/wp\/v2\/types\/product"}],"wp:featuredmedia":[{"embeddable":true,"href":"https:\/\/endormoonstore.com\/en\/wp-json\/wp\/v2\/media\/98749"}],"wp:attachment":[{"href":"https:\/\/endormoonstore.com\/en\/wp-json\/wp\/v2\/media?parent=98773"}],"wp:term":[{"taxonomy":"product_cat","embeddable":true,"href":"https:\/\/endormoonstore.com\/en\/wp-json\/wp\/v2\/product_cat?post=98773"},{"taxonomy":"product_tag","embeddable":true,"href":"https:\/\/endormoonstore.com\/en\/wp-json\/wp\/v2\/product_tag?post=98773"}],"curies":[{"name":"wp","href":"https:\/\/api.w.org\/{rel}","templated":true}]}}