{"id":98709,"date":"2021-01-09T18:45:44","date_gmt":"2021-01-09T17:45:44","guid":{"rendered":"https:\/\/endormoonstore.com\/pac-man-chogokin\/"},"modified":"2021-11-18T23:17:20","modified_gmt":"2021-11-18T22:17:20","slug":"pac-man-chogokin","status":"publish","type":"product","link":"https:\/\/endormoonstore.com\/en\/pac-man-chogokin\/","title":{"rendered":"Pac-Man Chogokin"},"content":{"rendered":"<p><strong>Pac-Man Chogokin Figura 10,5 cm<\/strong><\/p>\n<ul>\n<li>Tamashii Nations presenta esta figura Chogokin del personaje del juego cl\u00e1sico Pac-Man.<\/li>\n<li>Dise\u00f1ado como un robot gigante con golpes voladores, una funci\u00f3n de transformaci\u00f3n, incluso una cabina en funcionamiento!.<\/li>\n<li>Los 4 fantasmas incluidos se pueden colocar en las manos y la mini figura de Pac-Man dentro de la cabina de unos 2.2 cm.<\/li>\n<li>La figura mide 10.5 cm, est\u00e1 hecha de PVC e\u00a0 Die-Cast.<\/li>\n<li>Incluye una base soporte.<\/li>\n<\/ul>\n<p>&nbsp;<\/p>\n<p>&nbsp;<\/p>\n","protected":false},"excerpt":{"rendered":"<p><strong>Pac-Man Chogokin Figura 10,5 cm<\/strong><\/p>\n<p>Tamashii Nations presenta esta figura Chogokin del personaje del juego cl\u00e1sico Pac-Man.<\/p>\n<p>&nbsp;<\/p>\n<p>&nbsp;<\/p>\n<p>&nbsp;<\/p>\n","protected":false},"featured_media":98657,"template":"","meta":{"_acf_changed":false,"_kad_blocks_custom_css":"","_kad_blocks_head_custom_js":"","_kad_blocks_body_custom_js":"","_kad_blocks_footer_custom_js":""},"product_cat":[1390],"product_tag":[],"class_list":{"0":"post-98709","1":"product","2":"type-product","3":"status-publish","4":"has-post-thumbnail","6":"product_cat-figures","7":"pa_brand-tamashii-nations-en","8":"pa_character-pac-man-en","9":"pa_license-pac-man-en","10":"pa_product-type-figure","11":"pa_theme-chogokin-en","13":"first","14":"instock","15":"taxable","16":"shipping-taxable","17":"purchasable","18":"product-type-simple"},"acf":[],"yoast_head":"<!-- This site is optimized with the Yoast SEO plugin v26.1.1 - https:\/\/yoast.com\/wordpress\/plugins\/seo\/ -->\n<title>Pac-Man Chogokin - EndormoonStore<\/title>\n<meta name=\"robots\" content=\"index, follow, max-snippet:-1, max-image-preview:large, max-video-preview:-1\" \/>\n<link rel=\"canonical\" href=\"https:\/\/endormoonstore.com\/en\/pac-man-chogokin\/\" \/>\n<meta property=\"og:locale\" content=\"en_US\" \/>\n<meta property=\"og:type\" content=\"article\" \/>\n<meta property=\"og:title\" content=\"Pac-Man Chogokin - EndormoonStore\" \/>\n<meta property=\"og:description\" content=\"Pac-Man Chogokin Figura 10,5 cm  Tamashii Nations presenta esta figura Chogokin del personaje del juego cl\u00e1sico Pac-Man.  &nbsp;  &nbsp;  &nbsp;\" \/>\n<meta property=\"og:url\" content=\"https:\/\/endormoonstore.com\/en\/pac-man-chogokin\/\" \/>\n<meta property=\"og:site_name\" content=\"EndormoonStore\" \/>\n<meta property=\"article:modified_time\" content=\"2021-11-18T22:17:20+00:00\" \/>\n<meta property=\"og:image\" content=\"https:\/\/endormoonstore.com\/wp-content\/uploads\/2021\/01\/bdipm615060_14.jpg\" \/>\n\t<meta property=\"og:image:width\" content=\"857\" \/>\n\t<meta property=\"og:image:height\" content=\"1200\" \/>\n\t<meta property=\"og:image:type\" content=\"image\/jpeg\" \/>\n<meta name=\"twitter:card\" content=\"summary_large_image\" \/>\n<meta name=\"twitter:label1\" content=\"Est. reading time\" \/>\n\t<meta name=\"twitter:data1\" content=\"1 minute\" \/>\n<script type=\"application\/ld+json\" class=\"yoast-schema-graph\">{\"@context\":\"https:\/\/schema.org\",\"@graph\":[{\"@type\":\"WebPage\",\"@id\":\"https:\/\/endormoonstore.com\/en\/pac-man-chogokin\/\",\"url\":\"https:\/\/endormoonstore.com\/en\/pac-man-chogokin\/\",\"name\":\"Pac-Man Chogokin - EndormoonStore\",\"isPartOf\":{\"@id\":\"https:\/\/endormoonstore.com\/#website\"},\"primaryImageOfPage\":{\"@id\":\"https:\/\/endormoonstore.com\/en\/pac-man-chogokin\/#primaryimage\"},\"image\":{\"@id\":\"https:\/\/endormoonstore.com\/en\/pac-man-chogokin\/#primaryimage\"},\"thumbnailUrl\":\"https:\/\/endormoonstore.com\/wp-content\/uploads\/2021\/01\/bdipm615060_14.jpg\",\"datePublished\":\"2021-01-09T17:45:44+00:00\",\"dateModified\":\"2021-11-18T22:17:20+00:00\",\"breadcrumb\":{\"@id\":\"https:\/\/endormoonstore.com\/en\/pac-man-chogokin\/#breadcrumb\"},\"inLanguage\":\"en-US\",\"potentialAction\":[{\"@type\":\"ReadAction\",\"target\":[\"https:\/\/endormoonstore.com\/en\/pac-man-chogokin\/\"]}]},{\"@type\":\"ImageObject\",\"inLanguage\":\"en-US\",\"@id\":\"https:\/\/endormoonstore.com\/en\/pac-man-chogokin\/#primaryimage\",\"url\":\"https:\/\/endormoonstore.com\/wp-content\/uploads\/2021\/01\/bdipm615060_14.jpg\",\"contentUrl\":\"https:\/\/endormoonstore.com\/wp-content\/uploads\/2021\/01\/bdipm615060_14.jpg\",\"width\":857,\"height\":1200},{\"@type\":\"BreadcrumbList\",\"@id\":\"https:\/\/endormoonstore.com\/en\/pac-man-chogokin\/#breadcrumb\",\"itemListElement\":[{\"@type\":\"ListItem\",\"position\":1,\"name\":\"Shop\",\"item\":\"https:\/\/endormoonstore.com\/en\/shop\/\"},{\"@type\":\"ListItem\",\"position\":2,\"name\":\"Pac-Man Chogokin\"}]},{\"@type\":\"WebSite\",\"@id\":\"https:\/\/endormoonstore.com\/#website\",\"url\":\"https:\/\/endormoonstore.com\/\",\"name\":\"EndormoonStore\",\"description\":\"\",\"potentialAction\":[{\"@type\":\"SearchAction\",\"target\":{\"@type\":\"EntryPoint\",\"urlTemplate\":\"https:\/\/endormoonstore.com\/?s={search_term_string}\"},\"query-input\":{\"@type\":\"PropertyValueSpecification\",\"valueRequired\":true,\"valueName\":\"search_term_string\"}}],\"inLanguage\":\"en-US\"}]}<\/script>\n<!-- \/ Yoast SEO plugin. -->","yoast_head_json":{"title":"Pac-Man Chogokin - EndormoonStore","robots":{"index":"index","follow":"follow","max-snippet":"max-snippet:-1","max-image-preview":"max-image-preview:large","max-video-preview":"max-video-preview:-1"},"canonical":"https:\/\/endormoonstore.com\/en\/pac-man-chogokin\/","og_locale":"en_US","og_type":"article","og_title":"Pac-Man Chogokin - EndormoonStore","og_description":"Pac-Man Chogokin Figura 10,5 cm  Tamashii Nations presenta esta figura Chogokin del personaje del juego cl\u00e1sico Pac-Man.  &nbsp;  &nbsp;  &nbsp;","og_url":"https:\/\/endormoonstore.com\/en\/pac-man-chogokin\/","og_site_name":"EndormoonStore","article_modified_time":"2021-11-18T22:17:20+00:00","og_image":[{"width":857,"height":1200,"url":"https:\/\/endormoonstore.com\/wp-content\/uploads\/2021\/01\/bdipm615060_14.jpg","type":"image\/jpeg"}],"twitter_card":"summary_large_image","twitter_misc":{"Est. reading time":"1 minute"},"schema":{"@context":"https:\/\/schema.org","@graph":[{"@type":"WebPage","@id":"https:\/\/endormoonstore.com\/en\/pac-man-chogokin\/","url":"https:\/\/endormoonstore.com\/en\/pac-man-chogokin\/","name":"Pac-Man Chogokin - EndormoonStore","isPartOf":{"@id":"https:\/\/endormoonstore.com\/#website"},"primaryImageOfPage":{"@id":"https:\/\/endormoonstore.com\/en\/pac-man-chogokin\/#primaryimage"},"image":{"@id":"https:\/\/endormoonstore.com\/en\/pac-man-chogokin\/#primaryimage"},"thumbnailUrl":"https:\/\/endormoonstore.com\/wp-content\/uploads\/2021\/01\/bdipm615060_14.jpg","datePublished":"2021-01-09T17:45:44+00:00","dateModified":"2021-11-18T22:17:20+00:00","breadcrumb":{"@id":"https:\/\/endormoonstore.com\/en\/pac-man-chogokin\/#breadcrumb"},"inLanguage":"en-US","potentialAction":[{"@type":"ReadAction","target":["https:\/\/endormoonstore.com\/en\/pac-man-chogokin\/"]}]},{"@type":"ImageObject","inLanguage":"en-US","@id":"https:\/\/endormoonstore.com\/en\/pac-man-chogokin\/#primaryimage","url":"https:\/\/endormoonstore.com\/wp-content\/uploads\/2021\/01\/bdipm615060_14.jpg","contentUrl":"https:\/\/endormoonstore.com\/wp-content\/uploads\/2021\/01\/bdipm615060_14.jpg","width":857,"height":1200},{"@type":"BreadcrumbList","@id":"https:\/\/endormoonstore.com\/en\/pac-man-chogokin\/#breadcrumb","itemListElement":[{"@type":"ListItem","position":1,"name":"Shop","item":"https:\/\/endormoonstore.com\/en\/shop\/"},{"@type":"ListItem","position":2,"name":"Pac-Man Chogokin"}]},{"@type":"WebSite","@id":"https:\/\/endormoonstore.com\/#website","url":"https:\/\/endormoonstore.com\/","name":"EndormoonStore","description":"","potentialAction":[{"@type":"SearchAction","target":{"@type":"EntryPoint","urlTemplate":"https:\/\/endormoonstore.com\/?s={search_term_string}"},"query-input":{"@type":"PropertyValueSpecification","valueRequired":true,"valueName":"search_term_string"}}],"inLanguage":"en-US"}]}},"taxonomy_info":{"product_cat":[{"value":1390,"label":"Figures"}],"pa_brand":[{"value":2096,"label":"Tamashii Nations"}],"pa_character":[{"value":9736,"label":"Pac-Man"}],"pa_license":[{"value":2216,"label":"Pac-Man"}],"pa_product-type":[{"value":2387,"label":"Figure"}],"pa_theme":[{"value":2228,"label":"Chogokin"}]},"featured_image_src_large":["https:\/\/endormoonstore.com\/wp-content\/uploads\/2021\/01\/bdipm615060_14-731x1024.jpg",731,1024,true],"author_info":[],"comment_info":"","_links":{"self":[{"href":"https:\/\/endormoonstore.com\/en\/wp-json\/wp\/v2\/product\/98709","targetHints":{"allow":["GET"]}}],"collection":[{"href":"https:\/\/endormoonstore.com\/en\/wp-json\/wp\/v2\/product"}],"about":[{"href":"https:\/\/endormoonstore.com\/en\/wp-json\/wp\/v2\/types\/product"}],"wp:featuredmedia":[{"embeddable":true,"href":"https:\/\/endormoonstore.com\/en\/wp-json\/wp\/v2\/media\/98657"}],"wp:attachment":[{"href":"https:\/\/endormoonstore.com\/en\/wp-json\/wp\/v2\/media?parent=98709"}],"wp:term":[{"taxonomy":"product_cat","embeddable":true,"href":"https:\/\/endormoonstore.com\/en\/wp-json\/wp\/v2\/product_cat?post=98709"},{"taxonomy":"product_tag","embeddable":true,"href":"https:\/\/endormoonstore.com\/en\/wp-json\/wp\/v2\/product_tag?post=98709"}],"curies":[{"name":"wp","href":"https:\/\/api.w.org\/{rel}","templated":true}]}}