{"id":98415,"date":"2021-01-06T20:24:14","date_gmt":"2021-01-06T19:24:14","guid":{"rendered":"https:\/\/endormoonstore.com\/ahsoka-tano-star-wars-the-clone-wars-legends-in-3-dimensions-bust-scale-1-2\/"},"modified":"2022-04-01T01:00:07","modified_gmt":"2022-03-31T23:00:07","slug":"ahsoka-tano-star-wars-the-clone-wars-legends-in-3-dimensions-bust-scale-1-2","status":"publish","type":"product","link":"https:\/\/endormoonstore.com\/en\/ahsoka-tano-star-wars-the-clone-wars-legends-in-3-dimensions-bust-scale-1-2\/","title":{"rendered":"Ahsoka Tano Star Wars The Clone Wars Legends in 3-Dimensions Bust Scale 1\/2"},"content":{"rendered":"<p><strong>Ahsoka Tano Star Wars The Clone Wars Legends in 3-Dimensions Bust Scale 1\/2\u00a025 cm<\/strong><\/p>\n<ul>\n<li>Genttle Giant ahora Diamond Select Toys presenta el busto de Ahsoka Tano para la colecci\u00f3n Legends in 3D, basado en &#8220;Star Wars: The Clone Wars&#8221;.<\/li>\n<li>Se trata de un busto de unos 25 cm de alto hecho en resina.<\/li>\n<li>Muestra al Jedi sobre un pedestal inspirado en un sable l\u00e1ser.<\/li>\n<li>Es una edici\u00f3n limitada a 1000 unidades numeradas manualmente<\/li>\n<li>Incluye un certificado de autenticidad.<\/li>\n<li><strong>NOTA: Peque\u00f1a arruga en caja en esquina superior. Lo dem\u00e1s perfecto. Nueva sin abrir. Foto en galer\u00eda<\/strong><\/li>\n<\/ul>\n<p>&nbsp;<\/p>\n","protected":false},"excerpt":{"rendered":"<p><strong>Ahsoka Tano Star Wars The Clone Wars Legends in 3-Dimensions Bust Scale 1\/2\u00a025 cm<\/strong><\/p>\n<p>Genttle Giant ahora Diamond Select Toys presenta el busto de Ahsoka Tano para la colecci\u00f3n Legends in 3D, basado en &#8220;Star Wars: The Clone Wars&#8221;.<\/p>\n<p><strong>NOTA: Peque\u00f1a arruga en caja en esquina superior. Lo dem\u00e1s perfecto. Nueva sin abrir. Foto en galer\u00eda<\/strong><\/p>\n","protected":false},"featured_media":110704,"template":"","meta":{"_acf_changed":false,"_kad_blocks_custom_css":"","_kad_blocks_head_custom_js":"","_kad_blocks_body_custom_js":"","_kad_blocks_footer_custom_js":""},"product_cat":[1390],"product_tag":[],"class_list":{"0":"post-98415","1":"product","2":"type-product","3":"status-publish","4":"has-post-thumbnail","6":"product_cat-figures","7":"pa_brand-diamond-select-toys-en","8":"pa_character-ahsoka-tano-en","9":"pa_episode-star-wars-the-clone-wars-en","10":"pa_license-star-wars-en","11":"pa_product-type-bust","12":"pa_theme-legends-in-3-dimensions-en","14":"first","15":"outofstock","16":"taxable","17":"shipping-taxable","18":"purchasable","19":"product-type-simple"},"acf":[],"yoast_head":"<!-- This site is optimized with the Yoast SEO plugin v26.1.1 - https:\/\/yoast.com\/wordpress\/plugins\/seo\/ -->\n<title>Ahsoka Tano Star Wars The Clone Wars Legends in 3-Dimensions Bust Scale 1\/2 - EndormoonStore<\/title>\n<meta name=\"robots\" content=\"index, follow, max-snippet:-1, max-image-preview:large, max-video-preview:-1\" \/>\n<link rel=\"canonical\" href=\"https:\/\/endormoonstore.com\/en\/ahsoka-tano-star-wars-the-clone-wars-legends-in-3-dimensions-bust-scale-1-2\/\" \/>\n<meta property=\"og:locale\" content=\"en_US\" \/>\n<meta property=\"og:type\" content=\"article\" \/>\n<meta property=\"og:title\" content=\"Ahsoka Tano Star Wars The Clone Wars Legends in 3-Dimensions Bust Scale 1\/2 - EndormoonStore\" \/>\n<meta property=\"og:description\" content=\"Ahsoka Tano Star Wars The Clone Wars Legends in 3-Dimensions Bust Scale 1\/2\u00a025 cm  Genttle Giant ahora Diamond Select Toys presenta el busto de Ahsoka Tano para la colecci\u00f3n Legends in 3D, basado en &quot;Star Wars: The Clone Wars&quot;.  NOTA: Peque\u00f1a arruga en caja en esquina superior. Lo dem\u00e1s perfecto. Nueva sin abrir. Foto en galer\u00eda\" \/>\n<meta property=\"og:url\" content=\"https:\/\/endormoonstore.com\/en\/ahsoka-tano-star-wars-the-clone-wars-legends-in-3-dimensions-bust-scale-1-2\/\" \/>\n<meta property=\"og:site_name\" content=\"EndormoonStore\" \/>\n<meta property=\"article:modified_time\" content=\"2022-03-31T23:00:07+00:00\" \/>\n<meta property=\"og:image\" content=\"https:\/\/endormoonstore.com\/wp-content\/uploads\/2021\/01\/Ahsoka-Tano-Star-Wars-The-Clone-Wars-Legends-in-3-Dimensions-Bust-Scale-1-2-11.jpg\" \/>\n\t<meta property=\"og:image:width\" content=\"688\" \/>\n\t<meta property=\"og:image:height\" content=\"1000\" \/>\n\t<meta property=\"og:image:type\" content=\"image\/jpeg\" \/>\n<meta name=\"twitter:card\" content=\"summary_large_image\" \/>\n<meta name=\"twitter:label1\" content=\"Est. reading time\" \/>\n\t<meta name=\"twitter:data1\" content=\"1 minute\" \/>\n<script type=\"application\/ld+json\" class=\"yoast-schema-graph\">{\"@context\":\"https:\/\/schema.org\",\"@graph\":[{\"@type\":\"WebPage\",\"@id\":\"https:\/\/endormoonstore.com\/en\/ahsoka-tano-star-wars-the-clone-wars-legends-in-3-dimensions-bust-scale-1-2\/\",\"url\":\"https:\/\/endormoonstore.com\/en\/ahsoka-tano-star-wars-the-clone-wars-legends-in-3-dimensions-bust-scale-1-2\/\",\"name\":\"Ahsoka Tano Star Wars The Clone Wars Legends in 3-Dimensions Bust Scale 1\/2 - EndormoonStore\",\"isPartOf\":{\"@id\":\"https:\/\/endormoonstore.com\/#website\"},\"primaryImageOfPage\":{\"@id\":\"https:\/\/endormoonstore.com\/en\/ahsoka-tano-star-wars-the-clone-wars-legends-in-3-dimensions-bust-scale-1-2\/#primaryimage\"},\"image\":{\"@id\":\"https:\/\/endormoonstore.com\/en\/ahsoka-tano-star-wars-the-clone-wars-legends-in-3-dimensions-bust-scale-1-2\/#primaryimage\"},\"thumbnailUrl\":\"https:\/\/endormoonstore.com\/wp-content\/uploads\/2021\/01\/Ahsoka-Tano-Star-Wars-The-Clone-Wars-Legends-in-3-Dimensions-Bust-Scale-1-2-11.jpg\",\"datePublished\":\"2021-01-06T19:24:14+00:00\",\"dateModified\":\"2022-03-31T23:00:07+00:00\",\"breadcrumb\":{\"@id\":\"https:\/\/endormoonstore.com\/en\/ahsoka-tano-star-wars-the-clone-wars-legends-in-3-dimensions-bust-scale-1-2\/#breadcrumb\"},\"inLanguage\":\"en-US\",\"potentialAction\":[{\"@type\":\"ReadAction\",\"target\":[\"https:\/\/endormoonstore.com\/en\/ahsoka-tano-star-wars-the-clone-wars-legends-in-3-dimensions-bust-scale-1-2\/\"]}]},{\"@type\":\"ImageObject\",\"inLanguage\":\"en-US\",\"@id\":\"https:\/\/endormoonstore.com\/en\/ahsoka-tano-star-wars-the-clone-wars-legends-in-3-dimensions-bust-scale-1-2\/#primaryimage\",\"url\":\"https:\/\/endormoonstore.com\/wp-content\/uploads\/2021\/01\/Ahsoka-Tano-Star-Wars-The-Clone-Wars-Legends-in-3-Dimensions-Bust-Scale-1-2-11.jpg\",\"contentUrl\":\"https:\/\/endormoonstore.com\/wp-content\/uploads\/2021\/01\/Ahsoka-Tano-Star-Wars-The-Clone-Wars-Legends-in-3-Dimensions-Bust-Scale-1-2-11.jpg\",\"width\":688,\"height\":1000},{\"@type\":\"BreadcrumbList\",\"@id\":\"https:\/\/endormoonstore.com\/en\/ahsoka-tano-star-wars-the-clone-wars-legends-in-3-dimensions-bust-scale-1-2\/#breadcrumb\",\"itemListElement\":[{\"@type\":\"ListItem\",\"position\":1,\"name\":\"Shop\",\"item\":\"https:\/\/endormoonstore.com\/en\/shop\/\"},{\"@type\":\"ListItem\",\"position\":2,\"name\":\"Ahsoka Tano Star Wars The Clone Wars Legends in 3-Dimensions Bust Scale 1\/2\"}]},{\"@type\":\"WebSite\",\"@id\":\"https:\/\/endormoonstore.com\/#website\",\"url\":\"https:\/\/endormoonstore.com\/\",\"name\":\"EndormoonStore\",\"description\":\"\",\"potentialAction\":[{\"@type\":\"SearchAction\",\"target\":{\"@type\":\"EntryPoint\",\"urlTemplate\":\"https:\/\/endormoonstore.com\/?s={search_term_string}\"},\"query-input\":{\"@type\":\"PropertyValueSpecification\",\"valueRequired\":true,\"valueName\":\"search_term_string\"}}],\"inLanguage\":\"en-US\"}]}<\/script>\n<!-- \/ Yoast SEO plugin. -->","yoast_head_json":{"title":"Ahsoka Tano Star Wars The Clone Wars Legends in 3-Dimensions Bust Scale 1\/2 - EndormoonStore","robots":{"index":"index","follow":"follow","max-snippet":"max-snippet:-1","max-image-preview":"max-image-preview:large","max-video-preview":"max-video-preview:-1"},"canonical":"https:\/\/endormoonstore.com\/en\/ahsoka-tano-star-wars-the-clone-wars-legends-in-3-dimensions-bust-scale-1-2\/","og_locale":"en_US","og_type":"article","og_title":"Ahsoka Tano Star Wars The Clone Wars Legends in 3-Dimensions Bust Scale 1\/2 - EndormoonStore","og_description":"Ahsoka Tano Star Wars The Clone Wars Legends in 3-Dimensions Bust Scale 1\/2\u00a025 cm  Genttle Giant ahora Diamond Select Toys presenta el busto de Ahsoka Tano para la colecci\u00f3n Legends in 3D, basado en \"Star Wars: The Clone Wars\".  NOTA: Peque\u00f1a arruga en caja en esquina superior. Lo dem\u00e1s perfecto. Nueva sin abrir. Foto en galer\u00eda","og_url":"https:\/\/endormoonstore.com\/en\/ahsoka-tano-star-wars-the-clone-wars-legends-in-3-dimensions-bust-scale-1-2\/","og_site_name":"EndormoonStore","article_modified_time":"2022-03-31T23:00:07+00:00","og_image":[{"width":688,"height":1000,"url":"https:\/\/endormoonstore.com\/wp-content\/uploads\/2021\/01\/Ahsoka-Tano-Star-Wars-The-Clone-Wars-Legends-in-3-Dimensions-Bust-Scale-1-2-11.jpg","type":"image\/jpeg"}],"twitter_card":"summary_large_image","twitter_misc":{"Est. reading time":"1 minute"},"schema":{"@context":"https:\/\/schema.org","@graph":[{"@type":"WebPage","@id":"https:\/\/endormoonstore.com\/en\/ahsoka-tano-star-wars-the-clone-wars-legends-in-3-dimensions-bust-scale-1-2\/","url":"https:\/\/endormoonstore.com\/en\/ahsoka-tano-star-wars-the-clone-wars-legends-in-3-dimensions-bust-scale-1-2\/","name":"Ahsoka Tano Star Wars The Clone Wars Legends in 3-Dimensions Bust Scale 1\/2 - EndormoonStore","isPartOf":{"@id":"https:\/\/endormoonstore.com\/#website"},"primaryImageOfPage":{"@id":"https:\/\/endormoonstore.com\/en\/ahsoka-tano-star-wars-the-clone-wars-legends-in-3-dimensions-bust-scale-1-2\/#primaryimage"},"image":{"@id":"https:\/\/endormoonstore.com\/en\/ahsoka-tano-star-wars-the-clone-wars-legends-in-3-dimensions-bust-scale-1-2\/#primaryimage"},"thumbnailUrl":"https:\/\/endormoonstore.com\/wp-content\/uploads\/2021\/01\/Ahsoka-Tano-Star-Wars-The-Clone-Wars-Legends-in-3-Dimensions-Bust-Scale-1-2-11.jpg","datePublished":"2021-01-06T19:24:14+00:00","dateModified":"2022-03-31T23:00:07+00:00","breadcrumb":{"@id":"https:\/\/endormoonstore.com\/en\/ahsoka-tano-star-wars-the-clone-wars-legends-in-3-dimensions-bust-scale-1-2\/#breadcrumb"},"inLanguage":"en-US","potentialAction":[{"@type":"ReadAction","target":["https:\/\/endormoonstore.com\/en\/ahsoka-tano-star-wars-the-clone-wars-legends-in-3-dimensions-bust-scale-1-2\/"]}]},{"@type":"ImageObject","inLanguage":"en-US","@id":"https:\/\/endormoonstore.com\/en\/ahsoka-tano-star-wars-the-clone-wars-legends-in-3-dimensions-bust-scale-1-2\/#primaryimage","url":"https:\/\/endormoonstore.com\/wp-content\/uploads\/2021\/01\/Ahsoka-Tano-Star-Wars-The-Clone-Wars-Legends-in-3-Dimensions-Bust-Scale-1-2-11.jpg","contentUrl":"https:\/\/endormoonstore.com\/wp-content\/uploads\/2021\/01\/Ahsoka-Tano-Star-Wars-The-Clone-Wars-Legends-in-3-Dimensions-Bust-Scale-1-2-11.jpg","width":688,"height":1000},{"@type":"BreadcrumbList","@id":"https:\/\/endormoonstore.com\/en\/ahsoka-tano-star-wars-the-clone-wars-legends-in-3-dimensions-bust-scale-1-2\/#breadcrumb","itemListElement":[{"@type":"ListItem","position":1,"name":"Shop","item":"https:\/\/endormoonstore.com\/en\/shop\/"},{"@type":"ListItem","position":2,"name":"Ahsoka Tano Star Wars The Clone Wars Legends in 3-Dimensions Bust Scale 1\/2"}]},{"@type":"WebSite","@id":"https:\/\/endormoonstore.com\/#website","url":"https:\/\/endormoonstore.com\/","name":"EndormoonStore","description":"","potentialAction":[{"@type":"SearchAction","target":{"@type":"EntryPoint","urlTemplate":"https:\/\/endormoonstore.com\/?s={search_term_string}"},"query-input":{"@type":"PropertyValueSpecification","valueRequired":true,"valueName":"search_term_string"}}],"inLanguage":"en-US"}]}},"taxonomy_info":{"product_cat":[{"value":1390,"label":"Figures"}],"pa_brand":[{"value":1632,"label":"Diamond Select Toys"}],"pa_character":[{"value":2351,"label":"Ahsoka Tano"}],"pa_episode":[{"value":2333,"label":"Star Wars: The Clone Wars"}],"pa_license":[{"value":1644,"label":"Star Wars"}],"pa_product-type":[{"value":2315,"label":"Bust"}],"pa_theme":[{"value":2339,"label":"Legends in 3 Dimensions"}]},"featured_image_src_large":["https:\/\/endormoonstore.com\/wp-content\/uploads\/2021\/01\/Ahsoka-Tano-Star-Wars-The-Clone-Wars-Legends-in-3-Dimensions-Bust-Scale-1-2-11.jpg",688,1000,false],"author_info":[],"comment_info":"","_links":{"self":[{"href":"https:\/\/endormoonstore.com\/en\/wp-json\/wp\/v2\/product\/98415","targetHints":{"allow":["GET"]}}],"collection":[{"href":"https:\/\/endormoonstore.com\/en\/wp-json\/wp\/v2\/product"}],"about":[{"href":"https:\/\/endormoonstore.com\/en\/wp-json\/wp\/v2\/types\/product"}],"wp:featuredmedia":[{"embeddable":true,"href":"https:\/\/endormoonstore.com\/en\/wp-json\/wp\/v2\/media\/110704"}],"wp:attachment":[{"href":"https:\/\/endormoonstore.com\/en\/wp-json\/wp\/v2\/media?parent=98415"}],"wp:term":[{"taxonomy":"product_cat","embeddable":true,"href":"https:\/\/endormoonstore.com\/en\/wp-json\/wp\/v2\/product_cat?post=98415"},{"taxonomy":"product_tag","embeddable":true,"href":"https:\/\/endormoonstore.com\/en\/wp-json\/wp\/v2\/product_tag?post=98415"}],"curies":[{"name":"wp","href":"https:\/\/api.w.org\/{rel}","templated":true}]}}