{"id":98275,"date":"2020-12-26T19:07:01","date_gmt":"2020-12-26T18:07:01","guid":{"rendered":"https:\/\/endormoonstore.com\/italeri-tornado-gr-4-2513-escala-1-32\/"},"modified":"2021-02-13T14:50:28","modified_gmt":"2021-02-13T13:50:28","slug":"italeri-tornado-gr-4-2513-escala-1-32","status":"publish","type":"product","link":"https:\/\/endormoonstore.com\/en\/italeri-tornado-gr-4-2513-escala-1-32\/","title":{"rendered":"Italeri Tornado GR.4 2513 Escala 1:32"},"content":{"rendered":"<p><strong>Italeri Tornado GR.4 2513 Escala 1:32<\/strong><\/p>\n<p>&nbsp;<\/p>\n<p><strong>TOP KIT MOLDES 100% NUEVOS\u00a0 361 piezas\u00a0<\/strong><\/p>\n<ol>\n<li>Detalles fotograbados<\/li>\n<li>Motor RB199 extra\u00edble con carro de apoyo<\/li>\n<li>Flaps y listones retra\u00eddos o extendidos<\/li>\n<li>Alerones m\u00f3viles<\/li>\n<li>Radomo que se puede abrir y radares totalmente detallados<\/li>\n<li>Inversor de empuje abierto o cerrado<\/li>\n<li>Frenos neum\u00e1ticos abiertos o cerrados<\/li>\n<li>Neum\u00e1ticos de goma<\/li>\n<li>Alas y pilones m\u00f3viles de geometr\u00eda variable<\/li>\n<li>Cubierta de goma para el punto de entrada de las alas<\/li>\n<li>Hoja de instrucciones de color<\/li>\n<li>Hoja de supercalcoman\u00edas para 4 versiones<\/li>\n<\/ol>\n<p><strong>FIGURAS NO INCLUIDAS<\/strong><\/p>\n<ul>\n<li>El Tornado Gr.4 surgi\u00f3 de un proyecto de colaboraci\u00f3n entre Italia, Alemania y el Reino Unido para producir un avi\u00f3n de combate multifunci\u00f3n de alto rendimiento.<\/li>\n<li>Sin embargo, el requisito principal era desarrollar un avi\u00f3n moderno &#8220;de vanguardia&#8221; capaz de realizar misiones de ataque penetrantes a baja altitud.<\/li>\n<li>Esta necesidad se cubri\u00f3 con el desarrollo de un avi\u00f3n de combate bimotor con un ala de barrido variable.<\/li>\n<li>El Tornado IDS (Interdictor \/ strike) fue la primera versi\u00f3n lanzada por la Royal Air Force brit\u00e1nica y designada GR.1. En 1996, el Tornado se actualiz\u00f3 al est\u00e1ndar Gr.4, que se caracteriz\u00f3 por mejores capacidades operativas, nuevos sistemas de avi\u00f3nica para la navegaci\u00f3n y la adopci\u00f3n de nuevas tecnolog\u00edas &#8220;a bordo&#8221;.<\/li>\n<li>Estos sistemas permitieron la identificaci\u00f3n y seguimiento efectivos de objetivos y la gesti\u00f3n de armas de la nueva generaci\u00f3n de armas, como las bombas GBU-12 Paveway IV.<\/li>\n<\/ul>\n<p>&nbsp;<\/p>\n<p>&nbsp;<\/p>\n","protected":false},"excerpt":{"rendered":"<p><strong>Italeri Tornado GR.4 2513 Escala 1:32<\/strong><\/p>\n<p>El Tornado Gr.4 surgi\u00f3 de un proyecto de colaboraci\u00f3n entre Italia, Alemania y el Reino Unido para producir un avi\u00f3n de combate multifunci\u00f3n de alto rendimiento.<\/p>\n","protected":false},"featured_media":98227,"template":"","meta":{"_acf_changed":false,"_kad_blocks_custom_css":"","_kad_blocks_head_custom_js":"","_kad_blocks_body_custom_js":"","_kad_blocks_footer_custom_js":""},"product_cat":[1388],"product_tag":[],"class_list":{"0":"post-98275","1":"product","2":"type-product","3":"status-publish","4":"has-post-thumbnail","6":"product_cat-modelism","7":"pa_brand-italeri-en","8":"pa_theme-military-aviation","10":"first","11":"instock","12":"taxable","13":"shipping-taxable","14":"purchasable","15":"product-type-simple"},"acf":[],"yoast_head":"<!-- This site is optimized with the Yoast SEO plugin v26.1.1 - https:\/\/yoast.com\/wordpress\/plugins\/seo\/ -->\n<title>Italeri Tornado GR.4 2513 Escala 1:32 - EndormoonStore<\/title>\n<meta name=\"robots\" content=\"index, follow, max-snippet:-1, max-image-preview:large, max-video-preview:-1\" \/>\n<link rel=\"canonical\" href=\"https:\/\/endormoonstore.com\/en\/italeri-tornado-gr-4-2513-escala-1-32\/\" \/>\n<meta property=\"og:locale\" content=\"en_US\" \/>\n<meta property=\"og:type\" content=\"article\" \/>\n<meta property=\"og:title\" content=\"Italeri Tornado GR.4 2513 Escala 1:32 - EndormoonStore\" \/>\n<meta property=\"og:description\" content=\"Italeri Tornado GR.4 2513 Escala 1:32  El Tornado Gr.4 surgi\u00f3 de un proyecto de colaboraci\u00f3n entre Italia, Alemania y el Reino Unido para producir un avi\u00f3n de combate multifunci\u00f3n de alto rendimiento.\" \/>\n<meta property=\"og:url\" content=\"https:\/\/endormoonstore.com\/en\/italeri-tornado-gr-4-2513-escala-1-32\/\" \/>\n<meta property=\"og:site_name\" content=\"EndormoonStore\" \/>\n<meta property=\"article:modified_time\" content=\"2021-02-13T13:50:28+00:00\" \/>\n<meta property=\"og:image\" content=\"https:\/\/endormoonstore.com\/wp-content\/uploads\/2020\/12\/italeri_tornado_gr.4_2513_escala_1-32-1.jpeg\" \/>\n\t<meta property=\"og:image:width\" content=\"800\" \/>\n\t<meta property=\"og:image:height\" content=\"517\" \/>\n\t<meta property=\"og:image:type\" content=\"image\/jpeg\" \/>\n<meta name=\"twitter:card\" content=\"summary_large_image\" \/>\n<meta name=\"twitter:label1\" content=\"Est. reading time\" \/>\n\t<meta name=\"twitter:data1\" content=\"2 minutes\" \/>\n<script type=\"application\/ld+json\" class=\"yoast-schema-graph\">{\"@context\":\"https:\/\/schema.org\",\"@graph\":[{\"@type\":\"WebPage\",\"@id\":\"https:\/\/endormoonstore.com\/en\/italeri-tornado-gr-4-2513-escala-1-32\/\",\"url\":\"https:\/\/endormoonstore.com\/en\/italeri-tornado-gr-4-2513-escala-1-32\/\",\"name\":\"Italeri Tornado GR.4 2513 Escala 1:32 - EndormoonStore\",\"isPartOf\":{\"@id\":\"https:\/\/endormoonstore.com\/#website\"},\"primaryImageOfPage\":{\"@id\":\"https:\/\/endormoonstore.com\/en\/italeri-tornado-gr-4-2513-escala-1-32\/#primaryimage\"},\"image\":{\"@id\":\"https:\/\/endormoonstore.com\/en\/italeri-tornado-gr-4-2513-escala-1-32\/#primaryimage\"},\"thumbnailUrl\":\"https:\/\/endormoonstore.com\/wp-content\/uploads\/2020\/12\/italeri_tornado_gr.4_2513_escala_1-32-1.jpeg\",\"datePublished\":\"2020-12-26T18:07:01+00:00\",\"dateModified\":\"2021-02-13T13:50:28+00:00\",\"breadcrumb\":{\"@id\":\"https:\/\/endormoonstore.com\/en\/italeri-tornado-gr-4-2513-escala-1-32\/#breadcrumb\"},\"inLanguage\":\"en-US\",\"potentialAction\":[{\"@type\":\"ReadAction\",\"target\":[\"https:\/\/endormoonstore.com\/en\/italeri-tornado-gr-4-2513-escala-1-32\/\"]}]},{\"@type\":\"ImageObject\",\"inLanguage\":\"en-US\",\"@id\":\"https:\/\/endormoonstore.com\/en\/italeri-tornado-gr-4-2513-escala-1-32\/#primaryimage\",\"url\":\"https:\/\/endormoonstore.com\/wp-content\/uploads\/2020\/12\/italeri_tornado_gr.4_2513_escala_1-32-1.jpeg\",\"contentUrl\":\"https:\/\/endormoonstore.com\/wp-content\/uploads\/2020\/12\/italeri_tornado_gr.4_2513_escala_1-32-1.jpeg\",\"width\":800,\"height\":517},{\"@type\":\"BreadcrumbList\",\"@id\":\"https:\/\/endormoonstore.com\/en\/italeri-tornado-gr-4-2513-escala-1-32\/#breadcrumb\",\"itemListElement\":[{\"@type\":\"ListItem\",\"position\":1,\"name\":\"Shop\",\"item\":\"https:\/\/endormoonstore.com\/en\/shop\/\"},{\"@type\":\"ListItem\",\"position\":2,\"name\":\"Italeri Tornado GR.4 2513 Escala 1:32\"}]},{\"@type\":\"WebSite\",\"@id\":\"https:\/\/endormoonstore.com\/#website\",\"url\":\"https:\/\/endormoonstore.com\/\",\"name\":\"EndormoonStore\",\"description\":\"\",\"potentialAction\":[{\"@type\":\"SearchAction\",\"target\":{\"@type\":\"EntryPoint\",\"urlTemplate\":\"https:\/\/endormoonstore.com\/?s={search_term_string}\"},\"query-input\":{\"@type\":\"PropertyValueSpecification\",\"valueRequired\":true,\"valueName\":\"search_term_string\"}}],\"inLanguage\":\"en-US\"}]}<\/script>\n<!-- \/ Yoast SEO plugin. -->","yoast_head_json":{"title":"Italeri Tornado GR.4 2513 Escala 1:32 - EndormoonStore","robots":{"index":"index","follow":"follow","max-snippet":"max-snippet:-1","max-image-preview":"max-image-preview:large","max-video-preview":"max-video-preview:-1"},"canonical":"https:\/\/endormoonstore.com\/en\/italeri-tornado-gr-4-2513-escala-1-32\/","og_locale":"en_US","og_type":"article","og_title":"Italeri Tornado GR.4 2513 Escala 1:32 - EndormoonStore","og_description":"Italeri Tornado GR.4 2513 Escala 1:32  El Tornado Gr.4 surgi\u00f3 de un proyecto de colaboraci\u00f3n entre Italia, Alemania y el Reino Unido para producir un avi\u00f3n de combate multifunci\u00f3n de alto rendimiento.","og_url":"https:\/\/endormoonstore.com\/en\/italeri-tornado-gr-4-2513-escala-1-32\/","og_site_name":"EndormoonStore","article_modified_time":"2021-02-13T13:50:28+00:00","og_image":[{"width":800,"height":517,"url":"https:\/\/endormoonstore.com\/wp-content\/uploads\/2020\/12\/italeri_tornado_gr.4_2513_escala_1-32-1.jpeg","type":"image\/jpeg"}],"twitter_card":"summary_large_image","twitter_misc":{"Est. reading time":"2 minutes"},"schema":{"@context":"https:\/\/schema.org","@graph":[{"@type":"WebPage","@id":"https:\/\/endormoonstore.com\/en\/italeri-tornado-gr-4-2513-escala-1-32\/","url":"https:\/\/endormoonstore.com\/en\/italeri-tornado-gr-4-2513-escala-1-32\/","name":"Italeri Tornado GR.4 2513 Escala 1:32 - EndormoonStore","isPartOf":{"@id":"https:\/\/endormoonstore.com\/#website"},"primaryImageOfPage":{"@id":"https:\/\/endormoonstore.com\/en\/italeri-tornado-gr-4-2513-escala-1-32\/#primaryimage"},"image":{"@id":"https:\/\/endormoonstore.com\/en\/italeri-tornado-gr-4-2513-escala-1-32\/#primaryimage"},"thumbnailUrl":"https:\/\/endormoonstore.com\/wp-content\/uploads\/2020\/12\/italeri_tornado_gr.4_2513_escala_1-32-1.jpeg","datePublished":"2020-12-26T18:07:01+00:00","dateModified":"2021-02-13T13:50:28+00:00","breadcrumb":{"@id":"https:\/\/endormoonstore.com\/en\/italeri-tornado-gr-4-2513-escala-1-32\/#breadcrumb"},"inLanguage":"en-US","potentialAction":[{"@type":"ReadAction","target":["https:\/\/endormoonstore.com\/en\/italeri-tornado-gr-4-2513-escala-1-32\/"]}]},{"@type":"ImageObject","inLanguage":"en-US","@id":"https:\/\/endormoonstore.com\/en\/italeri-tornado-gr-4-2513-escala-1-32\/#primaryimage","url":"https:\/\/endormoonstore.com\/wp-content\/uploads\/2020\/12\/italeri_tornado_gr.4_2513_escala_1-32-1.jpeg","contentUrl":"https:\/\/endormoonstore.com\/wp-content\/uploads\/2020\/12\/italeri_tornado_gr.4_2513_escala_1-32-1.jpeg","width":800,"height":517},{"@type":"BreadcrumbList","@id":"https:\/\/endormoonstore.com\/en\/italeri-tornado-gr-4-2513-escala-1-32\/#breadcrumb","itemListElement":[{"@type":"ListItem","position":1,"name":"Shop","item":"https:\/\/endormoonstore.com\/en\/shop\/"},{"@type":"ListItem","position":2,"name":"Italeri Tornado GR.4 2513 Escala 1:32"}]},{"@type":"WebSite","@id":"https:\/\/endormoonstore.com\/#website","url":"https:\/\/endormoonstore.com\/","name":"EndormoonStore","description":"","potentialAction":[{"@type":"SearchAction","target":{"@type":"EntryPoint","urlTemplate":"https:\/\/endormoonstore.com\/?s={search_term_string}"},"query-input":{"@type":"PropertyValueSpecification","valueRequired":true,"valueName":"search_term_string"}}],"inLanguage":"en-US"}]}},"taxonomy_info":{"product_cat":[{"value":1388,"label":"Modelism"}],"pa_brand":[{"value":1759,"label":"Italeri"}],"pa_theme":[{"value":2132,"label":"Military Aviation"}]},"featured_image_src_large":["https:\/\/endormoonstore.com\/wp-content\/uploads\/2020\/12\/italeri_tornado_gr.4_2513_escala_1-32-1.jpeg",800,517,false],"author_info":[],"comment_info":"","_links":{"self":[{"href":"https:\/\/endormoonstore.com\/en\/wp-json\/wp\/v2\/product\/98275","targetHints":{"allow":["GET"]}}],"collection":[{"href":"https:\/\/endormoonstore.com\/en\/wp-json\/wp\/v2\/product"}],"about":[{"href":"https:\/\/endormoonstore.com\/en\/wp-json\/wp\/v2\/types\/product"}],"wp:featuredmedia":[{"embeddable":true,"href":"https:\/\/endormoonstore.com\/en\/wp-json\/wp\/v2\/media\/98227"}],"wp:attachment":[{"href":"https:\/\/endormoonstore.com\/en\/wp-json\/wp\/v2\/media?parent=98275"}],"wp:term":[{"taxonomy":"product_cat","embeddable":true,"href":"https:\/\/endormoonstore.com\/en\/wp-json\/wp\/v2\/product_cat?post=98275"},{"taxonomy":"product_tag","embeddable":true,"href":"https:\/\/endormoonstore.com\/en\/wp-json\/wp\/v2\/product_tag?post=98275"}],"curies":[{"name":"wp","href":"https:\/\/api.w.org\/{rel}","templated":true}]}}