{"id":98225,"date":"2020-12-25T19:53:16","date_gmt":"2020-12-25T18:53:16","guid":{"rendered":"https:\/\/endormoonstore.com\/marvel-legends-series-marvel-s-firestar\/"},"modified":"2021-02-18T21:34:16","modified_gmt":"2021-02-18T20:34:16","slug":"marvel-legends-series-marvel-s-firestar","status":"publish","type":"product","link":"https:\/\/endormoonstore.com\/en\/marvel-legends-series-marvel-s-firestar\/","title":{"rendered":"Marvel Legends Series Marvel\u2019s Firestar"},"content":{"rendered":"<p><strong>Marvel Legends Series Marvel\u2019s Firestar Figura\u00a015 cm<\/strong><\/p>\n<ul>\n<li>Angelica Jones se lanza a la batalla aprovechando el poder de las microondas para combatir el mal como Marvel&#8217;s Firestar.<\/li>\n<li>Con m\u00e1s de 80 a\u00f1os de historia del entretenimiento, Marvel se ha convertido en la piedra angular de las colecciones de fans de todo el mundo.<\/li>\n<li>Con Marvel Legends Series, los personajes de Marvel favoritos de los fan\u00e1ticos est\u00e1n dise\u00f1ados con detalles y articulaci\u00f3n premium para posar y exhibir en colecciones.<\/li>\n<li>Desde figuras hasta veh\u00edculos y elementos premium de juegos de rol, la serie Marvel Legends ofrece productos inspirados en personajes de \u00e9lite para los fan\u00e1ticos y coleccionistas de Marvel.<\/li>\n<li>Las figuras adicionales se venden por separado.<\/li>\n<li>Incluye: figura y 6 accesorios.<\/li>\n<li>Los fan y coleccionistas pueden disfrutar de esta figura de Marvel&#8217;s Firestar de escala de 6 pulgadas, unos 15 cm, con su perra Ms. Lion, inspirada en el personaje de Marvel Entertainment.<\/li>\n<li>La figura de Marvel&#8217;s Firestar con su perra Ms. Lion presenta un dise\u00f1o, detalle y articulaci\u00f3n premium para posar y exhibir en una colecci\u00f3n Marvel.<\/li>\n<\/ul>\n<p>&nbsp;<\/p>\n<p>&nbsp;<\/p>\n","protected":false},"excerpt":{"rendered":"<p><strong>Marvel Legends Series Marvel\u2019s Firestar Figura\u00a015 cm<\/strong><\/p>\n<p>Angelica Jones se lanza a la batalla aprovechando el poder de las microondas para combatir el mal como Marvel&#8217;s Firestar.<\/p>\n","protected":false},"featured_media":98185,"template":"","meta":{"_acf_changed":false,"_kad_blocks_custom_css":"","_kad_blocks_head_custom_js":"","_kad_blocks_body_custom_js":"","_kad_blocks_footer_custom_js":""},"product_cat":[1390],"product_tag":[],"class_list":{"0":"post-98225","1":"product","2":"type-product","3":"status-publish","4":"has-post-thumbnail","6":"product_cat-figures","7":"pa_brand-hasbro-en","8":"pa_character-firestar-en","9":"pa_license-marvel-en","10":"pa_product-type-figure","11":"pa_theme-marvel-legends-series-en","13":"first","14":"instock","15":"taxable","16":"shipping-taxable","17":"purchasable","18":"product-type-simple"},"acf":[],"yoast_head":"<!-- This site is optimized with the Yoast SEO plugin v26.1.1 - https:\/\/yoast.com\/wordpress\/plugins\/seo\/ -->\n<title>Marvel Legends Series Marvel\u2019s Firestar - EndormoonStore<\/title>\n<meta name=\"robots\" content=\"index, follow, max-snippet:-1, max-image-preview:large, max-video-preview:-1\" \/>\n<link rel=\"canonical\" href=\"https:\/\/endormoonstore.com\/en\/marvel-legends-series-marvel-s-firestar\/\" \/>\n<meta property=\"og:locale\" content=\"en_US\" \/>\n<meta property=\"og:type\" content=\"article\" \/>\n<meta property=\"og:title\" content=\"Marvel Legends Series Marvel\u2019s Firestar - EndormoonStore\" \/>\n<meta property=\"og:description\" content=\"Marvel Legends Series Marvel\u2019s Firestar Figura\u00a015 cm  Angelica Jones se lanza a la batalla aprovechando el poder de las microondas para combatir el mal como Marvel&#039;s Firestar.\" \/>\n<meta property=\"og:url\" content=\"https:\/\/endormoonstore.com\/en\/marvel-legends-series-marvel-s-firestar\/\" \/>\n<meta property=\"og:site_name\" content=\"EndormoonStore\" \/>\n<meta property=\"article:modified_time\" content=\"2021-02-18T20:34:16+00:00\" \/>\n<meta property=\"og:image\" content=\"https:\/\/endormoonstore.com\/wp-content\/uploads\/2020\/12\/marvel_legends_series_marvel_s_firestar-8.jpg\" \/>\n\t<meta property=\"og:image:width\" content=\"1600\" \/>\n\t<meta property=\"og:image:height\" content=\"1600\" \/>\n\t<meta property=\"og:image:type\" content=\"image\/jpeg\" \/>\n<meta name=\"twitter:card\" content=\"summary_large_image\" \/>\n<meta name=\"twitter:label1\" content=\"Est. reading time\" \/>\n\t<meta name=\"twitter:data1\" content=\"1 minute\" \/>\n<script type=\"application\/ld+json\" class=\"yoast-schema-graph\">{\"@context\":\"https:\/\/schema.org\",\"@graph\":[{\"@type\":\"WebPage\",\"@id\":\"https:\/\/endormoonstore.com\/en\/marvel-legends-series-marvel-s-firestar\/\",\"url\":\"https:\/\/endormoonstore.com\/en\/marvel-legends-series-marvel-s-firestar\/\",\"name\":\"Marvel Legends Series Marvel\u2019s Firestar - EndormoonStore\",\"isPartOf\":{\"@id\":\"https:\/\/endormoonstore.com\/#website\"},\"primaryImageOfPage\":{\"@id\":\"https:\/\/endormoonstore.com\/en\/marvel-legends-series-marvel-s-firestar\/#primaryimage\"},\"image\":{\"@id\":\"https:\/\/endormoonstore.com\/en\/marvel-legends-series-marvel-s-firestar\/#primaryimage\"},\"thumbnailUrl\":\"https:\/\/endormoonstore.com\/wp-content\/uploads\/2020\/12\/marvel_legends_series_marvel_s_firestar-8.jpg\",\"datePublished\":\"2020-12-25T18:53:16+00:00\",\"dateModified\":\"2021-02-18T20:34:16+00:00\",\"breadcrumb\":{\"@id\":\"https:\/\/endormoonstore.com\/en\/marvel-legends-series-marvel-s-firestar\/#breadcrumb\"},\"inLanguage\":\"en-US\",\"potentialAction\":[{\"@type\":\"ReadAction\",\"target\":[\"https:\/\/endormoonstore.com\/en\/marvel-legends-series-marvel-s-firestar\/\"]}]},{\"@type\":\"ImageObject\",\"inLanguage\":\"en-US\",\"@id\":\"https:\/\/endormoonstore.com\/en\/marvel-legends-series-marvel-s-firestar\/#primaryimage\",\"url\":\"https:\/\/endormoonstore.com\/wp-content\/uploads\/2020\/12\/marvel_legends_series_marvel_s_firestar-8.jpg\",\"contentUrl\":\"https:\/\/endormoonstore.com\/wp-content\/uploads\/2020\/12\/marvel_legends_series_marvel_s_firestar-8.jpg\",\"width\":1600,\"height\":1600},{\"@type\":\"BreadcrumbList\",\"@id\":\"https:\/\/endormoonstore.com\/en\/marvel-legends-series-marvel-s-firestar\/#breadcrumb\",\"itemListElement\":[{\"@type\":\"ListItem\",\"position\":1,\"name\":\"Shop\",\"item\":\"https:\/\/endormoonstore.com\/en\/shop\/\"},{\"@type\":\"ListItem\",\"position\":2,\"name\":\"Marvel Legends Series Marvel\u2019s Firestar\"}]},{\"@type\":\"WebSite\",\"@id\":\"https:\/\/endormoonstore.com\/#website\",\"url\":\"https:\/\/endormoonstore.com\/\",\"name\":\"EndormoonStore\",\"description\":\"\",\"potentialAction\":[{\"@type\":\"SearchAction\",\"target\":{\"@type\":\"EntryPoint\",\"urlTemplate\":\"https:\/\/endormoonstore.com\/?s={search_term_string}\"},\"query-input\":{\"@type\":\"PropertyValueSpecification\",\"valueRequired\":true,\"valueName\":\"search_term_string\"}}],\"inLanguage\":\"en-US\"}]}<\/script>\n<!-- \/ Yoast SEO plugin. -->","yoast_head_json":{"title":"Marvel Legends Series Marvel\u2019s Firestar - EndormoonStore","robots":{"index":"index","follow":"follow","max-snippet":"max-snippet:-1","max-image-preview":"max-image-preview:large","max-video-preview":"max-video-preview:-1"},"canonical":"https:\/\/endormoonstore.com\/en\/marvel-legends-series-marvel-s-firestar\/","og_locale":"en_US","og_type":"article","og_title":"Marvel Legends Series Marvel\u2019s Firestar - EndormoonStore","og_description":"Marvel Legends Series Marvel\u2019s Firestar Figura\u00a015 cm  Angelica Jones se lanza a la batalla aprovechando el poder de las microondas para combatir el mal como Marvel's Firestar.","og_url":"https:\/\/endormoonstore.com\/en\/marvel-legends-series-marvel-s-firestar\/","og_site_name":"EndormoonStore","article_modified_time":"2021-02-18T20:34:16+00:00","og_image":[{"width":1600,"height":1600,"url":"https:\/\/endormoonstore.com\/wp-content\/uploads\/2020\/12\/marvel_legends_series_marvel_s_firestar-8.jpg","type":"image\/jpeg"}],"twitter_card":"summary_large_image","twitter_misc":{"Est. reading time":"1 minute"},"schema":{"@context":"https:\/\/schema.org","@graph":[{"@type":"WebPage","@id":"https:\/\/endormoonstore.com\/en\/marvel-legends-series-marvel-s-firestar\/","url":"https:\/\/endormoonstore.com\/en\/marvel-legends-series-marvel-s-firestar\/","name":"Marvel Legends Series Marvel\u2019s Firestar - EndormoonStore","isPartOf":{"@id":"https:\/\/endormoonstore.com\/#website"},"primaryImageOfPage":{"@id":"https:\/\/endormoonstore.com\/en\/marvel-legends-series-marvel-s-firestar\/#primaryimage"},"image":{"@id":"https:\/\/endormoonstore.com\/en\/marvel-legends-series-marvel-s-firestar\/#primaryimage"},"thumbnailUrl":"https:\/\/endormoonstore.com\/wp-content\/uploads\/2020\/12\/marvel_legends_series_marvel_s_firestar-8.jpg","datePublished":"2020-12-25T18:53:16+00:00","dateModified":"2021-02-18T20:34:16+00:00","breadcrumb":{"@id":"https:\/\/endormoonstore.com\/en\/marvel-legends-series-marvel-s-firestar\/#breadcrumb"},"inLanguage":"en-US","potentialAction":[{"@type":"ReadAction","target":["https:\/\/endormoonstore.com\/en\/marvel-legends-series-marvel-s-firestar\/"]}]},{"@type":"ImageObject","inLanguage":"en-US","@id":"https:\/\/endormoonstore.com\/en\/marvel-legends-series-marvel-s-firestar\/#primaryimage","url":"https:\/\/endormoonstore.com\/wp-content\/uploads\/2020\/12\/marvel_legends_series_marvel_s_firestar-8.jpg","contentUrl":"https:\/\/endormoonstore.com\/wp-content\/uploads\/2020\/12\/marvel_legends_series_marvel_s_firestar-8.jpg","width":1600,"height":1600},{"@type":"BreadcrumbList","@id":"https:\/\/endormoonstore.com\/en\/marvel-legends-series-marvel-s-firestar\/#breadcrumb","itemListElement":[{"@type":"ListItem","position":1,"name":"Shop","item":"https:\/\/endormoonstore.com\/en\/shop\/"},{"@type":"ListItem","position":2,"name":"Marvel Legends Series Marvel\u2019s Firestar"}]},{"@type":"WebSite","@id":"https:\/\/endormoonstore.com\/#website","url":"https:\/\/endormoonstore.com\/","name":"EndormoonStore","description":"","potentialAction":[{"@type":"SearchAction","target":{"@type":"EntryPoint","urlTemplate":"https:\/\/endormoonstore.com\/?s={search_term_string}"},"query-input":{"@type":"PropertyValueSpecification","valueRequired":true,"valueName":"search_term_string"}}],"inLanguage":"en-US"}]}},"taxonomy_info":{"product_cat":[{"value":1390,"label":"Figures"}],"pa_brand":[{"value":2084,"label":"Hasbro"}],"pa_character":[{"value":2468,"label":"Firestar"}],"pa_license":[{"value":1642,"label":"Marvel"}],"pa_product-type":[{"value":2387,"label":"Figure"}],"pa_theme":[{"value":2071,"label":"Marvel Legends Series"}]},"featured_image_src_large":["https:\/\/endormoonstore.com\/wp-content\/uploads\/2020\/12\/marvel_legends_series_marvel_s_firestar-8-1024x1024.jpg",1024,1024,true],"author_info":[],"comment_info":"","_links":{"self":[{"href":"https:\/\/endormoonstore.com\/en\/wp-json\/wp\/v2\/product\/98225","targetHints":{"allow":["GET"]}}],"collection":[{"href":"https:\/\/endormoonstore.com\/en\/wp-json\/wp\/v2\/product"}],"about":[{"href":"https:\/\/endormoonstore.com\/en\/wp-json\/wp\/v2\/types\/product"}],"wp:featuredmedia":[{"embeddable":true,"href":"https:\/\/endormoonstore.com\/en\/wp-json\/wp\/v2\/media\/98185"}],"wp:attachment":[{"href":"https:\/\/endormoonstore.com\/en\/wp-json\/wp\/v2\/media?parent=98225"}],"wp:term":[{"taxonomy":"product_cat","embeddable":true,"href":"https:\/\/endormoonstore.com\/en\/wp-json\/wp\/v2\/product_cat?post=98225"},{"taxonomy":"product_tag","embeddable":true,"href":"https:\/\/endormoonstore.com\/en\/wp-json\/wp\/v2\/product_tag?post=98225"}],"curies":[{"name":"wp","href":"https:\/\/api.w.org\/{rel}","templated":true}]}}