{"id":97927,"date":"2020-12-25T10:40:07","date_gmt":"2020-12-25T09:40:07","guid":{"rendered":"https:\/\/endormoonstore.com\/star-wars-the-black-series-mandalorian-darksaber-force-fx-elite-lightsaber\/"},"modified":"2021-09-26T20:19:12","modified_gmt":"2021-09-26T18:19:12","slug":"star-wars-the-black-series-mandalorian-darksaber-force-fx-elite-lightsaber","status":"publish","type":"product","link":"https:\/\/endormoonstore.com\/en\/star-wars-the-black-series-mandalorian-darksaber-force-fx-elite-lightsaber\/","title":{"rendered":"Star Wars The Black Series Mandalorian Darksaber Force FX Elite Lightsaber"},"content":{"rendered":"<p><strong>Star Wars The Black Series Mandalorian Darksaber Force FX Elite Lightsaber<\/strong><\/p>\n<ul>\n<li>En la tradici\u00f3n de Star Wars, el sable oscuro mandaloriano es un antiguo sable de luz que sirve como un poderoso s\u00edmbolo de liderazgo para los mandalorianos: un arma \u00fanica con una hoja de energ\u00eda negra forrada con un borde blanco crepitante.<\/li>\n<li>Hasbro presenta esta r\u00e9plica electr\u00f3nica del Darksaber, el m\u00edtico sable oscuro de los mandaloreanos, basado en la saga Star Wars tal y como aparece en la serie de animaci\u00f3n &#8220;Las Guerras Clon&#8221; y en &#8220;The Mandalorian&#8221;.<\/li>\n<li>Incluye sable de luz, soporte de exhibici\u00f3n e instrucciones.<\/li>\n<li>Calidad de coleccionista.<\/li>\n<li>Efectos de luz realistas. Efectos de sonido de pel\u00edcula aut\u00e9nticos.<\/li>\n<li>Empu\u00f1adura de metal.<\/li>\n<li>Soporte para exposici\u00f3n.<\/li>\n<li>Requiere pilas x3 (1.5v PILAS ALCALINAS AAA REQUERIDAS. *No incluidas).<\/li>\n<\/ul>\n<p>&nbsp;<\/p>\n","protected":false},"excerpt":{"rendered":"<p><strong>Star Wars The Black Series Mandalorian Darksaber Force FX Elite Lightsaber<\/strong><\/p>\n<p>En la tradici\u00f3n de Star Wars, el sable oscuro mandaloriano es un antiguo sable de luz que sirve como un poderoso s\u00edmbolo de liderazgo para los mandalorianos: un arma \u00fanica con una hoja de energ\u00eda negra forrada con un borde blanco crepitante.<\/p>\n","protected":false},"featured_media":97903,"template":"","meta":{"_acf_changed":false,"_kad_blocks_custom_css":"","_kad_blocks_head_custom_js":"","_kad_blocks_body_custom_js":"","_kad_blocks_footer_custom_js":""},"product_cat":[1390],"product_tag":[],"class_list":{"0":"post-97927","1":"product","2":"type-product","3":"status-publish","4":"has-post-thumbnail","6":"product_cat-figures","7":"pa_brand-hasbro-en","8":"pa_episode-star-wars-rebels-en","9":"pa_episode-star-wars-the-clone-wars-en","10":"pa_episode-the-mandalorian-en","11":"pa_license-star-wars-en","12":"pa_product-type-force-fx-elite-lightsaber-en","13":"pa_theme-the-black-series-en","15":"first","16":"outofstock","17":"taxable","18":"shipping-taxable","19":"purchasable","20":"product-type-simple"},"acf":[],"yoast_head":"<!-- This site is optimized with the Yoast SEO plugin v26.1.1 - https:\/\/yoast.com\/wordpress\/plugins\/seo\/ -->\n<title>Star Wars The Black Series Mandalorian Darksaber Force FX Elite Lightsaber - EndormoonStore<\/title>\n<meta name=\"robots\" content=\"index, follow, max-snippet:-1, max-image-preview:large, max-video-preview:-1\" \/>\n<link rel=\"canonical\" href=\"https:\/\/endormoonstore.com\/star-wars-the-black-series-mandalorian-darksaber-force-fx-elite-lightsaber\/\" \/>\n<meta property=\"og:locale\" content=\"en_US\" \/>\n<meta property=\"og:type\" content=\"article\" \/>\n<meta property=\"og:title\" content=\"Star Wars The Black Series Mandalorian Darksaber Force FX Elite Lightsaber - EndormoonStore\" \/>\n<meta property=\"og:description\" content=\"Star Wars The Black Series Mandalorian Darksaber Force FX Elite Lightsaber  En la tradici\u00f3n de Star Wars, el sable oscuro mandaloriano es un antiguo sable de luz que sirve como un poderoso s\u00edmbolo de liderazgo para los mandalorianos: un arma \u00fanica con una hoja de energ\u00eda negra forrada con un borde blanco crepitante.\" \/>\n<meta property=\"og:url\" content=\"https:\/\/endormoonstore.com\/star-wars-the-black-series-mandalorian-darksaber-force-fx-elite-lightsaber\/\" \/>\n<meta property=\"og:site_name\" content=\"EndormoonStore\" \/>\n<meta property=\"article:modified_time\" content=\"2021-09-26T18:19:12+00:00\" \/>\n<meta property=\"og:image\" content=\"https:\/\/endormoonstore.com\/wp-content\/uploads\/2020\/12\/star_wars_the_black_series_mandalorian_darksaber_force_fx_elite_lightsaber-1.jpg\" \/>\n\t<meta property=\"og:image:width\" content=\"1600\" \/>\n\t<meta property=\"og:image:height\" content=\"1600\" \/>\n\t<meta property=\"og:image:type\" content=\"image\/jpeg\" \/>\n<meta name=\"twitter:card\" content=\"summary_large_image\" \/>\n<meta name=\"twitter:label1\" content=\"Est. reading time\" \/>\n\t<meta name=\"twitter:data1\" content=\"1 minute\" \/>\n<script type=\"application\/ld+json\" class=\"yoast-schema-graph\">{\"@context\":\"https:\/\/schema.org\",\"@graph\":[{\"@type\":\"WebPage\",\"@id\":\"https:\/\/endormoonstore.com\/star-wars-the-black-series-mandalorian-darksaber-force-fx-elite-lightsaber\/\",\"url\":\"https:\/\/endormoonstore.com\/star-wars-the-black-series-mandalorian-darksaber-force-fx-elite-lightsaber\/\",\"name\":\"Star Wars The Black Series Mandalorian Darksaber Force FX Elite Lightsaber - EndormoonStore\",\"isPartOf\":{\"@id\":\"https:\/\/endormoonstore.com\/#website\"},\"primaryImageOfPage\":{\"@id\":\"https:\/\/endormoonstore.com\/star-wars-the-black-series-mandalorian-darksaber-force-fx-elite-lightsaber\/#primaryimage\"},\"image\":{\"@id\":\"https:\/\/endormoonstore.com\/star-wars-the-black-series-mandalorian-darksaber-force-fx-elite-lightsaber\/#primaryimage\"},\"thumbnailUrl\":\"https:\/\/endormoonstore.com\/wp-content\/uploads\/2020\/12\/star_wars_the_black_series_mandalorian_darksaber_force_fx_elite_lightsaber-1.jpg\",\"datePublished\":\"2020-12-25T09:40:07+00:00\",\"dateModified\":\"2021-09-26T18:19:12+00:00\",\"breadcrumb\":{\"@id\":\"https:\/\/endormoonstore.com\/star-wars-the-black-series-mandalorian-darksaber-force-fx-elite-lightsaber\/#breadcrumb\"},\"inLanguage\":\"en-US\",\"potentialAction\":[{\"@type\":\"ReadAction\",\"target\":[\"https:\/\/endormoonstore.com\/star-wars-the-black-series-mandalorian-darksaber-force-fx-elite-lightsaber\/\"]}]},{\"@type\":\"ImageObject\",\"inLanguage\":\"en-US\",\"@id\":\"https:\/\/endormoonstore.com\/star-wars-the-black-series-mandalorian-darksaber-force-fx-elite-lightsaber\/#primaryimage\",\"url\":\"https:\/\/endormoonstore.com\/wp-content\/uploads\/2020\/12\/star_wars_the_black_series_mandalorian_darksaber_force_fx_elite_lightsaber-1.jpg\",\"contentUrl\":\"https:\/\/endormoonstore.com\/wp-content\/uploads\/2020\/12\/star_wars_the_black_series_mandalorian_darksaber_force_fx_elite_lightsaber-1.jpg\",\"width\":1600,\"height\":1600},{\"@type\":\"BreadcrumbList\",\"@id\":\"https:\/\/endormoonstore.com\/star-wars-the-black-series-mandalorian-darksaber-force-fx-elite-lightsaber\/#breadcrumb\",\"itemListElement\":[{\"@type\":\"ListItem\",\"position\":1,\"name\":\"Shop\",\"item\":\"https:\/\/endormoonstore.com\/en\/shop\/\"},{\"@type\":\"ListItem\",\"position\":2,\"name\":\"Star Wars The Black Series Mandalorian Darksaber Force FX Elite Lightsaber\"}]},{\"@type\":\"WebSite\",\"@id\":\"https:\/\/endormoonstore.com\/#website\",\"url\":\"https:\/\/endormoonstore.com\/\",\"name\":\"EndormoonStore\",\"description\":\"\",\"potentialAction\":[{\"@type\":\"SearchAction\",\"target\":{\"@type\":\"EntryPoint\",\"urlTemplate\":\"https:\/\/endormoonstore.com\/?s={search_term_string}\"},\"query-input\":{\"@type\":\"PropertyValueSpecification\",\"valueRequired\":true,\"valueName\":\"search_term_string\"}}],\"inLanguage\":\"en-US\"}]}<\/script>\n<!-- \/ Yoast SEO plugin. -->","yoast_head_json":{"title":"Star Wars The Black Series Mandalorian Darksaber Force FX Elite Lightsaber - EndormoonStore","robots":{"index":"index","follow":"follow","max-snippet":"max-snippet:-1","max-image-preview":"max-image-preview:large","max-video-preview":"max-video-preview:-1"},"canonical":"https:\/\/endormoonstore.com\/star-wars-the-black-series-mandalorian-darksaber-force-fx-elite-lightsaber\/","og_locale":"en_US","og_type":"article","og_title":"Star Wars The Black Series Mandalorian Darksaber Force FX Elite Lightsaber - EndormoonStore","og_description":"Star Wars The Black Series Mandalorian Darksaber Force FX Elite Lightsaber  En la tradici\u00f3n de Star Wars, el sable oscuro mandaloriano es un antiguo sable de luz que sirve como un poderoso s\u00edmbolo de liderazgo para los mandalorianos: un arma \u00fanica con una hoja de energ\u00eda negra forrada con un borde blanco crepitante.","og_url":"https:\/\/endormoonstore.com\/star-wars-the-black-series-mandalorian-darksaber-force-fx-elite-lightsaber\/","og_site_name":"EndormoonStore","article_modified_time":"2021-09-26T18:19:12+00:00","og_image":[{"width":1600,"height":1600,"url":"https:\/\/endormoonstore.com\/wp-content\/uploads\/2020\/12\/star_wars_the_black_series_mandalorian_darksaber_force_fx_elite_lightsaber-1.jpg","type":"image\/jpeg"}],"twitter_card":"summary_large_image","twitter_misc":{"Est. reading time":"1 minute"},"schema":{"@context":"https:\/\/schema.org","@graph":[{"@type":"WebPage","@id":"https:\/\/endormoonstore.com\/star-wars-the-black-series-mandalorian-darksaber-force-fx-elite-lightsaber\/","url":"https:\/\/endormoonstore.com\/star-wars-the-black-series-mandalorian-darksaber-force-fx-elite-lightsaber\/","name":"Star Wars The Black Series Mandalorian Darksaber Force FX Elite Lightsaber - EndormoonStore","isPartOf":{"@id":"https:\/\/endormoonstore.com\/#website"},"primaryImageOfPage":{"@id":"https:\/\/endormoonstore.com\/star-wars-the-black-series-mandalorian-darksaber-force-fx-elite-lightsaber\/#primaryimage"},"image":{"@id":"https:\/\/endormoonstore.com\/star-wars-the-black-series-mandalorian-darksaber-force-fx-elite-lightsaber\/#primaryimage"},"thumbnailUrl":"https:\/\/endormoonstore.com\/wp-content\/uploads\/2020\/12\/star_wars_the_black_series_mandalorian_darksaber_force_fx_elite_lightsaber-1.jpg","datePublished":"2020-12-25T09:40:07+00:00","dateModified":"2021-09-26T18:19:12+00:00","breadcrumb":{"@id":"https:\/\/endormoonstore.com\/star-wars-the-black-series-mandalorian-darksaber-force-fx-elite-lightsaber\/#breadcrumb"},"inLanguage":"en-US","potentialAction":[{"@type":"ReadAction","target":["https:\/\/endormoonstore.com\/star-wars-the-black-series-mandalorian-darksaber-force-fx-elite-lightsaber\/"]}]},{"@type":"ImageObject","inLanguage":"en-US","@id":"https:\/\/endormoonstore.com\/star-wars-the-black-series-mandalorian-darksaber-force-fx-elite-lightsaber\/#primaryimage","url":"https:\/\/endormoonstore.com\/wp-content\/uploads\/2020\/12\/star_wars_the_black_series_mandalorian_darksaber_force_fx_elite_lightsaber-1.jpg","contentUrl":"https:\/\/endormoonstore.com\/wp-content\/uploads\/2020\/12\/star_wars_the_black_series_mandalorian_darksaber_force_fx_elite_lightsaber-1.jpg","width":1600,"height":1600},{"@type":"BreadcrumbList","@id":"https:\/\/endormoonstore.com\/star-wars-the-black-series-mandalorian-darksaber-force-fx-elite-lightsaber\/#breadcrumb","itemListElement":[{"@type":"ListItem","position":1,"name":"Shop","item":"https:\/\/endormoonstore.com\/en\/shop\/"},{"@type":"ListItem","position":2,"name":"Star Wars The Black Series Mandalorian Darksaber Force FX Elite Lightsaber"}]},{"@type":"WebSite","@id":"https:\/\/endormoonstore.com\/#website","url":"https:\/\/endormoonstore.com\/","name":"EndormoonStore","description":"","potentialAction":[{"@type":"SearchAction","target":{"@type":"EntryPoint","urlTemplate":"https:\/\/endormoonstore.com\/?s={search_term_string}"},"query-input":{"@type":"PropertyValueSpecification","valueRequired":true,"valueName":"search_term_string"}}],"inLanguage":"en-US"}]}},"taxonomy_info":{"product_cat":[{"value":1390,"label":"Figures"}],"pa_brand":[{"value":2084,"label":"Hasbro"}],"pa_episode":[{"value":2393,"label":"Star Wars Rebels"},{"value":2333,"label":"Star Wars: The Clone Wars"},{"value":1993,"label":"The Mandalorian"}],"pa_license":[{"value":1644,"label":"Star Wars"}],"pa_product-type":[{"value":2558,"label":"Force FX Elite Lightsaber"}],"pa_theme":[{"value":2552,"label":"The Black Series"}]},"featured_image_src_large":["https:\/\/endormoonstore.com\/wp-content\/uploads\/2020\/12\/star_wars_the_black_series_mandalorian_darksaber_force_fx_elite_lightsaber-1-1024x1024.jpg",1024,1024,true],"author_info":[],"comment_info":"","_links":{"self":[{"href":"https:\/\/endormoonstore.com\/en\/wp-json\/wp\/v2\/product\/97927","targetHints":{"allow":["GET"]}}],"collection":[{"href":"https:\/\/endormoonstore.com\/en\/wp-json\/wp\/v2\/product"}],"about":[{"href":"https:\/\/endormoonstore.com\/en\/wp-json\/wp\/v2\/types\/product"}],"wp:featuredmedia":[{"embeddable":true,"href":"https:\/\/endormoonstore.com\/en\/wp-json\/wp\/v2\/media\/97903"}],"wp:attachment":[{"href":"https:\/\/endormoonstore.com\/en\/wp-json\/wp\/v2\/media?parent=97927"}],"wp:term":[{"taxonomy":"product_cat","embeddable":true,"href":"https:\/\/endormoonstore.com\/en\/wp-json\/wp\/v2\/product_cat?post=97927"},{"taxonomy":"product_tag","embeddable":true,"href":"https:\/\/endormoonstore.com\/en\/wp-json\/wp\/v2\/product_tag?post=97927"}],"curies":[{"name":"wp","href":"https:\/\/api.w.org\/{rel}","templated":true}]}}