{"id":97449,"date":"2020-12-24T12:01:04","date_gmt":"2020-12-24T11:01:04","guid":{"rendered":"https:\/\/endormoonstore.com\/predator-deluxe-edition-one-12-collective\/"},"modified":"2023-01-29T23:11:38","modified_gmt":"2023-01-29T22:11:38","slug":"predator-deluxe-edition-one-12-collective","status":"publish","type":"product","link":"https:\/\/endormoonstore.com\/en\/predator-deluxe-edition-one-12-collective\/","title":{"rendered":"Predator Deluxe Edition One:12 Collective"},"content":{"rendered":"<p><strong>Predator Deluxe Edition One:12 Collective\u00a0Figura 20 cm<\/strong><\/p>\n<ul>\n<li>Mezco Toyz, dentro de su colecci\u00f3n de figuras The One:12 Collective presenta la figura de Predator.<\/li>\n<li>Est\u00e1 equipado con una armadura de batalla con una red t\u00e9rmica y una placa de pecho fortificada, lo que permite una mayor movilidad durante la caza.<\/li>\n<li>La figura mide unos 20 cm de alto y cuenta con m\u00e1s de 28 puntos de articulaci\u00f3n.<\/li>\n<li>Viene con 2 bandoleras extra\u00edbles hechas con los huesos de su presa y presenta un retrato de cabeza con dos boquillas intercambiables y un biocasco iluminado, todo unido a trav\u00e9s de un im\u00e1n.<\/li>\n<li>Incluye tambi\u00e9n 7 manos intercambiables, Guanteletes de mu\u00f1eca (el guantelete derecho presenta una hoja retr\u00e1ctil intercambiable)<\/li>\n<li>Un Plasmacaster montado en el hombro con funci\u00f3n de iluminaci\u00f3n.<\/li>\n<li>Mochila con Medicomp extra\u00edble.<\/li>\n<li>Efecto de explosi\u00f3n de energ\u00eda y una columna y un cr\u00e1neo cortados que se pueden sostener.<\/li>\n<\/ul>\n<p>&nbsp;<\/p>\n<p>&nbsp;<\/p>\n","protected":false},"excerpt":{"rendered":"<p><strong>Predator Deluxe Edition One:12 Collective\u00a0Figura 20 cm<\/strong><\/p>\n<p>Mezco Toyz, dentro de su colecci\u00f3n de figuras The One:12 Collective presenta la figura de Predator.<\/p>\n","protected":false},"featured_media":97401,"template":"","meta":{"_acf_changed":false,"_kad_blocks_custom_css":"","_kad_blocks_head_custom_js":"","_kad_blocks_body_custom_js":"","_kad_blocks_footer_custom_js":""},"product_cat":[1390],"product_tag":[],"class_list":{"0":"post-97449","1":"product","2":"type-product","3":"status-publish","4":"has-post-thumbnail","6":"product_cat-figures","7":"pa_brand-mezco-toyz-en","8":"pa_character-predator-en","9":"pa_license-predator-en","10":"pa_product-type-figure","11":"pa_theme-one12-collective-en","13":"first","14":"outofstock","15":"taxable","16":"shipping-taxable","17":"purchasable","18":"product-type-simple"},"acf":[],"yoast_head":"<!-- This site is optimized with the Yoast SEO plugin v26.1.1 - https:\/\/yoast.com\/wordpress\/plugins\/seo\/ -->\n<title>Predator Deluxe Edition One:12 Collective - EndormoonStore<\/title>\n<meta name=\"robots\" content=\"index, follow, max-snippet:-1, max-image-preview:large, max-video-preview:-1\" \/>\n<link rel=\"canonical\" href=\"https:\/\/endormoonstore.com\/en\/predator-deluxe-edition-one-12-collective\/\" \/>\n<meta property=\"og:locale\" content=\"en_US\" \/>\n<meta property=\"og:type\" content=\"article\" \/>\n<meta property=\"og:title\" content=\"Predator Deluxe Edition One:12 Collective - EndormoonStore\" \/>\n<meta property=\"og:description\" content=\"Predator Deluxe Edition One:12 Collective\u00a0Figura 20 cm  Mezco Toyz, dentro de su colecci\u00f3n de figuras The One:12 Collective presenta la figura de Predator.\" \/>\n<meta property=\"og:url\" content=\"https:\/\/endormoonstore.com\/en\/predator-deluxe-edition-one-12-collective\/\" \/>\n<meta property=\"og:site_name\" content=\"EndormoonStore\" \/>\n<meta property=\"article:modified_time\" content=\"2023-01-29T22:11:38+00:00\" \/>\n<meta property=\"og:image\" content=\"https:\/\/endormoonstore.com\/wp-content\/uploads\/2020\/12\/predator_deluxe_edition_one-12_collective_-1.jpeg\" \/>\n\t<meta property=\"og:image:width\" content=\"1500\" \/>\n\t<meta property=\"og:image:height\" content=\"1500\" \/>\n\t<meta property=\"og:image:type\" content=\"image\/jpeg\" \/>\n<meta name=\"twitter:card\" content=\"summary_large_image\" \/>\n<meta name=\"twitter:label1\" content=\"Est. reading time\" \/>\n\t<meta name=\"twitter:data1\" content=\"1 minute\" \/>\n<script type=\"application\/ld+json\" class=\"yoast-schema-graph\">{\"@context\":\"https:\/\/schema.org\",\"@graph\":[{\"@type\":\"WebPage\",\"@id\":\"https:\/\/endormoonstore.com\/en\/predator-deluxe-edition-one-12-collective\/\",\"url\":\"https:\/\/endormoonstore.com\/en\/predator-deluxe-edition-one-12-collective\/\",\"name\":\"Predator Deluxe Edition One:12 Collective - EndormoonStore\",\"isPartOf\":{\"@id\":\"https:\/\/endormoonstore.com\/#website\"},\"primaryImageOfPage\":{\"@id\":\"https:\/\/endormoonstore.com\/en\/predator-deluxe-edition-one-12-collective\/#primaryimage\"},\"image\":{\"@id\":\"https:\/\/endormoonstore.com\/en\/predator-deluxe-edition-one-12-collective\/#primaryimage\"},\"thumbnailUrl\":\"https:\/\/endormoonstore.com\/wp-content\/uploads\/2020\/12\/predator_deluxe_edition_one-12_collective_-1.jpeg\",\"datePublished\":\"2020-12-24T11:01:04+00:00\",\"dateModified\":\"2023-01-29T22:11:38+00:00\",\"breadcrumb\":{\"@id\":\"https:\/\/endormoonstore.com\/en\/predator-deluxe-edition-one-12-collective\/#breadcrumb\"},\"inLanguage\":\"en-US\",\"potentialAction\":[{\"@type\":\"ReadAction\",\"target\":[\"https:\/\/endormoonstore.com\/en\/predator-deluxe-edition-one-12-collective\/\"]}]},{\"@type\":\"ImageObject\",\"inLanguage\":\"en-US\",\"@id\":\"https:\/\/endormoonstore.com\/en\/predator-deluxe-edition-one-12-collective\/#primaryimage\",\"url\":\"https:\/\/endormoonstore.com\/wp-content\/uploads\/2020\/12\/predator_deluxe_edition_one-12_collective_-1.jpeg\",\"contentUrl\":\"https:\/\/endormoonstore.com\/wp-content\/uploads\/2020\/12\/predator_deluxe_edition_one-12_collective_-1.jpeg\",\"width\":1500,\"height\":1500},{\"@type\":\"BreadcrumbList\",\"@id\":\"https:\/\/endormoonstore.com\/en\/predator-deluxe-edition-one-12-collective\/#breadcrumb\",\"itemListElement\":[{\"@type\":\"ListItem\",\"position\":1,\"name\":\"Shop\",\"item\":\"https:\/\/endormoonstore.com\/en\/shop\/\"},{\"@type\":\"ListItem\",\"position\":2,\"name\":\"Predator Deluxe Edition One:12 Collective\"}]},{\"@type\":\"WebSite\",\"@id\":\"https:\/\/endormoonstore.com\/#website\",\"url\":\"https:\/\/endormoonstore.com\/\",\"name\":\"EndormoonStore\",\"description\":\"\",\"potentialAction\":[{\"@type\":\"SearchAction\",\"target\":{\"@type\":\"EntryPoint\",\"urlTemplate\":\"https:\/\/endormoonstore.com\/?s={search_term_string}\"},\"query-input\":{\"@type\":\"PropertyValueSpecification\",\"valueRequired\":true,\"valueName\":\"search_term_string\"}}],\"inLanguage\":\"en-US\"}]}<\/script>\n<!-- \/ Yoast SEO plugin. -->","yoast_head_json":{"title":"Predator Deluxe Edition One:12 Collective - EndormoonStore","robots":{"index":"index","follow":"follow","max-snippet":"max-snippet:-1","max-image-preview":"max-image-preview:large","max-video-preview":"max-video-preview:-1"},"canonical":"https:\/\/endormoonstore.com\/en\/predator-deluxe-edition-one-12-collective\/","og_locale":"en_US","og_type":"article","og_title":"Predator Deluxe Edition One:12 Collective - EndormoonStore","og_description":"Predator Deluxe Edition One:12 Collective\u00a0Figura 20 cm  Mezco Toyz, dentro de su colecci\u00f3n de figuras The One:12 Collective presenta la figura de Predator.","og_url":"https:\/\/endormoonstore.com\/en\/predator-deluxe-edition-one-12-collective\/","og_site_name":"EndormoonStore","article_modified_time":"2023-01-29T22:11:38+00:00","og_image":[{"width":1500,"height":1500,"url":"https:\/\/endormoonstore.com\/wp-content\/uploads\/2020\/12\/predator_deluxe_edition_one-12_collective_-1.jpeg","type":"image\/jpeg"}],"twitter_card":"summary_large_image","twitter_misc":{"Est. reading time":"1 minute"},"schema":{"@context":"https:\/\/schema.org","@graph":[{"@type":"WebPage","@id":"https:\/\/endormoonstore.com\/en\/predator-deluxe-edition-one-12-collective\/","url":"https:\/\/endormoonstore.com\/en\/predator-deluxe-edition-one-12-collective\/","name":"Predator Deluxe Edition One:12 Collective - EndormoonStore","isPartOf":{"@id":"https:\/\/endormoonstore.com\/#website"},"primaryImageOfPage":{"@id":"https:\/\/endormoonstore.com\/en\/predator-deluxe-edition-one-12-collective\/#primaryimage"},"image":{"@id":"https:\/\/endormoonstore.com\/en\/predator-deluxe-edition-one-12-collective\/#primaryimage"},"thumbnailUrl":"https:\/\/endormoonstore.com\/wp-content\/uploads\/2020\/12\/predator_deluxe_edition_one-12_collective_-1.jpeg","datePublished":"2020-12-24T11:01:04+00:00","dateModified":"2023-01-29T22:11:38+00:00","breadcrumb":{"@id":"https:\/\/endormoonstore.com\/en\/predator-deluxe-edition-one-12-collective\/#breadcrumb"},"inLanguage":"en-US","potentialAction":[{"@type":"ReadAction","target":["https:\/\/endormoonstore.com\/en\/predator-deluxe-edition-one-12-collective\/"]}]},{"@type":"ImageObject","inLanguage":"en-US","@id":"https:\/\/endormoonstore.com\/en\/predator-deluxe-edition-one-12-collective\/#primaryimage","url":"https:\/\/endormoonstore.com\/wp-content\/uploads\/2020\/12\/predator_deluxe_edition_one-12_collective_-1.jpeg","contentUrl":"https:\/\/endormoonstore.com\/wp-content\/uploads\/2020\/12\/predator_deluxe_edition_one-12_collective_-1.jpeg","width":1500,"height":1500},{"@type":"BreadcrumbList","@id":"https:\/\/endormoonstore.com\/en\/predator-deluxe-edition-one-12-collective\/#breadcrumb","itemListElement":[{"@type":"ListItem","position":1,"name":"Shop","item":"https:\/\/endormoonstore.com\/en\/shop\/"},{"@type":"ListItem","position":2,"name":"Predator Deluxe Edition One:12 Collective"}]},{"@type":"WebSite","@id":"https:\/\/endormoonstore.com\/#website","url":"https:\/\/endormoonstore.com\/","name":"EndormoonStore","description":"","potentialAction":[{"@type":"SearchAction","target":{"@type":"EntryPoint","urlTemplate":"https:\/\/endormoonstore.com\/?s={search_term_string}"},"query-input":{"@type":"PropertyValueSpecification","valueRequired":true,"valueName":"search_term_string"}}],"inLanguage":"en-US"}]}},"taxonomy_info":{"product_cat":[{"value":1390,"label":"Figures"}],"pa_brand":[{"value":1638,"label":"Mezco Toyz"}],"pa_character":[{"value":2705,"label":"Predator"}],"pa_license":[{"value":2711,"label":"Predator"}],"pa_product-type":[{"value":2387,"label":"Figure"}],"pa_theme":[{"value":1885,"label":"One:12 Collective"}]},"featured_image_src_large":["https:\/\/endormoonstore.com\/wp-content\/uploads\/2020\/12\/predator_deluxe_edition_one-12_collective_-1-1024x1024.jpeg",1024,1024,true],"author_info":[],"comment_info":"","_links":{"self":[{"href":"https:\/\/endormoonstore.com\/en\/wp-json\/wp\/v2\/product\/97449","targetHints":{"allow":["GET"]}}],"collection":[{"href":"https:\/\/endormoonstore.com\/en\/wp-json\/wp\/v2\/product"}],"about":[{"href":"https:\/\/endormoonstore.com\/en\/wp-json\/wp\/v2\/types\/product"}],"wp:featuredmedia":[{"embeddable":true,"href":"https:\/\/endormoonstore.com\/en\/wp-json\/wp\/v2\/media\/97401"}],"wp:attachment":[{"href":"https:\/\/endormoonstore.com\/en\/wp-json\/wp\/v2\/media?parent=97449"}],"wp:term":[{"taxonomy":"product_cat","embeddable":true,"href":"https:\/\/endormoonstore.com\/en\/wp-json\/wp\/v2\/product_cat?post=97449"},{"taxonomy":"product_tag","embeddable":true,"href":"https:\/\/endormoonstore.com\/en\/wp-json\/wp\/v2\/product_tag?post=97449"}],"curies":[{"name":"wp","href":"https:\/\/api.w.org\/{rel}","templated":true}]}}