{"id":96887,"date":"2020-12-04T19:47:22","date_gmt":"2020-12-04T18:47:22","guid":{"rendered":"https:\/\/endormoonstore.com\/nezuko-kamado-deluxe-edition-demon-slayer-kimetsu-no-yaiba-figma\/"},"modified":"2022-01-22T23:14:25","modified_gmt":"2022-01-22T22:14:25","slug":"nezuko-kamado-deluxe-edition-demon-slayer-kimetsu-no-yaiba-figma","status":"publish","type":"product","link":"https:\/\/endormoonstore.com\/en\/nezuko-kamado-deluxe-edition-demon-slayer-kimetsu-no-yaiba-figma\/","title":{"rendered":"Nezuko Kamado Deluxe Edition Demon Slayer Kimetsu No yaiba Figma"},"content":{"rendered":"<p><strong>Nezuko Kamado Deluxe Edition Demon Slayer Kimetsu No yaiba Figma\u00a0Figura 13 cm<\/strong><\/p>\n<ul>\n<li>Good Smile Company presenta la figura Figma de Nezuko Kamado, el personaje de la serie anime &#8220;Kimetsu no Yaiba: Demon Slayer&#8221;.<\/li>\n<li>Se trata de una figura hecha en ABS\/PVC de unos 13 cm de alto con 2 rostros diferentes.<\/li>\n<li>Se incluye tambi\u00e9n partes intercambiables de su kimono, adem\u00e1s de una base para exposici\u00f3n.<\/li>\n<li>Esta versi\u00f3n deluxe incluye adem\u00e1s una expresi\u00f3n adicional, una parte de mano para recrear su t\u00e9cnica Exploding Blood, una parte de efecto brillante y la caja que Tanjiro lleva en su espalda.<\/li>\n<\/ul>\n<p>&nbsp;<\/p>\n","protected":false},"excerpt":{"rendered":"<p><strong>Nezuko Kamado Deluxe Edition Demon Slayer Kimetsu No yaiba Figma\u00a0Figura 13 cm<\/strong><\/p>\n<p>Good Smile Company presenta la figura Figma de Nezuko Kamado, el personaje de la serie anime &#8220;Kimetsu no Yaiba: Demon Slayer&#8221;..<\/p>\n","protected":false},"featured_media":96839,"template":"","meta":{"_acf_changed":false,"_kad_blocks_custom_css":"","_kad_blocks_head_custom_js":"","_kad_blocks_body_custom_js":"","_kad_blocks_footer_custom_js":""},"product_cat":[1390],"product_tag":[],"class_list":{"0":"post-96887","1":"product","2":"type-product","3":"status-publish","4":"has-post-thumbnail","6":"product_cat-figures","7":"pa_brand-good-smile-company-en","8":"pa_character-nezuko-kamado-en","9":"pa_license-kimetsu-no-yaiba-demon-slayer-en","10":"pa_product-type-figure","11":"pa_theme-figma-en","13":"first","14":"outofstock","15":"taxable","16":"shipping-taxable","17":"purchasable","18":"product-type-simple"},"acf":[],"yoast_head":"<!-- This site is optimized with the Yoast SEO plugin v26.1.1 - https:\/\/yoast.com\/wordpress\/plugins\/seo\/ -->\n<title>Nezuko Kamado Deluxe Edition Demon Slayer Kimetsu No yaiba Figma - EndormoonStore<\/title>\n<meta name=\"robots\" content=\"index, follow, max-snippet:-1, max-image-preview:large, max-video-preview:-1\" \/>\n<link rel=\"canonical\" href=\"https:\/\/endormoonstore.com\/en\/nezuko-kamado-deluxe-edition-demon-slayer-kimetsu-no-yaiba-figma\/\" \/>\n<meta property=\"og:locale\" content=\"en_US\" \/>\n<meta property=\"og:type\" content=\"article\" \/>\n<meta property=\"og:title\" content=\"Nezuko Kamado Deluxe Edition Demon Slayer Kimetsu No yaiba Figma - EndormoonStore\" \/>\n<meta property=\"og:description\" content=\"Nezuko Kamado Deluxe Edition Demon Slayer Kimetsu No yaiba Figma\u00a0Figura 13 cm  Good Smile Company presenta la figura Figma de Nezuko Kamado, el personaje de la serie anime &quot;Kimetsu no Yaiba: Demon Slayer&quot;..\" \/>\n<meta property=\"og:url\" content=\"https:\/\/endormoonstore.com\/en\/nezuko-kamado-deluxe-edition-demon-slayer-kimetsu-no-yaiba-figma\/\" \/>\n<meta property=\"og:site_name\" content=\"EndormoonStore\" \/>\n<meta property=\"article:modified_time\" content=\"2022-01-22T22:14:25+00:00\" \/>\n<meta property=\"og:image\" content=\"https:\/\/endormoonstore.com\/wp-content\/uploads\/2020\/12\/gscdsm06718_11.jpg\" \/>\n\t<meta property=\"og:image:width\" content=\"700\" \/>\n\t<meta property=\"og:image:height\" content=\"800\" \/>\n\t<meta property=\"og:image:type\" content=\"image\/jpeg\" \/>\n<meta name=\"twitter:card\" content=\"summary_large_image\" \/>\n<meta name=\"twitter:label1\" content=\"Est. reading time\" \/>\n\t<meta name=\"twitter:data1\" content=\"1 minute\" \/>\n<script type=\"application\/ld+json\" class=\"yoast-schema-graph\">{\"@context\":\"https:\/\/schema.org\",\"@graph\":[{\"@type\":\"WebPage\",\"@id\":\"https:\/\/endormoonstore.com\/en\/nezuko-kamado-deluxe-edition-demon-slayer-kimetsu-no-yaiba-figma\/\",\"url\":\"https:\/\/endormoonstore.com\/en\/nezuko-kamado-deluxe-edition-demon-slayer-kimetsu-no-yaiba-figma\/\",\"name\":\"Nezuko Kamado Deluxe Edition Demon Slayer Kimetsu No yaiba Figma - EndormoonStore\",\"isPartOf\":{\"@id\":\"https:\/\/endormoonstore.com\/#website\"},\"primaryImageOfPage\":{\"@id\":\"https:\/\/endormoonstore.com\/en\/nezuko-kamado-deluxe-edition-demon-slayer-kimetsu-no-yaiba-figma\/#primaryimage\"},\"image\":{\"@id\":\"https:\/\/endormoonstore.com\/en\/nezuko-kamado-deluxe-edition-demon-slayer-kimetsu-no-yaiba-figma\/#primaryimage\"},\"thumbnailUrl\":\"https:\/\/endormoonstore.com\/wp-content\/uploads\/2020\/12\/gscdsm06718_11.jpg\",\"datePublished\":\"2020-12-04T18:47:22+00:00\",\"dateModified\":\"2022-01-22T22:14:25+00:00\",\"breadcrumb\":{\"@id\":\"https:\/\/endormoonstore.com\/en\/nezuko-kamado-deluxe-edition-demon-slayer-kimetsu-no-yaiba-figma\/#breadcrumb\"},\"inLanguage\":\"en-US\",\"potentialAction\":[{\"@type\":\"ReadAction\",\"target\":[\"https:\/\/endormoonstore.com\/en\/nezuko-kamado-deluxe-edition-demon-slayer-kimetsu-no-yaiba-figma\/\"]}]},{\"@type\":\"ImageObject\",\"inLanguage\":\"en-US\",\"@id\":\"https:\/\/endormoonstore.com\/en\/nezuko-kamado-deluxe-edition-demon-slayer-kimetsu-no-yaiba-figma\/#primaryimage\",\"url\":\"https:\/\/endormoonstore.com\/wp-content\/uploads\/2020\/12\/gscdsm06718_11.jpg\",\"contentUrl\":\"https:\/\/endormoonstore.com\/wp-content\/uploads\/2020\/12\/gscdsm06718_11.jpg\",\"width\":700,\"height\":800},{\"@type\":\"BreadcrumbList\",\"@id\":\"https:\/\/endormoonstore.com\/en\/nezuko-kamado-deluxe-edition-demon-slayer-kimetsu-no-yaiba-figma\/#breadcrumb\",\"itemListElement\":[{\"@type\":\"ListItem\",\"position\":1,\"name\":\"Shop\",\"item\":\"https:\/\/endormoonstore.com\/en\/shop\/\"},{\"@type\":\"ListItem\",\"position\":2,\"name\":\"Nezuko Kamado Deluxe Edition Demon Slayer Kimetsu No yaiba Figma\"}]},{\"@type\":\"WebSite\",\"@id\":\"https:\/\/endormoonstore.com\/#website\",\"url\":\"https:\/\/endormoonstore.com\/\",\"name\":\"EndormoonStore\",\"description\":\"\",\"potentialAction\":[{\"@type\":\"SearchAction\",\"target\":{\"@type\":\"EntryPoint\",\"urlTemplate\":\"https:\/\/endormoonstore.com\/?s={search_term_string}\"},\"query-input\":{\"@type\":\"PropertyValueSpecification\",\"valueRequired\":true,\"valueName\":\"search_term_string\"}}],\"inLanguage\":\"en-US\"}]}<\/script>\n<!-- \/ Yoast SEO plugin. -->","yoast_head_json":{"title":"Nezuko Kamado Deluxe Edition Demon Slayer Kimetsu No yaiba Figma - EndormoonStore","robots":{"index":"index","follow":"follow","max-snippet":"max-snippet:-1","max-image-preview":"max-image-preview:large","max-video-preview":"max-video-preview:-1"},"canonical":"https:\/\/endormoonstore.com\/en\/nezuko-kamado-deluxe-edition-demon-slayer-kimetsu-no-yaiba-figma\/","og_locale":"en_US","og_type":"article","og_title":"Nezuko Kamado Deluxe Edition Demon Slayer Kimetsu No yaiba Figma - EndormoonStore","og_description":"Nezuko Kamado Deluxe Edition Demon Slayer Kimetsu No yaiba Figma\u00a0Figura 13 cm  Good Smile Company presenta la figura Figma de Nezuko Kamado, el personaje de la serie anime \"Kimetsu no Yaiba: Demon Slayer\"..","og_url":"https:\/\/endormoonstore.com\/en\/nezuko-kamado-deluxe-edition-demon-slayer-kimetsu-no-yaiba-figma\/","og_site_name":"EndormoonStore","article_modified_time":"2022-01-22T22:14:25+00:00","og_image":[{"width":700,"height":800,"url":"https:\/\/endormoonstore.com\/wp-content\/uploads\/2020\/12\/gscdsm06718_11.jpg","type":"image\/jpeg"}],"twitter_card":"summary_large_image","twitter_misc":{"Est. reading time":"1 minute"},"schema":{"@context":"https:\/\/schema.org","@graph":[{"@type":"WebPage","@id":"https:\/\/endormoonstore.com\/en\/nezuko-kamado-deluxe-edition-demon-slayer-kimetsu-no-yaiba-figma\/","url":"https:\/\/endormoonstore.com\/en\/nezuko-kamado-deluxe-edition-demon-slayer-kimetsu-no-yaiba-figma\/","name":"Nezuko Kamado Deluxe Edition Demon Slayer Kimetsu No yaiba Figma - EndormoonStore","isPartOf":{"@id":"https:\/\/endormoonstore.com\/#website"},"primaryImageOfPage":{"@id":"https:\/\/endormoonstore.com\/en\/nezuko-kamado-deluxe-edition-demon-slayer-kimetsu-no-yaiba-figma\/#primaryimage"},"image":{"@id":"https:\/\/endormoonstore.com\/en\/nezuko-kamado-deluxe-edition-demon-slayer-kimetsu-no-yaiba-figma\/#primaryimage"},"thumbnailUrl":"https:\/\/endormoonstore.com\/wp-content\/uploads\/2020\/12\/gscdsm06718_11.jpg","datePublished":"2020-12-04T18:47:22+00:00","dateModified":"2022-01-22T22:14:25+00:00","breadcrumb":{"@id":"https:\/\/endormoonstore.com\/en\/nezuko-kamado-deluxe-edition-demon-slayer-kimetsu-no-yaiba-figma\/#breadcrumb"},"inLanguage":"en-US","potentialAction":[{"@type":"ReadAction","target":["https:\/\/endormoonstore.com\/en\/nezuko-kamado-deluxe-edition-demon-slayer-kimetsu-no-yaiba-figma\/"]}]},{"@type":"ImageObject","inLanguage":"en-US","@id":"https:\/\/endormoonstore.com\/en\/nezuko-kamado-deluxe-edition-demon-slayer-kimetsu-no-yaiba-figma\/#primaryimage","url":"https:\/\/endormoonstore.com\/wp-content\/uploads\/2020\/12\/gscdsm06718_11.jpg","contentUrl":"https:\/\/endormoonstore.com\/wp-content\/uploads\/2020\/12\/gscdsm06718_11.jpg","width":700,"height":800},{"@type":"BreadcrumbList","@id":"https:\/\/endormoonstore.com\/en\/nezuko-kamado-deluxe-edition-demon-slayer-kimetsu-no-yaiba-figma\/#breadcrumb","itemListElement":[{"@type":"ListItem","position":1,"name":"Shop","item":"https:\/\/endormoonstore.com\/en\/shop\/"},{"@type":"ListItem","position":2,"name":"Nezuko Kamado Deluxe Edition Demon Slayer Kimetsu No yaiba Figma"}]},{"@type":"WebSite","@id":"https:\/\/endormoonstore.com\/#website","url":"https:\/\/endormoonstore.com\/","name":"EndormoonStore","description":"","potentialAction":[{"@type":"SearchAction","target":{"@type":"EntryPoint","urlTemplate":"https:\/\/endormoonstore.com\/?s={search_term_string}"},"query-input":{"@type":"PropertyValueSpecification","valueRequired":true,"valueName":"search_term_string"}}],"inLanguage":"en-US"}]}},"taxonomy_info":{"product_cat":[{"value":1390,"label":"Figures"}],"pa_brand":[{"value":2081,"label":"Good Smile Company"}],"pa_character":[{"value":3008,"label":"Nezuko Kamado"}],"pa_license":[{"value":2609,"label":"Kimetsu no Yaiba: Demon Slayer"}],"pa_product-type":[{"value":2387,"label":"Figure"}],"pa_theme":[{"value":1819,"label":"Figma"}]},"featured_image_src_large":["https:\/\/endormoonstore.com\/wp-content\/uploads\/2020\/12\/gscdsm06718_11.jpg",700,800,false],"author_info":[],"comment_info":"","_links":{"self":[{"href":"https:\/\/endormoonstore.com\/en\/wp-json\/wp\/v2\/product\/96887","targetHints":{"allow":["GET"]}}],"collection":[{"href":"https:\/\/endormoonstore.com\/en\/wp-json\/wp\/v2\/product"}],"about":[{"href":"https:\/\/endormoonstore.com\/en\/wp-json\/wp\/v2\/types\/product"}],"wp:featuredmedia":[{"embeddable":true,"href":"https:\/\/endormoonstore.com\/en\/wp-json\/wp\/v2\/media\/96839"}],"wp:attachment":[{"href":"https:\/\/endormoonstore.com\/en\/wp-json\/wp\/v2\/media?parent=96887"}],"wp:term":[{"taxonomy":"product_cat","embeddable":true,"href":"https:\/\/endormoonstore.com\/en\/wp-json\/wp\/v2\/product_cat?post=96887"},{"taxonomy":"product_tag","embeddable":true,"href":"https:\/\/endormoonstore.com\/en\/wp-json\/wp\/v2\/product_tag?post=96887"}],"curies":[{"name":"wp","href":"https:\/\/api.w.org\/{rel}","templated":true}]}}