{"id":96723,"date":"2020-12-03T13:20:36","date_gmt":"2020-12-03T12:20:36","guid":{"rendered":"https:\/\/endormoonstore.com\/blood-bowl-the-fire-mountain-gut-busters\/"},"modified":"2023-09-30T22:04:17","modified_gmt":"2023-09-30T20:04:17","slug":"blood-bowl-the-fire-mountain-gut-busters","status":"publish","type":"product","link":"https:\/\/endormoonstore.com\/en\/blood-bowl-the-fire-mountain-gut-busters\/","title":{"rendered":"Blood Bowl The Fire Mountain Gut Busters"},"content":{"rendered":"<p><strong>Blood Bowl The Fire Mountain Gut Busters<\/strong><\/p>\n<ul>\n<li>Los Ogres son jugadores naturales de Blood Bowl, con una larga tradici\u00f3n de jugar para otros equipos que pueden darse el lujo de alimentarlos (\u00a1ay del entrenador que no tiene en cuenta su apetito!).<\/li>\n<li>Los equipos de Ogres, sin embargo, aportan un nuevo nivel de violencia al juego, ya que sus listas presentan no s\u00f3lo a uno o dos de estos brutos masivos,<\/li>\n<li>\u00a1Sino a menudo a 4 de ellos!<\/li>\n<li>Por supuesto, tambi\u00e9n est\u00e1n acompa\u00f1ados por un verdadero enjambre de Gnoblars, peque\u00f1os runts pies verdes que carecen de una habilidad atl\u00e9tica natural.<\/li>\n<li>La compensan con la astucia y el ingenio suficientes de saber que deben agarrar la pelota de vez en cuando.<\/li>\n<li>Mientras los Ogres est\u00e1n ocupados golpeando a sus oponentes.<\/li>\n<li>De vez en cuando, los Ogres dar\u00e1n una peque\u00f1a patada a los titulares de la pelota hacia la zona de anotaci\u00f3n y, con un poco de suerte, anotando alg\u00fan punto.<\/li>\n<li>Si quieres jugar a Blood Bowl de una forma agresiva, no hay equipo mejor que el de los Ogres.<\/li>\n<li>Juegan de forma diferente a cualquier otro, sobresaliendo en eliminar al equipo contrario, uno por uno, hasta que pueden caminar hasta la pelota sin oposici\u00f3n.<\/li>\n<li>Puedes concentrarte en contratar un pu\u00f1ado de ogres y los gnoblars totalmente reemplazables, completar\u00e1n el equipo.<\/li>\n<li>Los ogres son un equipo fant\u00e1stico con el que jugar y una pesadilla si te enfrentas a ellos.<\/li>\n<li>Este kit de pl\u00e1stico multicomponente contiene todos los componentes para construir los Fire Mountain Gut Busters.<\/li>\n<li>Un equipo Ogre para usar en partidos de Blood Bowl.<\/li>\n<li>Contiene 4 Ogres (1 de ellos se puede montar como Runt Punter) y 12 Gnoblars con cabezas intercambiables.<\/li>\n<li>Tambi\u00e9n encontrar\u00e1s una lista d equipo, calcoman\u00edas, 2 contadores de turnos y 2 monedas, 4 balones con tem\u00e1tica de ogre y 14 peanas de 25 mm y 4 de 32mm.<\/li>\n<\/ul>\n<p>&nbsp;<\/p>\n<p>&nbsp;<\/p>\n","protected":false},"excerpt":{"rendered":"<p><strong>Blood Bowl The Fire Mountain Gut Busters<\/strong><\/p>\n<p>Los Ogres son jugadores naturales de Blood Bowl, con una larga tradici\u00f3n de jugar para otros equipos que pueden darse el lujo de alimentarlos (\u00a1ay del entrenador que no tiene en cuenta su apetito!).<\/p>\n","protected":false},"featured_media":96703,"template":"","meta":{"_acf_changed":false,"_kad_blocks_custom_css":"","_kad_blocks_head_custom_js":"","_kad_blocks_body_custom_js":"","_kad_blocks_footer_custom_js":""},"product_cat":[1386],"product_tag":[],"class_list":{"0":"post-96723","1":"product","2":"type-product","3":"status-publish","4":"has-post-thumbnail","6":"product_cat-miniatures","7":"pa_brand-games-workshop-en","8":"pa_theme-blood-bowl-en","10":"first","11":"instock","12":"taxable","13":"shipping-taxable","14":"purchasable","15":"product-type-simple"},"acf":[],"yoast_head":"<!-- This site is optimized with the Yoast SEO plugin v26.1.1 - https:\/\/yoast.com\/wordpress\/plugins\/seo\/ -->\n<title>Blood Bowl The Fire Mountain Gut Busters - EndormoonStore<\/title>\n<meta name=\"robots\" content=\"index, follow, max-snippet:-1, max-image-preview:large, max-video-preview:-1\" \/>\n<link rel=\"canonical\" href=\"https:\/\/endormoonstore.com\/en\/blood-bowl-the-fire-mountain-gut-busters\/\" \/>\n<meta property=\"og:locale\" content=\"en_US\" \/>\n<meta property=\"og:type\" content=\"article\" \/>\n<meta property=\"og:title\" content=\"Blood Bowl The Fire Mountain Gut Busters - EndormoonStore\" \/>\n<meta property=\"og:description\" content=\"Blood Bowl The Fire Mountain Gut Busters  Los Ogres son jugadores naturales de Blood Bowl, con una larga tradici\u00f3n de jugar para otros equipos que pueden darse el lujo de alimentarlos (\u00a1ay del entrenador que no tiene en cuenta su apetito!).\" \/>\n<meta property=\"og:url\" content=\"https:\/\/endormoonstore.com\/en\/blood-bowl-the-fire-mountain-gut-busters\/\" \/>\n<meta property=\"og:site_name\" content=\"EndormoonStore\" \/>\n<meta property=\"article:modified_time\" content=\"2023-09-30T20:04:17+00:00\" \/>\n<meta property=\"og:image\" content=\"https:\/\/endormoonstore.com\/wp-content\/uploads\/2020\/12\/blood_bowl_the_fire_mountain_gut_busters-1.jpg\" \/>\n\t<meta property=\"og:image:width\" content=\"920\" \/>\n\t<meta property=\"og:image:height\" content=\"950\" \/>\n\t<meta property=\"og:image:type\" content=\"image\/jpeg\" \/>\n<meta name=\"twitter:card\" content=\"summary_large_image\" \/>\n<meta name=\"twitter:label1\" content=\"Est. reading time\" \/>\n\t<meta name=\"twitter:data1\" content=\"2 minutes\" \/>\n<script type=\"application\/ld+json\" class=\"yoast-schema-graph\">{\"@context\":\"https:\/\/schema.org\",\"@graph\":[{\"@type\":\"WebPage\",\"@id\":\"https:\/\/endormoonstore.com\/en\/blood-bowl-the-fire-mountain-gut-busters\/\",\"url\":\"https:\/\/endormoonstore.com\/en\/blood-bowl-the-fire-mountain-gut-busters\/\",\"name\":\"Blood Bowl The Fire Mountain Gut Busters - EndormoonStore\",\"isPartOf\":{\"@id\":\"https:\/\/endormoonstore.com\/#website\"},\"primaryImageOfPage\":{\"@id\":\"https:\/\/endormoonstore.com\/en\/blood-bowl-the-fire-mountain-gut-busters\/#primaryimage\"},\"image\":{\"@id\":\"https:\/\/endormoonstore.com\/en\/blood-bowl-the-fire-mountain-gut-busters\/#primaryimage\"},\"thumbnailUrl\":\"https:\/\/endormoonstore.com\/wp-content\/uploads\/2020\/12\/blood_bowl_the_fire_mountain_gut_busters-1.jpg\",\"datePublished\":\"2020-12-03T12:20:36+00:00\",\"dateModified\":\"2023-09-30T20:04:17+00:00\",\"breadcrumb\":{\"@id\":\"https:\/\/endormoonstore.com\/en\/blood-bowl-the-fire-mountain-gut-busters\/#breadcrumb\"},\"inLanguage\":\"en-US\",\"potentialAction\":[{\"@type\":\"ReadAction\",\"target\":[\"https:\/\/endormoonstore.com\/en\/blood-bowl-the-fire-mountain-gut-busters\/\"]}]},{\"@type\":\"ImageObject\",\"inLanguage\":\"en-US\",\"@id\":\"https:\/\/endormoonstore.com\/en\/blood-bowl-the-fire-mountain-gut-busters\/#primaryimage\",\"url\":\"https:\/\/endormoonstore.com\/wp-content\/uploads\/2020\/12\/blood_bowl_the_fire_mountain_gut_busters-1.jpg\",\"contentUrl\":\"https:\/\/endormoonstore.com\/wp-content\/uploads\/2020\/12\/blood_bowl_the_fire_mountain_gut_busters-1.jpg\",\"width\":920,\"height\":950},{\"@type\":\"BreadcrumbList\",\"@id\":\"https:\/\/endormoonstore.com\/en\/blood-bowl-the-fire-mountain-gut-busters\/#breadcrumb\",\"itemListElement\":[{\"@type\":\"ListItem\",\"position\":1,\"name\":\"Shop\",\"item\":\"https:\/\/endormoonstore.com\/en\/shop\/\"},{\"@type\":\"ListItem\",\"position\":2,\"name\":\"Blood Bowl The Fire Mountain Gut Busters\"}]},{\"@type\":\"WebSite\",\"@id\":\"https:\/\/endormoonstore.com\/#website\",\"url\":\"https:\/\/endormoonstore.com\/\",\"name\":\"EndormoonStore\",\"description\":\"\",\"potentialAction\":[{\"@type\":\"SearchAction\",\"target\":{\"@type\":\"EntryPoint\",\"urlTemplate\":\"https:\/\/endormoonstore.com\/?s={search_term_string}\"},\"query-input\":{\"@type\":\"PropertyValueSpecification\",\"valueRequired\":true,\"valueName\":\"search_term_string\"}}],\"inLanguage\":\"en-US\"}]}<\/script>\n<!-- \/ Yoast SEO plugin. -->","yoast_head_json":{"title":"Blood Bowl The Fire Mountain Gut Busters - EndormoonStore","robots":{"index":"index","follow":"follow","max-snippet":"max-snippet:-1","max-image-preview":"max-image-preview:large","max-video-preview":"max-video-preview:-1"},"canonical":"https:\/\/endormoonstore.com\/en\/blood-bowl-the-fire-mountain-gut-busters\/","og_locale":"en_US","og_type":"article","og_title":"Blood Bowl The Fire Mountain Gut Busters - EndormoonStore","og_description":"Blood Bowl The Fire Mountain Gut Busters  Los Ogres son jugadores naturales de Blood Bowl, con una larga tradici\u00f3n de jugar para otros equipos que pueden darse el lujo de alimentarlos (\u00a1ay del entrenador que no tiene en cuenta su apetito!).","og_url":"https:\/\/endormoonstore.com\/en\/blood-bowl-the-fire-mountain-gut-busters\/","og_site_name":"EndormoonStore","article_modified_time":"2023-09-30T20:04:17+00:00","og_image":[{"width":920,"height":950,"url":"https:\/\/endormoonstore.com\/wp-content\/uploads\/2020\/12\/blood_bowl_the_fire_mountain_gut_busters-1.jpg","type":"image\/jpeg"}],"twitter_card":"summary_large_image","twitter_misc":{"Est. reading time":"2 minutes"},"schema":{"@context":"https:\/\/schema.org","@graph":[{"@type":"WebPage","@id":"https:\/\/endormoonstore.com\/en\/blood-bowl-the-fire-mountain-gut-busters\/","url":"https:\/\/endormoonstore.com\/en\/blood-bowl-the-fire-mountain-gut-busters\/","name":"Blood Bowl The Fire Mountain Gut Busters - EndormoonStore","isPartOf":{"@id":"https:\/\/endormoonstore.com\/#website"},"primaryImageOfPage":{"@id":"https:\/\/endormoonstore.com\/en\/blood-bowl-the-fire-mountain-gut-busters\/#primaryimage"},"image":{"@id":"https:\/\/endormoonstore.com\/en\/blood-bowl-the-fire-mountain-gut-busters\/#primaryimage"},"thumbnailUrl":"https:\/\/endormoonstore.com\/wp-content\/uploads\/2020\/12\/blood_bowl_the_fire_mountain_gut_busters-1.jpg","datePublished":"2020-12-03T12:20:36+00:00","dateModified":"2023-09-30T20:04:17+00:00","breadcrumb":{"@id":"https:\/\/endormoonstore.com\/en\/blood-bowl-the-fire-mountain-gut-busters\/#breadcrumb"},"inLanguage":"en-US","potentialAction":[{"@type":"ReadAction","target":["https:\/\/endormoonstore.com\/en\/blood-bowl-the-fire-mountain-gut-busters\/"]}]},{"@type":"ImageObject","inLanguage":"en-US","@id":"https:\/\/endormoonstore.com\/en\/blood-bowl-the-fire-mountain-gut-busters\/#primaryimage","url":"https:\/\/endormoonstore.com\/wp-content\/uploads\/2020\/12\/blood_bowl_the_fire_mountain_gut_busters-1.jpg","contentUrl":"https:\/\/endormoonstore.com\/wp-content\/uploads\/2020\/12\/blood_bowl_the_fire_mountain_gut_busters-1.jpg","width":920,"height":950},{"@type":"BreadcrumbList","@id":"https:\/\/endormoonstore.com\/en\/blood-bowl-the-fire-mountain-gut-busters\/#breadcrumb","itemListElement":[{"@type":"ListItem","position":1,"name":"Shop","item":"https:\/\/endormoonstore.com\/en\/shop\/"},{"@type":"ListItem","position":2,"name":"Blood Bowl The Fire Mountain Gut Busters"}]},{"@type":"WebSite","@id":"https:\/\/endormoonstore.com\/#website","url":"https:\/\/endormoonstore.com\/","name":"EndormoonStore","description":"","potentialAction":[{"@type":"SearchAction","target":{"@type":"EntryPoint","urlTemplate":"https:\/\/endormoonstore.com\/?s={search_term_string}"},"query-input":{"@type":"PropertyValueSpecification","valueRequired":true,"valueName":"search_term_string"}}],"inLanguage":"en-US"}]}},"taxonomy_info":{"product_cat":[{"value":1386,"label":"Miniatures"}],"pa_brand":[{"value":1758,"label":"Games Workshop"}],"pa_theme":[{"value":2453,"label":"Blood Bowl"}]},"featured_image_src_large":["https:\/\/endormoonstore.com\/wp-content\/uploads\/2020\/12\/blood_bowl_the_fire_mountain_gut_busters-1.jpg",920,950,false],"author_info":[],"comment_info":"","_links":{"self":[{"href":"https:\/\/endormoonstore.com\/en\/wp-json\/wp\/v2\/product\/96723","targetHints":{"allow":["GET"]}}],"collection":[{"href":"https:\/\/endormoonstore.com\/en\/wp-json\/wp\/v2\/product"}],"about":[{"href":"https:\/\/endormoonstore.com\/en\/wp-json\/wp\/v2\/types\/product"}],"wp:featuredmedia":[{"embeddable":true,"href":"https:\/\/endormoonstore.com\/en\/wp-json\/wp\/v2\/media\/96703"}],"wp:attachment":[{"href":"https:\/\/endormoonstore.com\/en\/wp-json\/wp\/v2\/media?parent=96723"}],"wp:term":[{"taxonomy":"product_cat","embeddable":true,"href":"https:\/\/endormoonstore.com\/en\/wp-json\/wp\/v2\/product_cat?post=96723"},{"taxonomy":"product_tag","embeddable":true,"href":"https:\/\/endormoonstore.com\/en\/wp-json\/wp\/v2\/product_tag?post=96723"}],"curies":[{"name":"wp","href":"https:\/\/api.w.org\/{rel}","templated":true}]}}