{"id":96371,"date":"2020-11-22T13:16:18","date_gmt":"2020-11-22T12:16:18","guid":{"rendered":"https:\/\/endormoonstore.com\/dr-fate-dc-universe-one-12-collective\/"},"modified":"2021-09-30T22:48:44","modified_gmt":"2021-09-30T20:48:44","slug":"dr-fate-dc-universe-one-12-collective","status":"publish","type":"product","link":"https:\/\/endormoonstore.com\/en\/dr-fate-dc-universe-one-12-collective\/","title":{"rendered":"Dr. Fate Dc Universe One:12 Collective"},"content":{"rendered":"<p><strong>Dr. Fate Dc Universe One:12 Collective Figura 16 Cm<\/strong><\/p>\n<ul>\n<li>Mezco Toyz presenta la figura de 16 cm basada en Dr. Fate, el hechicero heroico m\u00e1s poderoso de la Tierra, para la colecci\u00f3n One:12 Collection.<\/li>\n<li>La figura con m\u00e1s de 30 puntos de articulaci\u00f3n y pintada a mano, viene con dos cabezas intercambiables, 10 manos intercambiables, un mono ajustado debajo de su armadura de pecho reforzada con luz, una capa similar al cuero con alambre de postura integrado, una borla similar al cuero y botas hasta la rodilla y un Casco del Destino adicional que puede sostener.<\/li>\n<li>Incluye tambi\u00e9n tres efectos de proyecci\u00f3n m\u00e1gica y el Libro de Thoth, que se puede abrir y cerrar, presenta p\u00e1ginas de papel reales, adem\u00e1s de una base para exposici\u00f3n.<\/li>\n<\/ul>\n<p>&nbsp;<\/p>\n","protected":false},"excerpt":{"rendered":"<p><strong>Dr. Fate Dc Universe One:12 Collective Figura 16 Cm<\/strong><\/p>\n<p>Mezco Toyz presenta la figura de 16 cm basada en Dr. Fate, el hechicero heroico m\u00e1s poderoso de la Tierra, para la colecci\u00f3n One:12 Collection.<\/p>\n","protected":false},"featured_media":96323,"template":"","meta":{"_acf_changed":false,"_kad_blocks_custom_css":"","_kad_blocks_head_custom_js":"","_kad_blocks_body_custom_js":"","_kad_blocks_footer_custom_js":""},"product_cat":[1390],"product_tag":[],"class_list":{"0":"post-96371","1":"product","2":"type-product","3":"status-publish","4":"has-post-thumbnail","6":"product_cat-figures","7":"pa_brand-mezco-toyz-en","8":"pa_character-dr-fate-en","9":"pa_license-dc-universe-en","10":"pa_product-type-figure","11":"pa_theme-one12-collective-en","13":"first","14":"outofstock","15":"taxable","16":"shipping-taxable","17":"purchasable","18":"product-type-simple"},"acf":[],"yoast_head":"<!-- This site is optimized with the Yoast SEO plugin v26.1.1 - https:\/\/yoast.com\/wordpress\/plugins\/seo\/ -->\n<title>Dr. Fate Dc Universe One:12 Collective - EndormoonStore<\/title>\n<meta name=\"robots\" content=\"index, follow, max-snippet:-1, max-image-preview:large, max-video-preview:-1\" \/>\n<link rel=\"canonical\" href=\"https:\/\/endormoonstore.com\/en\/dr-fate-dc-universe-one-12-collective\/\" \/>\n<meta property=\"og:locale\" content=\"en_US\" \/>\n<meta property=\"og:type\" content=\"article\" \/>\n<meta property=\"og:title\" content=\"Dr. Fate Dc Universe One:12 Collective - EndormoonStore\" \/>\n<meta property=\"og:description\" content=\"Dr. Fate Dc Universe One:12 Collective Figura 16 Cm  Mezco Toyz presenta la figura de 16 cm basada en Dr. Fate, el hechicero heroico m\u00e1s poderoso de la Tierra, para la colecci\u00f3n One:12 Collection.\" \/>\n<meta property=\"og:url\" content=\"https:\/\/endormoonstore.com\/en\/dr-fate-dc-universe-one-12-collective\/\" \/>\n<meta property=\"og:site_name\" content=\"EndormoonStore\" \/>\n<meta property=\"article:modified_time\" content=\"2021-09-30T20:48:44+00:00\" \/>\n<meta property=\"og:image\" content=\"https:\/\/endormoonstore.com\/wp-content\/uploads\/2020\/11\/mezmez77485_10.jpg\" \/>\n\t<meta property=\"og:image:width\" content=\"1500\" \/>\n\t<meta property=\"og:image:height\" content=\"1500\" \/>\n\t<meta property=\"og:image:type\" content=\"image\/jpeg\" \/>\n<meta name=\"twitter:card\" content=\"summary_large_image\" \/>\n<meta name=\"twitter:label1\" content=\"Est. reading time\" \/>\n\t<meta name=\"twitter:data1\" content=\"1 minute\" \/>\n<script type=\"application\/ld+json\" class=\"yoast-schema-graph\">{\"@context\":\"https:\/\/schema.org\",\"@graph\":[{\"@type\":\"WebPage\",\"@id\":\"https:\/\/endormoonstore.com\/en\/dr-fate-dc-universe-one-12-collective\/\",\"url\":\"https:\/\/endormoonstore.com\/en\/dr-fate-dc-universe-one-12-collective\/\",\"name\":\"Dr. Fate Dc Universe One:12 Collective - EndormoonStore\",\"isPartOf\":{\"@id\":\"https:\/\/endormoonstore.com\/#website\"},\"primaryImageOfPage\":{\"@id\":\"https:\/\/endormoonstore.com\/en\/dr-fate-dc-universe-one-12-collective\/#primaryimage\"},\"image\":{\"@id\":\"https:\/\/endormoonstore.com\/en\/dr-fate-dc-universe-one-12-collective\/#primaryimage\"},\"thumbnailUrl\":\"https:\/\/endormoonstore.com\/wp-content\/uploads\/2020\/11\/mezmez77485_10.jpg\",\"datePublished\":\"2020-11-22T12:16:18+00:00\",\"dateModified\":\"2021-09-30T20:48:44+00:00\",\"breadcrumb\":{\"@id\":\"https:\/\/endormoonstore.com\/en\/dr-fate-dc-universe-one-12-collective\/#breadcrumb\"},\"inLanguage\":\"en-US\",\"potentialAction\":[{\"@type\":\"ReadAction\",\"target\":[\"https:\/\/endormoonstore.com\/en\/dr-fate-dc-universe-one-12-collective\/\"]}]},{\"@type\":\"ImageObject\",\"inLanguage\":\"en-US\",\"@id\":\"https:\/\/endormoonstore.com\/en\/dr-fate-dc-universe-one-12-collective\/#primaryimage\",\"url\":\"https:\/\/endormoonstore.com\/wp-content\/uploads\/2020\/11\/mezmez77485_10.jpg\",\"contentUrl\":\"https:\/\/endormoonstore.com\/wp-content\/uploads\/2020\/11\/mezmez77485_10.jpg\",\"width\":1500,\"height\":1500},{\"@type\":\"BreadcrumbList\",\"@id\":\"https:\/\/endormoonstore.com\/en\/dr-fate-dc-universe-one-12-collective\/#breadcrumb\",\"itemListElement\":[{\"@type\":\"ListItem\",\"position\":1,\"name\":\"Shop\",\"item\":\"https:\/\/endormoonstore.com\/en\/shop\/\"},{\"@type\":\"ListItem\",\"position\":2,\"name\":\"Dr. Fate Dc Universe One:12 Collective\"}]},{\"@type\":\"WebSite\",\"@id\":\"https:\/\/endormoonstore.com\/#website\",\"url\":\"https:\/\/endormoonstore.com\/\",\"name\":\"EndormoonStore\",\"description\":\"\",\"potentialAction\":[{\"@type\":\"SearchAction\",\"target\":{\"@type\":\"EntryPoint\",\"urlTemplate\":\"https:\/\/endormoonstore.com\/?s={search_term_string}\"},\"query-input\":{\"@type\":\"PropertyValueSpecification\",\"valueRequired\":true,\"valueName\":\"search_term_string\"}}],\"inLanguage\":\"en-US\"}]}<\/script>\n<!-- \/ Yoast SEO plugin. -->","yoast_head_json":{"title":"Dr. Fate Dc Universe One:12 Collective - EndormoonStore","robots":{"index":"index","follow":"follow","max-snippet":"max-snippet:-1","max-image-preview":"max-image-preview:large","max-video-preview":"max-video-preview:-1"},"canonical":"https:\/\/endormoonstore.com\/en\/dr-fate-dc-universe-one-12-collective\/","og_locale":"en_US","og_type":"article","og_title":"Dr. Fate Dc Universe One:12 Collective - EndormoonStore","og_description":"Dr. Fate Dc Universe One:12 Collective Figura 16 Cm  Mezco Toyz presenta la figura de 16 cm basada en Dr. Fate, el hechicero heroico m\u00e1s poderoso de la Tierra, para la colecci\u00f3n One:12 Collection.","og_url":"https:\/\/endormoonstore.com\/en\/dr-fate-dc-universe-one-12-collective\/","og_site_name":"EndormoonStore","article_modified_time":"2021-09-30T20:48:44+00:00","og_image":[{"width":1500,"height":1500,"url":"https:\/\/endormoonstore.com\/wp-content\/uploads\/2020\/11\/mezmez77485_10.jpg","type":"image\/jpeg"}],"twitter_card":"summary_large_image","twitter_misc":{"Est. reading time":"1 minute"},"schema":{"@context":"https:\/\/schema.org","@graph":[{"@type":"WebPage","@id":"https:\/\/endormoonstore.com\/en\/dr-fate-dc-universe-one-12-collective\/","url":"https:\/\/endormoonstore.com\/en\/dr-fate-dc-universe-one-12-collective\/","name":"Dr. Fate Dc Universe One:12 Collective - EndormoonStore","isPartOf":{"@id":"https:\/\/endormoonstore.com\/#website"},"primaryImageOfPage":{"@id":"https:\/\/endormoonstore.com\/en\/dr-fate-dc-universe-one-12-collective\/#primaryimage"},"image":{"@id":"https:\/\/endormoonstore.com\/en\/dr-fate-dc-universe-one-12-collective\/#primaryimage"},"thumbnailUrl":"https:\/\/endormoonstore.com\/wp-content\/uploads\/2020\/11\/mezmez77485_10.jpg","datePublished":"2020-11-22T12:16:18+00:00","dateModified":"2021-09-30T20:48:44+00:00","breadcrumb":{"@id":"https:\/\/endormoonstore.com\/en\/dr-fate-dc-universe-one-12-collective\/#breadcrumb"},"inLanguage":"en-US","potentialAction":[{"@type":"ReadAction","target":["https:\/\/endormoonstore.com\/en\/dr-fate-dc-universe-one-12-collective\/"]}]},{"@type":"ImageObject","inLanguage":"en-US","@id":"https:\/\/endormoonstore.com\/en\/dr-fate-dc-universe-one-12-collective\/#primaryimage","url":"https:\/\/endormoonstore.com\/wp-content\/uploads\/2020\/11\/mezmez77485_10.jpg","contentUrl":"https:\/\/endormoonstore.com\/wp-content\/uploads\/2020\/11\/mezmez77485_10.jpg","width":1500,"height":1500},{"@type":"BreadcrumbList","@id":"https:\/\/endormoonstore.com\/en\/dr-fate-dc-universe-one-12-collective\/#breadcrumb","itemListElement":[{"@type":"ListItem","position":1,"name":"Shop","item":"https:\/\/endormoonstore.com\/en\/shop\/"},{"@type":"ListItem","position":2,"name":"Dr. Fate Dc Universe One:12 Collective"}]},{"@type":"WebSite","@id":"https:\/\/endormoonstore.com\/#website","url":"https:\/\/endormoonstore.com\/","name":"EndormoonStore","description":"","potentialAction":[{"@type":"SearchAction","target":{"@type":"EntryPoint","urlTemplate":"https:\/\/endormoonstore.com\/?s={search_term_string}"},"query-input":{"@type":"PropertyValueSpecification","valueRequired":true,"valueName":"search_term_string"}}],"inLanguage":"en-US"}]}},"taxonomy_info":{"product_cat":[{"value":1390,"label":"Figures"}],"pa_brand":[{"value":1638,"label":"Mezco Toyz"}],"pa_character":[{"value":3074,"label":"Dr. Fate"}],"pa_license":[{"value":3086,"label":"Dc Universe"}],"pa_product-type":[{"value":2387,"label":"Figure"}],"pa_theme":[{"value":1885,"label":"One:12 Collective"}]},"featured_image_src_large":["https:\/\/endormoonstore.com\/wp-content\/uploads\/2020\/11\/mezmez77485_10-1024x1024.jpg",1024,1024,true],"author_info":[],"comment_info":"","_links":{"self":[{"href":"https:\/\/endormoonstore.com\/en\/wp-json\/wp\/v2\/product\/96371","targetHints":{"allow":["GET"]}}],"collection":[{"href":"https:\/\/endormoonstore.com\/en\/wp-json\/wp\/v2\/product"}],"about":[{"href":"https:\/\/endormoonstore.com\/en\/wp-json\/wp\/v2\/types\/product"}],"wp:featuredmedia":[{"embeddable":true,"href":"https:\/\/endormoonstore.com\/en\/wp-json\/wp\/v2\/media\/96323"}],"wp:attachment":[{"href":"https:\/\/endormoonstore.com\/en\/wp-json\/wp\/v2\/media?parent=96371"}],"wp:term":[{"taxonomy":"product_cat","embeddable":true,"href":"https:\/\/endormoonstore.com\/en\/wp-json\/wp\/v2\/product_cat?post=96371"},{"taxonomy":"product_tag","embeddable":true,"href":"https:\/\/endormoonstore.com\/en\/wp-json\/wp\/v2\/product_tag?post=96371"}],"curies":[{"name":"wp","href":"https:\/\/api.w.org\/{rel}","templated":true}]}}