{"id":95699,"date":"2020-11-12T19:51:30","date_gmt":"2020-11-12T18:51:30","guid":{"rendered":"https:\/\/endormoonstore.com\/transformers-studio-series-86-voyager-the-transformers-the-movie-autobot-hot-rod\/"},"modified":"2021-03-26T17:30:45","modified_gmt":"2021-03-26T16:30:45","slug":"transformers-studio-series-86-voyager-the-transformers-the-movie-autobot-hot-rod","status":"publish","type":"product","link":"https:\/\/endormoonstore.com\/en\/transformers-studio-series-86-voyager-the-transformers-the-movie-autobot-hot-rod\/","title":{"rendered":"Transformers Studio Series 86 Voyager The Transformers The Movie Autobot Hot Rod"},"content":{"rendered":"<p><strong>Transformers Studio Series 86 Voyager The Transformers The Movie Autobot Hot Rod<\/strong><\/p>\n<ul>\n<li>Llega m\u00e1s all\u00e1 de la pantalla grande y construye la colecci\u00f3n Transformers definitiva con figuras de la serie Studio.<\/li>\n<li>Inspiradas en escenas de estas pel\u00edculas ic\u00f3nicas y dise\u00f1adas con especificaciones y detalles para reflejar el universo cinematogr\u00e1fico de Transformers<\/li>\n<li>Esta figura de Studio Series 86 Voyager Class The Transformers.<\/li>\n<li>La figura Autobot Hot Rod inspirada en la pel\u00edcula se convierte de robot a modo de autom\u00f3vil deportivo en 29 pasos y unos 16 cm.<\/li>\n<li>Elimina el tel\u00f3n de fondo para exhibir Hot Rod en la escena The Depths of Unicron.<\/li>\n<li>En la escena The Depths of Unicron de The Transformers: The Movie, Hot Rod abraza su destino, se convierte en Rodimus Prime y derrota a Unicron.<\/li>\n<li>Incluye 2 blasters inspirados en pel\u00edculas y 2 efectos de explosi\u00f3n, y presenta accesorios manuales de sierra circular y soldador de chispa inspirados en la escena en la que Hot Rod corta algas robot y tent\u00e1culos de calamar gigante, luego repara Kup.<\/li>\n<li>Incluye: figura, 7 accesorios, fondo extra\u00edble e instruciones.<\/li>\n<\/ul>\n<p>&nbsp;<\/p>\n","protected":false},"excerpt":{"rendered":"<p><strong>Transformers Studio Series 86 Voyager The Transformers The Movie Autobot Hot Rod<\/strong><\/p>\n<p>Llega m\u00e1s all\u00e1 de la pantalla grande y construye la colecci\u00f3n Transformers definitiva con figuras de la serie Studio.<\/p>\n","protected":false},"featured_media":100666,"template":"","meta":{"_acf_changed":false,"_kad_blocks_custom_css":"","_kad_blocks_head_custom_js":"","_kad_blocks_body_custom_js":"","_kad_blocks_footer_custom_js":""},"product_cat":[1390],"product_tag":[],"class_list":{"0":"post-95699","1":"product","2":"type-product","3":"status-publish","4":"has-post-thumbnail","6":"product_cat-figures","7":"pa_brand-hasbro-en","8":"pa_license-transformers-en","9":"pa_product-type-figure","10":"pa_theme-studio-series-en","12":"first","13":"outofstock","14":"taxable","15":"shipping-taxable","16":"purchasable","17":"product-type-simple"},"acf":[],"yoast_head":"<!-- This site is optimized with the Yoast SEO plugin v26.1.1 - https:\/\/yoast.com\/wordpress\/plugins\/seo\/ -->\n<title>Transformers Studio Series 86 Voyager The Transformers The Movie Autobot Hot Rod - EndormoonStore<\/title>\n<meta name=\"robots\" content=\"index, follow, max-snippet:-1, max-image-preview:large, max-video-preview:-1\" \/>\n<link rel=\"canonical\" href=\"https:\/\/endormoonstore.com\/en\/transformers-studio-series-86-voyager-the-transformers-the-movie-autobot-hot-rod\/\" \/>\n<meta property=\"og:locale\" content=\"en_US\" \/>\n<meta property=\"og:type\" content=\"article\" \/>\n<meta property=\"og:title\" content=\"Transformers Studio Series 86 Voyager The Transformers The Movie Autobot Hot Rod - EndormoonStore\" \/>\n<meta property=\"og:description\" content=\"Transformers Studio Series 86 Voyager The Transformers The Movie Autobot Hot Rod  Llega m\u00e1s all\u00e1 de la pantalla grande y construye la colecci\u00f3n Transformers definitiva con figuras de la serie Studio.\" \/>\n<meta property=\"og:url\" content=\"https:\/\/endormoonstore.com\/en\/transformers-studio-series-86-voyager-the-transformers-the-movie-autobot-hot-rod\/\" \/>\n<meta property=\"og:site_name\" content=\"EndormoonStore\" \/>\n<meta property=\"article:modified_time\" content=\"2021-03-26T16:30:45+00:00\" \/>\n<meta property=\"og:image\" content=\"https:\/\/endormoonstore.com\/wp-content\/uploads\/2020\/11\/Transformers-Studio-Series-86-Voyager-The-Transformers-The-Movie-Autobot-Hot-Rod.jpeg\" \/>\n\t<meta property=\"og:image:width\" content=\"1200\" \/>\n\t<meta property=\"og:image:height\" content=\"1200\" \/>\n\t<meta property=\"og:image:type\" content=\"image\/jpeg\" \/>\n<meta name=\"twitter:card\" content=\"summary_large_image\" \/>\n<meta name=\"twitter:label1\" content=\"Est. reading time\" \/>\n\t<meta name=\"twitter:data1\" content=\"1 minute\" \/>\n<script type=\"application\/ld+json\" class=\"yoast-schema-graph\">{\"@context\":\"https:\/\/schema.org\",\"@graph\":[{\"@type\":\"WebPage\",\"@id\":\"https:\/\/endormoonstore.com\/en\/transformers-studio-series-86-voyager-the-transformers-the-movie-autobot-hot-rod\/\",\"url\":\"https:\/\/endormoonstore.com\/en\/transformers-studio-series-86-voyager-the-transformers-the-movie-autobot-hot-rod\/\",\"name\":\"Transformers Studio Series 86 Voyager The Transformers The Movie Autobot Hot Rod - EndormoonStore\",\"isPartOf\":{\"@id\":\"https:\/\/endormoonstore.com\/#website\"},\"primaryImageOfPage\":{\"@id\":\"https:\/\/endormoonstore.com\/en\/transformers-studio-series-86-voyager-the-transformers-the-movie-autobot-hot-rod\/#primaryimage\"},\"image\":{\"@id\":\"https:\/\/endormoonstore.com\/en\/transformers-studio-series-86-voyager-the-transformers-the-movie-autobot-hot-rod\/#primaryimage\"},\"thumbnailUrl\":\"https:\/\/endormoonstore.com\/wp-content\/uploads\/2020\/11\/Transformers-Studio-Series-86-Voyager-The-Transformers-The-Movie-Autobot-Hot-Rod.jpeg\",\"datePublished\":\"2020-11-12T18:51:30+00:00\",\"dateModified\":\"2021-03-26T16:30:45+00:00\",\"breadcrumb\":{\"@id\":\"https:\/\/endormoonstore.com\/en\/transformers-studio-series-86-voyager-the-transformers-the-movie-autobot-hot-rod\/#breadcrumb\"},\"inLanguage\":\"en-US\",\"potentialAction\":[{\"@type\":\"ReadAction\",\"target\":[\"https:\/\/endormoonstore.com\/en\/transformers-studio-series-86-voyager-the-transformers-the-movie-autobot-hot-rod\/\"]}]},{\"@type\":\"ImageObject\",\"inLanguage\":\"en-US\",\"@id\":\"https:\/\/endormoonstore.com\/en\/transformers-studio-series-86-voyager-the-transformers-the-movie-autobot-hot-rod\/#primaryimage\",\"url\":\"https:\/\/endormoonstore.com\/wp-content\/uploads\/2020\/11\/Transformers-Studio-Series-86-Voyager-The-Transformers-The-Movie-Autobot-Hot-Rod.jpeg\",\"contentUrl\":\"https:\/\/endormoonstore.com\/wp-content\/uploads\/2020\/11\/Transformers-Studio-Series-86-Voyager-The-Transformers-The-Movie-Autobot-Hot-Rod.jpeg\",\"width\":1200,\"height\":1200},{\"@type\":\"BreadcrumbList\",\"@id\":\"https:\/\/endormoonstore.com\/en\/transformers-studio-series-86-voyager-the-transformers-the-movie-autobot-hot-rod\/#breadcrumb\",\"itemListElement\":[{\"@type\":\"ListItem\",\"position\":1,\"name\":\"Shop\",\"item\":\"https:\/\/endormoonstore.com\/en\/shop\/\"},{\"@type\":\"ListItem\",\"position\":2,\"name\":\"Transformers Studio Series 86 Voyager The Transformers The Movie Autobot Hot Rod\"}]},{\"@type\":\"WebSite\",\"@id\":\"https:\/\/endormoonstore.com\/#website\",\"url\":\"https:\/\/endormoonstore.com\/\",\"name\":\"EndormoonStore\",\"description\":\"\",\"potentialAction\":[{\"@type\":\"SearchAction\",\"target\":{\"@type\":\"EntryPoint\",\"urlTemplate\":\"https:\/\/endormoonstore.com\/?s={search_term_string}\"},\"query-input\":{\"@type\":\"PropertyValueSpecification\",\"valueRequired\":true,\"valueName\":\"search_term_string\"}}],\"inLanguage\":\"en-US\"}]}<\/script>\n<!-- \/ Yoast SEO plugin. -->","yoast_head_json":{"title":"Transformers Studio Series 86 Voyager The Transformers The Movie Autobot Hot Rod - EndormoonStore","robots":{"index":"index","follow":"follow","max-snippet":"max-snippet:-1","max-image-preview":"max-image-preview:large","max-video-preview":"max-video-preview:-1"},"canonical":"https:\/\/endormoonstore.com\/en\/transformers-studio-series-86-voyager-the-transformers-the-movie-autobot-hot-rod\/","og_locale":"en_US","og_type":"article","og_title":"Transformers Studio Series 86 Voyager The Transformers The Movie Autobot Hot Rod - EndormoonStore","og_description":"Transformers Studio Series 86 Voyager The Transformers The Movie Autobot Hot Rod  Llega m\u00e1s all\u00e1 de la pantalla grande y construye la colecci\u00f3n Transformers definitiva con figuras de la serie Studio.","og_url":"https:\/\/endormoonstore.com\/en\/transformers-studio-series-86-voyager-the-transformers-the-movie-autobot-hot-rod\/","og_site_name":"EndormoonStore","article_modified_time":"2021-03-26T16:30:45+00:00","og_image":[{"width":1200,"height":1200,"url":"https:\/\/endormoonstore.com\/wp-content\/uploads\/2020\/11\/Transformers-Studio-Series-86-Voyager-The-Transformers-The-Movie-Autobot-Hot-Rod.jpeg","type":"image\/jpeg"}],"twitter_card":"summary_large_image","twitter_misc":{"Est. reading time":"1 minute"},"schema":{"@context":"https:\/\/schema.org","@graph":[{"@type":"WebPage","@id":"https:\/\/endormoonstore.com\/en\/transformers-studio-series-86-voyager-the-transformers-the-movie-autobot-hot-rod\/","url":"https:\/\/endormoonstore.com\/en\/transformers-studio-series-86-voyager-the-transformers-the-movie-autobot-hot-rod\/","name":"Transformers Studio Series 86 Voyager The Transformers The Movie Autobot Hot Rod - EndormoonStore","isPartOf":{"@id":"https:\/\/endormoonstore.com\/#website"},"primaryImageOfPage":{"@id":"https:\/\/endormoonstore.com\/en\/transformers-studio-series-86-voyager-the-transformers-the-movie-autobot-hot-rod\/#primaryimage"},"image":{"@id":"https:\/\/endormoonstore.com\/en\/transformers-studio-series-86-voyager-the-transformers-the-movie-autobot-hot-rod\/#primaryimage"},"thumbnailUrl":"https:\/\/endormoonstore.com\/wp-content\/uploads\/2020\/11\/Transformers-Studio-Series-86-Voyager-The-Transformers-The-Movie-Autobot-Hot-Rod.jpeg","datePublished":"2020-11-12T18:51:30+00:00","dateModified":"2021-03-26T16:30:45+00:00","breadcrumb":{"@id":"https:\/\/endormoonstore.com\/en\/transformers-studio-series-86-voyager-the-transformers-the-movie-autobot-hot-rod\/#breadcrumb"},"inLanguage":"en-US","potentialAction":[{"@type":"ReadAction","target":["https:\/\/endormoonstore.com\/en\/transformers-studio-series-86-voyager-the-transformers-the-movie-autobot-hot-rod\/"]}]},{"@type":"ImageObject","inLanguage":"en-US","@id":"https:\/\/endormoonstore.com\/en\/transformers-studio-series-86-voyager-the-transformers-the-movie-autobot-hot-rod\/#primaryimage","url":"https:\/\/endormoonstore.com\/wp-content\/uploads\/2020\/11\/Transformers-Studio-Series-86-Voyager-The-Transformers-The-Movie-Autobot-Hot-Rod.jpeg","contentUrl":"https:\/\/endormoonstore.com\/wp-content\/uploads\/2020\/11\/Transformers-Studio-Series-86-Voyager-The-Transformers-The-Movie-Autobot-Hot-Rod.jpeg","width":1200,"height":1200},{"@type":"BreadcrumbList","@id":"https:\/\/endormoonstore.com\/en\/transformers-studio-series-86-voyager-the-transformers-the-movie-autobot-hot-rod\/#breadcrumb","itemListElement":[{"@type":"ListItem","position":1,"name":"Shop","item":"https:\/\/endormoonstore.com\/en\/shop\/"},{"@type":"ListItem","position":2,"name":"Transformers Studio Series 86 Voyager The Transformers The Movie Autobot Hot Rod"}]},{"@type":"WebSite","@id":"https:\/\/endormoonstore.com\/#website","url":"https:\/\/endormoonstore.com\/","name":"EndormoonStore","description":"","potentialAction":[{"@type":"SearchAction","target":{"@type":"EntryPoint","urlTemplate":"https:\/\/endormoonstore.com\/?s={search_term_string}"},"query-input":{"@type":"PropertyValueSpecification","valueRequired":true,"valueName":"search_term_string"}}],"inLanguage":"en-US"}]}},"taxonomy_info":{"product_cat":[{"value":1390,"label":"Figures"}],"pa_brand":[{"value":2084,"label":"Hasbro"}],"pa_license":[{"value":1873,"label":"Transformers"}],"pa_product-type":[{"value":2387,"label":"Figure"}],"pa_theme":[{"value":3128,"label":"Studio Series"}]},"featured_image_src_large":["https:\/\/endormoonstore.com\/wp-content\/uploads\/2020\/11\/Transformers-Studio-Series-86-Voyager-The-Transformers-The-Movie-Autobot-Hot-Rod-1024x1024.jpeg",1024,1024,true],"author_info":[],"comment_info":"","_links":{"self":[{"href":"https:\/\/endormoonstore.com\/en\/wp-json\/wp\/v2\/product\/95699","targetHints":{"allow":["GET"]}}],"collection":[{"href":"https:\/\/endormoonstore.com\/en\/wp-json\/wp\/v2\/product"}],"about":[{"href":"https:\/\/endormoonstore.com\/en\/wp-json\/wp\/v2\/types\/product"}],"wp:featuredmedia":[{"embeddable":true,"href":"https:\/\/endormoonstore.com\/en\/wp-json\/wp\/v2\/media\/100666"}],"wp:attachment":[{"href":"https:\/\/endormoonstore.com\/en\/wp-json\/wp\/v2\/media?parent=95699"}],"wp:term":[{"taxonomy":"product_cat","embeddable":true,"href":"https:\/\/endormoonstore.com\/en\/wp-json\/wp\/v2\/product_cat?post=95699"},{"taxonomy":"product_tag","embeddable":true,"href":"https:\/\/endormoonstore.com\/en\/wp-json\/wp\/v2\/product_tag?post=95699"}],"curies":[{"name":"wp","href":"https:\/\/api.w.org\/{rel}","templated":true}]}}