{"id":95457,"date":"2025-05-29T01:15:04","date_gmt":"2025-05-28T23:15:04","guid":{"rendered":"https:\/\/endormoonstore.com\/freezer-first-form-freezer-pod-set-dragon-ball-z-s-h-figuarts\/"},"modified":"2025-06-17T23:17:33","modified_gmt":"2025-06-17T21:17:33","slug":"frieza-first-form-frieza-pod-set-dragon-ball-z-s-h-figuarts","status":"publish","type":"product","link":"https:\/\/endormoonstore.com\/en\/frieza-first-form-frieza-pod-set-dragon-ball-z-s-h-figuarts\/","title":{"rendered":"Frieza First Form &#038; Frieza Pod Set Dragon Ball Z S.H Figuarts"},"content":{"rendered":"<h4 data-sourcepos=\"9:1-9:74\"><strong>Frieza First Form: \u00a1El Tirano Gal\u00e1ctico y su Pod Llegan a S.H.Figuarts!<\/strong><\/h4>\n<ul>\n<li data-sourcepos=\"11:1-11:532\">\n<p data-sourcepos=\"11:1-11:571\">\u00a1El ic\u00f3nico villano de Dragon Ball Z, Frieza First Form, el formidable conquistador gal\u00e1ctico que sembr\u00f3 el terror en Namek, cobra vida con un detalle asombroso en la l\u00ednea S.H.Figuarts! Tal y como lo concibi\u00f3 el mism\u00edsimo Akira Toriyama, esta figura de Frieza First Form de Tamashii Nations, con una altura de 11 cm, y su Pod (c\u00e1psula espacial) de 10 cm, ofrecen toda la posabilidad que los fans esperan de las S.H.Figuarts. Podr\u00e1s, por consiguiente, recrear desde su imponente llegada a Namek hasta sus di\u00e1logos m\u00e1s amenazantes, reviviendo cada momento legendario. Como \u00e9l mismo dir\u00eda: &#8220;Mi nivel de poder es de 530.000. Pero no te preocupes. No planeo luchar contigo a mi m\u00e1xima capacidad.&#8221;<\/p>\n<\/li>\n<\/ul>\n<h4 data-sourcepos=\"13:1-13:44\">Dise\u00f1o Aut\u00e9ntico y Articulaci\u00f3n Superior<\/h4>\n<ul>\n<li data-sourcepos=\"15:1-15:468\">Esta figura, modelada y coloreada bajo la supervisi\u00f3n directa de Akira Toriyama, reproduce fielmente las proporciones y la forma vistas en la serie. A pesar de su tama\u00f1o compacto, los mecanismos de articulaci\u00f3n \u00fanicos de S.H.Figuarts permiten una amplia variedad de poses din\u00e1micas. El set incluye 4 placas faciales intercambiables, una cabeza opcional, dos pares de manos opcionales y un scouter desmontable, permitiendo recrear diversas expresiones y momentos clave.<\/li>\n<\/ul>\n<h4 data-sourcepos=\"17:1-17:48\"><strong>El Ic\u00f3nico Frieza Pod y Accesorios Completos<\/strong><\/h4>\n<ul>\n<li data-sourcepos=\"19:1-19:715\">Adem\u00e1s, este set definitivo es el primero de la serie en incluir el ic\u00f3nico Frieza Pod (c\u00e1psula espacial), recreado con gran detalle. Para capturar su apariencia del dise\u00f1o original, la parte superior del cuerpo de Frieza se puede quitar de la figura y colocarse en la c\u00e1psula, logrando as\u00ed un equilibrio y tama\u00f1o perfectos, como en el anime. El interior del Frieza Pod, esculpido por primera vez, tambi\u00e9n se basa en una ilustraci\u00f3n supervisada por Akira Toriyama, incluyendo la recreaci\u00f3n en oro. Este set tambi\u00e9n contiene efectos de Supernova para recrear sus ataques m\u00e1s devastadores y una Bola de Drag\u00f3n de cinco estrellas (versi\u00f3n Planeta Namek) y una base de soporte para el Frieza Pod. Se presenta en una caja con ventana, ideal para coleccionistas.<\/li>\n<li data-sourcepos=\"21:1-21:223\">\u00a1No dejes escapar esta oportunidad! A\u00f1ade al tirano gal\u00e1ctico y su imponente pod a tu colecci\u00f3n. \u00a1Hazte con el set de Frieza First Form &amp; Frieza Pod hoy mismo y lleva el poder del universo Dragon Ball Z a tus manos!<\/li>\n<\/ul>\n<h4><strong>Sobre Tamashii Nations y su linea SH Figuarts:<\/strong><\/h4>\n<ul>\n<li><strong><a href=\"\/?product_brand=tamashii-nations\">Tamashii Nations<\/a><\/strong>\u00a0es una marca reconocida por sus figuras de alta calidad y detallado dise\u00f1o. Especializada en coleccionables, utiliza tecnolog\u00eda avanzada y artesan\u00eda impresionante para crear figuras que capturan la esencia de personajes ic\u00f3nicos de anime, manga y otras propiedades de la cultura pop. Tamashii Nations se esfuerza por traer &#8220;tamashii&#8221; (alma) a cada producto, infundiendo pasi\u00f3n y dedicaci\u00f3n en cada figura que crean. Su objetivo es ofrecer a los coleccionistas piezas que no solo sean visualmente impresionantes, sino que tambi\u00e9n evoquen emociones y recuerdos de sus series favoritas.<\/li>\n<li>La l\u00ednea<strong>\u00a0<a href=\"https:\/\/endormoonstore.com\/tematica\/s-h-figuarts\/\">S.H. Figuarts<\/a>\u00a0<\/strong>es una de las m\u00e1s destacadas de Tamashii Nations. Estas figuras est\u00e1n dise\u00f1adas para imitar el rango de movimiento del cuerpo humano, permitiendo una alta articulaci\u00f3n y poses din\u00e1micas. La colecci\u00f3n incluye personajes de series populares como Dragon Ball, Jujutsu Kaisen, Kamen Rider y Marvel, entre otros. Cada figura de S.H. Figuarts combina t\u00e9cnicas avanzadas de modelado, movimiento y coloraci\u00f3n para ofrecer representaciones realistas de tus personajes favoritos.<\/li>\n<\/ul>\n","protected":false},"excerpt":{"rendered":"<h4 data-sourcepos=\"9:1-9:74\"><strong>Frieza First Form: \u00a1El Tirano Gal\u00e1ctico y su Pod Llegan a S.H.Figuarts!<\/strong><\/h4>\n<p data-sourcepos=\"11:1-11:571\">\u00a1El ic\u00f3nico villano de Dragon Ball Z, Frieza First Form, el formidable conquistador gal\u00e1ctico que sembr\u00f3 el terror en Namek, cobra vida con un detalle asombroso en la l\u00ednea S.H.Figuarts! Tal y como lo concibi\u00f3 el mism\u00edsimo Akira Toriyama, esta figura de Frieza First Form de Tamashii Nations, con una altura de 11 cm, y su Pod (c\u00e1psula espacial) de 10 cm, ofrecen toda la posabilidad que los fans esperan de las S.H.Figuarts.<\/p>\n","protected":false},"featured_media":95417,"template":"","meta":{"_acf_changed":false,"_kad_blocks_custom_css":"","_kad_blocks_head_custom_js":"","_kad_blocks_body_custom_js":"","_kad_blocks_footer_custom_js":""},"product_cat":[1390,13511],"product_tag":[],"class_list":{"0":"post-95457","1":"product","2":"type-product","3":"status-publish","4":"has-post-thumbnail","6":"product_cat-figures","7":"product_cat-new-arrivals","8":"pa_brand-tamashii-nations-en","9":"pa_character-frieza-en","10":"pa_episode-dragon-ball-z-en","11":"pa_license-dragon-ball-en","12":"pa_product-type-figure","13":"pa_theme-s-h-figuarts-en","15":"first","16":"instock","17":"taxable","18":"shipping-taxable","19":"purchasable","20":"product-type-simple"},"acf":[],"yoast_head":"<!-- This site is optimized with the Yoast SEO plugin v26.1.1 - https:\/\/yoast.com\/wordpress\/plugins\/seo\/ -->\n<title>Frieza First Form &amp; Frieza Pod Set Dragon Ball Z S.H Figuarts - EndormoonStore<\/title>\n<meta name=\"description\" content=\"Frieza First Form &amp; Pod S.H.Figuarts: Figura de 11 cm con accesorios y su c\u00e1psula. \u00a1Colecciona al villano de Dragon Ball Z!\" \/>\n<meta name=\"robots\" content=\"index, follow, max-snippet:-1, max-image-preview:large, max-video-preview:-1\" \/>\n<link rel=\"canonical\" href=\"https:\/\/endormoonstore.com\/en\/frieza-first-form-frieza-pod-set-dragon-ball-z-s-h-figuarts\/\" \/>\n<meta property=\"og:locale\" content=\"en_US\" \/>\n<meta property=\"og:type\" content=\"article\" \/>\n<meta property=\"og:title\" content=\"Frieza First Form &amp; Frieza Pod Set Dragon Ball Z S.H Figuarts - EndormoonStore\" \/>\n<meta property=\"og:description\" content=\"Frieza First Form &amp; Pod S.H.Figuarts: Figura de 11 cm con accesorios y su c\u00e1psula. \u00a1Colecciona al villano de Dragon Ball Z!\" \/>\n<meta property=\"og:url\" content=\"https:\/\/endormoonstore.com\/en\/frieza-first-form-frieza-pod-set-dragon-ball-z-s-h-figuarts\/\" \/>\n<meta property=\"og:site_name\" content=\"EndormoonStore\" \/>\n<meta property=\"article:modified_time\" content=\"2025-06-17T21:17:33+00:00\" \/>\n<meta property=\"og:image\" content=\"https:\/\/endormoonstore.com\/wp-content\/uploads\/2020\/11\/bdidb608277_3.jpg\" \/>\n\t<meta property=\"og:image:width\" content=\"510\" \/>\n\t<meta property=\"og:image:height\" content=\"721\" \/>\n\t<meta property=\"og:image:type\" content=\"image\/jpeg\" \/>\n<meta name=\"twitter:card\" content=\"summary_large_image\" \/>\n<meta name=\"twitter:label1\" content=\"Est. reading time\" \/>\n\t<meta name=\"twitter:data1\" content=\"3 minutes\" \/>\n<script type=\"application\/ld+json\" class=\"yoast-schema-graph\">{\"@context\":\"https:\/\/schema.org\",\"@graph\":[{\"@type\":\"WebPage\",\"@id\":\"https:\/\/endormoonstore.com\/en\/frieza-first-form-frieza-pod-set-dragon-ball-z-s-h-figuarts\/\",\"url\":\"https:\/\/endormoonstore.com\/en\/frieza-first-form-frieza-pod-set-dragon-ball-z-s-h-figuarts\/\",\"name\":\"Frieza First Form & Frieza Pod Set Dragon Ball Z S.H Figuarts - EndormoonStore\",\"isPartOf\":{\"@id\":\"https:\/\/endormoonstore.com\/#website\"},\"primaryImageOfPage\":{\"@id\":\"https:\/\/endormoonstore.com\/en\/frieza-first-form-frieza-pod-set-dragon-ball-z-s-h-figuarts\/#primaryimage\"},\"image\":{\"@id\":\"https:\/\/endormoonstore.com\/en\/frieza-first-form-frieza-pod-set-dragon-ball-z-s-h-figuarts\/#primaryimage\"},\"thumbnailUrl\":\"https:\/\/endormoonstore.com\/wp-content\/uploads\/2020\/11\/bdidb608277_3.jpg\",\"datePublished\":\"2025-05-28T23:15:04+00:00\",\"dateModified\":\"2025-06-17T21:17:33+00:00\",\"description\":\"Frieza First Form & Pod S.H.Figuarts: Figura de 11 cm con accesorios y su c\u00e1psula. \u00a1Colecciona al villano de Dragon Ball Z!\",\"breadcrumb\":{\"@id\":\"https:\/\/endormoonstore.com\/en\/frieza-first-form-frieza-pod-set-dragon-ball-z-s-h-figuarts\/#breadcrumb\"},\"inLanguage\":\"en-US\",\"potentialAction\":[{\"@type\":\"ReadAction\",\"target\":[\"https:\/\/endormoonstore.com\/en\/frieza-first-form-frieza-pod-set-dragon-ball-z-s-h-figuarts\/\"]}]},{\"@type\":\"ImageObject\",\"inLanguage\":\"en-US\",\"@id\":\"https:\/\/endormoonstore.com\/en\/frieza-first-form-frieza-pod-set-dragon-ball-z-s-h-figuarts\/#primaryimage\",\"url\":\"https:\/\/endormoonstore.com\/wp-content\/uploads\/2020\/11\/bdidb608277_3.jpg\",\"contentUrl\":\"https:\/\/endormoonstore.com\/wp-content\/uploads\/2020\/11\/bdidb608277_3.jpg\",\"width\":510,\"height\":721,\"caption\":\"Frieza en su ic\u00f3nica Primera Forma, listo para conquistar planetas desde su Pod, en esta figura S.H. Figuarts.\"},{\"@type\":\"BreadcrumbList\",\"@id\":\"https:\/\/endormoonstore.com\/en\/frieza-first-form-frieza-pod-set-dragon-ball-z-s-h-figuarts\/#breadcrumb\",\"itemListElement\":[{\"@type\":\"ListItem\",\"position\":1,\"name\":\"Shop\",\"item\":\"https:\/\/endormoonstore.com\/en\/shop\/\"},{\"@type\":\"ListItem\",\"position\":2,\"name\":\"Frieza First Form &#038; Frieza Pod Set Dragon Ball Z S.H Figuarts\"}]},{\"@type\":\"WebSite\",\"@id\":\"https:\/\/endormoonstore.com\/#website\",\"url\":\"https:\/\/endormoonstore.com\/\",\"name\":\"EndormoonStore\",\"description\":\"\",\"potentialAction\":[{\"@type\":\"SearchAction\",\"target\":{\"@type\":\"EntryPoint\",\"urlTemplate\":\"https:\/\/endormoonstore.com\/?s={search_term_string}\"},\"query-input\":{\"@type\":\"PropertyValueSpecification\",\"valueRequired\":true,\"valueName\":\"search_term_string\"}}],\"inLanguage\":\"en-US\"}]}<\/script>\n<!-- \/ Yoast SEO plugin. -->","yoast_head_json":{"title":"Frieza First Form & Frieza Pod Set Dragon Ball Z S.H Figuarts - EndormoonStore","description":"Frieza First Form & Pod S.H.Figuarts: Figura de 11 cm con accesorios y su c\u00e1psula. \u00a1Colecciona al villano de Dragon Ball Z!","robots":{"index":"index","follow":"follow","max-snippet":"max-snippet:-1","max-image-preview":"max-image-preview:large","max-video-preview":"max-video-preview:-1"},"canonical":"https:\/\/endormoonstore.com\/en\/frieza-first-form-frieza-pod-set-dragon-ball-z-s-h-figuarts\/","og_locale":"en_US","og_type":"article","og_title":"Frieza First Form & Frieza Pod Set Dragon Ball Z S.H Figuarts - EndormoonStore","og_description":"Frieza First Form & Pod S.H.Figuarts: Figura de 11 cm con accesorios y su c\u00e1psula. \u00a1Colecciona al villano de Dragon Ball Z!","og_url":"https:\/\/endormoonstore.com\/en\/frieza-first-form-frieza-pod-set-dragon-ball-z-s-h-figuarts\/","og_site_name":"EndormoonStore","article_modified_time":"2025-06-17T21:17:33+00:00","og_image":[{"width":510,"height":721,"url":"https:\/\/endormoonstore.com\/wp-content\/uploads\/2020\/11\/bdidb608277_3.jpg","type":"image\/jpeg"}],"twitter_card":"summary_large_image","twitter_misc":{"Est. reading time":"3 minutes"},"schema":{"@context":"https:\/\/schema.org","@graph":[{"@type":"WebPage","@id":"https:\/\/endormoonstore.com\/en\/frieza-first-form-frieza-pod-set-dragon-ball-z-s-h-figuarts\/","url":"https:\/\/endormoonstore.com\/en\/frieza-first-form-frieza-pod-set-dragon-ball-z-s-h-figuarts\/","name":"Frieza First Form & Frieza Pod Set Dragon Ball Z S.H Figuarts - EndormoonStore","isPartOf":{"@id":"https:\/\/endormoonstore.com\/#website"},"primaryImageOfPage":{"@id":"https:\/\/endormoonstore.com\/en\/frieza-first-form-frieza-pod-set-dragon-ball-z-s-h-figuarts\/#primaryimage"},"image":{"@id":"https:\/\/endormoonstore.com\/en\/frieza-first-form-frieza-pod-set-dragon-ball-z-s-h-figuarts\/#primaryimage"},"thumbnailUrl":"https:\/\/endormoonstore.com\/wp-content\/uploads\/2020\/11\/bdidb608277_3.jpg","datePublished":"2025-05-28T23:15:04+00:00","dateModified":"2025-06-17T21:17:33+00:00","description":"Frieza First Form & Pod S.H.Figuarts: Figura de 11 cm con accesorios y su c\u00e1psula. \u00a1Colecciona al villano de Dragon Ball Z!","breadcrumb":{"@id":"https:\/\/endormoonstore.com\/en\/frieza-first-form-frieza-pod-set-dragon-ball-z-s-h-figuarts\/#breadcrumb"},"inLanguage":"en-US","potentialAction":[{"@type":"ReadAction","target":["https:\/\/endormoonstore.com\/en\/frieza-first-form-frieza-pod-set-dragon-ball-z-s-h-figuarts\/"]}]},{"@type":"ImageObject","inLanguage":"en-US","@id":"https:\/\/endormoonstore.com\/en\/frieza-first-form-frieza-pod-set-dragon-ball-z-s-h-figuarts\/#primaryimage","url":"https:\/\/endormoonstore.com\/wp-content\/uploads\/2020\/11\/bdidb608277_3.jpg","contentUrl":"https:\/\/endormoonstore.com\/wp-content\/uploads\/2020\/11\/bdidb608277_3.jpg","width":510,"height":721,"caption":"Frieza en su ic\u00f3nica Primera Forma, listo para conquistar planetas desde su Pod, en esta figura S.H. Figuarts."},{"@type":"BreadcrumbList","@id":"https:\/\/endormoonstore.com\/en\/frieza-first-form-frieza-pod-set-dragon-ball-z-s-h-figuarts\/#breadcrumb","itemListElement":[{"@type":"ListItem","position":1,"name":"Shop","item":"https:\/\/endormoonstore.com\/en\/shop\/"},{"@type":"ListItem","position":2,"name":"Frieza First Form &#038; Frieza Pod Set Dragon Ball Z S.H Figuarts"}]},{"@type":"WebSite","@id":"https:\/\/endormoonstore.com\/#website","url":"https:\/\/endormoonstore.com\/","name":"EndormoonStore","description":"","potentialAction":[{"@type":"SearchAction","target":{"@type":"EntryPoint","urlTemplate":"https:\/\/endormoonstore.com\/?s={search_term_string}"},"query-input":{"@type":"PropertyValueSpecification","valueRequired":true,"valueName":"search_term_string"}}],"inLanguage":"en-US"}]}},"taxonomy_info":{"product_cat":[{"value":1390,"label":"Figures"},{"value":13511,"label":"New Arrivals"}],"pa_brand":[{"value":2096,"label":"Tamashii Nations"}],"pa_character":[{"value":15664,"label":"Frieza"}],"pa_episode":[{"value":15635,"label":"Dragon Ball Z"}],"pa_license":[{"value":2240,"label":"Dragon Ball"}],"pa_product-type":[{"value":2387,"label":"Figure"}],"pa_theme":[{"value":1813,"label":"S.H. Figuarts"}]},"featured_image_src_large":["https:\/\/endormoonstore.com\/wp-content\/uploads\/2020\/11\/bdidb608277_3.jpg",510,721,false],"author_info":[],"comment_info":"","_links":{"self":[{"href":"https:\/\/endormoonstore.com\/en\/wp-json\/wp\/v2\/product\/95457","targetHints":{"allow":["GET"]}}],"collection":[{"href":"https:\/\/endormoonstore.com\/en\/wp-json\/wp\/v2\/product"}],"about":[{"href":"https:\/\/endormoonstore.com\/en\/wp-json\/wp\/v2\/types\/product"}],"wp:featuredmedia":[{"embeddable":true,"href":"https:\/\/endormoonstore.com\/en\/wp-json\/wp\/v2\/media\/95417"}],"wp:attachment":[{"href":"https:\/\/endormoonstore.com\/en\/wp-json\/wp\/v2\/media?parent=95457"}],"wp:term":[{"taxonomy":"product_cat","embeddable":true,"href":"https:\/\/endormoonstore.com\/en\/wp-json\/wp\/v2\/product_cat?post=95457"},{"taxonomy":"product_tag","embeddable":true,"href":"https:\/\/endormoonstore.com\/en\/wp-json\/wp\/v2\/product_tag?post=95457"}],"curies":[{"name":"wp","href":"https:\/\/api.w.org\/{rel}","templated":true}]}}