{"id":95207,"date":"2023-08-25T00:35:54","date_gmt":"2023-08-24T22:35:54","guid":{"rendered":"https:\/\/endormoonstore.com\/the-texas-chainsaw-massacre-1974-leatherface-deluxe-edition-one-12-collective\/"},"modified":"2023-08-25T21:54:39","modified_gmt":"2023-08-25T19:54:39","slug":"the-texas-chainsaw-massacre-1974-leatherface-deluxe-edition-one-12-collective","status":"publish","type":"product","link":"https:\/\/endormoonstore.com\/en\/the-texas-chainsaw-massacre-1974-leatherface-deluxe-edition-one-12-collective\/","title":{"rendered":"The Texas Chainsaw Massacre 1974 Leatherface Deluxe Edition One:12 Collective"},"content":{"rendered":"<p class=\"p2\"><b>The Texas Chainsaw Massacre 1974 Leatherface Deluxe Edition One:12 Collective\u00a0Figura 17 cm<\/b><\/p>\n<ul class=\"ul1\">\n<li class=\"li2\">Mezco Toyz, dentro de su colecci\u00f3n de figuras The One:12 Collective presenta la figura de Leatherface.<\/li>\n<li class=\"li2\">Uno de los primeros y m\u00e1s influyentes asesinos del g\u00e9nero de terror, basada en el cl\u00e1sico de culto de terror &#8220;La masacre de Texas&#8221;.<\/li>\n<li class=\"li2\">Esta figura articulada de PVC de m\u00e1s de 28 puntos de articulaci\u00f3n, mide unos 17 cm.<\/li>\n<li class=\"li2\">Incluye 8 manos intercambiables, 3 retratos de cabezas igualmente horripilantes, incluidas las infames m\u00e1scaras de &#8220;Pretty Woman&#8221; y &#8220;Old Lady&#8221; como se ve en la pel\u00edcula.<\/li>\n<li class=\"li2\">Lleva una camisa de manga corta con cuello y corbata, el brazalete de Pam en la mu\u00f1eca, pantalones y botas de vaquero.<\/li>\n<li class=\"li2\">Tambi\u00e9n incluye una chaqueta de traje extra\u00edble, un delantal extra\u00edble.<\/li>\n<li class=\"li2\">Adem\u00e1s incluye tambi\u00e9n su motosierra con sonido acelerado con 2 efectos especiales de salpicaduras de sangre adicionales, un mazo con efectos especiales de salpicaduras de sangre adicionales, una cuchilla, un cuchillo para huesos y un cubo y una base soporte para exposici\u00f3n.<\/li>\n<\/ul>\n","protected":false},"excerpt":{"rendered":"<p><strong>The Texas Chainsaw Massacre 1974 Leatherface Deluxe Edition One:12 Collective\u00a0Figura 17 cm<\/strong><\/p>\n<p>Mezco Toyz, dentro de su colecci\u00f3n de figuras The One:12 Collective presenta la figura de Leatherface.<\/p>\n","protected":false},"featured_media":95159,"template":"","meta":{"_acf_changed":false,"_kad_blocks_custom_css":"","_kad_blocks_head_custom_js":"","_kad_blocks_body_custom_js":"","_kad_blocks_footer_custom_js":""},"product_cat":[1390,13511],"product_tag":[],"class_list":{"0":"post-95207","1":"product","2":"type-product","3":"status-publish","4":"has-post-thumbnail","6":"product_cat-figures","7":"product_cat-new-arrivals","8":"pa_brand-mezco-toyz-en","9":"pa_character-leatherface-en","10":"pa_license-the-texas-chainsaw-massacre-en","11":"pa_product-type-figure","12":"pa_theme-one12-collective-en","14":"first","15":"outofstock","16":"taxable","17":"shipping-taxable","18":"purchasable","19":"product-type-simple"},"acf":[],"yoast_head":"<!-- This site is optimized with the Yoast SEO plugin v26.1.1 - https:\/\/yoast.com\/wordpress\/plugins\/seo\/ -->\n<title>The Texas Chainsaw Massacre 1974 Leatherface Deluxe Edition One:12 Collective - EndormoonStore<\/title>\n<meta name=\"robots\" content=\"index, follow, max-snippet:-1, max-image-preview:large, max-video-preview:-1\" \/>\n<link rel=\"canonical\" href=\"https:\/\/endormoonstore.com\/en\/the-texas-chainsaw-massacre-1974-leatherface-deluxe-edition-one-12-collective\/\" \/>\n<meta property=\"og:locale\" content=\"en_US\" \/>\n<meta property=\"og:type\" content=\"article\" \/>\n<meta property=\"og:title\" content=\"The Texas Chainsaw Massacre 1974 Leatherface Deluxe Edition One:12 Collective - EndormoonStore\" \/>\n<meta property=\"og:description\" content=\"The Texas Chainsaw Massacre 1974 Leatherface Deluxe Edition One:12 Collective\u00a0Figura 17 cm  Mezco Toyz, dentro de su colecci\u00f3n de figuras The One:12 Collective presenta la figura de Leatherface.\" \/>\n<meta property=\"og:url\" content=\"https:\/\/endormoonstore.com\/en\/the-texas-chainsaw-massacre-1974-leatherface-deluxe-edition-one-12-collective\/\" \/>\n<meta property=\"og:site_name\" content=\"EndormoonStore\" \/>\n<meta property=\"article:modified_time\" content=\"2023-08-25T19:54:39+00:00\" \/>\n<meta property=\"og:image\" content=\"https:\/\/endormoonstore.com\/wp-content\/uploads\/2020\/11\/9571.jpeg\" \/>\n\t<meta property=\"og:image:width\" content=\"1500\" \/>\n\t<meta property=\"og:image:height\" content=\"1500\" \/>\n\t<meta property=\"og:image:type\" content=\"image\/jpeg\" \/>\n<meta name=\"twitter:card\" content=\"summary_large_image\" \/>\n<meta name=\"twitter:label1\" content=\"Est. reading time\" \/>\n\t<meta name=\"twitter:data1\" content=\"1 minute\" \/>\n<script type=\"application\/ld+json\" class=\"yoast-schema-graph\">{\"@context\":\"https:\/\/schema.org\",\"@graph\":[{\"@type\":\"WebPage\",\"@id\":\"https:\/\/endormoonstore.com\/en\/the-texas-chainsaw-massacre-1974-leatherface-deluxe-edition-one-12-collective\/\",\"url\":\"https:\/\/endormoonstore.com\/en\/the-texas-chainsaw-massacre-1974-leatherface-deluxe-edition-one-12-collective\/\",\"name\":\"The Texas Chainsaw Massacre 1974 Leatherface Deluxe Edition One:12 Collective - EndormoonStore\",\"isPartOf\":{\"@id\":\"https:\/\/endormoonstore.com\/#website\"},\"primaryImageOfPage\":{\"@id\":\"https:\/\/endormoonstore.com\/en\/the-texas-chainsaw-massacre-1974-leatherface-deluxe-edition-one-12-collective\/#primaryimage\"},\"image\":{\"@id\":\"https:\/\/endormoonstore.com\/en\/the-texas-chainsaw-massacre-1974-leatherface-deluxe-edition-one-12-collective\/#primaryimage\"},\"thumbnailUrl\":\"https:\/\/endormoonstore.com\/wp-content\/uploads\/2020\/11\/9571.jpeg\",\"datePublished\":\"2023-08-24T22:35:54+00:00\",\"dateModified\":\"2023-08-25T19:54:39+00:00\",\"breadcrumb\":{\"@id\":\"https:\/\/endormoonstore.com\/en\/the-texas-chainsaw-massacre-1974-leatherface-deluxe-edition-one-12-collective\/#breadcrumb\"},\"inLanguage\":\"en-US\",\"potentialAction\":[{\"@type\":\"ReadAction\",\"target\":[\"https:\/\/endormoonstore.com\/en\/the-texas-chainsaw-massacre-1974-leatherface-deluxe-edition-one-12-collective\/\"]}]},{\"@type\":\"ImageObject\",\"inLanguage\":\"en-US\",\"@id\":\"https:\/\/endormoonstore.com\/en\/the-texas-chainsaw-massacre-1974-leatherface-deluxe-edition-one-12-collective\/#primaryimage\",\"url\":\"https:\/\/endormoonstore.com\/wp-content\/uploads\/2020\/11\/9571.jpeg\",\"contentUrl\":\"https:\/\/endormoonstore.com\/wp-content\/uploads\/2020\/11\/9571.jpeg\",\"width\":1500,\"height\":1500},{\"@type\":\"BreadcrumbList\",\"@id\":\"https:\/\/endormoonstore.com\/en\/the-texas-chainsaw-massacre-1974-leatherface-deluxe-edition-one-12-collective\/#breadcrumb\",\"itemListElement\":[{\"@type\":\"ListItem\",\"position\":1,\"name\":\"Shop\",\"item\":\"https:\/\/endormoonstore.com\/en\/shop\/\"},{\"@type\":\"ListItem\",\"position\":2,\"name\":\"The Texas Chainsaw Massacre 1974 Leatherface Deluxe Edition One:12 Collective\"}]},{\"@type\":\"WebSite\",\"@id\":\"https:\/\/endormoonstore.com\/#website\",\"url\":\"https:\/\/endormoonstore.com\/\",\"name\":\"EndormoonStore\",\"description\":\"\",\"potentialAction\":[{\"@type\":\"SearchAction\",\"target\":{\"@type\":\"EntryPoint\",\"urlTemplate\":\"https:\/\/endormoonstore.com\/?s={search_term_string}\"},\"query-input\":{\"@type\":\"PropertyValueSpecification\",\"valueRequired\":true,\"valueName\":\"search_term_string\"}}],\"inLanguage\":\"en-US\"}]}<\/script>\n<!-- \/ Yoast SEO plugin. -->","yoast_head_json":{"title":"The Texas Chainsaw Massacre 1974 Leatherface Deluxe Edition One:12 Collective - EndormoonStore","robots":{"index":"index","follow":"follow","max-snippet":"max-snippet:-1","max-image-preview":"max-image-preview:large","max-video-preview":"max-video-preview:-1"},"canonical":"https:\/\/endormoonstore.com\/en\/the-texas-chainsaw-massacre-1974-leatherface-deluxe-edition-one-12-collective\/","og_locale":"en_US","og_type":"article","og_title":"The Texas Chainsaw Massacre 1974 Leatherface Deluxe Edition One:12 Collective - EndormoonStore","og_description":"The Texas Chainsaw Massacre 1974 Leatherface Deluxe Edition One:12 Collective\u00a0Figura 17 cm  Mezco Toyz, dentro de su colecci\u00f3n de figuras The One:12 Collective presenta la figura de Leatherface.","og_url":"https:\/\/endormoonstore.com\/en\/the-texas-chainsaw-massacre-1974-leatherface-deluxe-edition-one-12-collective\/","og_site_name":"EndormoonStore","article_modified_time":"2023-08-25T19:54:39+00:00","og_image":[{"width":1500,"height":1500,"url":"https:\/\/endormoonstore.com\/wp-content\/uploads\/2020\/11\/9571.jpeg","type":"image\/jpeg"}],"twitter_card":"summary_large_image","twitter_misc":{"Est. reading time":"1 minute"},"schema":{"@context":"https:\/\/schema.org","@graph":[{"@type":"WebPage","@id":"https:\/\/endormoonstore.com\/en\/the-texas-chainsaw-massacre-1974-leatherface-deluxe-edition-one-12-collective\/","url":"https:\/\/endormoonstore.com\/en\/the-texas-chainsaw-massacre-1974-leatherface-deluxe-edition-one-12-collective\/","name":"The Texas Chainsaw Massacre 1974 Leatherface Deluxe Edition One:12 Collective - EndormoonStore","isPartOf":{"@id":"https:\/\/endormoonstore.com\/#website"},"primaryImageOfPage":{"@id":"https:\/\/endormoonstore.com\/en\/the-texas-chainsaw-massacre-1974-leatherface-deluxe-edition-one-12-collective\/#primaryimage"},"image":{"@id":"https:\/\/endormoonstore.com\/en\/the-texas-chainsaw-massacre-1974-leatherface-deluxe-edition-one-12-collective\/#primaryimage"},"thumbnailUrl":"https:\/\/endormoonstore.com\/wp-content\/uploads\/2020\/11\/9571.jpeg","datePublished":"2023-08-24T22:35:54+00:00","dateModified":"2023-08-25T19:54:39+00:00","breadcrumb":{"@id":"https:\/\/endormoonstore.com\/en\/the-texas-chainsaw-massacre-1974-leatherface-deluxe-edition-one-12-collective\/#breadcrumb"},"inLanguage":"en-US","potentialAction":[{"@type":"ReadAction","target":["https:\/\/endormoonstore.com\/en\/the-texas-chainsaw-massacre-1974-leatherface-deluxe-edition-one-12-collective\/"]}]},{"@type":"ImageObject","inLanguage":"en-US","@id":"https:\/\/endormoonstore.com\/en\/the-texas-chainsaw-massacre-1974-leatherface-deluxe-edition-one-12-collective\/#primaryimage","url":"https:\/\/endormoonstore.com\/wp-content\/uploads\/2020\/11\/9571.jpeg","contentUrl":"https:\/\/endormoonstore.com\/wp-content\/uploads\/2020\/11\/9571.jpeg","width":1500,"height":1500},{"@type":"BreadcrumbList","@id":"https:\/\/endormoonstore.com\/en\/the-texas-chainsaw-massacre-1974-leatherface-deluxe-edition-one-12-collective\/#breadcrumb","itemListElement":[{"@type":"ListItem","position":1,"name":"Shop","item":"https:\/\/endormoonstore.com\/en\/shop\/"},{"@type":"ListItem","position":2,"name":"The Texas Chainsaw Massacre 1974 Leatherface Deluxe Edition One:12 Collective"}]},{"@type":"WebSite","@id":"https:\/\/endormoonstore.com\/#website","url":"https:\/\/endormoonstore.com\/","name":"EndormoonStore","description":"","potentialAction":[{"@type":"SearchAction","target":{"@type":"EntryPoint","urlTemplate":"https:\/\/endormoonstore.com\/?s={search_term_string}"},"query-input":{"@type":"PropertyValueSpecification","valueRequired":true,"valueName":"search_term_string"}}],"inLanguage":"en-US"}]}},"taxonomy_info":{"product_cat":[{"value":1390,"label":"Figures"},{"value":13511,"label":"New Arrivals"}],"pa_brand":[{"value":1638,"label":"Mezco Toyz"}],"pa_character":[{"value":3374,"label":"Leatherface"}],"pa_license":[{"value":16011,"label":"The Texas Chainsaw Massacre"}],"pa_product-type":[{"value":2387,"label":"Figure"}],"pa_theme":[{"value":1885,"label":"One:12 Collective"}]},"featured_image_src_large":["https:\/\/endormoonstore.com\/wp-content\/uploads\/2020\/11\/9571-1024x1024.jpeg",1024,1024,true],"author_info":[],"comment_info":"","_links":{"self":[{"href":"https:\/\/endormoonstore.com\/en\/wp-json\/wp\/v2\/product\/95207","targetHints":{"allow":["GET"]}}],"collection":[{"href":"https:\/\/endormoonstore.com\/en\/wp-json\/wp\/v2\/product"}],"about":[{"href":"https:\/\/endormoonstore.com\/en\/wp-json\/wp\/v2\/types\/product"}],"wp:featuredmedia":[{"embeddable":true,"href":"https:\/\/endormoonstore.com\/en\/wp-json\/wp\/v2\/media\/95159"}],"wp:attachment":[{"href":"https:\/\/endormoonstore.com\/en\/wp-json\/wp\/v2\/media?parent=95207"}],"wp:term":[{"taxonomy":"product_cat","embeddable":true,"href":"https:\/\/endormoonstore.com\/en\/wp-json\/wp\/v2\/product_cat?post=95207"},{"taxonomy":"product_tag","embeddable":true,"href":"https:\/\/endormoonstore.com\/en\/wp-json\/wp\/v2\/product_tag?post=95207"}],"curies":[{"name":"wp","href":"https:\/\/api.w.org\/{rel}","templated":true}]}}