{"id":95157,"date":"2020-11-02T11:30:18","date_gmt":"2020-11-02T10:30:18","guid":{"rendered":"https:\/\/endormoonstore.com\/predator-2-ultimate-battle-damaged-city-hunter-predator-figure\/"},"modified":"2021-06-23T23:09:00","modified_gmt":"2021-06-23T21:09:00","slug":"predator-2-ultimate-battle-damaged-city-hunter-predator-figure","status":"publish","type":"product","link":"https:\/\/endormoonstore.com\/en\/predator-2-ultimate-battle-damaged-city-hunter-predator-figure\/","title":{"rendered":"Predator 2 Ultimate Battle Damaged City Hunter Predator Figure"},"content":{"rendered":"<p><strong>Predator 2 Ultimate Battle Damaged City Hunter Predator Figure 20 cm<\/strong><\/p>\n<ul>\n<li>Neca presenta la figura articulada de m\u00e1s de 30 puntos de articulaci\u00f3n del Predator City Hunter da\u00f1ado, celebrando el aniversario de Predator 2.<\/li>\n<li>Hecha en PVC mide unos 20 cm y viene con un brazo cortado desmontable, discos inteligentes abiertos y cerrados, palos combi, manos intercambiables, bio m\u00e1scara y una nueva escultura de cabeza enmascarada.<\/li>\n<li>Adem\u00e1s de una base soporte para exposici\u00f3n.<\/li>\n<\/ul>\n<p>&nbsp;<\/p>\n","protected":false},"excerpt":{"rendered":"<p><strong>Predator 2 Ultimate Battle Damaged City Hunter Predator Figure 20 cm<\/strong><\/p>\n<p>Neca presenta la figura articulada de m\u00e1s de 30 puntos de articulaci\u00f3n del Predator City Hunter da\u00f1ado, celebrando el aniversario de Predator 2.<\/p>\n","protected":false},"featured_media":95113,"template":"","meta":{"_acf_changed":false,"_kad_blocks_custom_css":"","_kad_blocks_head_custom_js":"","_kad_blocks_body_custom_js":"","_kad_blocks_footer_custom_js":""},"product_cat":[1390],"product_tag":[],"class_list":{"0":"post-95157","1":"product","2":"type-product","3":"status-publish","4":"has-post-thumbnail","6":"product_cat-figures","7":"pa_brand-neca-en","8":"pa_character-predator-en","9":"pa_license-predator-en","10":"pa_product-type-figure","11":"pa_theme-scale-action-figure-en","13":"first","14":"outofstock","15":"taxable","16":"shipping-taxable","17":"purchasable","18":"product-type-simple"},"acf":[],"yoast_head":"<!-- This site is optimized with the Yoast SEO plugin v26.1.1 - https:\/\/yoast.com\/wordpress\/plugins\/seo\/ -->\n<title>Predator 2 Ultimate Battle Damaged City Hunter Predator Figure - EndormoonStore<\/title>\n<meta name=\"robots\" content=\"index, follow, max-snippet:-1, max-image-preview:large, max-video-preview:-1\" \/>\n<link rel=\"canonical\" href=\"https:\/\/endormoonstore.com\/en\/predator-2-ultimate-battle-damaged-city-hunter-predator-figure\/\" \/>\n<meta property=\"og:locale\" content=\"en_US\" \/>\n<meta property=\"og:type\" content=\"article\" \/>\n<meta property=\"og:title\" content=\"Predator 2 Ultimate Battle Damaged City Hunter Predator Figure - EndormoonStore\" \/>\n<meta property=\"og:description\" content=\"Predator 2 Ultimate Battle Damaged City Hunter Predator Figure 20 cm  Neca presenta la figura articulada de m\u00e1s de 30 puntos de articulaci\u00f3n del Predator City Hunter da\u00f1ado, celebrando el aniversario de Predator 2.\" \/>\n<meta property=\"og:url\" content=\"https:\/\/endormoonstore.com\/en\/predator-2-ultimate-battle-damaged-city-hunter-predator-figure\/\" \/>\n<meta property=\"og:site_name\" content=\"EndormoonStore\" \/>\n<meta property=\"article:modified_time\" content=\"2021-06-23T21:09:00+00:00\" \/>\n<meta property=\"og:image\" content=\"https:\/\/endormoonstore.com\/wp-content\/uploads\/2020\/11\/predator_2_ultimate_battle_damaged_city_hunter_predator_figure_-1_1.jpg\" \/>\n\t<meta property=\"og:image:width\" content=\"1040\" \/>\n\t<meta property=\"og:image:height\" content=\"1300\" \/>\n\t<meta property=\"og:image:type\" content=\"image\/jpeg\" \/>\n<meta name=\"twitter:card\" content=\"summary_large_image\" \/>\n<meta name=\"twitter:label1\" content=\"Est. reading time\" \/>\n\t<meta name=\"twitter:data1\" content=\"1 minute\" \/>\n<script type=\"application\/ld+json\" class=\"yoast-schema-graph\">{\"@context\":\"https:\/\/schema.org\",\"@graph\":[{\"@type\":\"WebPage\",\"@id\":\"https:\/\/endormoonstore.com\/en\/predator-2-ultimate-battle-damaged-city-hunter-predator-figure\/\",\"url\":\"https:\/\/endormoonstore.com\/en\/predator-2-ultimate-battle-damaged-city-hunter-predator-figure\/\",\"name\":\"Predator 2 Ultimate Battle Damaged City Hunter Predator Figure - EndormoonStore\",\"isPartOf\":{\"@id\":\"https:\/\/endormoonstore.com\/#website\"},\"primaryImageOfPage\":{\"@id\":\"https:\/\/endormoonstore.com\/en\/predator-2-ultimate-battle-damaged-city-hunter-predator-figure\/#primaryimage\"},\"image\":{\"@id\":\"https:\/\/endormoonstore.com\/en\/predator-2-ultimate-battle-damaged-city-hunter-predator-figure\/#primaryimage\"},\"thumbnailUrl\":\"https:\/\/endormoonstore.com\/wp-content\/uploads\/2020\/11\/predator_2_ultimate_battle_damaged_city_hunter_predator_figure_-1_1.jpg\",\"datePublished\":\"2020-11-02T10:30:18+00:00\",\"dateModified\":\"2021-06-23T21:09:00+00:00\",\"breadcrumb\":{\"@id\":\"https:\/\/endormoonstore.com\/en\/predator-2-ultimate-battle-damaged-city-hunter-predator-figure\/#breadcrumb\"},\"inLanguage\":\"en-US\",\"potentialAction\":[{\"@type\":\"ReadAction\",\"target\":[\"https:\/\/endormoonstore.com\/en\/predator-2-ultimate-battle-damaged-city-hunter-predator-figure\/\"]}]},{\"@type\":\"ImageObject\",\"inLanguage\":\"en-US\",\"@id\":\"https:\/\/endormoonstore.com\/en\/predator-2-ultimate-battle-damaged-city-hunter-predator-figure\/#primaryimage\",\"url\":\"https:\/\/endormoonstore.com\/wp-content\/uploads\/2020\/11\/predator_2_ultimate_battle_damaged_city_hunter_predator_figure_-1_1.jpg\",\"contentUrl\":\"https:\/\/endormoonstore.com\/wp-content\/uploads\/2020\/11\/predator_2_ultimate_battle_damaged_city_hunter_predator_figure_-1_1.jpg\",\"width\":1040,\"height\":1300},{\"@type\":\"BreadcrumbList\",\"@id\":\"https:\/\/endormoonstore.com\/en\/predator-2-ultimate-battle-damaged-city-hunter-predator-figure\/#breadcrumb\",\"itemListElement\":[{\"@type\":\"ListItem\",\"position\":1,\"name\":\"Shop\",\"item\":\"https:\/\/endormoonstore.com\/en\/shop\/\"},{\"@type\":\"ListItem\",\"position\":2,\"name\":\"Predator 2 Ultimate Battle Damaged City Hunter Predator Figure\"}]},{\"@type\":\"WebSite\",\"@id\":\"https:\/\/endormoonstore.com\/#website\",\"url\":\"https:\/\/endormoonstore.com\/\",\"name\":\"EndormoonStore\",\"description\":\"\",\"potentialAction\":[{\"@type\":\"SearchAction\",\"target\":{\"@type\":\"EntryPoint\",\"urlTemplate\":\"https:\/\/endormoonstore.com\/?s={search_term_string}\"},\"query-input\":{\"@type\":\"PropertyValueSpecification\",\"valueRequired\":true,\"valueName\":\"search_term_string\"}}],\"inLanguage\":\"en-US\"}]}<\/script>\n<!-- \/ Yoast SEO plugin. -->","yoast_head_json":{"title":"Predator 2 Ultimate Battle Damaged City Hunter Predator Figure - EndormoonStore","robots":{"index":"index","follow":"follow","max-snippet":"max-snippet:-1","max-image-preview":"max-image-preview:large","max-video-preview":"max-video-preview:-1"},"canonical":"https:\/\/endormoonstore.com\/en\/predator-2-ultimate-battle-damaged-city-hunter-predator-figure\/","og_locale":"en_US","og_type":"article","og_title":"Predator 2 Ultimate Battle Damaged City Hunter Predator Figure - EndormoonStore","og_description":"Predator 2 Ultimate Battle Damaged City Hunter Predator Figure 20 cm  Neca presenta la figura articulada de m\u00e1s de 30 puntos de articulaci\u00f3n del Predator City Hunter da\u00f1ado, celebrando el aniversario de Predator 2.","og_url":"https:\/\/endormoonstore.com\/en\/predator-2-ultimate-battle-damaged-city-hunter-predator-figure\/","og_site_name":"EndormoonStore","article_modified_time":"2021-06-23T21:09:00+00:00","og_image":[{"width":1040,"height":1300,"url":"https:\/\/endormoonstore.com\/wp-content\/uploads\/2020\/11\/predator_2_ultimate_battle_damaged_city_hunter_predator_figure_-1_1.jpg","type":"image\/jpeg"}],"twitter_card":"summary_large_image","twitter_misc":{"Est. reading time":"1 minute"},"schema":{"@context":"https:\/\/schema.org","@graph":[{"@type":"WebPage","@id":"https:\/\/endormoonstore.com\/en\/predator-2-ultimate-battle-damaged-city-hunter-predator-figure\/","url":"https:\/\/endormoonstore.com\/en\/predator-2-ultimate-battle-damaged-city-hunter-predator-figure\/","name":"Predator 2 Ultimate Battle Damaged City Hunter Predator Figure - EndormoonStore","isPartOf":{"@id":"https:\/\/endormoonstore.com\/#website"},"primaryImageOfPage":{"@id":"https:\/\/endormoonstore.com\/en\/predator-2-ultimate-battle-damaged-city-hunter-predator-figure\/#primaryimage"},"image":{"@id":"https:\/\/endormoonstore.com\/en\/predator-2-ultimate-battle-damaged-city-hunter-predator-figure\/#primaryimage"},"thumbnailUrl":"https:\/\/endormoonstore.com\/wp-content\/uploads\/2020\/11\/predator_2_ultimate_battle_damaged_city_hunter_predator_figure_-1_1.jpg","datePublished":"2020-11-02T10:30:18+00:00","dateModified":"2021-06-23T21:09:00+00:00","breadcrumb":{"@id":"https:\/\/endormoonstore.com\/en\/predator-2-ultimate-battle-damaged-city-hunter-predator-figure\/#breadcrumb"},"inLanguage":"en-US","potentialAction":[{"@type":"ReadAction","target":["https:\/\/endormoonstore.com\/en\/predator-2-ultimate-battle-damaged-city-hunter-predator-figure\/"]}]},{"@type":"ImageObject","inLanguage":"en-US","@id":"https:\/\/endormoonstore.com\/en\/predator-2-ultimate-battle-damaged-city-hunter-predator-figure\/#primaryimage","url":"https:\/\/endormoonstore.com\/wp-content\/uploads\/2020\/11\/predator_2_ultimate_battle_damaged_city_hunter_predator_figure_-1_1.jpg","contentUrl":"https:\/\/endormoonstore.com\/wp-content\/uploads\/2020\/11\/predator_2_ultimate_battle_damaged_city_hunter_predator_figure_-1_1.jpg","width":1040,"height":1300},{"@type":"BreadcrumbList","@id":"https:\/\/endormoonstore.com\/en\/predator-2-ultimate-battle-damaged-city-hunter-predator-figure\/#breadcrumb","itemListElement":[{"@type":"ListItem","position":1,"name":"Shop","item":"https:\/\/endormoonstore.com\/en\/shop\/"},{"@type":"ListItem","position":2,"name":"Predator 2 Ultimate Battle Damaged City Hunter Predator Figure"}]},{"@type":"WebSite","@id":"https:\/\/endormoonstore.com\/#website","url":"https:\/\/endormoonstore.com\/","name":"EndormoonStore","description":"","potentialAction":[{"@type":"SearchAction","target":{"@type":"EntryPoint","urlTemplate":"https:\/\/endormoonstore.com\/?s={search_term_string}"},"query-input":{"@type":"PropertyValueSpecification","valueRequired":true,"valueName":"search_term_string"}}],"inLanguage":"en-US"}]}},"taxonomy_info":{"product_cat":[{"value":1390,"label":"Figures"}],"pa_brand":[{"value":2090,"label":"Neca"}],"pa_character":[{"value":2705,"label":"Predator"}],"pa_license":[{"value":2711,"label":"Predator"}],"pa_product-type":[{"value":2387,"label":"Figure"}],"pa_theme":[{"value":2864,"label":"Scale Action Figure"}]},"featured_image_src_large":["https:\/\/endormoonstore.com\/wp-content\/uploads\/2020\/11\/predator_2_ultimate_battle_damaged_city_hunter_predator_figure_-1_1-819x1024.jpg",819,1024,true],"author_info":[],"comment_info":"","_links":{"self":[{"href":"https:\/\/endormoonstore.com\/en\/wp-json\/wp\/v2\/product\/95157","targetHints":{"allow":["GET"]}}],"collection":[{"href":"https:\/\/endormoonstore.com\/en\/wp-json\/wp\/v2\/product"}],"about":[{"href":"https:\/\/endormoonstore.com\/en\/wp-json\/wp\/v2\/types\/product"}],"wp:featuredmedia":[{"embeddable":true,"href":"https:\/\/endormoonstore.com\/en\/wp-json\/wp\/v2\/media\/95113"}],"wp:attachment":[{"href":"https:\/\/endormoonstore.com\/en\/wp-json\/wp\/v2\/media?parent=95157"}],"wp:term":[{"taxonomy":"product_cat","embeddable":true,"href":"https:\/\/endormoonstore.com\/en\/wp-json\/wp\/v2\/product_cat?post=95157"},{"taxonomy":"product_tag","embeddable":true,"href":"https:\/\/endormoonstore.com\/en\/wp-json\/wp\/v2\/product_tag?post=95157"}],"curies":[{"name":"wp","href":"https:\/\/api.w.org\/{rel}","templated":true}]}}