{"id":93641,"date":"2020-10-23T17:17:45","date_gmt":"2020-10-23T15:17:45","guid":{"rendered":"https:\/\/endormoonstore.com\/superslot-ford-mustang-gt4-british-gt-2019-ref-h4173\/"},"modified":"2021-03-06T15:38:02","modified_gmt":"2021-03-06T14:38:02","slug":"superslot-ford-mustang-gt4-british-gt-2019-ref-h4173","status":"publish","type":"product","link":"https:\/\/endormoonstore.com\/en\/superslot-ford-mustang-gt4-british-gt-2019-ref-h4173\/","title":{"rendered":"Superslot Ford Mustang GT4 British GT 2019 Ref H4173"},"content":{"rendered":"<p><strong>Superslot Ford Mustang GT4 British GT 2019 Multimatic Motorsport Ref H4173<\/strong><\/p>\n<ul>\n<li>El Mustang GT4 para 2019 ha tenido un impacto real en el campeonato brit\u00e1nico de GT. Nuevo en la serie brit\u00e1nica GT Multimatic tiene a\u00f1os de experiencia con Ford tanto en series internacionales como en LeMans.<\/li>\n<li>En este coche, el experimentado piloto canadiense Scott Maxwell se une a Seb Priaulx, hijo del multicampe\u00f3n mundial Andy.<\/li>\n<li>El equipo ha tenido una exitosa campa\u00f1a en 2019 con el coche con un buen rendimiento en la dura categor\u00eda GT4.<\/li>\n<li>El Mustang es un autom\u00f3vil grande y poderoso, y se ve muy bien en el asfalto y en la pista slot.Las marcas comerciales y la imagen comercial de Ford Motors Company se utilizan bajo licencia de Hornby Hobbies.<\/li>\n<li>Fabricado por Hornby Hobbies Ltd.<\/li>\n<\/ul>\n<p>&nbsp;<\/p>\n<p>&nbsp;<\/p>\n","protected":false},"excerpt":{"rendered":"<p><strong>Superslot Ford Mustang GT4 British GT 2019 Multimatic Motorsport Ref H4173<\/strong><\/p>\n<p>El Mustang GT4 para 2019 ha tenido un impacto real en el campeonato brit\u00e1nico de GT. Nuevo en la serie brit\u00e1nica GT Multimatic tiene a\u00f1os de experiencia con Ford tanto en series internacionales como en LeMans.<\/p>\n","protected":false},"featured_media":93625,"template":"","meta":{"_acf_changed":false,"_kad_blocks_custom_css":"","_kad_blocks_head_custom_js":"","_kad_blocks_body_custom_js":"","_kad_blocks_footer_custom_js":""},"product_cat":[1388],"product_tag":[],"class_list":{"0":"post-93641","1":"product","2":"type-product","3":"status-publish","4":"has-post-thumbnail","6":"product_cat-modelism","7":"pa_brand-superslot-en","8":"pa_manufacturer-ford-en","9":"pa_theme-slot-en","11":"first","12":"outofstock","13":"taxable","14":"shipping-taxable","15":"purchasable","16":"product-type-simple"},"acf":[],"yoast_head":"<!-- This site is optimized with the Yoast SEO plugin v26.1.1 - https:\/\/yoast.com\/wordpress\/plugins\/seo\/ -->\n<title>Superslot Ford Mustang GT4 British GT 2019 Ref H4173 - EndormoonStore<\/title>\n<meta name=\"robots\" content=\"index, follow, max-snippet:-1, max-image-preview:large, max-video-preview:-1\" \/>\n<link rel=\"canonical\" href=\"https:\/\/endormoonstore.com\/en\/superslot-ford-mustang-gt4-british-gt-2019-ref-h4173\/\" \/>\n<meta property=\"og:locale\" content=\"en_US\" \/>\n<meta property=\"og:type\" content=\"article\" \/>\n<meta property=\"og:title\" content=\"Superslot Ford Mustang GT4 British GT 2019 Ref H4173 - EndormoonStore\" \/>\n<meta property=\"og:description\" content=\"Superslot Ford Mustang GT4 British GT 2019 Multimatic Motorsport Ref H4173  El Mustang GT4 para 2019 ha tenido un impacto real en el campeonato brit\u00e1nico de GT. Nuevo en la serie brit\u00e1nica GT Multimatic tiene a\u00f1os de experiencia con Ford tanto en series internacionales como en LeMans.\" \/>\n<meta property=\"og:url\" content=\"https:\/\/endormoonstore.com\/en\/superslot-ford-mustang-gt4-british-gt-2019-ref-h4173\/\" \/>\n<meta property=\"og:site_name\" content=\"EndormoonStore\" \/>\n<meta property=\"article:modified_time\" content=\"2021-03-06T14:38:02+00:00\" \/>\n<meta property=\"og:image\" content=\"https:\/\/endormoonstore.com\/wp-content\/uploads\/2020\/10\/ford_mustang_gt4_-_british_gt_2019_-_multimatic_motorsports-1.jpg\" \/>\n\t<meta property=\"og:image:width\" content=\"1500\" \/>\n\t<meta property=\"og:image:height\" content=\"938\" \/>\n\t<meta property=\"og:image:type\" content=\"image\/jpeg\" \/>\n<meta name=\"twitter:card\" content=\"summary_large_image\" \/>\n<meta name=\"twitter:label1\" content=\"Est. reading time\" \/>\n\t<meta name=\"twitter:data1\" content=\"1 minute\" \/>\n<script type=\"application\/ld+json\" class=\"yoast-schema-graph\">{\"@context\":\"https:\/\/schema.org\",\"@graph\":[{\"@type\":\"WebPage\",\"@id\":\"https:\/\/endormoonstore.com\/en\/superslot-ford-mustang-gt4-british-gt-2019-ref-h4173\/\",\"url\":\"https:\/\/endormoonstore.com\/en\/superslot-ford-mustang-gt4-british-gt-2019-ref-h4173\/\",\"name\":\"Superslot Ford Mustang GT4 British GT 2019 Ref H4173 - EndormoonStore\",\"isPartOf\":{\"@id\":\"https:\/\/endormoonstore.com\/#website\"},\"primaryImageOfPage\":{\"@id\":\"https:\/\/endormoonstore.com\/en\/superslot-ford-mustang-gt4-british-gt-2019-ref-h4173\/#primaryimage\"},\"image\":{\"@id\":\"https:\/\/endormoonstore.com\/en\/superslot-ford-mustang-gt4-british-gt-2019-ref-h4173\/#primaryimage\"},\"thumbnailUrl\":\"https:\/\/endormoonstore.com\/wp-content\/uploads\/2020\/10\/ford_mustang_gt4_-_british_gt_2019_-_multimatic_motorsports-1.jpg\",\"datePublished\":\"2020-10-23T15:17:45+00:00\",\"dateModified\":\"2021-03-06T14:38:02+00:00\",\"breadcrumb\":{\"@id\":\"https:\/\/endormoonstore.com\/en\/superslot-ford-mustang-gt4-british-gt-2019-ref-h4173\/#breadcrumb\"},\"inLanguage\":\"en-US\",\"potentialAction\":[{\"@type\":\"ReadAction\",\"target\":[\"https:\/\/endormoonstore.com\/en\/superslot-ford-mustang-gt4-british-gt-2019-ref-h4173\/\"]}]},{\"@type\":\"ImageObject\",\"inLanguage\":\"en-US\",\"@id\":\"https:\/\/endormoonstore.com\/en\/superslot-ford-mustang-gt4-british-gt-2019-ref-h4173\/#primaryimage\",\"url\":\"https:\/\/endormoonstore.com\/wp-content\/uploads\/2020\/10\/ford_mustang_gt4_-_british_gt_2019_-_multimatic_motorsports-1.jpg\",\"contentUrl\":\"https:\/\/endormoonstore.com\/wp-content\/uploads\/2020\/10\/ford_mustang_gt4_-_british_gt_2019_-_multimatic_motorsports-1.jpg\",\"width\":1500,\"height\":938},{\"@type\":\"BreadcrumbList\",\"@id\":\"https:\/\/endormoonstore.com\/en\/superslot-ford-mustang-gt4-british-gt-2019-ref-h4173\/#breadcrumb\",\"itemListElement\":[{\"@type\":\"ListItem\",\"position\":1,\"name\":\"Shop\",\"item\":\"https:\/\/endormoonstore.com\/en\/shop\/\"},{\"@type\":\"ListItem\",\"position\":2,\"name\":\"Superslot Ford Mustang GT4 British GT 2019 Ref H4173\"}]},{\"@type\":\"WebSite\",\"@id\":\"https:\/\/endormoonstore.com\/#website\",\"url\":\"https:\/\/endormoonstore.com\/\",\"name\":\"EndormoonStore\",\"description\":\"\",\"potentialAction\":[{\"@type\":\"SearchAction\",\"target\":{\"@type\":\"EntryPoint\",\"urlTemplate\":\"https:\/\/endormoonstore.com\/?s={search_term_string}\"},\"query-input\":{\"@type\":\"PropertyValueSpecification\",\"valueRequired\":true,\"valueName\":\"search_term_string\"}}],\"inLanguage\":\"en-US\"}]}<\/script>\n<!-- \/ Yoast SEO plugin. -->","yoast_head_json":{"title":"Superslot Ford Mustang GT4 British GT 2019 Ref H4173 - EndormoonStore","robots":{"index":"index","follow":"follow","max-snippet":"max-snippet:-1","max-image-preview":"max-image-preview:large","max-video-preview":"max-video-preview:-1"},"canonical":"https:\/\/endormoonstore.com\/en\/superslot-ford-mustang-gt4-british-gt-2019-ref-h4173\/","og_locale":"en_US","og_type":"article","og_title":"Superslot Ford Mustang GT4 British GT 2019 Ref H4173 - EndormoonStore","og_description":"Superslot Ford Mustang GT4 British GT 2019 Multimatic Motorsport Ref H4173  El Mustang GT4 para 2019 ha tenido un impacto real en el campeonato brit\u00e1nico de GT. Nuevo en la serie brit\u00e1nica GT Multimatic tiene a\u00f1os de experiencia con Ford tanto en series internacionales como en LeMans.","og_url":"https:\/\/endormoonstore.com\/en\/superslot-ford-mustang-gt4-british-gt-2019-ref-h4173\/","og_site_name":"EndormoonStore","article_modified_time":"2021-03-06T14:38:02+00:00","og_image":[{"width":1500,"height":938,"url":"https:\/\/endormoonstore.com\/wp-content\/uploads\/2020\/10\/ford_mustang_gt4_-_british_gt_2019_-_multimatic_motorsports-1.jpg","type":"image\/jpeg"}],"twitter_card":"summary_large_image","twitter_misc":{"Est. reading time":"1 minute"},"schema":{"@context":"https:\/\/schema.org","@graph":[{"@type":"WebPage","@id":"https:\/\/endormoonstore.com\/en\/superslot-ford-mustang-gt4-british-gt-2019-ref-h4173\/","url":"https:\/\/endormoonstore.com\/en\/superslot-ford-mustang-gt4-british-gt-2019-ref-h4173\/","name":"Superslot Ford Mustang GT4 British GT 2019 Ref H4173 - EndormoonStore","isPartOf":{"@id":"https:\/\/endormoonstore.com\/#website"},"primaryImageOfPage":{"@id":"https:\/\/endormoonstore.com\/en\/superslot-ford-mustang-gt4-british-gt-2019-ref-h4173\/#primaryimage"},"image":{"@id":"https:\/\/endormoonstore.com\/en\/superslot-ford-mustang-gt4-british-gt-2019-ref-h4173\/#primaryimage"},"thumbnailUrl":"https:\/\/endormoonstore.com\/wp-content\/uploads\/2020\/10\/ford_mustang_gt4_-_british_gt_2019_-_multimatic_motorsports-1.jpg","datePublished":"2020-10-23T15:17:45+00:00","dateModified":"2021-03-06T14:38:02+00:00","breadcrumb":{"@id":"https:\/\/endormoonstore.com\/en\/superslot-ford-mustang-gt4-british-gt-2019-ref-h4173\/#breadcrumb"},"inLanguage":"en-US","potentialAction":[{"@type":"ReadAction","target":["https:\/\/endormoonstore.com\/en\/superslot-ford-mustang-gt4-british-gt-2019-ref-h4173\/"]}]},{"@type":"ImageObject","inLanguage":"en-US","@id":"https:\/\/endormoonstore.com\/en\/superslot-ford-mustang-gt4-british-gt-2019-ref-h4173\/#primaryimage","url":"https:\/\/endormoonstore.com\/wp-content\/uploads\/2020\/10\/ford_mustang_gt4_-_british_gt_2019_-_multimatic_motorsports-1.jpg","contentUrl":"https:\/\/endormoonstore.com\/wp-content\/uploads\/2020\/10\/ford_mustang_gt4_-_british_gt_2019_-_multimatic_motorsports-1.jpg","width":1500,"height":938},{"@type":"BreadcrumbList","@id":"https:\/\/endormoonstore.com\/en\/superslot-ford-mustang-gt4-british-gt-2019-ref-h4173\/#breadcrumb","itemListElement":[{"@type":"ListItem","position":1,"name":"Shop","item":"https:\/\/endormoonstore.com\/en\/shop\/"},{"@type":"ListItem","position":2,"name":"Superslot Ford Mustang GT4 British GT 2019 Ref H4173"}]},{"@type":"WebSite","@id":"https:\/\/endormoonstore.com\/#website","url":"https:\/\/endormoonstore.com\/","name":"EndormoonStore","description":"","potentialAction":[{"@type":"SearchAction","target":{"@type":"EntryPoint","urlTemplate":"https:\/\/endormoonstore.com\/?s={search_term_string}"},"query-input":{"@type":"PropertyValueSpecification","valueRequired":true,"valueName":"search_term_string"}}],"inLanguage":"en-US"}]}},"taxonomy_info":{"product_cat":[{"value":1388,"label":"Modelism"}],"pa_brand":[{"value":1760,"label":"SuperSlot"}],"pa_manufacturer":[{"value":3632,"label":"Ford"}],"pa_theme":[{"value":2162,"label":"Slot"}]},"featured_image_src_large":["https:\/\/endormoonstore.com\/wp-content\/uploads\/2020\/10\/ford_mustang_gt4_-_british_gt_2019_-_multimatic_motorsports-1-1024x640.jpg",1024,640,true],"author_info":[],"comment_info":"","_links":{"self":[{"href":"https:\/\/endormoonstore.com\/en\/wp-json\/wp\/v2\/product\/93641","targetHints":{"allow":["GET"]}}],"collection":[{"href":"https:\/\/endormoonstore.com\/en\/wp-json\/wp\/v2\/product"}],"about":[{"href":"https:\/\/endormoonstore.com\/en\/wp-json\/wp\/v2\/types\/product"}],"wp:featuredmedia":[{"embeddable":true,"href":"https:\/\/endormoonstore.com\/en\/wp-json\/wp\/v2\/media\/93625"}],"wp:attachment":[{"href":"https:\/\/endormoonstore.com\/en\/wp-json\/wp\/v2\/media?parent=93641"}],"wp:term":[{"taxonomy":"product_cat","embeddable":true,"href":"https:\/\/endormoonstore.com\/en\/wp-json\/wp\/v2\/product_cat?post=93641"},{"taxonomy":"product_tag","embeddable":true,"href":"https:\/\/endormoonstore.com\/en\/wp-json\/wp\/v2\/product_tag?post=93641"}],"curies":[{"name":"wp","href":"https:\/\/api.w.org\/{rel}","templated":true}]}}