{"id":93127,"date":"2020-10-15T20:05:21","date_gmt":"2020-10-15T18:05:21","guid":{"rendered":"https:\/\/endormoonstore.com\/tomioka-giyu-water-breathing-kimetsu-no-yaiba-demon-slayer-figuarts-zero\/"},"modified":"2022-02-05T00:05:53","modified_gmt":"2022-02-04T23:05:53","slug":"giyu-tomioka-water-breathing-kimetsu-no-yaiba-demon-slayer-figuarts-zero","status":"publish","type":"product","link":"https:\/\/endormoonstore.com\/en\/giyu-tomioka-water-breathing-kimetsu-no-yaiba-demon-slayer-figuarts-zero\/","title":{"rendered":"Giyu Tomioka Water Breathing Kimetsu No Yaiba Demon Slayer Figuarts Zero"},"content":{"rendered":"<p><strong>Giyu Tomioka Water Breathing Kimetsu No Yaiba Demon Slayer Figuarts Zero Figura 17 cm<\/strong><\/p>\n<ul>\n<li>Tamashii Nations presenta esta figura para la colecci\u00f3n Figuarts Zero basadas en el anime &#8220;Demon Slayer&#8221;.<\/li>\n<li>Se trata de la figura de Tomioka Giyu en su versi\u00f3n Water Breathing.<\/li>\n<li>Est\u00e1 hecha en PVC y mide unos 17 cm.<\/li>\n<li>Incluye efectos especiales de respiraci\u00f3n, escultura din\u00e1mica y abundante uso de partes transl\u00facidas para recrear sus poderosos ataques en tres dimensiones, adem\u00e1s de una base soporte para su exposici\u00f3n.<\/li>\n<\/ul>\n<p>&nbsp;<\/p>\n","protected":false},"excerpt":{"rendered":"<p><strong>Giyu Tomioka Water Breathing Kimetsu No Yaiba Demon Slayer Figuarts Zero Figura 17 cm<\/strong><\/p>\n<p>Tamashii Nations presenta esta figura para la colecci\u00f3n Figuarts Zero basadas en el anime &#8220;Demon Slayer&#8221;.<\/p>\n","protected":false},"featured_media":93111,"template":"","meta":{"_acf_changed":false,"_kad_blocks_custom_css":"","_kad_blocks_head_custom_js":"","_kad_blocks_body_custom_js":"","_kad_blocks_footer_custom_js":""},"product_cat":[1390],"product_tag":[],"class_list":{"0":"post-93127","1":"product","2":"type-product","3":"status-publish","4":"has-post-thumbnail","6":"product_cat-figures","7":"pa_brand-tamashii-nations-en","8":"pa_character-giyu-tomioka-en","9":"pa_license-kimetsu-no-yaiba-demon-slayer-en","10":"pa_product-type-figure","11":"pa_theme-figuarts-zero-en","13":"first","14":"outofstock","15":"taxable","16":"shipping-taxable","17":"purchasable","18":"product-type-simple"},"acf":[],"yoast_head":"<!-- This site is optimized with the Yoast SEO plugin v26.1.1 - https:\/\/yoast.com\/wordpress\/plugins\/seo\/ -->\n<title>Giyu Tomioka Water Breathing Kimetsu No Yaiba Demon Slayer Figuarts Zero - EndormoonStore<\/title>\n<meta name=\"robots\" content=\"index, follow, max-snippet:-1, max-image-preview:large, max-video-preview:-1\" \/>\n<link rel=\"canonical\" href=\"https:\/\/endormoonstore.com\/en\/giyu-tomioka-water-breathing-kimetsu-no-yaiba-demon-slayer-figuarts-zero\/\" \/>\n<meta property=\"og:locale\" content=\"en_US\" \/>\n<meta property=\"og:type\" content=\"article\" \/>\n<meta property=\"og:title\" content=\"Giyu Tomioka Water Breathing Kimetsu No Yaiba Demon Slayer Figuarts Zero - EndormoonStore\" \/>\n<meta property=\"og:description\" content=\"Giyu Tomioka Water Breathing Kimetsu No Yaiba Demon Slayer Figuarts Zero Figura 17 cm  Tamashii Nations presenta esta figura para la colecci\u00f3n Figuarts Zero basadas en el anime &quot;Demon Slayer&quot;.\" \/>\n<meta property=\"og:url\" content=\"https:\/\/endormoonstore.com\/en\/giyu-tomioka-water-breathing-kimetsu-no-yaiba-demon-slayer-figuarts-zero\/\" \/>\n<meta property=\"og:site_name\" content=\"EndormoonStore\" \/>\n<meta property=\"article:modified_time\" content=\"2022-02-04T23:05:53+00:00\" \/>\n<meta property=\"og:image\" content=\"https:\/\/endormoonstore.com\/wp-content\/uploads\/2020\/10\/tomioka_giyu_water_breathing_figura_17_cm_kimetsu_no_yaiba_demon_slayer_figuarts_zero-1.jpg\" \/>\n\t<meta property=\"og:image:width\" content=\"857\" \/>\n\t<meta property=\"og:image:height\" content=\"1200\" \/>\n\t<meta property=\"og:image:type\" content=\"image\/jpeg\" \/>\n<meta name=\"twitter:card\" content=\"summary_large_image\" \/>\n<meta name=\"twitter:label1\" content=\"Est. reading time\" \/>\n\t<meta name=\"twitter:data1\" content=\"1 minute\" \/>\n<script type=\"application\/ld+json\" class=\"yoast-schema-graph\">{\"@context\":\"https:\/\/schema.org\",\"@graph\":[{\"@type\":\"WebPage\",\"@id\":\"https:\/\/endormoonstore.com\/en\/giyu-tomioka-water-breathing-kimetsu-no-yaiba-demon-slayer-figuarts-zero\/\",\"url\":\"https:\/\/endormoonstore.com\/en\/giyu-tomioka-water-breathing-kimetsu-no-yaiba-demon-slayer-figuarts-zero\/\",\"name\":\"Giyu Tomioka Water Breathing Kimetsu No Yaiba Demon Slayer Figuarts Zero - EndormoonStore\",\"isPartOf\":{\"@id\":\"https:\/\/endormoonstore.com\/#website\"},\"primaryImageOfPage\":{\"@id\":\"https:\/\/endormoonstore.com\/en\/giyu-tomioka-water-breathing-kimetsu-no-yaiba-demon-slayer-figuarts-zero\/#primaryimage\"},\"image\":{\"@id\":\"https:\/\/endormoonstore.com\/en\/giyu-tomioka-water-breathing-kimetsu-no-yaiba-demon-slayer-figuarts-zero\/#primaryimage\"},\"thumbnailUrl\":\"https:\/\/endormoonstore.com\/wp-content\/uploads\/2020\/10\/tomioka_giyu_water_breathing_figura_17_cm_kimetsu_no_yaiba_demon_slayer_figuarts_zero-1.jpg\",\"datePublished\":\"2020-10-15T18:05:21+00:00\",\"dateModified\":\"2022-02-04T23:05:53+00:00\",\"breadcrumb\":{\"@id\":\"https:\/\/endormoonstore.com\/en\/giyu-tomioka-water-breathing-kimetsu-no-yaiba-demon-slayer-figuarts-zero\/#breadcrumb\"},\"inLanguage\":\"en-US\",\"potentialAction\":[{\"@type\":\"ReadAction\",\"target\":[\"https:\/\/endormoonstore.com\/en\/giyu-tomioka-water-breathing-kimetsu-no-yaiba-demon-slayer-figuarts-zero\/\"]}]},{\"@type\":\"ImageObject\",\"inLanguage\":\"en-US\",\"@id\":\"https:\/\/endormoonstore.com\/en\/giyu-tomioka-water-breathing-kimetsu-no-yaiba-demon-slayer-figuarts-zero\/#primaryimage\",\"url\":\"https:\/\/endormoonstore.com\/wp-content\/uploads\/2020\/10\/tomioka_giyu_water_breathing_figura_17_cm_kimetsu_no_yaiba_demon_slayer_figuarts_zero-1.jpg\",\"contentUrl\":\"https:\/\/endormoonstore.com\/wp-content\/uploads\/2020\/10\/tomioka_giyu_water_breathing_figura_17_cm_kimetsu_no_yaiba_demon_slayer_figuarts_zero-1.jpg\",\"width\":857,\"height\":1200},{\"@type\":\"BreadcrumbList\",\"@id\":\"https:\/\/endormoonstore.com\/en\/giyu-tomioka-water-breathing-kimetsu-no-yaiba-demon-slayer-figuarts-zero\/#breadcrumb\",\"itemListElement\":[{\"@type\":\"ListItem\",\"position\":1,\"name\":\"Shop\",\"item\":\"https:\/\/endormoonstore.com\/en\/shop\/\"},{\"@type\":\"ListItem\",\"position\":2,\"name\":\"Giyu Tomioka Water Breathing Kimetsu No Yaiba Demon Slayer Figuarts Zero\"}]},{\"@type\":\"WebSite\",\"@id\":\"https:\/\/endormoonstore.com\/#website\",\"url\":\"https:\/\/endormoonstore.com\/\",\"name\":\"EndormoonStore\",\"description\":\"\",\"potentialAction\":[{\"@type\":\"SearchAction\",\"target\":{\"@type\":\"EntryPoint\",\"urlTemplate\":\"https:\/\/endormoonstore.com\/?s={search_term_string}\"},\"query-input\":{\"@type\":\"PropertyValueSpecification\",\"valueRequired\":true,\"valueName\":\"search_term_string\"}}],\"inLanguage\":\"en-US\"}]}<\/script>\n<!-- \/ Yoast SEO plugin. -->","yoast_head_json":{"title":"Giyu Tomioka Water Breathing Kimetsu No Yaiba Demon Slayer Figuarts Zero - EndormoonStore","robots":{"index":"index","follow":"follow","max-snippet":"max-snippet:-1","max-image-preview":"max-image-preview:large","max-video-preview":"max-video-preview:-1"},"canonical":"https:\/\/endormoonstore.com\/en\/giyu-tomioka-water-breathing-kimetsu-no-yaiba-demon-slayer-figuarts-zero\/","og_locale":"en_US","og_type":"article","og_title":"Giyu Tomioka Water Breathing Kimetsu No Yaiba Demon Slayer Figuarts Zero - EndormoonStore","og_description":"Giyu Tomioka Water Breathing Kimetsu No Yaiba Demon Slayer Figuarts Zero Figura 17 cm  Tamashii Nations presenta esta figura para la colecci\u00f3n Figuarts Zero basadas en el anime \"Demon Slayer\".","og_url":"https:\/\/endormoonstore.com\/en\/giyu-tomioka-water-breathing-kimetsu-no-yaiba-demon-slayer-figuarts-zero\/","og_site_name":"EndormoonStore","article_modified_time":"2022-02-04T23:05:53+00:00","og_image":[{"width":857,"height":1200,"url":"https:\/\/endormoonstore.com\/wp-content\/uploads\/2020\/10\/tomioka_giyu_water_breathing_figura_17_cm_kimetsu_no_yaiba_demon_slayer_figuarts_zero-1.jpg","type":"image\/jpeg"}],"twitter_card":"summary_large_image","twitter_misc":{"Est. reading time":"1 minute"},"schema":{"@context":"https:\/\/schema.org","@graph":[{"@type":"WebPage","@id":"https:\/\/endormoonstore.com\/en\/giyu-tomioka-water-breathing-kimetsu-no-yaiba-demon-slayer-figuarts-zero\/","url":"https:\/\/endormoonstore.com\/en\/giyu-tomioka-water-breathing-kimetsu-no-yaiba-demon-slayer-figuarts-zero\/","name":"Giyu Tomioka Water Breathing Kimetsu No Yaiba Demon Slayer Figuarts Zero - EndormoonStore","isPartOf":{"@id":"https:\/\/endormoonstore.com\/#website"},"primaryImageOfPage":{"@id":"https:\/\/endormoonstore.com\/en\/giyu-tomioka-water-breathing-kimetsu-no-yaiba-demon-slayer-figuarts-zero\/#primaryimage"},"image":{"@id":"https:\/\/endormoonstore.com\/en\/giyu-tomioka-water-breathing-kimetsu-no-yaiba-demon-slayer-figuarts-zero\/#primaryimage"},"thumbnailUrl":"https:\/\/endormoonstore.com\/wp-content\/uploads\/2020\/10\/tomioka_giyu_water_breathing_figura_17_cm_kimetsu_no_yaiba_demon_slayer_figuarts_zero-1.jpg","datePublished":"2020-10-15T18:05:21+00:00","dateModified":"2022-02-04T23:05:53+00:00","breadcrumb":{"@id":"https:\/\/endormoonstore.com\/en\/giyu-tomioka-water-breathing-kimetsu-no-yaiba-demon-slayer-figuarts-zero\/#breadcrumb"},"inLanguage":"en-US","potentialAction":[{"@type":"ReadAction","target":["https:\/\/endormoonstore.com\/en\/giyu-tomioka-water-breathing-kimetsu-no-yaiba-demon-slayer-figuarts-zero\/"]}]},{"@type":"ImageObject","inLanguage":"en-US","@id":"https:\/\/endormoonstore.com\/en\/giyu-tomioka-water-breathing-kimetsu-no-yaiba-demon-slayer-figuarts-zero\/#primaryimage","url":"https:\/\/endormoonstore.com\/wp-content\/uploads\/2020\/10\/tomioka_giyu_water_breathing_figura_17_cm_kimetsu_no_yaiba_demon_slayer_figuarts_zero-1.jpg","contentUrl":"https:\/\/endormoonstore.com\/wp-content\/uploads\/2020\/10\/tomioka_giyu_water_breathing_figura_17_cm_kimetsu_no_yaiba_demon_slayer_figuarts_zero-1.jpg","width":857,"height":1200},{"@type":"BreadcrumbList","@id":"https:\/\/endormoonstore.com\/en\/giyu-tomioka-water-breathing-kimetsu-no-yaiba-demon-slayer-figuarts-zero\/#breadcrumb","itemListElement":[{"@type":"ListItem","position":1,"name":"Shop","item":"https:\/\/endormoonstore.com\/en\/shop\/"},{"@type":"ListItem","position":2,"name":"Giyu Tomioka Water Breathing Kimetsu No Yaiba Demon Slayer Figuarts Zero"}]},{"@type":"WebSite","@id":"https:\/\/endormoonstore.com\/#website","url":"https:\/\/endormoonstore.com\/","name":"EndormoonStore","description":"","potentialAction":[{"@type":"SearchAction","target":{"@type":"EntryPoint","urlTemplate":"https:\/\/endormoonstore.com\/?s={search_term_string}"},"query-input":{"@type":"PropertyValueSpecification","valueRequired":true,"valueName":"search_term_string"}}],"inLanguage":"en-US"}]}},"taxonomy_info":{"product_cat":[{"value":1390,"label":"Figures"}],"pa_brand":[{"value":2096,"label":"Tamashii Nations"}],"pa_character":[{"value":7230,"label":"Giyu Tomioka"}],"pa_license":[{"value":2609,"label":"Kimetsu no Yaiba: Demon Slayer"}],"pa_product-type":[{"value":2387,"label":"Figure"}],"pa_theme":[{"value":2900,"label":"Figuarts Zero"}]},"featured_image_src_large":["https:\/\/endormoonstore.com\/wp-content\/uploads\/2020\/10\/tomioka_giyu_water_breathing_figura_17_cm_kimetsu_no_yaiba_demon_slayer_figuarts_zero-1-731x1024.jpg",731,1024,true],"author_info":[],"comment_info":"","_links":{"self":[{"href":"https:\/\/endormoonstore.com\/en\/wp-json\/wp\/v2\/product\/93127","targetHints":{"allow":["GET"]}}],"collection":[{"href":"https:\/\/endormoonstore.com\/en\/wp-json\/wp\/v2\/product"}],"about":[{"href":"https:\/\/endormoonstore.com\/en\/wp-json\/wp\/v2\/types\/product"}],"wp:featuredmedia":[{"embeddable":true,"href":"https:\/\/endormoonstore.com\/en\/wp-json\/wp\/v2\/media\/93111"}],"wp:attachment":[{"href":"https:\/\/endormoonstore.com\/en\/wp-json\/wp\/v2\/media?parent=93127"}],"wp:term":[{"taxonomy":"product_cat","embeddable":true,"href":"https:\/\/endormoonstore.com\/en\/wp-json\/wp\/v2\/product_cat?post=93127"},{"taxonomy":"product_tag","embeddable":true,"href":"https:\/\/endormoonstore.com\/en\/wp-json\/wp\/v2\/product_tag?post=93127"}],"curies":[{"name":"wp","href":"https:\/\/api.w.org\/{rel}","templated":true}]}}