{"id":93079,"date":"2020-10-15T19:34:16","date_gmt":"2020-10-15T17:34:16","guid":{"rendered":"https:\/\/endormoonstore.com\/batman-returns-catwoman-michelle-pfeiffer-1-4-scale-action-figure\/"},"modified":"2021-05-22T15:26:51","modified_gmt":"2021-05-22T13:26:51","slug":"batman-returns-catwoman-michelle-pfeiffer-1-4-scale-action-figure","status":"publish","type":"product","link":"https:\/\/endormoonstore.com\/en\/batman-returns-catwoman-michelle-pfeiffer-1-4-scale-action-figure\/","title":{"rendered":"Batman Returns Catwoman Michelle Pfeiffer 1\/4 Scale Action Figure"},"content":{"rendered":"<p><strong>Batman Returns Catwoman Michelle Pfeiffer 1\/4 Scale Action Figure 45\u00a0cm<\/strong><\/p>\n<ul>\n<li>Neca presenta esta espectacular figura de Catwoman dentro de su colecci\u00f3n de 45 cm (escala 1\/4).<\/li>\n<li>Se trata de la versi\u00f3n protagonizada por la actriz Michell Pfeiffer en la pel\u00edcula de Tim Burton &#8220;Batman Returns&#8221; (1992).<\/li>\n<li>Esta figura de PVC tiene 30 puntos de articulaci\u00f3n.<\/li>\n<li>Esculpida con un parecido asombroso con el personaje.<\/li>\n<li>Incluye manos alternativas y otra versi\u00f3n de la cabeza con la m\u00e1scara da\u00f1ada y pelo sint\u00e9tico.<\/li>\n<\/ul>\n<p>&nbsp;<\/p>\n","protected":false},"excerpt":{"rendered":"<p><strong>Batman Returns Catwoman Michelle Pfeiffer 1\/4 Scale Action Figure 45\u00a0cm<\/strong><\/p>\n<p>Neca presenta esta espectacular figura de Catwoman dentro de su colecci\u00f3n de 45 cm (escala 1\/4).<\/p>\n","protected":false},"featured_media":93055,"template":"","meta":{"_acf_changed":false,"_kad_blocks_custom_css":"","_kad_blocks_head_custom_js":"","_kad_blocks_body_custom_js":"","_kad_blocks_footer_custom_js":""},"product_cat":[1390],"product_tag":[],"class_list":{"0":"post-93079","1":"product","2":"type-product","3":"status-publish","4":"has-post-thumbnail","6":"product_cat-figures","7":"pa_brand-neca-en","8":"pa_character-catwoman-en","9":"pa_license-dc-universe-en","10":"pa_product-type-figure","11":"pa_theme-scale-action-figure-en","13":"first","14":"outofstock","15":"taxable","16":"shipping-taxable","17":"purchasable","18":"product-type-simple"},"acf":[],"yoast_head":"<!-- This site is optimized with the Yoast SEO plugin v26.1.1 - https:\/\/yoast.com\/wordpress\/plugins\/seo\/ -->\n<title>Batman Returns Catwoman Michelle Pfeiffer 1\/4 Scale Action Figure - EndormoonStore<\/title>\n<meta name=\"robots\" content=\"index, follow, max-snippet:-1, max-image-preview:large, max-video-preview:-1\" \/>\n<link rel=\"canonical\" href=\"https:\/\/endormoonstore.com\/en\/batman-returns-catwoman-michelle-pfeiffer-1-4-scale-action-figure\/\" \/>\n<meta property=\"og:locale\" content=\"en_US\" \/>\n<meta property=\"og:type\" content=\"article\" \/>\n<meta property=\"og:title\" content=\"Batman Returns Catwoman Michelle Pfeiffer 1\/4 Scale Action Figure - EndormoonStore\" \/>\n<meta property=\"og:description\" content=\"Batman Returns Catwoman Michelle Pfeiffer 1\/4 Scale Action Figure 45\u00a0cm  Neca presenta esta espectacular figura de Catwoman dentro de su colecci\u00f3n de 45 cm (escala 1\/4).\" \/>\n<meta property=\"og:url\" content=\"https:\/\/endormoonstore.com\/en\/batman-returns-catwoman-michelle-pfeiffer-1-4-scale-action-figure\/\" \/>\n<meta property=\"og:site_name\" content=\"EndormoonStore\" \/>\n<meta property=\"article:modified_time\" content=\"2021-05-22T13:26:51+00:00\" \/>\n<meta property=\"og:image\" content=\"https:\/\/endormoonstore.com\/wp-content\/uploads\/2020\/10\/batman_returns_catwoman_michelle_pfeiffer_1_4_scale_action_figure_-6.jpg\" \/>\n\t<meta property=\"og:image:width\" content=\"1000\" \/>\n\t<meta property=\"og:image:height\" content=\"750\" \/>\n\t<meta property=\"og:image:type\" content=\"image\/jpeg\" \/>\n<meta name=\"twitter:card\" content=\"summary_large_image\" \/>\n<meta name=\"twitter:label1\" content=\"Est. reading time\" \/>\n\t<meta name=\"twitter:data1\" content=\"1 minute\" \/>\n<script type=\"application\/ld+json\" class=\"yoast-schema-graph\">{\"@context\":\"https:\/\/schema.org\",\"@graph\":[{\"@type\":\"WebPage\",\"@id\":\"https:\/\/endormoonstore.com\/en\/batman-returns-catwoman-michelle-pfeiffer-1-4-scale-action-figure\/\",\"url\":\"https:\/\/endormoonstore.com\/en\/batman-returns-catwoman-michelle-pfeiffer-1-4-scale-action-figure\/\",\"name\":\"Batman Returns Catwoman Michelle Pfeiffer 1\/4 Scale Action Figure - EndormoonStore\",\"isPartOf\":{\"@id\":\"https:\/\/endormoonstore.com\/#website\"},\"primaryImageOfPage\":{\"@id\":\"https:\/\/endormoonstore.com\/en\/batman-returns-catwoman-michelle-pfeiffer-1-4-scale-action-figure\/#primaryimage\"},\"image\":{\"@id\":\"https:\/\/endormoonstore.com\/en\/batman-returns-catwoman-michelle-pfeiffer-1-4-scale-action-figure\/#primaryimage\"},\"thumbnailUrl\":\"https:\/\/endormoonstore.com\/wp-content\/uploads\/2020\/10\/batman_returns_catwoman_michelle_pfeiffer_1_4_scale_action_figure_-6.jpg\",\"datePublished\":\"2020-10-15T17:34:16+00:00\",\"dateModified\":\"2021-05-22T13:26:51+00:00\",\"breadcrumb\":{\"@id\":\"https:\/\/endormoonstore.com\/en\/batman-returns-catwoman-michelle-pfeiffer-1-4-scale-action-figure\/#breadcrumb\"},\"inLanguage\":\"en-US\",\"potentialAction\":[{\"@type\":\"ReadAction\",\"target\":[\"https:\/\/endormoonstore.com\/en\/batman-returns-catwoman-michelle-pfeiffer-1-4-scale-action-figure\/\"]}]},{\"@type\":\"ImageObject\",\"inLanguage\":\"en-US\",\"@id\":\"https:\/\/endormoonstore.com\/en\/batman-returns-catwoman-michelle-pfeiffer-1-4-scale-action-figure\/#primaryimage\",\"url\":\"https:\/\/endormoonstore.com\/wp-content\/uploads\/2020\/10\/batman_returns_catwoman_michelle_pfeiffer_1_4_scale_action_figure_-6.jpg\",\"contentUrl\":\"https:\/\/endormoonstore.com\/wp-content\/uploads\/2020\/10\/batman_returns_catwoman_michelle_pfeiffer_1_4_scale_action_figure_-6.jpg\",\"width\":1000,\"height\":750},{\"@type\":\"BreadcrumbList\",\"@id\":\"https:\/\/endormoonstore.com\/en\/batman-returns-catwoman-michelle-pfeiffer-1-4-scale-action-figure\/#breadcrumb\",\"itemListElement\":[{\"@type\":\"ListItem\",\"position\":1,\"name\":\"Shop\",\"item\":\"https:\/\/endormoonstore.com\/en\/shop\/\"},{\"@type\":\"ListItem\",\"position\":2,\"name\":\"Batman Returns Catwoman Michelle Pfeiffer 1\/4 Scale Action Figure\"}]},{\"@type\":\"WebSite\",\"@id\":\"https:\/\/endormoonstore.com\/#website\",\"url\":\"https:\/\/endormoonstore.com\/\",\"name\":\"EndormoonStore\",\"description\":\"\",\"potentialAction\":[{\"@type\":\"SearchAction\",\"target\":{\"@type\":\"EntryPoint\",\"urlTemplate\":\"https:\/\/endormoonstore.com\/?s={search_term_string}\"},\"query-input\":{\"@type\":\"PropertyValueSpecification\",\"valueRequired\":true,\"valueName\":\"search_term_string\"}}],\"inLanguage\":\"en-US\"}]}<\/script>\n<!-- \/ Yoast SEO plugin. -->","yoast_head_json":{"title":"Batman Returns Catwoman Michelle Pfeiffer 1\/4 Scale Action Figure - EndormoonStore","robots":{"index":"index","follow":"follow","max-snippet":"max-snippet:-1","max-image-preview":"max-image-preview:large","max-video-preview":"max-video-preview:-1"},"canonical":"https:\/\/endormoonstore.com\/en\/batman-returns-catwoman-michelle-pfeiffer-1-4-scale-action-figure\/","og_locale":"en_US","og_type":"article","og_title":"Batman Returns Catwoman Michelle Pfeiffer 1\/4 Scale Action Figure - EndormoonStore","og_description":"Batman Returns Catwoman Michelle Pfeiffer 1\/4 Scale Action Figure 45\u00a0cm  Neca presenta esta espectacular figura de Catwoman dentro de su colecci\u00f3n de 45 cm (escala 1\/4).","og_url":"https:\/\/endormoonstore.com\/en\/batman-returns-catwoman-michelle-pfeiffer-1-4-scale-action-figure\/","og_site_name":"EndormoonStore","article_modified_time":"2021-05-22T13:26:51+00:00","og_image":[{"width":1000,"height":750,"url":"https:\/\/endormoonstore.com\/wp-content\/uploads\/2020\/10\/batman_returns_catwoman_michelle_pfeiffer_1_4_scale_action_figure_-6.jpg","type":"image\/jpeg"}],"twitter_card":"summary_large_image","twitter_misc":{"Est. reading time":"1 minute"},"schema":{"@context":"https:\/\/schema.org","@graph":[{"@type":"WebPage","@id":"https:\/\/endormoonstore.com\/en\/batman-returns-catwoman-michelle-pfeiffer-1-4-scale-action-figure\/","url":"https:\/\/endormoonstore.com\/en\/batman-returns-catwoman-michelle-pfeiffer-1-4-scale-action-figure\/","name":"Batman Returns Catwoman Michelle Pfeiffer 1\/4 Scale Action Figure - EndormoonStore","isPartOf":{"@id":"https:\/\/endormoonstore.com\/#website"},"primaryImageOfPage":{"@id":"https:\/\/endormoonstore.com\/en\/batman-returns-catwoman-michelle-pfeiffer-1-4-scale-action-figure\/#primaryimage"},"image":{"@id":"https:\/\/endormoonstore.com\/en\/batman-returns-catwoman-michelle-pfeiffer-1-4-scale-action-figure\/#primaryimage"},"thumbnailUrl":"https:\/\/endormoonstore.com\/wp-content\/uploads\/2020\/10\/batman_returns_catwoman_michelle_pfeiffer_1_4_scale_action_figure_-6.jpg","datePublished":"2020-10-15T17:34:16+00:00","dateModified":"2021-05-22T13:26:51+00:00","breadcrumb":{"@id":"https:\/\/endormoonstore.com\/en\/batman-returns-catwoman-michelle-pfeiffer-1-4-scale-action-figure\/#breadcrumb"},"inLanguage":"en-US","potentialAction":[{"@type":"ReadAction","target":["https:\/\/endormoonstore.com\/en\/batman-returns-catwoman-michelle-pfeiffer-1-4-scale-action-figure\/"]}]},{"@type":"ImageObject","inLanguage":"en-US","@id":"https:\/\/endormoonstore.com\/en\/batman-returns-catwoman-michelle-pfeiffer-1-4-scale-action-figure\/#primaryimage","url":"https:\/\/endormoonstore.com\/wp-content\/uploads\/2020\/10\/batman_returns_catwoman_michelle_pfeiffer_1_4_scale_action_figure_-6.jpg","contentUrl":"https:\/\/endormoonstore.com\/wp-content\/uploads\/2020\/10\/batman_returns_catwoman_michelle_pfeiffer_1_4_scale_action_figure_-6.jpg","width":1000,"height":750},{"@type":"BreadcrumbList","@id":"https:\/\/endormoonstore.com\/en\/batman-returns-catwoman-michelle-pfeiffer-1-4-scale-action-figure\/#breadcrumb","itemListElement":[{"@type":"ListItem","position":1,"name":"Shop","item":"https:\/\/endormoonstore.com\/en\/shop\/"},{"@type":"ListItem","position":2,"name":"Batman Returns Catwoman Michelle Pfeiffer 1\/4 Scale Action Figure"}]},{"@type":"WebSite","@id":"https:\/\/endormoonstore.com\/#website","url":"https:\/\/endormoonstore.com\/","name":"EndormoonStore","description":"","potentialAction":[{"@type":"SearchAction","target":{"@type":"EntryPoint","urlTemplate":"https:\/\/endormoonstore.com\/?s={search_term_string}"},"query-input":{"@type":"PropertyValueSpecification","valueRequired":true,"valueName":"search_term_string"}}],"inLanguage":"en-US"}]}},"taxonomy_info":{"product_cat":[{"value":1390,"label":"Figures"}],"pa_brand":[{"value":2090,"label":"Neca"}],"pa_character":[{"value":3722,"label":"Catwoman"}],"pa_license":[{"value":3086,"label":"Dc Universe"}],"pa_product-type":[{"value":2387,"label":"Figure"}],"pa_theme":[{"value":2864,"label":"Scale Action Figure"}]},"featured_image_src_large":["https:\/\/endormoonstore.com\/wp-content\/uploads\/2020\/10\/batman_returns_catwoman_michelle_pfeiffer_1_4_scale_action_figure_-6.jpg",1000,750,false],"author_info":[],"comment_info":"","_links":{"self":[{"href":"https:\/\/endormoonstore.com\/en\/wp-json\/wp\/v2\/product\/93079","targetHints":{"allow":["GET"]}}],"collection":[{"href":"https:\/\/endormoonstore.com\/en\/wp-json\/wp\/v2\/product"}],"about":[{"href":"https:\/\/endormoonstore.com\/en\/wp-json\/wp\/v2\/types\/product"}],"wp:featuredmedia":[{"embeddable":true,"href":"https:\/\/endormoonstore.com\/en\/wp-json\/wp\/v2\/media\/93055"}],"wp:attachment":[{"href":"https:\/\/endormoonstore.com\/en\/wp-json\/wp\/v2\/media?parent=93079"}],"wp:term":[{"taxonomy":"product_cat","embeddable":true,"href":"https:\/\/endormoonstore.com\/en\/wp-json\/wp\/v2\/product_cat?post=93079"},{"taxonomy":"product_tag","embeddable":true,"href":"https:\/\/endormoonstore.com\/en\/wp-json\/wp\/v2\/product_tag?post=93079"}],"curies":[{"name":"wp","href":"https:\/\/api.w.org\/{rel}","templated":true}]}}