{"id":93027,"date":"2025-07-11T00:15:59","date_gmt":"2025-07-10T22:15:59","guid":{"rendered":"https:\/\/endormoonstore.com\/batman-1989-michael-keaton-1-4-scale-action-figure\/"},"modified":"2025-07-15T15:06:49","modified_gmt":"2025-07-15T13:06:49","slug":"batman-1989-michael-keaton-1-4-scale-action-figure","status":"publish","type":"product","link":"https:\/\/endormoonstore.com\/en\/batman-1989-michael-keaton-1-4-scale-action-figure\/","title":{"rendered":"Batman 1989 Michael Keaton 1\/4 Scale Action Figure"},"content":{"rendered":"<h4><strong>\u00a1Soy Batman! El Caballero Oscuro de Gotham: Batman 1989 Michael Keaton 1\/4 Scale Action Figure<\/strong><\/h4>\n<ul>\n<li>\u00a1El Caballero de la Noche ha regresado! Desde la ic\u00f3nica pel\u00edcula de 1989 de Tim Burton que defini\u00f3 a Batman para toda una generaci\u00f3n, NECA presenta la imponente Batman 1989 Michael Keaton 1\/4 Scale Action Figure. Esta figura articulada a escala 1\/4 captura a la perfecci\u00f3n la inolvidable interpretaci\u00f3n de Michael Keaton como el Cruzado Enmascarado. Si buscas la representaci\u00f3n definitiva de esta leyenda del cine, esta Batman 1989 Michael Keaton es, sin duda, una pieza maestra para cualquier colecci\u00f3n.<\/li>\n<\/ul>\n<h4><strong>Un H\u00e9roe de 46 cm: Articulaci\u00f3n y Realismo G\u00f3tico<\/strong><\/h4>\n<ul>\n<li>Con una impresionante altura de 18 pulgadas (aproximadamente 46 cm), esta figura articulada a escala 1\/4 cuenta con m\u00e1s de 25 puntos de articulaci\u00f3n, permitiendo una gran variedad de poses din\u00e1micas y recrear escenas memorables. Reproduce fielmente el aspecto de Michael Keaton como el Caballero Oscuro, con un esculpido realista y una atenci\u00f3n al detalle incre\u00edble. Adem\u00e1s, su capa est\u00e1 fabricada con tela real, lo que le otorga un realismo y una fluidez excepcionales al recrear la atm\u00f3sfera g\u00f3tica de la pel\u00edcula.<\/li>\n<\/ul>\n<h4><strong>Arsenal de Gotham: Gadgets Ic\u00f3nicos al Detalle<\/strong><\/h4>\n<ul>\n<li>Para enfrentarse al crimen en Gotham, este Batman viene equipado con su arsenal m\u00e1s ic\u00f3nico. Incluye su distintivo batcintur\u00f3n. Tambi\u00e9n, cuenta con un batarang y una pistola de gancho, listos para la acci\u00f3n. Asimismo, dispone de varias manos intercambiables, lo que permite recrear diferentes poses legendarias de la pel\u00edcula, desde su mirada sombr\u00eda hasta su preparaci\u00f3n para el combate. Todos estos accesorios, junto a otros bat-gadgets, est\u00e1n dise\u00f1ados con un extraordinario detalle, fieles al universo de Tim Burton.<\/li>\n<\/ul>\n<h4><strong>Un Pieza Imprescindible para la Colecci\u00f3n del Cruzado Enmascarado<\/strong><\/h4>\n<ul>\n<li>Basada en la pel\u00edcula hom\u00f3nima de 1989 que sent\u00f3 un precedente en el cine de superh\u00e9roes, esta figura es una adquisici\u00f3n indispensable para los fans de Batman y coleccionistas. Se presenta en una caja ilustrada con ventana, perfecta para exhibici\u00f3n y coleccionismo. En definitiva, esta figura es una oportunidad \u00fanica para poseer un pedazo de la historia del cine. \u00a1Es m\u00e1s que una figura, es una declaraci\u00f3n! \u00a1A\u00f1ade a tu colecci\u00f3n al Batman de 1989 de Michael Keaton y, por fin, grita: &#8220;I&#8217;m Batman&#8221;!<\/li>\n<\/ul>\n<h4><strong>Sobre NECA <\/strong><\/h4>\n<ul>\n<li data-sourcepos=\"5:1-5:420\"><a href=\"https:\/\/endormoonstore.com\/en\/home\/neca-2\/\"><strong>(National Entertainment Collectibles Association)<\/strong><\/a> se fund\u00f3 en 1996. R\u00e1pidamente se estableci\u00f3 como un l\u00edder en la industria de coleccionables y figuras de acci\u00f3n con licencia. A lo largo de su historia, <a href=\"https:\/\/endormoonstore.com\/en\/home\/neca-2\/\"><strong>NECA<\/strong><\/a> se ha dedicado a crear productos de alta calidad con un nivel de detalle excepcional. Su cat\u00e1logo abarca una amplia gama de franquicias populares del cine, la televisi\u00f3n, los videojuegos y el c\u00f3mic.<\/li>\n<li data-sourcepos=\"7:1-7:218\">Entre sus muchas l\u00edneas destacadas, se encuentran sus aclamadas colecciones de terror, que incluyen figuras ic\u00f3nicas de cl\u00e1sicos del g\u00e9nero, y la popular l\u00ednea de <a href=\"https:\/\/endormoonstore.com\/licencia\/las-tortugas-ninja-mutantes\/\"><strong>Teenage Mutant Ninja Turtles<\/strong><\/a>, muy querida por los fans.<\/li>\n<li data-sourcepos=\"9:1-9:405\">Desde figuras de acci\u00f3n articuladas hasta r\u00e9plicas a escala real y merchandising diverso, NECA se ha ganado la fidelidad de los fans. Esto se debe a su compromiso con la autenticidad y la atenci\u00f3n al detalle en una multitud de franquicias. Con cada lanzamiento, NECA contin\u00faa expandiendo su cat\u00e1logo y consolidando su posici\u00f3n como una de las marcas preferidas por los coleccionistas a nivel mundial.&#8221;<\/li>\n<\/ul>\n","protected":false},"excerpt":{"rendered":"<h4><strong>\u00a1Soy Batman! El Caballero Oscuro de Gotham: Batman 1989 Michael Keaton 1\/4 Scale Action Figure<\/strong><\/h4>\n<p>\u00a1El Caballero de la Noche ha regresado! Desde la ic\u00f3nica pel\u00edcula de 1989 de Tim Burton que defini\u00f3 a Batman para toda una generaci\u00f3n, NECA presenta la imponente Batman 1989 Michael Keaton 1\/4 Scale Action Figure. Esta figura articulada a escala 1\/4 captura a la perfecci\u00f3n la inolvidable interpretaci\u00f3n de Michael Keaton como el Cruzado Enmascarado.<\/p>\n","protected":false},"featured_media":176322,"template":"","meta":{"_acf_changed":false,"_kad_blocks_custom_css":"","_kad_blocks_head_custom_js":"","_kad_blocks_body_custom_js":"","_kad_blocks_footer_custom_js":""},"product_cat":[13453,1384],"product_tag":[],"class_list":{"0":"post-93027","1":"product","2":"type-product","3":"status-publish","4":"has-post-thumbnail","6":"product_cat-featured","7":"product_cat-pre-orders","8":"pa_brand-neca-en","9":"pa_character-batman-en","10":"pa_episode-batman-1989-en","11":"pa_license-dc-universe-en","12":"pa_product-type-figure","13":"pa_theme-scale-action-figure-en","15":"first","16":"instock","17":"taxable","18":"shipping-taxable","19":"purchasable","20":"product-type-simple"},"acf":[],"yoast_head":"<!-- This site is optimized with the Yoast SEO plugin v26.1.1 - https:\/\/yoast.com\/wordpress\/plugins\/seo\/ -->\n<title>Batman 1989 Michael Keaton 1\/4 Scale Action Figure - EndormoonStore<\/title>\n<meta name=\"description\" content=\"\u00a1El Caballero Oscuro de Gotham! Consigue la figura Batman 1989 Michael Keaton 1\/4 escala. Detalles aut\u00e9nticos y capa de tela. \u00a1Un icono para tu colecci\u00f3n!\" \/>\n<meta name=\"robots\" content=\"index, follow, max-snippet:-1, max-image-preview:large, max-video-preview:-1\" \/>\n<link rel=\"canonical\" href=\"https:\/\/endormoonstore.com\/en\/batman-1989-michael-keaton-1-4-scale-action-figure\/\" \/>\n<meta property=\"og:locale\" content=\"en_US\" \/>\n<meta property=\"og:type\" content=\"article\" \/>\n<meta property=\"og:title\" content=\"Batman 1989 Michael Keaton 1\/4 Scale Action Figure - EndormoonStore\" \/>\n<meta property=\"og:description\" content=\"\u00a1El Caballero Oscuro de Gotham! Consigue la figura Batman 1989 Michael Keaton 1\/4 escala. Detalles aut\u00e9nticos y capa de tela. \u00a1Un icono para tu colecci\u00f3n!\" \/>\n<meta property=\"og:url\" content=\"https:\/\/endormoonstore.com\/en\/batman-1989-michael-keaton-1-4-scale-action-figure\/\" \/>\n<meta property=\"og:site_name\" content=\"EndormoonStore\" \/>\n<meta property=\"article:modified_time\" content=\"2025-07-15T13:06:49+00:00\" \/>\n<meta property=\"og:image\" content=\"https:\/\/endormoonstore.com\/wp-content\/uploads\/2025\/07\/Batman-1999-Michael-Keaton-14-Scale-Action-Figure-10.webp\" \/>\n\t<meta property=\"og:image:width\" content=\"1500\" \/>\n\t<meta property=\"og:image:height\" content=\"1875\" \/>\n\t<meta property=\"og:image:type\" content=\"image\/webp\" \/>\n<meta name=\"twitter:card\" content=\"summary_large_image\" \/>\n<meta name=\"twitter:label1\" content=\"Est. reading time\" \/>\n\t<meta name=\"twitter:data1\" content=\"3 minutes\" \/>\n<script type=\"application\/ld+json\" class=\"yoast-schema-graph\">{\"@context\":\"https:\/\/schema.org\",\"@graph\":[{\"@type\":\"WebPage\",\"@id\":\"https:\/\/endormoonstore.com\/en\/batman-1989-michael-keaton-1-4-scale-action-figure\/\",\"url\":\"https:\/\/endormoonstore.com\/en\/batman-1989-michael-keaton-1-4-scale-action-figure\/\",\"name\":\"Batman 1989 Michael Keaton 1\/4 Scale Action Figure - EndormoonStore\",\"isPartOf\":{\"@id\":\"https:\/\/endormoonstore.com\/#website\"},\"primaryImageOfPage\":{\"@id\":\"https:\/\/endormoonstore.com\/en\/batman-1989-michael-keaton-1-4-scale-action-figure\/#primaryimage\"},\"image\":{\"@id\":\"https:\/\/endormoonstore.com\/en\/batman-1989-michael-keaton-1-4-scale-action-figure\/#primaryimage\"},\"thumbnailUrl\":\"https:\/\/endormoonstore.com\/wp-content\/uploads\/2025\/07\/Batman-1999-Michael-Keaton-14-Scale-Action-Figure-10.webp\",\"datePublished\":\"2025-07-10T22:15:59+00:00\",\"dateModified\":\"2025-07-15T13:06:49+00:00\",\"description\":\"\u00a1El Caballero Oscuro de Gotham! Consigue la figura Batman 1989 Michael Keaton 1\/4 escala. Detalles aut\u00e9nticos y capa de tela. \u00a1Un icono para tu colecci\u00f3n!\",\"breadcrumb\":{\"@id\":\"https:\/\/endormoonstore.com\/en\/batman-1989-michael-keaton-1-4-scale-action-figure\/#breadcrumb\"},\"inLanguage\":\"en-US\",\"potentialAction\":[{\"@type\":\"ReadAction\",\"target\":[\"https:\/\/endormoonstore.com\/en\/batman-1989-michael-keaton-1-4-scale-action-figure\/\"]}]},{\"@type\":\"ImageObject\",\"inLanguage\":\"en-US\",\"@id\":\"https:\/\/endormoonstore.com\/en\/batman-1989-michael-keaton-1-4-scale-action-figure\/#primaryimage\",\"url\":\"https:\/\/endormoonstore.com\/wp-content\/uploads\/2025\/07\/Batman-1999-Michael-Keaton-14-Scale-Action-Figure-10.webp\",\"contentUrl\":\"https:\/\/endormoonstore.com\/wp-content\/uploads\/2025\/07\/Batman-1999-Michael-Keaton-14-Scale-Action-Figure-10.webp\",\"width\":1500,\"height\":1875,\"caption\":\"Batman 1989 Michael Keaton 1\/4 Scale Action Figure -0\"},{\"@type\":\"BreadcrumbList\",\"@id\":\"https:\/\/endormoonstore.com\/en\/batman-1989-michael-keaton-1-4-scale-action-figure\/#breadcrumb\",\"itemListElement\":[{\"@type\":\"ListItem\",\"position\":1,\"name\":\"Shop\",\"item\":\"https:\/\/endormoonstore.com\/en\/shop\/\"},{\"@type\":\"ListItem\",\"position\":2,\"name\":\"Batman 1989 Michael Keaton 1\/4 Scale Action Figure\"}]},{\"@type\":\"WebSite\",\"@id\":\"https:\/\/endormoonstore.com\/#website\",\"url\":\"https:\/\/endormoonstore.com\/\",\"name\":\"EndormoonStore\",\"description\":\"\",\"potentialAction\":[{\"@type\":\"SearchAction\",\"target\":{\"@type\":\"EntryPoint\",\"urlTemplate\":\"https:\/\/endormoonstore.com\/?s={search_term_string}\"},\"query-input\":{\"@type\":\"PropertyValueSpecification\",\"valueRequired\":true,\"valueName\":\"search_term_string\"}}],\"inLanguage\":\"en-US\"}]}<\/script>\n<!-- \/ Yoast SEO plugin. -->","yoast_head_json":{"title":"Batman 1989 Michael Keaton 1\/4 Scale Action Figure - EndormoonStore","description":"\u00a1El Caballero Oscuro de Gotham! Consigue la figura Batman 1989 Michael Keaton 1\/4 escala. Detalles aut\u00e9nticos y capa de tela. \u00a1Un icono para tu colecci\u00f3n!","robots":{"index":"index","follow":"follow","max-snippet":"max-snippet:-1","max-image-preview":"max-image-preview:large","max-video-preview":"max-video-preview:-1"},"canonical":"https:\/\/endormoonstore.com\/en\/batman-1989-michael-keaton-1-4-scale-action-figure\/","og_locale":"en_US","og_type":"article","og_title":"Batman 1989 Michael Keaton 1\/4 Scale Action Figure - EndormoonStore","og_description":"\u00a1El Caballero Oscuro de Gotham! Consigue la figura Batman 1989 Michael Keaton 1\/4 escala. Detalles aut\u00e9nticos y capa de tela. \u00a1Un icono para tu colecci\u00f3n!","og_url":"https:\/\/endormoonstore.com\/en\/batman-1989-michael-keaton-1-4-scale-action-figure\/","og_site_name":"EndormoonStore","article_modified_time":"2025-07-15T13:06:49+00:00","og_image":[{"width":1500,"height":1875,"url":"https:\/\/endormoonstore.com\/wp-content\/uploads\/2025\/07\/Batman-1999-Michael-Keaton-14-Scale-Action-Figure-10.webp","type":"image\/webp"}],"twitter_card":"summary_large_image","twitter_misc":{"Est. reading time":"3 minutes"},"schema":{"@context":"https:\/\/schema.org","@graph":[{"@type":"WebPage","@id":"https:\/\/endormoonstore.com\/en\/batman-1989-michael-keaton-1-4-scale-action-figure\/","url":"https:\/\/endormoonstore.com\/en\/batman-1989-michael-keaton-1-4-scale-action-figure\/","name":"Batman 1989 Michael Keaton 1\/4 Scale Action Figure - EndormoonStore","isPartOf":{"@id":"https:\/\/endormoonstore.com\/#website"},"primaryImageOfPage":{"@id":"https:\/\/endormoonstore.com\/en\/batman-1989-michael-keaton-1-4-scale-action-figure\/#primaryimage"},"image":{"@id":"https:\/\/endormoonstore.com\/en\/batman-1989-michael-keaton-1-4-scale-action-figure\/#primaryimage"},"thumbnailUrl":"https:\/\/endormoonstore.com\/wp-content\/uploads\/2025\/07\/Batman-1999-Michael-Keaton-14-Scale-Action-Figure-10.webp","datePublished":"2025-07-10T22:15:59+00:00","dateModified":"2025-07-15T13:06:49+00:00","description":"\u00a1El Caballero Oscuro de Gotham! Consigue la figura Batman 1989 Michael Keaton 1\/4 escala. Detalles aut\u00e9nticos y capa de tela. \u00a1Un icono para tu colecci\u00f3n!","breadcrumb":{"@id":"https:\/\/endormoonstore.com\/en\/batman-1989-michael-keaton-1-4-scale-action-figure\/#breadcrumb"},"inLanguage":"en-US","potentialAction":[{"@type":"ReadAction","target":["https:\/\/endormoonstore.com\/en\/batman-1989-michael-keaton-1-4-scale-action-figure\/"]}]},{"@type":"ImageObject","inLanguage":"en-US","@id":"https:\/\/endormoonstore.com\/en\/batman-1989-michael-keaton-1-4-scale-action-figure\/#primaryimage","url":"https:\/\/endormoonstore.com\/wp-content\/uploads\/2025\/07\/Batman-1999-Michael-Keaton-14-Scale-Action-Figure-10.webp","contentUrl":"https:\/\/endormoonstore.com\/wp-content\/uploads\/2025\/07\/Batman-1999-Michael-Keaton-14-Scale-Action-Figure-10.webp","width":1500,"height":1875,"caption":"Batman 1989 Michael Keaton 1\/4 Scale Action Figure -0"},{"@type":"BreadcrumbList","@id":"https:\/\/endormoonstore.com\/en\/batman-1989-michael-keaton-1-4-scale-action-figure\/#breadcrumb","itemListElement":[{"@type":"ListItem","position":1,"name":"Shop","item":"https:\/\/endormoonstore.com\/en\/shop\/"},{"@type":"ListItem","position":2,"name":"Batman 1989 Michael Keaton 1\/4 Scale Action Figure"}]},{"@type":"WebSite","@id":"https:\/\/endormoonstore.com\/#website","url":"https:\/\/endormoonstore.com\/","name":"EndormoonStore","description":"","potentialAction":[{"@type":"SearchAction","target":{"@type":"EntryPoint","urlTemplate":"https:\/\/endormoonstore.com\/?s={search_term_string}"},"query-input":{"@type":"PropertyValueSpecification","valueRequired":true,"valueName":"search_term_string"}}],"inLanguage":"en-US"}]}},"taxonomy_info":{"product_cat":[{"value":13453,"label":"Featured"},{"value":1384,"label":"Pre-orders"}],"pa_brand":[{"value":2090,"label":"Neca"}],"pa_character":[{"value":3566,"label":"Batman"}],"pa_episode":[{"value":14713,"label":"Batman 1989"}],"pa_license":[{"value":3086,"label":"Dc Universe"}],"pa_product-type":[{"value":2387,"label":"Figure"}],"pa_theme":[{"value":2864,"label":"Scale Action Figure"}]},"featured_image_src_large":["https:\/\/endormoonstore.com\/wp-content\/uploads\/2025\/07\/Batman-1999-Michael-Keaton-14-Scale-Action-Figure-10.webp",1500,1875,false],"author_info":[],"comment_info":"","_links":{"self":[{"href":"https:\/\/endormoonstore.com\/en\/wp-json\/wp\/v2\/product\/93027","targetHints":{"allow":["GET"]}}],"collection":[{"href":"https:\/\/endormoonstore.com\/en\/wp-json\/wp\/v2\/product"}],"about":[{"href":"https:\/\/endormoonstore.com\/en\/wp-json\/wp\/v2\/types\/product"}],"wp:featuredmedia":[{"embeddable":true,"href":"https:\/\/endormoonstore.com\/en\/wp-json\/wp\/v2\/media\/176322"}],"wp:attachment":[{"href":"https:\/\/endormoonstore.com\/en\/wp-json\/wp\/v2\/media?parent=93027"}],"wp:term":[{"taxonomy":"product_cat","embeddable":true,"href":"https:\/\/endormoonstore.com\/en\/wp-json\/wp\/v2\/product_cat?post=93027"},{"taxonomy":"product_tag","embeddable":true,"href":"https:\/\/endormoonstore.com\/en\/wp-json\/wp\/v2\/product_tag?post=93027"}],"curies":[{"name":"wp","href":"https:\/\/api.w.org\/{rel}","templated":true}]}}