{"id":92831,"date":"2020-10-10T11:17:01","date_gmt":"2020-10-10T09:17:01","guid":{"rendered":"https:\/\/endormoonstore.com\/wyvern-rhadamanthys-oce-saint-seiya-saint-cloth-myth-ex\/"},"modified":"2021-08-19T23:19:50","modified_gmt":"2021-08-19T21:19:50","slug":"wyvern-rhadamanthys-oce-saint-seiya-saint-cloth-myth-ex","status":"publish","type":"product","link":"https:\/\/endormoonstore.com\/en\/wyvern-rhadamanthys-oce-saint-seiya-saint-cloth-myth-ex\/","title":{"rendered":"Wyvern Rhadamanthys Oce Saint Seiya Saint Cloth Myth Ex"},"content":{"rendered":"<p><strong>Wyvern Rhadamanthys Oce Saint Seiya Saint Cloth Myth Ex\u00a0Figura 18 cm<\/strong><\/p>\n<div class=\"pull-left margenDatosSecundarios\">\n<div id=\"ctl00_MainContent_dvSinopsis\" class=\"pull-left w100\">\n<ul>\n<li>Tamashii Nations presenta la figura de Wyvern Rhadamanthys OCE (Original Color Edition) uno de los tres Jueces del Inframundo, de la serie Saint Cloth Myth EX.<\/li>\n<li>En esta versi\u00f3n la figura incluye piezas de armadura que pueden usarse tambi\u00e9n para formar el objeto del wyvern, as\u00ed comodiferentes accesorios como 4x caras intercambiables, 4x mano izquierda y 5x mano derechas opcionales.<\/li>\n<\/ul>\n<\/div>\n<\/div>\n<p>&nbsp;<\/p>\n","protected":false},"excerpt":{"rendered":"<p><strong>Wyvern Rhadamanthys Oce Saint Seiya Saint Cloth Myth Ex Figura 18 cm<\/strong><\/p>\n<p>Tamashii Nations presenta la figura de Wyvern Rhadamanthys OCE (Original Color Edition) uno de los tres Jueces del Inframundo, de la serie Saint Cloth Myth EX.<\/p>\n","protected":false},"featured_media":92795,"template":"","meta":{"_acf_changed":false,"_kad_blocks_custom_css":"","_kad_blocks_head_custom_js":"","_kad_blocks_body_custom_js":"","_kad_blocks_footer_custom_js":""},"product_cat":[1390],"product_tag":[],"class_list":{"0":"post-92831","1":"product","2":"type-product","3":"status-publish","4":"has-post-thumbnail","6":"product_cat-figures","7":"pa_brand-tamashii-nations-en","8":"pa_character-wyvern-rhadamanthys-en","9":"pa_license-saint-seiya-en","10":"pa_product-type-figure","11":"pa_theme-saint-cloth-myth-ex-en","13":"first","14":"outofstock","15":"taxable","16":"shipping-taxable","17":"purchasable","18":"product-type-simple"},"acf":[],"yoast_head":"<!-- This site is optimized with the Yoast SEO plugin v26.1.1 - https:\/\/yoast.com\/wordpress\/plugins\/seo\/ -->\n<title>Wyvern Rhadamanthys Oce Saint Seiya Saint Cloth Myth Ex - EndormoonStore<\/title>\n<meta name=\"robots\" content=\"index, follow, max-snippet:-1, max-image-preview:large, max-video-preview:-1\" \/>\n<link rel=\"canonical\" href=\"https:\/\/endormoonstore.com\/en\/wyvern-rhadamanthys-oce-saint-seiya-saint-cloth-myth-ex\/\" \/>\n<meta property=\"og:locale\" content=\"en_US\" \/>\n<meta property=\"og:type\" content=\"article\" \/>\n<meta property=\"og:title\" content=\"Wyvern Rhadamanthys Oce Saint Seiya Saint Cloth Myth Ex - EndormoonStore\" \/>\n<meta property=\"og:description\" content=\"Wyvern Rhadamanthys Oce Saint Seiya Saint Cloth Myth Ex Figura 18 cm  Tamashii Nations presenta la figura de Wyvern Rhadamanthys OCE (Original Color Edition) uno de los tres Jueces del Inframundo, de la serie Saint Cloth Myth EX.\" \/>\n<meta property=\"og:url\" content=\"https:\/\/endormoonstore.com\/en\/wyvern-rhadamanthys-oce-saint-seiya-saint-cloth-myth-ex\/\" \/>\n<meta property=\"og:site_name\" content=\"EndormoonStore\" \/>\n<meta property=\"article:modified_time\" content=\"2021-08-19T21:19:50+00:00\" \/>\n<meta property=\"og:image\" content=\"https:\/\/endormoonstore.com\/wp-content\/uploads\/2020\/10\/wyvern_rhadamanthys_oce_figura_18_cm_saint_seiya_saint_cloth_myth_ex-1.jpg\" \/>\n\t<meta property=\"og:image:width\" content=\"960\" \/>\n\t<meta property=\"og:image:height\" content=\"1200\" \/>\n\t<meta property=\"og:image:type\" content=\"image\/jpeg\" \/>\n<meta name=\"twitter:card\" content=\"summary_large_image\" \/>\n<meta name=\"twitter:label1\" content=\"Est. reading time\" \/>\n\t<meta name=\"twitter:data1\" content=\"1 minute\" \/>\n<script type=\"application\/ld+json\" class=\"yoast-schema-graph\">{\"@context\":\"https:\/\/schema.org\",\"@graph\":[{\"@type\":\"WebPage\",\"@id\":\"https:\/\/endormoonstore.com\/en\/wyvern-rhadamanthys-oce-saint-seiya-saint-cloth-myth-ex\/\",\"url\":\"https:\/\/endormoonstore.com\/en\/wyvern-rhadamanthys-oce-saint-seiya-saint-cloth-myth-ex\/\",\"name\":\"Wyvern Rhadamanthys Oce Saint Seiya Saint Cloth Myth Ex - EndormoonStore\",\"isPartOf\":{\"@id\":\"https:\/\/endormoonstore.com\/#website\"},\"primaryImageOfPage\":{\"@id\":\"https:\/\/endormoonstore.com\/en\/wyvern-rhadamanthys-oce-saint-seiya-saint-cloth-myth-ex\/#primaryimage\"},\"image\":{\"@id\":\"https:\/\/endormoonstore.com\/en\/wyvern-rhadamanthys-oce-saint-seiya-saint-cloth-myth-ex\/#primaryimage\"},\"thumbnailUrl\":\"https:\/\/endormoonstore.com\/wp-content\/uploads\/2020\/10\/wyvern_rhadamanthys_oce_figura_18_cm_saint_seiya_saint_cloth_myth_ex-1.jpg\",\"datePublished\":\"2020-10-10T09:17:01+00:00\",\"dateModified\":\"2021-08-19T21:19:50+00:00\",\"breadcrumb\":{\"@id\":\"https:\/\/endormoonstore.com\/en\/wyvern-rhadamanthys-oce-saint-seiya-saint-cloth-myth-ex\/#breadcrumb\"},\"inLanguage\":\"en-US\",\"potentialAction\":[{\"@type\":\"ReadAction\",\"target\":[\"https:\/\/endormoonstore.com\/en\/wyvern-rhadamanthys-oce-saint-seiya-saint-cloth-myth-ex\/\"]}]},{\"@type\":\"ImageObject\",\"inLanguage\":\"en-US\",\"@id\":\"https:\/\/endormoonstore.com\/en\/wyvern-rhadamanthys-oce-saint-seiya-saint-cloth-myth-ex\/#primaryimage\",\"url\":\"https:\/\/endormoonstore.com\/wp-content\/uploads\/2020\/10\/wyvern_rhadamanthys_oce_figura_18_cm_saint_seiya_saint_cloth_myth_ex-1.jpg\",\"contentUrl\":\"https:\/\/endormoonstore.com\/wp-content\/uploads\/2020\/10\/wyvern_rhadamanthys_oce_figura_18_cm_saint_seiya_saint_cloth_myth_ex-1.jpg\",\"width\":960,\"height\":1200},{\"@type\":\"BreadcrumbList\",\"@id\":\"https:\/\/endormoonstore.com\/en\/wyvern-rhadamanthys-oce-saint-seiya-saint-cloth-myth-ex\/#breadcrumb\",\"itemListElement\":[{\"@type\":\"ListItem\",\"position\":1,\"name\":\"Shop\",\"item\":\"https:\/\/endormoonstore.com\/en\/shop\/\"},{\"@type\":\"ListItem\",\"position\":2,\"name\":\"Wyvern Rhadamanthys Oce Saint Seiya Saint Cloth Myth Ex\"}]},{\"@type\":\"WebSite\",\"@id\":\"https:\/\/endormoonstore.com\/#website\",\"url\":\"https:\/\/endormoonstore.com\/\",\"name\":\"EndormoonStore\",\"description\":\"\",\"potentialAction\":[{\"@type\":\"SearchAction\",\"target\":{\"@type\":\"EntryPoint\",\"urlTemplate\":\"https:\/\/endormoonstore.com\/?s={search_term_string}\"},\"query-input\":{\"@type\":\"PropertyValueSpecification\",\"valueRequired\":true,\"valueName\":\"search_term_string\"}}],\"inLanguage\":\"en-US\"}]}<\/script>\n<!-- \/ Yoast SEO plugin. -->","yoast_head_json":{"title":"Wyvern Rhadamanthys Oce Saint Seiya Saint Cloth Myth Ex - EndormoonStore","robots":{"index":"index","follow":"follow","max-snippet":"max-snippet:-1","max-image-preview":"max-image-preview:large","max-video-preview":"max-video-preview:-1"},"canonical":"https:\/\/endormoonstore.com\/en\/wyvern-rhadamanthys-oce-saint-seiya-saint-cloth-myth-ex\/","og_locale":"en_US","og_type":"article","og_title":"Wyvern Rhadamanthys Oce Saint Seiya Saint Cloth Myth Ex - EndormoonStore","og_description":"Wyvern Rhadamanthys Oce Saint Seiya Saint Cloth Myth Ex Figura 18 cm  Tamashii Nations presenta la figura de Wyvern Rhadamanthys OCE (Original Color Edition) uno de los tres Jueces del Inframundo, de la serie Saint Cloth Myth EX.","og_url":"https:\/\/endormoonstore.com\/en\/wyvern-rhadamanthys-oce-saint-seiya-saint-cloth-myth-ex\/","og_site_name":"EndormoonStore","article_modified_time":"2021-08-19T21:19:50+00:00","og_image":[{"width":960,"height":1200,"url":"https:\/\/endormoonstore.com\/wp-content\/uploads\/2020\/10\/wyvern_rhadamanthys_oce_figura_18_cm_saint_seiya_saint_cloth_myth_ex-1.jpg","type":"image\/jpeg"}],"twitter_card":"summary_large_image","twitter_misc":{"Est. reading time":"1 minute"},"schema":{"@context":"https:\/\/schema.org","@graph":[{"@type":"WebPage","@id":"https:\/\/endormoonstore.com\/en\/wyvern-rhadamanthys-oce-saint-seiya-saint-cloth-myth-ex\/","url":"https:\/\/endormoonstore.com\/en\/wyvern-rhadamanthys-oce-saint-seiya-saint-cloth-myth-ex\/","name":"Wyvern Rhadamanthys Oce Saint Seiya Saint Cloth Myth Ex - EndormoonStore","isPartOf":{"@id":"https:\/\/endormoonstore.com\/#website"},"primaryImageOfPage":{"@id":"https:\/\/endormoonstore.com\/en\/wyvern-rhadamanthys-oce-saint-seiya-saint-cloth-myth-ex\/#primaryimage"},"image":{"@id":"https:\/\/endormoonstore.com\/en\/wyvern-rhadamanthys-oce-saint-seiya-saint-cloth-myth-ex\/#primaryimage"},"thumbnailUrl":"https:\/\/endormoonstore.com\/wp-content\/uploads\/2020\/10\/wyvern_rhadamanthys_oce_figura_18_cm_saint_seiya_saint_cloth_myth_ex-1.jpg","datePublished":"2020-10-10T09:17:01+00:00","dateModified":"2021-08-19T21:19:50+00:00","breadcrumb":{"@id":"https:\/\/endormoonstore.com\/en\/wyvern-rhadamanthys-oce-saint-seiya-saint-cloth-myth-ex\/#breadcrumb"},"inLanguage":"en-US","potentialAction":[{"@type":"ReadAction","target":["https:\/\/endormoonstore.com\/en\/wyvern-rhadamanthys-oce-saint-seiya-saint-cloth-myth-ex\/"]}]},{"@type":"ImageObject","inLanguage":"en-US","@id":"https:\/\/endormoonstore.com\/en\/wyvern-rhadamanthys-oce-saint-seiya-saint-cloth-myth-ex\/#primaryimage","url":"https:\/\/endormoonstore.com\/wp-content\/uploads\/2020\/10\/wyvern_rhadamanthys_oce_figura_18_cm_saint_seiya_saint_cloth_myth_ex-1.jpg","contentUrl":"https:\/\/endormoonstore.com\/wp-content\/uploads\/2020\/10\/wyvern_rhadamanthys_oce_figura_18_cm_saint_seiya_saint_cloth_myth_ex-1.jpg","width":960,"height":1200},{"@type":"BreadcrumbList","@id":"https:\/\/endormoonstore.com\/en\/wyvern-rhadamanthys-oce-saint-seiya-saint-cloth-myth-ex\/#breadcrumb","itemListElement":[{"@type":"ListItem","position":1,"name":"Shop","item":"https:\/\/endormoonstore.com\/en\/shop\/"},{"@type":"ListItem","position":2,"name":"Wyvern Rhadamanthys Oce Saint Seiya Saint Cloth Myth Ex"}]},{"@type":"WebSite","@id":"https:\/\/endormoonstore.com\/#website","url":"https:\/\/endormoonstore.com\/","name":"EndormoonStore","description":"","potentialAction":[{"@type":"SearchAction","target":{"@type":"EntryPoint","urlTemplate":"https:\/\/endormoonstore.com\/?s={search_term_string}"},"query-input":{"@type":"PropertyValueSpecification","valueRequired":true,"valueName":"search_term_string"}}],"inLanguage":"en-US"}]}},"taxonomy_info":{"product_cat":[{"value":1390,"label":"Figures"}],"pa_brand":[{"value":2096,"label":"Tamashii Nations"}],"pa_character":[{"value":3791,"label":"Wyvern Rhadamanthys"}],"pa_license":[{"value":1643,"label":"Saint Seiya"}],"pa_product-type":[{"value":2387,"label":"Figure"}],"pa_theme":[{"value":2972,"label":"Saint Cloth Myth EX"}]},"featured_image_src_large":["https:\/\/endormoonstore.com\/wp-content\/uploads\/2020\/10\/wyvern_rhadamanthys_oce_figura_18_cm_saint_seiya_saint_cloth_myth_ex-1-819x1024.jpg",819,1024,true],"author_info":[],"comment_info":"","_links":{"self":[{"href":"https:\/\/endormoonstore.com\/en\/wp-json\/wp\/v2\/product\/92831","targetHints":{"allow":["GET"]}}],"collection":[{"href":"https:\/\/endormoonstore.com\/en\/wp-json\/wp\/v2\/product"}],"about":[{"href":"https:\/\/endormoonstore.com\/en\/wp-json\/wp\/v2\/types\/product"}],"wp:featuredmedia":[{"embeddable":true,"href":"https:\/\/endormoonstore.com\/en\/wp-json\/wp\/v2\/media\/92795"}],"wp:attachment":[{"href":"https:\/\/endormoonstore.com\/en\/wp-json\/wp\/v2\/media?parent=92831"}],"wp:term":[{"taxonomy":"product_cat","embeddable":true,"href":"https:\/\/endormoonstore.com\/en\/wp-json\/wp\/v2\/product_cat?post=92831"},{"taxonomy":"product_tag","embeddable":true,"href":"https:\/\/endormoonstore.com\/en\/wp-json\/wp\/v2\/product_tag?post=92831"}],"curies":[{"name":"wp","href":"https:\/\/api.w.org\/{rel}","templated":true}]}}