{"id":92323,"date":"2020-09-28T19:17:17","date_gmt":"2020-09-28T17:17:17","guid":{"rendered":"https:\/\/endormoonstore.com\/robocop-hagane-works\/"},"modified":"2021-06-29T09:47:51","modified_gmt":"2021-06-29T07:47:51","slug":"robocop-hagane-works","status":"publish","type":"product","link":"https:\/\/endormoonstore.com\/en\/robocop-hagane-works\/","title":{"rendered":"Robocop Hagane Works"},"content":{"rendered":"<p><strong>Robocop Hagane Works\u00a0Figura 17 Cm<\/strong><\/p>\n<ul>\n<li>Good Smile Company presenta su nueva colecci\u00f3n Hagane Works con la figura del oficial de pol\u00edcia Robocop, protagonista de la pel\u00edcula &#8220;Robocop&#8221;.<\/li>\n<li>La figura totalmente pintada y totalmente articulada mide unos 17 cm.<\/li>\n<li>La figura incluye tres expresiones faciales intercambiables (una expresi\u00f3n con la boca cerrada, una advirtiendo a sus adversarios y otra angustiado), un par de manos abiertas, un par de manos cerradas y un par de manos sosteniendo su arma, entre otros accesorios.<\/li>\n<li>Adem\u00e1s viene con una base soporte para su exposici\u00f3n.<\/li>\n<\/ul>\n<p>&nbsp;<\/p>\n<p>&nbsp;<\/p>\n","protected":false},"excerpt":{"rendered":"<p><strong>Robocop Hagane Works\u00a0Figura 17 Cm<\/strong><\/p>\n<p>Good Smile Company presenta su nueva colecci\u00f3n Hagane Works con la figura del oficial de pol\u00edcia Robocop, protagonista de la pel\u00edcula &#8220;Robocop&#8221;.<\/p>\n","protected":false},"featured_media":92275,"template":"","meta":{"_acf_changed":false,"_kad_blocks_custom_css":"","_kad_blocks_head_custom_js":"","_kad_blocks_body_custom_js":"","_kad_blocks_footer_custom_js":""},"product_cat":[1390],"product_tag":[],"class_list":{"0":"post-92323","1":"product","2":"type-product","3":"status-publish","4":"has-post-thumbnail","6":"product_cat-figures","7":"pa_brand-good-smile-company-en","8":"pa_character-robocop-en","9":"pa_license-robocop-en","10":"pa_product-type-figure","11":"pa_theme-hagane-works-en","13":"first","14":"outofstock","15":"taxable","16":"shipping-taxable","17":"purchasable","18":"product-type-simple"},"acf":[],"yoast_head":"<!-- This site is optimized with the Yoast SEO plugin v26.1.1 - https:\/\/yoast.com\/wordpress\/plugins\/seo\/ -->\n<title>Robocop Hagane Works - EndormoonStore<\/title>\n<meta name=\"robots\" content=\"index, follow, max-snippet:-1, max-image-preview:large, max-video-preview:-1\" \/>\n<link rel=\"canonical\" href=\"https:\/\/endormoonstore.com\/robocop-hagane-works\/\" \/>\n<meta property=\"og:locale\" content=\"en_US\" \/>\n<meta property=\"og:type\" content=\"article\" \/>\n<meta property=\"og:title\" content=\"Robocop Hagane Works - EndormoonStore\" \/>\n<meta property=\"og:description\" content=\"Robocop Hagane Works\u00a0Figura 17 Cm  Good Smile Company presenta su nueva colecci\u00f3n Hagane Works con la figura del oficial de pol\u00edcia Robocop, protagonista de la pel\u00edcula &quot;Robocop&quot;.\" \/>\n<meta property=\"og:url\" content=\"https:\/\/endormoonstore.com\/robocop-hagane-works\/\" \/>\n<meta property=\"og:site_name\" content=\"EndormoonStore\" \/>\n<meta property=\"article:modified_time\" content=\"2021-06-29T07:47:51+00:00\" \/>\n<meta property=\"og:image\" content=\"https:\/\/endormoonstore.com\/wp-content\/uploads\/2020\/09\/hagane_works_robocop-1.jpg\" \/>\n\t<meta property=\"og:image:width\" content=\"730\" \/>\n\t<meta property=\"og:image:height\" content=\"900\" \/>\n\t<meta property=\"og:image:type\" content=\"image\/jpeg\" \/>\n<meta name=\"twitter:card\" content=\"summary_large_image\" \/>\n<meta name=\"twitter:label1\" content=\"Est. reading time\" \/>\n\t<meta name=\"twitter:data1\" content=\"1 minute\" \/>\n<script type=\"application\/ld+json\" class=\"yoast-schema-graph\">{\"@context\":\"https:\/\/schema.org\",\"@graph\":[{\"@type\":\"WebPage\",\"@id\":\"https:\/\/endormoonstore.com\/robocop-hagane-works\/\",\"url\":\"https:\/\/endormoonstore.com\/robocop-hagane-works\/\",\"name\":\"Robocop Hagane Works - EndormoonStore\",\"isPartOf\":{\"@id\":\"https:\/\/endormoonstore.com\/#website\"},\"primaryImageOfPage\":{\"@id\":\"https:\/\/endormoonstore.com\/robocop-hagane-works\/#primaryimage\"},\"image\":{\"@id\":\"https:\/\/endormoonstore.com\/robocop-hagane-works\/#primaryimage\"},\"thumbnailUrl\":\"https:\/\/endormoonstore.com\/wp-content\/uploads\/2020\/09\/hagane_works_robocop-1.jpg\",\"datePublished\":\"2020-09-28T17:17:17+00:00\",\"dateModified\":\"2021-06-29T07:47:51+00:00\",\"breadcrumb\":{\"@id\":\"https:\/\/endormoonstore.com\/robocop-hagane-works\/#breadcrumb\"},\"inLanguage\":\"en-US\",\"potentialAction\":[{\"@type\":\"ReadAction\",\"target\":[\"https:\/\/endormoonstore.com\/robocop-hagane-works\/\"]}]},{\"@type\":\"ImageObject\",\"inLanguage\":\"en-US\",\"@id\":\"https:\/\/endormoonstore.com\/robocop-hagane-works\/#primaryimage\",\"url\":\"https:\/\/endormoonstore.com\/wp-content\/uploads\/2020\/09\/hagane_works_robocop-1.jpg\",\"contentUrl\":\"https:\/\/endormoonstore.com\/wp-content\/uploads\/2020\/09\/hagane_works_robocop-1.jpg\",\"width\":730,\"height\":900},{\"@type\":\"BreadcrumbList\",\"@id\":\"https:\/\/endormoonstore.com\/robocop-hagane-works\/#breadcrumb\",\"itemListElement\":[{\"@type\":\"ListItem\",\"position\":1,\"name\":\"Shop\",\"item\":\"https:\/\/endormoonstore.com\/en\/shop\/\"},{\"@type\":\"ListItem\",\"position\":2,\"name\":\"Robocop Hagane Works\"}]},{\"@type\":\"WebSite\",\"@id\":\"https:\/\/endormoonstore.com\/#website\",\"url\":\"https:\/\/endormoonstore.com\/\",\"name\":\"EndormoonStore\",\"description\":\"\",\"potentialAction\":[{\"@type\":\"SearchAction\",\"target\":{\"@type\":\"EntryPoint\",\"urlTemplate\":\"https:\/\/endormoonstore.com\/?s={search_term_string}\"},\"query-input\":{\"@type\":\"PropertyValueSpecification\",\"valueRequired\":true,\"valueName\":\"search_term_string\"}}],\"inLanguage\":\"en-US\"}]}<\/script>\n<!-- \/ Yoast SEO plugin. -->","yoast_head_json":{"title":"Robocop Hagane Works - EndormoonStore","robots":{"index":"index","follow":"follow","max-snippet":"max-snippet:-1","max-image-preview":"max-image-preview:large","max-video-preview":"max-video-preview:-1"},"canonical":"https:\/\/endormoonstore.com\/robocop-hagane-works\/","og_locale":"en_US","og_type":"article","og_title":"Robocop Hagane Works - EndormoonStore","og_description":"Robocop Hagane Works\u00a0Figura 17 Cm  Good Smile Company presenta su nueva colecci\u00f3n Hagane Works con la figura del oficial de pol\u00edcia Robocop, protagonista de la pel\u00edcula \"Robocop\".","og_url":"https:\/\/endormoonstore.com\/robocop-hagane-works\/","og_site_name":"EndormoonStore","article_modified_time":"2021-06-29T07:47:51+00:00","og_image":[{"width":730,"height":900,"url":"https:\/\/endormoonstore.com\/wp-content\/uploads\/2020\/09\/hagane_works_robocop-1.jpg","type":"image\/jpeg"}],"twitter_card":"summary_large_image","twitter_misc":{"Est. reading time":"1 minute"},"schema":{"@context":"https:\/\/schema.org","@graph":[{"@type":"WebPage","@id":"https:\/\/endormoonstore.com\/robocop-hagane-works\/","url":"https:\/\/endormoonstore.com\/robocop-hagane-works\/","name":"Robocop Hagane Works - EndormoonStore","isPartOf":{"@id":"https:\/\/endormoonstore.com\/#website"},"primaryImageOfPage":{"@id":"https:\/\/endormoonstore.com\/robocop-hagane-works\/#primaryimage"},"image":{"@id":"https:\/\/endormoonstore.com\/robocop-hagane-works\/#primaryimage"},"thumbnailUrl":"https:\/\/endormoonstore.com\/wp-content\/uploads\/2020\/09\/hagane_works_robocop-1.jpg","datePublished":"2020-09-28T17:17:17+00:00","dateModified":"2021-06-29T07:47:51+00:00","breadcrumb":{"@id":"https:\/\/endormoonstore.com\/robocop-hagane-works\/#breadcrumb"},"inLanguage":"en-US","potentialAction":[{"@type":"ReadAction","target":["https:\/\/endormoonstore.com\/robocop-hagane-works\/"]}]},{"@type":"ImageObject","inLanguage":"en-US","@id":"https:\/\/endormoonstore.com\/robocop-hagane-works\/#primaryimage","url":"https:\/\/endormoonstore.com\/wp-content\/uploads\/2020\/09\/hagane_works_robocop-1.jpg","contentUrl":"https:\/\/endormoonstore.com\/wp-content\/uploads\/2020\/09\/hagane_works_robocop-1.jpg","width":730,"height":900},{"@type":"BreadcrumbList","@id":"https:\/\/endormoonstore.com\/robocop-hagane-works\/#breadcrumb","itemListElement":[{"@type":"ListItem","position":1,"name":"Shop","item":"https:\/\/endormoonstore.com\/en\/shop\/"},{"@type":"ListItem","position":2,"name":"Robocop Hagane Works"}]},{"@type":"WebSite","@id":"https:\/\/endormoonstore.com\/#website","url":"https:\/\/endormoonstore.com\/","name":"EndormoonStore","description":"","potentialAction":[{"@type":"SearchAction","target":{"@type":"EntryPoint","urlTemplate":"https:\/\/endormoonstore.com\/?s={search_term_string}"},"query-input":{"@type":"PropertyValueSpecification","valueRequired":true,"valueName":"search_term_string"}}],"inLanguage":"en-US"}]}},"taxonomy_info":{"product_cat":[{"value":1390,"label":"Figures"}],"pa_brand":[{"value":2081,"label":"Good Smile Company"}],"pa_character":[{"value":3908,"label":"Robocop"}],"pa_license":[{"value":3914,"label":"Robocop"}],"pa_product-type":[{"value":2387,"label":"Figure"}],"pa_theme":[{"value":3920,"label":"Hagane Works"}]},"featured_image_src_large":["https:\/\/endormoonstore.com\/wp-content\/uploads\/2020\/09\/hagane_works_robocop-1.jpg",730,900,false],"author_info":[],"comment_info":"","_links":{"self":[{"href":"https:\/\/endormoonstore.com\/en\/wp-json\/wp\/v2\/product\/92323","targetHints":{"allow":["GET"]}}],"collection":[{"href":"https:\/\/endormoonstore.com\/en\/wp-json\/wp\/v2\/product"}],"about":[{"href":"https:\/\/endormoonstore.com\/en\/wp-json\/wp\/v2\/types\/product"}],"wp:featuredmedia":[{"embeddable":true,"href":"https:\/\/endormoonstore.com\/en\/wp-json\/wp\/v2\/media\/92275"}],"wp:attachment":[{"href":"https:\/\/endormoonstore.com\/en\/wp-json\/wp\/v2\/media?parent=92323"}],"wp:term":[{"taxonomy":"product_cat","embeddable":true,"href":"https:\/\/endormoonstore.com\/en\/wp-json\/wp\/v2\/product_cat?post=92323"},{"taxonomy":"product_tag","embeddable":true,"href":"https:\/\/endormoonstore.com\/en\/wp-json\/wp\/v2\/product_tag?post=92323"}],"curies":[{"name":"wp","href":"https:\/\/api.w.org\/{rel}","templated":true}]}}