{"id":92215,"date":"2020-09-26T12:38:14","date_gmt":"2020-09-26T10:38:14","guid":{"rendered":"https:\/\/endormoonstore.com\/superslot-ford-escort-mkii-rs2000-gulf-edition-ref-h4150\/"},"modified":"2021-03-10T20:33:10","modified_gmt":"2021-03-10T19:33:10","slug":"superslot-ford-escort-mkii-rs2000-gulf-edition-ref-h4150","status":"publish","type":"product","link":"https:\/\/endormoonstore.com\/en\/superslot-ford-escort-mkii-rs2000-gulf-edition-ref-h4150\/","title":{"rendered":"Superslot Ford Escort MKII RS2000 Gulf Edition Ref H4150"},"content":{"rendered":"<p><strong>Superslot Ford Escort MKII RS2000 Gulf Edition Ref H4150<\/strong><\/p>\n<ul>\n<li>Este nuevo Ford Escort RS200 que reproduce el coche con el que Azevedo venci\u00f3 la carrera de Vila-Real del 2014<\/li>\n<li>Un gran cl\u00e1sico protagonista de las citas en la Classic Super Stock portuguesa .<\/li>\n<li>\u00a0El coche con el que hace unos a\u00f1os el veterano piloto Rui Azevedo domina su categor\u00eda en las carreras de cl\u00e1sicos, altern\u00e1ndolas con su participaci\u00f3n en la Transit Trophy. Un Ford Escort RS2000 con los colores Gulf bien visibles<\/li>\n<li>Luces Efecto Xen\u00f3n delanteras y luces traseras<\/li>\n<li>Escobillas faciles de cambiar<\/li>\n<li>Fabricado por Hornby Hobbies Ltd.<\/li>\n<\/ul>\n<p><strong>\u00a0<\/strong><\/p>\n<p>&nbsp;<\/p>\n<p>&nbsp;<\/p>\n","protected":false},"excerpt":{"rendered":"<p><strong>Superslot Ford Escort MKII RS2000 Gulf Edition Ref H4150<\/strong><\/p>\n<p>Este nuevo Ford Escort RS200 que reproduce el coche con el que Azevedo venci\u00f3 la carrera de Vila-Real del 2014<\/p>\n","protected":false},"featured_media":92211,"template":"","meta":{"_acf_changed":false,"_kad_blocks_custom_css":"","_kad_blocks_head_custom_js":"","_kad_blocks_body_custom_js":"","_kad_blocks_footer_custom_js":""},"product_cat":[1388],"product_tag":[],"class_list":{"0":"post-92215","1":"product","2":"type-product","3":"status-publish","4":"has-post-thumbnail","6":"product_cat-modelism","7":"pa_brand-superslot-en","8":"pa_manufacturer-ford-en","9":"pa_theme-slot-en","11":"first","12":"instock","13":"taxable","14":"shipping-taxable","15":"purchasable","16":"product-type-simple"},"acf":[],"yoast_head":"<!-- This site is optimized with the Yoast SEO plugin v26.1.1 - https:\/\/yoast.com\/wordpress\/plugins\/seo\/ -->\n<title>Superslot Ford Escort MKII RS2000 Gulf Edition Ref H4150 - EndormoonStore<\/title>\n<meta name=\"robots\" content=\"index, follow, max-snippet:-1, max-image-preview:large, max-video-preview:-1\" \/>\n<link rel=\"canonical\" href=\"https:\/\/endormoonstore.com\/en\/superslot-ford-escort-mkii-rs2000-gulf-edition-ref-h4150\/\" \/>\n<meta property=\"og:locale\" content=\"en_US\" \/>\n<meta property=\"og:type\" content=\"article\" \/>\n<meta property=\"og:title\" content=\"Superslot Ford Escort MKII RS2000 Gulf Edition Ref H4150 - EndormoonStore\" \/>\n<meta property=\"og:description\" content=\"Superslot Ford Escort MKII RS2000 Gulf Edition Ref H4150  Este nuevo Ford Escort RS200 que reproduce el coche con el que Azevedo venci\u00f3 la carrera de Vila-Real del 2014\" \/>\n<meta property=\"og:url\" content=\"https:\/\/endormoonstore.com\/en\/superslot-ford-escort-mkii-rs2000-gulf-edition-ref-h4150\/\" \/>\n<meta property=\"og:site_name\" content=\"EndormoonStore\" \/>\n<meta property=\"article:modified_time\" content=\"2021-03-10T19:33:10+00:00\" \/>\n<meta property=\"og:image\" content=\"https:\/\/endormoonstore.com\/wp-content\/uploads\/2020\/09\/superslot_ford_escort_mkii_rs2000_gulf_edition_ref_h4150-1.jpg\" \/>\n\t<meta property=\"og:image:width\" content=\"1500\" \/>\n\t<meta property=\"og:image:height\" content=\"938\" \/>\n\t<meta property=\"og:image:type\" content=\"image\/jpeg\" \/>\n<meta name=\"twitter:card\" content=\"summary_large_image\" \/>\n<meta name=\"twitter:label1\" content=\"Est. reading time\" \/>\n\t<meta name=\"twitter:data1\" content=\"1 minute\" \/>\n<script type=\"application\/ld+json\" class=\"yoast-schema-graph\">{\"@context\":\"https:\/\/schema.org\",\"@graph\":[{\"@type\":\"WebPage\",\"@id\":\"https:\/\/endormoonstore.com\/en\/superslot-ford-escort-mkii-rs2000-gulf-edition-ref-h4150\/\",\"url\":\"https:\/\/endormoonstore.com\/en\/superslot-ford-escort-mkii-rs2000-gulf-edition-ref-h4150\/\",\"name\":\"Superslot Ford Escort MKII RS2000 Gulf Edition Ref H4150 - EndormoonStore\",\"isPartOf\":{\"@id\":\"https:\/\/endormoonstore.com\/#website\"},\"primaryImageOfPage\":{\"@id\":\"https:\/\/endormoonstore.com\/en\/superslot-ford-escort-mkii-rs2000-gulf-edition-ref-h4150\/#primaryimage\"},\"image\":{\"@id\":\"https:\/\/endormoonstore.com\/en\/superslot-ford-escort-mkii-rs2000-gulf-edition-ref-h4150\/#primaryimage\"},\"thumbnailUrl\":\"https:\/\/endormoonstore.com\/wp-content\/uploads\/2020\/09\/superslot_ford_escort_mkii_rs2000_gulf_edition_ref_h4150-1.jpg\",\"datePublished\":\"2020-09-26T10:38:14+00:00\",\"dateModified\":\"2021-03-10T19:33:10+00:00\",\"breadcrumb\":{\"@id\":\"https:\/\/endormoonstore.com\/en\/superslot-ford-escort-mkii-rs2000-gulf-edition-ref-h4150\/#breadcrumb\"},\"inLanguage\":\"en-US\",\"potentialAction\":[{\"@type\":\"ReadAction\",\"target\":[\"https:\/\/endormoonstore.com\/en\/superslot-ford-escort-mkii-rs2000-gulf-edition-ref-h4150\/\"]}]},{\"@type\":\"ImageObject\",\"inLanguage\":\"en-US\",\"@id\":\"https:\/\/endormoonstore.com\/en\/superslot-ford-escort-mkii-rs2000-gulf-edition-ref-h4150\/#primaryimage\",\"url\":\"https:\/\/endormoonstore.com\/wp-content\/uploads\/2020\/09\/superslot_ford_escort_mkii_rs2000_gulf_edition_ref_h4150-1.jpg\",\"contentUrl\":\"https:\/\/endormoonstore.com\/wp-content\/uploads\/2020\/09\/superslot_ford_escort_mkii_rs2000_gulf_edition_ref_h4150-1.jpg\",\"width\":1500,\"height\":938},{\"@type\":\"BreadcrumbList\",\"@id\":\"https:\/\/endormoonstore.com\/en\/superslot-ford-escort-mkii-rs2000-gulf-edition-ref-h4150\/#breadcrumb\",\"itemListElement\":[{\"@type\":\"ListItem\",\"position\":1,\"name\":\"Shop\",\"item\":\"https:\/\/endormoonstore.com\/en\/shop\/\"},{\"@type\":\"ListItem\",\"position\":2,\"name\":\"Superslot Ford Escort MKII RS2000 Gulf Edition Ref H4150\"}]},{\"@type\":\"WebSite\",\"@id\":\"https:\/\/endormoonstore.com\/#website\",\"url\":\"https:\/\/endormoonstore.com\/\",\"name\":\"EndormoonStore\",\"description\":\"\",\"potentialAction\":[{\"@type\":\"SearchAction\",\"target\":{\"@type\":\"EntryPoint\",\"urlTemplate\":\"https:\/\/endormoonstore.com\/?s={search_term_string}\"},\"query-input\":{\"@type\":\"PropertyValueSpecification\",\"valueRequired\":true,\"valueName\":\"search_term_string\"}}],\"inLanguage\":\"en-US\"}]}<\/script>\n<!-- \/ Yoast SEO plugin. -->","yoast_head_json":{"title":"Superslot Ford Escort MKII RS2000 Gulf Edition Ref H4150 - EndormoonStore","robots":{"index":"index","follow":"follow","max-snippet":"max-snippet:-1","max-image-preview":"max-image-preview:large","max-video-preview":"max-video-preview:-1"},"canonical":"https:\/\/endormoonstore.com\/en\/superslot-ford-escort-mkii-rs2000-gulf-edition-ref-h4150\/","og_locale":"en_US","og_type":"article","og_title":"Superslot Ford Escort MKII RS2000 Gulf Edition Ref H4150 - EndormoonStore","og_description":"Superslot Ford Escort MKII RS2000 Gulf Edition Ref H4150  Este nuevo Ford Escort RS200 que reproduce el coche con el que Azevedo venci\u00f3 la carrera de Vila-Real del 2014","og_url":"https:\/\/endormoonstore.com\/en\/superslot-ford-escort-mkii-rs2000-gulf-edition-ref-h4150\/","og_site_name":"EndormoonStore","article_modified_time":"2021-03-10T19:33:10+00:00","og_image":[{"width":1500,"height":938,"url":"https:\/\/endormoonstore.com\/wp-content\/uploads\/2020\/09\/superslot_ford_escort_mkii_rs2000_gulf_edition_ref_h4150-1.jpg","type":"image\/jpeg"}],"twitter_card":"summary_large_image","twitter_misc":{"Est. reading time":"1 minute"},"schema":{"@context":"https:\/\/schema.org","@graph":[{"@type":"WebPage","@id":"https:\/\/endormoonstore.com\/en\/superslot-ford-escort-mkii-rs2000-gulf-edition-ref-h4150\/","url":"https:\/\/endormoonstore.com\/en\/superslot-ford-escort-mkii-rs2000-gulf-edition-ref-h4150\/","name":"Superslot Ford Escort MKII RS2000 Gulf Edition Ref H4150 - EndormoonStore","isPartOf":{"@id":"https:\/\/endormoonstore.com\/#website"},"primaryImageOfPage":{"@id":"https:\/\/endormoonstore.com\/en\/superslot-ford-escort-mkii-rs2000-gulf-edition-ref-h4150\/#primaryimage"},"image":{"@id":"https:\/\/endormoonstore.com\/en\/superslot-ford-escort-mkii-rs2000-gulf-edition-ref-h4150\/#primaryimage"},"thumbnailUrl":"https:\/\/endormoonstore.com\/wp-content\/uploads\/2020\/09\/superslot_ford_escort_mkii_rs2000_gulf_edition_ref_h4150-1.jpg","datePublished":"2020-09-26T10:38:14+00:00","dateModified":"2021-03-10T19:33:10+00:00","breadcrumb":{"@id":"https:\/\/endormoonstore.com\/en\/superslot-ford-escort-mkii-rs2000-gulf-edition-ref-h4150\/#breadcrumb"},"inLanguage":"en-US","potentialAction":[{"@type":"ReadAction","target":["https:\/\/endormoonstore.com\/en\/superslot-ford-escort-mkii-rs2000-gulf-edition-ref-h4150\/"]}]},{"@type":"ImageObject","inLanguage":"en-US","@id":"https:\/\/endormoonstore.com\/en\/superslot-ford-escort-mkii-rs2000-gulf-edition-ref-h4150\/#primaryimage","url":"https:\/\/endormoonstore.com\/wp-content\/uploads\/2020\/09\/superslot_ford_escort_mkii_rs2000_gulf_edition_ref_h4150-1.jpg","contentUrl":"https:\/\/endormoonstore.com\/wp-content\/uploads\/2020\/09\/superslot_ford_escort_mkii_rs2000_gulf_edition_ref_h4150-1.jpg","width":1500,"height":938},{"@type":"BreadcrumbList","@id":"https:\/\/endormoonstore.com\/en\/superslot-ford-escort-mkii-rs2000-gulf-edition-ref-h4150\/#breadcrumb","itemListElement":[{"@type":"ListItem","position":1,"name":"Shop","item":"https:\/\/endormoonstore.com\/en\/shop\/"},{"@type":"ListItem","position":2,"name":"Superslot Ford Escort MKII RS2000 Gulf Edition Ref H4150"}]},{"@type":"WebSite","@id":"https:\/\/endormoonstore.com\/#website","url":"https:\/\/endormoonstore.com\/","name":"EndormoonStore","description":"","potentialAction":[{"@type":"SearchAction","target":{"@type":"EntryPoint","urlTemplate":"https:\/\/endormoonstore.com\/?s={search_term_string}"},"query-input":{"@type":"PropertyValueSpecification","valueRequired":true,"valueName":"search_term_string"}}],"inLanguage":"en-US"}]}},"taxonomy_info":{"product_cat":[{"value":1388,"label":"Modelism"}],"pa_brand":[{"value":1760,"label":"SuperSlot"}],"pa_manufacturer":[{"value":3632,"label":"Ford"}],"pa_theme":[{"value":2162,"label":"Slot"}]},"featured_image_src_large":["https:\/\/endormoonstore.com\/wp-content\/uploads\/2020\/09\/superslot_ford_escort_mkii_rs2000_gulf_edition_ref_h4150-1-1024x640.jpg",1024,640,true],"author_info":[],"comment_info":"","_links":{"self":[{"href":"https:\/\/endormoonstore.com\/en\/wp-json\/wp\/v2\/product\/92215","targetHints":{"allow":["GET"]}}],"collection":[{"href":"https:\/\/endormoonstore.com\/en\/wp-json\/wp\/v2\/product"}],"about":[{"href":"https:\/\/endormoonstore.com\/en\/wp-json\/wp\/v2\/types\/product"}],"wp:featuredmedia":[{"embeddable":true,"href":"https:\/\/endormoonstore.com\/en\/wp-json\/wp\/v2\/media\/92211"}],"wp:attachment":[{"href":"https:\/\/endormoonstore.com\/en\/wp-json\/wp\/v2\/media?parent=92215"}],"wp:term":[{"taxonomy":"product_cat","embeddable":true,"href":"https:\/\/endormoonstore.com\/en\/wp-json\/wp\/v2\/product_cat?post=92215"},{"taxonomy":"product_tag","embeddable":true,"href":"https:\/\/endormoonstore.com\/en\/wp-json\/wp\/v2\/product_tag?post=92215"}],"curies":[{"name":"wp","href":"https:\/\/api.w.org\/{rel}","templated":true}]}}