{"id":90957,"date":"2020-08-20T12:12:51","date_gmt":"2020-08-20T10:12:51","guid":{"rendered":"https:\/\/endormoonstore.com\/kids-goku-dragon-ball-son-goku-fes-vol-4\/"},"modified":"2021-03-17T19:38:19","modified_gmt":"2021-03-17T18:38:19","slug":"kids-goku-dragon-ball-son-goku-fes-vol-4","status":"publish","type":"product","link":"https:\/\/endormoonstore.com\/en\/kids-goku-dragon-ball-son-goku-fes-vol-4\/","title":{"rendered":"Kids Goku Dragon Ball Son Goku Fes!! Vol.4"},"content":{"rendered":"<p><strong>Kids Goku Dragon Ball Son Goku Fes!! Vol.4\u00a0Figura 15 cm<\/strong><\/p>\n<ul>\n<li>Banpresto presenta para la l\u00ednea de figuras Son Goku Fes!! esta figura de Goku (versi\u00f3n ni\u00f1o), basada en el popular manga y anime.<\/li>\n<li>Esta figura de PVC mide unos 15 cm de alto e incluye una base soporte especial para exposici\u00f3n.<\/li>\n<\/ul>\n<p>&nbsp;<\/p>\n<p>&nbsp;<\/p>\n","protected":false},"excerpt":{"rendered":"<p><strong>Kids Goku Dragon Ball Son Goku Fes!! Vol.4\u00a0Figura 15 cm<\/strong><\/p>\n<p>Banpresto presenta para la l\u00ednea de figuras Son Goku Fes!! esta figura de Goku (versi\u00f3n ni\u00f1o), basada en el popular manga y anime.<\/p>\n","protected":false},"featured_media":90945,"template":"","meta":{"_acf_changed":false,"_kad_blocks_custom_css":"","_kad_blocks_head_custom_js":"","_kad_blocks_body_custom_js":"","_kad_blocks_footer_custom_js":""},"product_cat":[1390],"product_tag":[],"class_list":{"0":"post-90957","1":"product","2":"type-product","3":"status-publish","4":"has-post-thumbnail","6":"product_cat-figures","7":"pa_brand-banpresto-en","8":"pa_character-son-goku-en","9":"pa_license-dragon-ball-en","10":"pa_product-type-figure","11":"pa_theme-goku-fes-en","13":"first","14":"instock","15":"taxable","16":"shipping-taxable","17":"purchasable","18":"product-type-simple"},"acf":[],"yoast_head":"<!-- This site is optimized with the Yoast SEO plugin v26.1.1 - https:\/\/yoast.com\/wordpress\/plugins\/seo\/ -->\n<title>Kids Goku Dragon Ball Son Goku Fes!! Vol.4 - EndormoonStore<\/title>\n<meta name=\"robots\" content=\"index, follow, max-snippet:-1, max-image-preview:large, max-video-preview:-1\" \/>\n<link rel=\"canonical\" href=\"https:\/\/endormoonstore.com\/en\/kids-goku-dragon-ball-son-goku-fes-vol-4\/\" \/>\n<meta property=\"og:locale\" content=\"en_US\" \/>\n<meta property=\"og:type\" content=\"article\" \/>\n<meta property=\"og:title\" content=\"Kids Goku Dragon Ball Son Goku Fes!! Vol.4 - EndormoonStore\" \/>\n<meta property=\"og:description\" content=\"Kids Goku Dragon Ball Son Goku Fes!! Vol.4\u00a0Figura 15 cm  Banpresto presenta para la l\u00ednea de figuras Son Goku Fes!! esta figura de Goku (versi\u00f3n ni\u00f1o), basada en el popular manga y anime.\" \/>\n<meta property=\"og:url\" content=\"https:\/\/endormoonstore.com\/en\/kids-goku-dragon-ball-son-goku-fes-vol-4\/\" \/>\n<meta property=\"og:site_name\" content=\"EndormoonStore\" \/>\n<meta property=\"article:modified_time\" content=\"2021-03-17T18:38:19+00:00\" \/>\n<meta property=\"og:image\" content=\"https:\/\/endormoonstore.com\/wp-content\/uploads\/2020\/08\/biddb169898.jpg\" \/>\n\t<meta property=\"og:image:width\" content=\"1200\" \/>\n\t<meta property=\"og:image:height\" content=\"1200\" \/>\n\t<meta property=\"og:image:type\" content=\"image\/jpeg\" \/>\n<meta name=\"twitter:card\" content=\"summary_large_image\" \/>\n<meta name=\"twitter:label1\" content=\"Est. reading time\" \/>\n\t<meta name=\"twitter:data1\" content=\"1 minute\" \/>\n<script type=\"application\/ld+json\" class=\"yoast-schema-graph\">{\"@context\":\"https:\/\/schema.org\",\"@graph\":[{\"@type\":\"WebPage\",\"@id\":\"https:\/\/endormoonstore.com\/en\/kids-goku-dragon-ball-son-goku-fes-vol-4\/\",\"url\":\"https:\/\/endormoonstore.com\/en\/kids-goku-dragon-ball-son-goku-fes-vol-4\/\",\"name\":\"Kids Goku Dragon Ball Son Goku Fes!! Vol.4 - EndormoonStore\",\"isPartOf\":{\"@id\":\"https:\/\/endormoonstore.com\/#website\"},\"primaryImageOfPage\":{\"@id\":\"https:\/\/endormoonstore.com\/en\/kids-goku-dragon-ball-son-goku-fes-vol-4\/#primaryimage\"},\"image\":{\"@id\":\"https:\/\/endormoonstore.com\/en\/kids-goku-dragon-ball-son-goku-fes-vol-4\/#primaryimage\"},\"thumbnailUrl\":\"https:\/\/endormoonstore.com\/wp-content\/uploads\/2020\/08\/biddb169898.jpg\",\"datePublished\":\"2020-08-20T10:12:51+00:00\",\"dateModified\":\"2021-03-17T18:38:19+00:00\",\"breadcrumb\":{\"@id\":\"https:\/\/endormoonstore.com\/en\/kids-goku-dragon-ball-son-goku-fes-vol-4\/#breadcrumb\"},\"inLanguage\":\"en-US\",\"potentialAction\":[{\"@type\":\"ReadAction\",\"target\":[\"https:\/\/endormoonstore.com\/en\/kids-goku-dragon-ball-son-goku-fes-vol-4\/\"]}]},{\"@type\":\"ImageObject\",\"inLanguage\":\"en-US\",\"@id\":\"https:\/\/endormoonstore.com\/en\/kids-goku-dragon-ball-son-goku-fes-vol-4\/#primaryimage\",\"url\":\"https:\/\/endormoonstore.com\/wp-content\/uploads\/2020\/08\/biddb169898.jpg\",\"contentUrl\":\"https:\/\/endormoonstore.com\/wp-content\/uploads\/2020\/08\/biddb169898.jpg\",\"width\":1200,\"height\":1200},{\"@type\":\"BreadcrumbList\",\"@id\":\"https:\/\/endormoonstore.com\/en\/kids-goku-dragon-ball-son-goku-fes-vol-4\/#breadcrumb\",\"itemListElement\":[{\"@type\":\"ListItem\",\"position\":1,\"name\":\"Shop\",\"item\":\"https:\/\/endormoonstore.com\/en\/shop\/\"},{\"@type\":\"ListItem\",\"position\":2,\"name\":\"Kids Goku Dragon Ball Son Goku Fes!! Vol.4\"}]},{\"@type\":\"WebSite\",\"@id\":\"https:\/\/endormoonstore.com\/#website\",\"url\":\"https:\/\/endormoonstore.com\/\",\"name\":\"EndormoonStore\",\"description\":\"\",\"potentialAction\":[{\"@type\":\"SearchAction\",\"target\":{\"@type\":\"EntryPoint\",\"urlTemplate\":\"https:\/\/endormoonstore.com\/?s={search_term_string}\"},\"query-input\":{\"@type\":\"PropertyValueSpecification\",\"valueRequired\":true,\"valueName\":\"search_term_string\"}}],\"inLanguage\":\"en-US\"}]}<\/script>\n<!-- \/ Yoast SEO plugin. -->","yoast_head_json":{"title":"Kids Goku Dragon Ball Son Goku Fes!! Vol.4 - EndormoonStore","robots":{"index":"index","follow":"follow","max-snippet":"max-snippet:-1","max-image-preview":"max-image-preview:large","max-video-preview":"max-video-preview:-1"},"canonical":"https:\/\/endormoonstore.com\/en\/kids-goku-dragon-ball-son-goku-fes-vol-4\/","og_locale":"en_US","og_type":"article","og_title":"Kids Goku Dragon Ball Son Goku Fes!! Vol.4 - EndormoonStore","og_description":"Kids Goku Dragon Ball Son Goku Fes!! Vol.4\u00a0Figura 15 cm  Banpresto presenta para la l\u00ednea de figuras Son Goku Fes!! esta figura de Goku (versi\u00f3n ni\u00f1o), basada en el popular manga y anime.","og_url":"https:\/\/endormoonstore.com\/en\/kids-goku-dragon-ball-son-goku-fes-vol-4\/","og_site_name":"EndormoonStore","article_modified_time":"2021-03-17T18:38:19+00:00","og_image":[{"width":1200,"height":1200,"url":"https:\/\/endormoonstore.com\/wp-content\/uploads\/2020\/08\/biddb169898.jpg","type":"image\/jpeg"}],"twitter_card":"summary_large_image","twitter_misc":{"Est. reading time":"1 minute"},"schema":{"@context":"https:\/\/schema.org","@graph":[{"@type":"WebPage","@id":"https:\/\/endormoonstore.com\/en\/kids-goku-dragon-ball-son-goku-fes-vol-4\/","url":"https:\/\/endormoonstore.com\/en\/kids-goku-dragon-ball-son-goku-fes-vol-4\/","name":"Kids Goku Dragon Ball Son Goku Fes!! Vol.4 - EndormoonStore","isPartOf":{"@id":"https:\/\/endormoonstore.com\/#website"},"primaryImageOfPage":{"@id":"https:\/\/endormoonstore.com\/en\/kids-goku-dragon-ball-son-goku-fes-vol-4\/#primaryimage"},"image":{"@id":"https:\/\/endormoonstore.com\/en\/kids-goku-dragon-ball-son-goku-fes-vol-4\/#primaryimage"},"thumbnailUrl":"https:\/\/endormoonstore.com\/wp-content\/uploads\/2020\/08\/biddb169898.jpg","datePublished":"2020-08-20T10:12:51+00:00","dateModified":"2021-03-17T18:38:19+00:00","breadcrumb":{"@id":"https:\/\/endormoonstore.com\/en\/kids-goku-dragon-ball-son-goku-fes-vol-4\/#breadcrumb"},"inLanguage":"en-US","potentialAction":[{"@type":"ReadAction","target":["https:\/\/endormoonstore.com\/en\/kids-goku-dragon-ball-son-goku-fes-vol-4\/"]}]},{"@type":"ImageObject","inLanguage":"en-US","@id":"https:\/\/endormoonstore.com\/en\/kids-goku-dragon-ball-son-goku-fes-vol-4\/#primaryimage","url":"https:\/\/endormoonstore.com\/wp-content\/uploads\/2020\/08\/biddb169898.jpg","contentUrl":"https:\/\/endormoonstore.com\/wp-content\/uploads\/2020\/08\/biddb169898.jpg","width":1200,"height":1200},{"@type":"BreadcrumbList","@id":"https:\/\/endormoonstore.com\/en\/kids-goku-dragon-ball-son-goku-fes-vol-4\/#breadcrumb","itemListElement":[{"@type":"ListItem","position":1,"name":"Shop","item":"https:\/\/endormoonstore.com\/en\/shop\/"},{"@type":"ListItem","position":2,"name":"Kids Goku Dragon Ball Son Goku Fes!! Vol.4"}]},{"@type":"WebSite","@id":"https:\/\/endormoonstore.com\/#website","url":"https:\/\/endormoonstore.com\/","name":"EndormoonStore","description":"","potentialAction":[{"@type":"SearchAction","target":{"@type":"EntryPoint","urlTemplate":"https:\/\/endormoonstore.com\/?s={search_term_string}"},"query-input":{"@type":"PropertyValueSpecification","valueRequired":true,"valueName":"search_term_string"}}],"inLanguage":"en-US"}]}},"taxonomy_info":{"product_cat":[{"value":1390,"label":"Figures"}],"pa_brand":[{"value":1630,"label":"Banpresto"}],"pa_character":[{"value":2234,"label":"Son Goku"}],"pa_license":[{"value":2240,"label":"Dragon Ball"}],"pa_product-type":[{"value":2387,"label":"Figure"}],"pa_theme":[{"value":6531,"label":"Goku Fes!!"}]},"featured_image_src_large":["https:\/\/endormoonstore.com\/wp-content\/uploads\/2020\/08\/biddb169898-1024x1024.jpg",1024,1024,true],"author_info":[],"comment_info":"","_links":{"self":[{"href":"https:\/\/endormoonstore.com\/en\/wp-json\/wp\/v2\/product\/90957","targetHints":{"allow":["GET"]}}],"collection":[{"href":"https:\/\/endormoonstore.com\/en\/wp-json\/wp\/v2\/product"}],"about":[{"href":"https:\/\/endormoonstore.com\/en\/wp-json\/wp\/v2\/types\/product"}],"wp:featuredmedia":[{"embeddable":true,"href":"https:\/\/endormoonstore.com\/en\/wp-json\/wp\/v2\/media\/90945"}],"wp:attachment":[{"href":"https:\/\/endormoonstore.com\/en\/wp-json\/wp\/v2\/media?parent=90957"}],"wp:term":[{"taxonomy":"product_cat","embeddable":true,"href":"https:\/\/endormoonstore.com\/en\/wp-json\/wp\/v2\/product_cat?post=90957"},{"taxonomy":"product_tag","embeddable":true,"href":"https:\/\/endormoonstore.com\/en\/wp-json\/wp\/v2\/product_tag?post=90957"}],"curies":[{"name":"wp","href":"https:\/\/api.w.org\/{rel}","templated":true}]}}