{"id":89945,"date":"2020-08-03T09:28:13","date_gmt":"2020-08-03T07:28:13","guid":{"rendered":"https:\/\/endormoonstore.com\/thanos-final-battle-edition-marvel-avengers-endgame-s-h-figuarts\/"},"modified":"2022-07-10T20:17:31","modified_gmt":"2022-07-10T18:17:31","slug":"thanos-final-battle-edition-marvel-avengers-endgame-s-h-figuarts","status":"publish","type":"product","link":"https:\/\/endormoonstore.com\/en\/thanos-final-battle-edition-marvel-avengers-endgame-s-h-figuarts\/","title":{"rendered":"Thanos Final Battle Edition Marvel Avengers Endgame S.H Figuarts"},"content":{"rendered":"<p><strong>Thanos Final Battle Edition Marvel Avengers Endgame S.H Figuarts\u00a0Figura 19,5 cm<\/strong><\/p>\n<ul>\n<li>Tamashii Nations presenta para la l\u00ednea S.H. Figuarts la figura de Thanos, el Se\u00f1or Oscuro que amenaza a los h\u00e9roes m\u00e1s poderosos de la humanidad, basada en la pel\u00edcula &#8220;Avengers \/ Endgame&#8221;.<\/li>\n<li>Esta vez, presentan la figura de Thanos en la edici\u00f3n &#8220;Final Battle&#8221;.<\/li>\n<li>Se trata de una figura articulada de 19.5 cm de alto hecha en PVC.<\/li>\n<li>Incluye 2x rostros opcionales, 2x pares de manos intercambiables, el set Nano Gauntlet, un set diorama y un arma.<\/li>\n<\/ul>\n","protected":false},"excerpt":{"rendered":"<p><strong>Thanos Final Battle Edition Marvel Avengers Endgame S.H Figuarts\u00a0Figura 19,5 cm<\/strong><\/p>\n<p>Tamashii Nations presenta para la l\u00ednea S.H. Figuarts la figura de Thanos, el Se\u00f1or Oscuro que amenaza a los h\u00e9roes m\u00e1s poderosos de la humanidad, basada en la pel\u00edcula &#8220;Avengers \/ Endgame&#8221;.<\/p>\n","protected":false},"featured_media":89913,"template":"","meta":{"_acf_changed":false,"_kad_blocks_custom_css":"","_kad_blocks_head_custom_js":"","_kad_blocks_body_custom_js":"","_kad_blocks_footer_custom_js":""},"product_cat":[1390],"product_tag":[],"class_list":{"0":"post-89945","1":"product","2":"type-product","3":"status-publish","4":"has-post-thumbnail","6":"product_cat-figures","7":"pa_brand-tamashii-nations-en","8":"pa_character-thanos-en","9":"pa_episode-the-avengers-endgane-en","10":"pa_license-marvel-en","11":"pa_product-type-figure","12":"pa_theme-s-h-figuarts-en","14":"first","15":"outofstock","16":"taxable","17":"shipping-taxable","18":"purchasable","19":"product-type-simple"},"acf":[],"yoast_head":"<!-- This site is optimized with the Yoast SEO plugin v26.1.1 - https:\/\/yoast.com\/wordpress\/plugins\/seo\/ -->\n<title>Thanos Final Battle Edition Marvel Avengers Endgame S.H Figuarts - EndormoonStore<\/title>\n<meta name=\"robots\" content=\"index, follow, max-snippet:-1, max-image-preview:large, max-video-preview:-1\" \/>\n<link rel=\"canonical\" href=\"https:\/\/endormoonstore.com\/en\/thanos-final-battle-edition-marvel-avengers-endgame-s-h-figuarts\/\" \/>\n<meta property=\"og:locale\" content=\"en_US\" \/>\n<meta property=\"og:type\" content=\"article\" \/>\n<meta property=\"og:title\" content=\"Thanos Final Battle Edition Marvel Avengers Endgame S.H Figuarts - EndormoonStore\" \/>\n<meta property=\"og:description\" content=\"Thanos Final Battle Edition Marvel Avengers Endgame S.H Figuarts\u00a0Figura 19,5 cm  Tamashii Nations presenta para la l\u00ednea S.H. Figuarts la figura de Thanos, el Se\u00f1or Oscuro que amenaza a los h\u00e9roes m\u00e1s poderosos de la humanidad, basada en la pel\u00edcula &quot;Avengers \/ Endgame&quot;.\" \/>\n<meta property=\"og:url\" content=\"https:\/\/endormoonstore.com\/en\/thanos-final-battle-edition-marvel-avengers-endgame-s-h-figuarts\/\" \/>\n<meta property=\"og:site_name\" content=\"EndormoonStore\" \/>\n<meta property=\"article:modified_time\" content=\"2022-07-10T18:17:31+00:00\" \/>\n<meta property=\"og:image\" content=\"https:\/\/endormoonstore.com\/wp-content\/uploads\/2020\/08\/thanos_final_battle_edition_figura_19.5_cm_marvel_avengers_endgame_s.h._figuarts-1.jpg\" \/>\n\t<meta property=\"og:image:width\" content=\"1200\" \/>\n\t<meta property=\"og:image:height\" content=\"1200\" \/>\n\t<meta property=\"og:image:type\" content=\"image\/jpeg\" \/>\n<meta name=\"twitter:card\" content=\"summary_large_image\" \/>\n<meta name=\"twitter:label1\" content=\"Est. reading time\" \/>\n\t<meta name=\"twitter:data1\" content=\"1 minute\" \/>\n<script type=\"application\/ld+json\" class=\"yoast-schema-graph\">{\"@context\":\"https:\/\/schema.org\",\"@graph\":[{\"@type\":\"WebPage\",\"@id\":\"https:\/\/endormoonstore.com\/en\/thanos-final-battle-edition-marvel-avengers-endgame-s-h-figuarts\/\",\"url\":\"https:\/\/endormoonstore.com\/en\/thanos-final-battle-edition-marvel-avengers-endgame-s-h-figuarts\/\",\"name\":\"Thanos Final Battle Edition Marvel Avengers Endgame S.H Figuarts - EndormoonStore\",\"isPartOf\":{\"@id\":\"https:\/\/endormoonstore.com\/#website\"},\"primaryImageOfPage\":{\"@id\":\"https:\/\/endormoonstore.com\/en\/thanos-final-battle-edition-marvel-avengers-endgame-s-h-figuarts\/#primaryimage\"},\"image\":{\"@id\":\"https:\/\/endormoonstore.com\/en\/thanos-final-battle-edition-marvel-avengers-endgame-s-h-figuarts\/#primaryimage\"},\"thumbnailUrl\":\"https:\/\/endormoonstore.com\/wp-content\/uploads\/2020\/08\/thanos_final_battle_edition_figura_19.5_cm_marvel_avengers_endgame_s.h._figuarts-1.jpg\",\"datePublished\":\"2020-08-03T07:28:13+00:00\",\"dateModified\":\"2022-07-10T18:17:31+00:00\",\"breadcrumb\":{\"@id\":\"https:\/\/endormoonstore.com\/en\/thanos-final-battle-edition-marvel-avengers-endgame-s-h-figuarts\/#breadcrumb\"},\"inLanguage\":\"en-US\",\"potentialAction\":[{\"@type\":\"ReadAction\",\"target\":[\"https:\/\/endormoonstore.com\/en\/thanos-final-battle-edition-marvel-avengers-endgame-s-h-figuarts\/\"]}]},{\"@type\":\"ImageObject\",\"inLanguage\":\"en-US\",\"@id\":\"https:\/\/endormoonstore.com\/en\/thanos-final-battle-edition-marvel-avengers-endgame-s-h-figuarts\/#primaryimage\",\"url\":\"https:\/\/endormoonstore.com\/wp-content\/uploads\/2020\/08\/thanos_final_battle_edition_figura_19.5_cm_marvel_avengers_endgame_s.h._figuarts-1.jpg\",\"contentUrl\":\"https:\/\/endormoonstore.com\/wp-content\/uploads\/2020\/08\/thanos_final_battle_edition_figura_19.5_cm_marvel_avengers_endgame_s.h._figuarts-1.jpg\",\"width\":1200,\"height\":1200},{\"@type\":\"BreadcrumbList\",\"@id\":\"https:\/\/endormoonstore.com\/en\/thanos-final-battle-edition-marvel-avengers-endgame-s-h-figuarts\/#breadcrumb\",\"itemListElement\":[{\"@type\":\"ListItem\",\"position\":1,\"name\":\"Shop\",\"item\":\"https:\/\/endormoonstore.com\/en\/shop\/\"},{\"@type\":\"ListItem\",\"position\":2,\"name\":\"Thanos Final Battle Edition Marvel Avengers Endgame S.H Figuarts\"}]},{\"@type\":\"WebSite\",\"@id\":\"https:\/\/endormoonstore.com\/#website\",\"url\":\"https:\/\/endormoonstore.com\/\",\"name\":\"EndormoonStore\",\"description\":\"\",\"potentialAction\":[{\"@type\":\"SearchAction\",\"target\":{\"@type\":\"EntryPoint\",\"urlTemplate\":\"https:\/\/endormoonstore.com\/?s={search_term_string}\"},\"query-input\":{\"@type\":\"PropertyValueSpecification\",\"valueRequired\":true,\"valueName\":\"search_term_string\"}}],\"inLanguage\":\"en-US\"}]}<\/script>\n<!-- \/ Yoast SEO plugin. -->","yoast_head_json":{"title":"Thanos Final Battle Edition Marvel Avengers Endgame S.H Figuarts - EndormoonStore","robots":{"index":"index","follow":"follow","max-snippet":"max-snippet:-1","max-image-preview":"max-image-preview:large","max-video-preview":"max-video-preview:-1"},"canonical":"https:\/\/endormoonstore.com\/en\/thanos-final-battle-edition-marvel-avengers-endgame-s-h-figuarts\/","og_locale":"en_US","og_type":"article","og_title":"Thanos Final Battle Edition Marvel Avengers Endgame S.H Figuarts - EndormoonStore","og_description":"Thanos Final Battle Edition Marvel Avengers Endgame S.H Figuarts\u00a0Figura 19,5 cm  Tamashii Nations presenta para la l\u00ednea S.H. Figuarts la figura de Thanos, el Se\u00f1or Oscuro que amenaza a los h\u00e9roes m\u00e1s poderosos de la humanidad, basada en la pel\u00edcula \"Avengers \/ Endgame\".","og_url":"https:\/\/endormoonstore.com\/en\/thanos-final-battle-edition-marvel-avengers-endgame-s-h-figuarts\/","og_site_name":"EndormoonStore","article_modified_time":"2022-07-10T18:17:31+00:00","og_image":[{"width":1200,"height":1200,"url":"https:\/\/endormoonstore.com\/wp-content\/uploads\/2020\/08\/thanos_final_battle_edition_figura_19.5_cm_marvel_avengers_endgame_s.h._figuarts-1.jpg","type":"image\/jpeg"}],"twitter_card":"summary_large_image","twitter_misc":{"Est. reading time":"1 minute"},"schema":{"@context":"https:\/\/schema.org","@graph":[{"@type":"WebPage","@id":"https:\/\/endormoonstore.com\/en\/thanos-final-battle-edition-marvel-avengers-endgame-s-h-figuarts\/","url":"https:\/\/endormoonstore.com\/en\/thanos-final-battle-edition-marvel-avengers-endgame-s-h-figuarts\/","name":"Thanos Final Battle Edition Marvel Avengers Endgame S.H Figuarts - EndormoonStore","isPartOf":{"@id":"https:\/\/endormoonstore.com\/#website"},"primaryImageOfPage":{"@id":"https:\/\/endormoonstore.com\/en\/thanos-final-battle-edition-marvel-avengers-endgame-s-h-figuarts\/#primaryimage"},"image":{"@id":"https:\/\/endormoonstore.com\/en\/thanos-final-battle-edition-marvel-avengers-endgame-s-h-figuarts\/#primaryimage"},"thumbnailUrl":"https:\/\/endormoonstore.com\/wp-content\/uploads\/2020\/08\/thanos_final_battle_edition_figura_19.5_cm_marvel_avengers_endgame_s.h._figuarts-1.jpg","datePublished":"2020-08-03T07:28:13+00:00","dateModified":"2022-07-10T18:17:31+00:00","breadcrumb":{"@id":"https:\/\/endormoonstore.com\/en\/thanos-final-battle-edition-marvel-avengers-endgame-s-h-figuarts\/#breadcrumb"},"inLanguage":"en-US","potentialAction":[{"@type":"ReadAction","target":["https:\/\/endormoonstore.com\/en\/thanos-final-battle-edition-marvel-avengers-endgame-s-h-figuarts\/"]}]},{"@type":"ImageObject","inLanguage":"en-US","@id":"https:\/\/endormoonstore.com\/en\/thanos-final-battle-edition-marvel-avengers-endgame-s-h-figuarts\/#primaryimage","url":"https:\/\/endormoonstore.com\/wp-content\/uploads\/2020\/08\/thanos_final_battle_edition_figura_19.5_cm_marvel_avengers_endgame_s.h._figuarts-1.jpg","contentUrl":"https:\/\/endormoonstore.com\/wp-content\/uploads\/2020\/08\/thanos_final_battle_edition_figura_19.5_cm_marvel_avengers_endgame_s.h._figuarts-1.jpg","width":1200,"height":1200},{"@type":"BreadcrumbList","@id":"https:\/\/endormoonstore.com\/en\/thanos-final-battle-edition-marvel-avengers-endgame-s-h-figuarts\/#breadcrumb","itemListElement":[{"@type":"ListItem","position":1,"name":"Shop","item":"https:\/\/endormoonstore.com\/en\/shop\/"},{"@type":"ListItem","position":2,"name":"Thanos Final Battle Edition Marvel Avengers Endgame S.H Figuarts"}]},{"@type":"WebSite","@id":"https:\/\/endormoonstore.com\/#website","url":"https:\/\/endormoonstore.com\/","name":"EndormoonStore","description":"","potentialAction":[{"@type":"SearchAction","target":{"@type":"EntryPoint","urlTemplate":"https:\/\/endormoonstore.com\/?s={search_term_string}"},"query-input":{"@type":"PropertyValueSpecification","valueRequired":true,"valueName":"search_term_string"}}],"inLanguage":"en-US"}]}},"taxonomy_info":{"product_cat":[{"value":1390,"label":"Figures"}],"pa_brand":[{"value":2096,"label":"Tamashii Nations"}],"pa_character":[{"value":4187,"label":"Thanos"}],"pa_episode":[{"value":4181,"label":"The Avengers Endgane"}],"pa_license":[{"value":1642,"label":"Marvel"}],"pa_product-type":[{"value":2387,"label":"Figure"}],"pa_theme":[{"value":1813,"label":"S.H. Figuarts"}]},"featured_image_src_large":["https:\/\/endormoonstore.com\/wp-content\/uploads\/2020\/08\/thanos_final_battle_edition_figura_19.5_cm_marvel_avengers_endgame_s.h._figuarts-1-1024x1024.jpg",1024,1024,true],"author_info":[],"comment_info":"","_links":{"self":[{"href":"https:\/\/endormoonstore.com\/en\/wp-json\/wp\/v2\/product\/89945","targetHints":{"allow":["GET"]}}],"collection":[{"href":"https:\/\/endormoonstore.com\/en\/wp-json\/wp\/v2\/product"}],"about":[{"href":"https:\/\/endormoonstore.com\/en\/wp-json\/wp\/v2\/types\/product"}],"wp:featuredmedia":[{"embeddable":true,"href":"https:\/\/endormoonstore.com\/en\/wp-json\/wp\/v2\/media\/89913"}],"wp:attachment":[{"href":"https:\/\/endormoonstore.com\/en\/wp-json\/wp\/v2\/media?parent=89945"}],"wp:term":[{"taxonomy":"product_cat","embeddable":true,"href":"https:\/\/endormoonstore.com\/en\/wp-json\/wp\/v2\/product_cat?post=89945"},{"taxonomy":"product_tag","embeddable":true,"href":"https:\/\/endormoonstore.com\/en\/wp-json\/wp\/v2\/product_tag?post=89945"}],"curies":[{"name":"wp","href":"https:\/\/api.w.org\/{rel}","templated":true}]}}