{"id":89825,"date":"2020-08-02T11:13:53","date_gmt":"2020-08-02T09:13:53","guid":{"rendered":"https:\/\/endormoonstore.com\/warhammer-40-000-reglamento-ba-sico\/"},"modified":"2022-01-01T00:00:12","modified_gmt":"2021-12-31T23:00:12","slug":"warhammer-40-000-reglamento-ba-sico","status":"publish","type":"product","link":"https:\/\/endormoonstore.com\/en\/warhammer-40-000-reglamento-ba-sico\/","title":{"rendered":"Warhammer 40.000 Reglamento Ba\u0301sico"},"content":{"rendered":"<p><strong>Warhammer 40.000 Reglamento Ba\u0301sico<\/strong><\/p>\n<ul>\n<li>No hay tiempo para la paz. No hay perd\u00f3n. No hay respiro. Solo hay guerra.<\/li>\n<li>La galaxia agoniza atrapada en el pu\u00f1o inquebrantable del conflicto supremo.<\/li>\n<li>El Imperium de la Humanidad se tambalea al borde de la aniquilaci\u00f3n, asediado por se\u00f1ores herejes de la guerra, brujas conjuradaemons y hambrientos imperios alien\u00edgenas.<\/li>\n<li>En cada sistema estelar, en cada planeta, se libra una batalla sin cuartel en la que fuerzas leales, herejes y alien\u00edgenas rasgan el tejido de la mism\u00edsima realidad en su lucha por la dominaci\u00f3n.<\/li>\n<li>Las llamas se avivan d\u00eda a d\u00eda.<\/li>\n<li>Esta era es la m\u00e1s cruenta que se recuerda, sin un solo rinc\u00f3n de la galaxia que no haya sido asolado por la violencia.<\/li>\n<\/ul>\n<p><strong>El libro<\/strong><\/p>\n<ul>\n<li>Este libro de tapa dura de 368 p\u00e1ginas es el ejemplar fundamental para cualquier aficionado de Warhammer 40,000, y en \u00e9l encontrar\u00e1s todo lo que necesitas saber para coleccionar, montar, pintar y jugar con las miniaturas Citadel.<\/li>\n<li>Empieza con una visi\u00f3n general del hobby de Warhammer 40,000, centrada en las cuatro \u00e1reas troncales: coleccionismo, montaje, pintura y juego, e incluye descripciones de las modalidades de juego abierto, narrativo y equilibrado.<\/li>\n<\/ul>\n<p>&nbsp;<\/p>\n<ul>\n<li><strong>Imperium Oscuro<\/strong><\/li>\n<li>En la primera de las enormes secciones de trasfondo del libro podr\u00e1s empaparte de la historia gal\u00e1ctica despu\u00e9s de que la Cicatrix Maledictum, la Gran Fisura, desgarrara la galaxia y partiera el Imperium en dos. La Humanidad se enfrenta al mayor desaf\u00edo de los \u00faltimos diez milenios a medida que las fuerzas del Caos asolan el Imperium incluso cuando los se\u00f1ores de la guerra alien\u00edgenas intentan aprovecharse de la inenarrable devastaci\u00f3n acaecida sobre los dominios del Emperador.<\/li>\n<li>Tambi\u00e9n encontrar\u00e1s una hoja desplegable que incluye una representaci\u00f3n detallista de los planetas y el sistema Sol, as\u00ed como un mapa de toda la galaxia, en el que destacan las zonas b\u00e9licas clave para que puedas ver f\u00e1cilmente d\u00f3nde est\u00e1n los puntos calientes.<\/li>\n<li>El Imperium Oscuro contin\u00faa apoder\u00e1ndose sigilosamente del Imperium, acaparando sus estamentos militares, sus instituciones p\u00fablicas e incluso las organizaciones m\u00e1s clandestinas\u2026<\/li>\n<li>A medida que vayas leyendo, descubrir\u00e1s mucho m\u00e1s sobre las cambiantes fronteras del Imperium y conocer\u00e1s a fondo la actitud del Credo Imperial hacia los pseudohumanos, los ps\u00edquicos y, lo peor de todo, \u00a1los mutantes y los herejes!<\/li>\n<li>Por \u00faltimo, Imperium Oscuro proporciona una breve explicaci\u00f3n de los cuatro Dioses Oscuros del Caos, incluidas sus legiones daem\u00f3nicas, sus seguidores serviles y los temidos campeones mortales, un desaf\u00edo permanente para el Imperium.<\/li>\n<\/ul>\n<p>&nbsp;<\/p>\n<ul>\n<li><strong>La Saga Imperialis<\/strong><\/li>\n<li>En la siguiente parte del trasfondo conocer\u00e1s a fondo la historia de la Humanidad, desde sus inicios en las Eras de Terra y de la Tecnolog\u00eda, hasta las Eras de los Conflictos y de la Oscuridad y por \u00faltimo, la Era del Imperium, tras la Herej\u00eda de Horus.<\/li>\n<li>A continuaci\u00f3n, detalla los acontecimientos de la Era del Imperium Oscuro y Gathering Storm en la \u00e9poca previa a la Gran Fisura, as\u00ed como la Era de las Brujas, que sucedi\u00f3 durante el Despertar Ps\u00edquico.<\/li>\n<li>Por \u00faltimo, construye la base de la Cruzada Ind\u00f3mita, tras la visita del renacido Primarca Roboute Guilliman a su padre, el Emperador, en Sagrada Terra.<\/li>\n<li>Asimismo, entender\u00e1s mejor la postura del Imperio contra los Alien\u00edgenas, desde los Orkos hasta el Imperio T\u2019au, los Aeldari, los Necrones y los Tir\u00e1nidos extragal\u00e1ticos, as\u00ed como los Daemons y los Her\u00e9ticos.<\/li>\n<li>Como broche final de la secci\u00f3n publicamos cuatro relatos breves que adoptan la l\u00f3brega realidad de la Era Indomitus y le insuflan vida como ninguna otra.<\/li>\n<li>Guerreros del Imperium, Los perdidos y los condenados e Invasores xenos Estis apartados cubren todas las facciones de Warhammer 40,000 y permiten entenderlas a fondo, as\u00ed como la amenaza que suponen y su lugar en la galaxia.<\/li>\n<li>Tambi\u00e9n hay una maravillosa galer\u00eda de miniaturas para cada facci\u00f3n, en la que aparecen tal y como entrar\u00edan en batalla y con descripciones narrativas.<\/li>\n<\/ul>\n<p><strong>Las reglas<\/strong><\/p>\n<ul>\n<li>La primera secci\u00f3n de las reglas b\u00e1sicas cubre los fundamentos del juego y las aplica a las siete fases del juego: la fase de mando, la fase de movimiento, la fase ps\u00edquica, la fase de disparo, la fase de carga, la fase de combate y la fase de moral.<\/li>\n<li>Las reglas adicionales tambi\u00e9n cubren:<\/li>\n<li>Jugar misiones y el proceso de mejora de la preparaci\u00f3n de un ej\u00e9rcito, ya sea usando la potencia de unidad o su valor en puntos<\/li>\n<li>Ej\u00e9rcitos veteranos y ej\u00e9rcitos libres, as\u00ed como puntos de mando que los ej\u00e9rcitos veteranos pueden utilizar<\/li>\n<li>Roles en batalla y 11 tipos de Destacamentos que puedes incluir en tu ej\u00e9rcito<\/li>\n<li>Siete estratagemas b\u00e1sicas que son universales y est\u00e1n disponibles para cualquier ej\u00e9rcito de Warhammer 40,000<\/li>\n<li>Reservas estrat\u00e9gicas: la posibilidad de reservar unidades durante el despliegue e incluso de enviarlas para rebasar l\u00edneas enemigas<\/li>\n<li>Acciones, como instalaci\u00f3n de explosivos, pirateo de un banco de datos o realizaci\u00f3n de un ritual, y c\u00f3mo pueden llevarse a cabo (u, ocasionalmente, evitarse)<\/li>\n<li>Reglas para elementos de terreno, como colinas, obst\u00e1culos, escenograf\u00eda de \u00e1rea y edificios, incluidas las particularidades de cada \u00e1rea y su efecto sobre el campo de batalla<\/li>\n<li>Consejos y trucos para crear un campo de batalla adecuado, en t\u00e9rminos de densidad y tipo de terreno; as\u00ed como garantizar que ning\u00fan rinc\u00f3n del campo de batalla favorezca a una u otra facci\u00f3n<\/li>\n<\/ul>\n<p><strong>Juego abierto<\/strong><\/p>\n<ul>\n<li>\u00a1Desata tu imaginaci\u00f3n! El juego equilibrado es perfecto para representar cualquier tipo de historia de tipo narrativo o desaf\u00edos t\u00e1cticos, sin l\u00edmites. La secci\u00f3n se centra en el Pack de misiones Hostilidad abierta, una gu\u00eda de 12 pasos para desplegar y jugar una partida abierta hasta llegar a una conclusi\u00f3n y poder nombrar un ganador.<\/li>\n<li><strong>Incluye, entre otros:<\/strong><\/li>\n<li>Instrucciones para crear ej\u00e9rcitos, determinar misiones, montar el campo de batalla y muchos otros puntos clave para la partida<\/li>\n<li>Tres misiones exclusivas de juego abierto<\/li>\n<\/ul>\n<p><strong>Juego equilibrado<\/strong><\/p>\n<ul>\n<li>Esta modalidad est\u00e1 dise\u00f1ada para que los jugadores participen en igualdad de condiciones, d\u00e1ndoles la misma oportunidad de alzarse con la victoria. Por tanto la destreza es clave a la hora de seleccionar el ej\u00e9rcito y las t\u00e1cticas para conseguir la ventaja en la batalla. Esta secci\u00f3n incluye un pack de misiones Guerra eterna, una gu\u00eda de 16 pasos para montar y jugar una partida abierta hasta llegar a una conclusi\u00f3n y poder nombrar un ganador.<\/li>\n<li><strong>Incluye, entre otros:<\/strong><\/li>\n<li>Instrucciones para elegir el tama\u00f1o del ej\u00e9rcito, crear el ej\u00e9rcito m\u00e1s adecuado, determinar misiones, crear el campo de batalla, seleccionar objetivos secundarios y muchos otros puntos clave para el juego.<\/li>\n<li>18 misiones exclusivas de juego equilibrado, cada una dise\u00f1ada espec\u00edficamente para adaptarse al tama\u00f1o de la partida: 3 para Patrulla, 6 para Incursi\u00f3n, 6 para Fuerzas de choque y 3 para Conquista.<\/li>\n<li>Objetivos secundarios, entre ellos una lista de 17 objetivos secundarios distintos que pueden elegir los jugadores, separados en 5 categor\u00edas distintas.<\/li>\n<\/ul>\n<p><strong>Juego narrativo<\/strong><\/p>\n<ul>\n<li>Cruzada es una nueva manera de jugar a Warhammer 40,000. Permite tomar una colecci\u00f3n de miniaturas, y mediante la cruzada, subirlas de nivel a lo largo de varias partidas, contra un n\u00famero indeterminado de oponentes. Esto te permite forjar un relato propio para tu colecci\u00f3n de miniaturas a medida que se enfrentan a sus enemigos en los campos de batalla del 41.\u00ba Milenio. A lo largo de tus cruzadas, podr\u00e1s aumentar tu ej\u00e9rcito, acumular experiencia y habilidades y modificar tu armamento. Aunque empieces con un grupo de combatientes novatos, podr\u00e1s crear una fuerza de \u00e9lite que ser\u00e1 conocida y temida en toda la galaxia.<\/li>\n<li><strong>Incluye:<\/strong><\/li>\n<li>\u00a0C\u00f3mo crear una fuerza de cruzada, y c\u00f3mo esta acumula experiencia y sube de nivel a lo largo del juego<\/li>\n<li>Un mecanismo de equilibrio que permite que dos fuerzas de cruzada, desde la banda de soldados m\u00e1s novatos hasta la escuadra de hermanos de batalla m\u00e1s legendaria puedan librar una partida equilibrada de Warhammer 40,000<\/li>\n<li>Cartas de cruzada en blanco, fotocopiables, y una hoja del orden de batalla para controlar tus fuerzas<\/li>\n<li>Cuatro tablas de honores de batalla (rasgos de batalla, mejoras de arma, fortalezas ps\u00edquicas y reliquias de cruzada), todas las cuales ofrecen distintos beneficios durante la partida y efectos que la unidad habr\u00e1 acumulado a lo largo de numerosas batallas<\/li>\n<\/ul>\n<ul>\n<li>Una tabla de cicatrices de batalla para las unidades que no han conseguido salir indemnes del fragor de la lucha<\/li>\n<li>Instrucciones para montar una partida de cruzada hasta llegar a una conclusi\u00f3n, poder nombrar un ganador y actualizar tus cartas de cruzada y orden de batalla.<\/li>\n<li>Una lista de 17 agendas entre las que pueden elegir los jugadores, divididas en cinco categor\u00edas distintas<\/li>\n<li>18 misiones exclusivas de cruzada, cada una dise\u00f1ada espec\u00edficamente para adaptarse al tama\u00f1o de la partida: 3 para Patrulla, 6 para Incursi\u00f3n, 6 para Fuerzas de choque y 3 para Conquista<\/li>\n<\/ul>\n<p><strong>Ap\u00e9ndice de reglas. <\/strong><\/p>\n<ul>\n<li>Notas de dise\u00f1o de la mano del dise\u00f1ador jefe de reglas Robin Cruddace<\/li>\n<li>Una lista alfabetizada de 174 armas existentes que se benefician de la regla especial \u00c1rea<\/li>\n<li>Una lista alfabetizada de 22 miniaturas y hojas de datos que obtienen la clave Aeronave<\/li>\n<li>Una sinopsis resumida de 14 interacciones y reglas inusuales que no suelen producirse en partida, pero de las que es importante ser consciente<\/li>\n<li>Un glosario de los t\u00e9rminos de las reglas que proporciona definiciones precisas y exactas de 142 reglas individuales que asistir\u00e1n a la hora de aplicar las reglas m\u00e1s complejas.<\/li>\n<\/ul>\n<p>&nbsp;<\/p>\n","protected":false},"excerpt":{"rendered":"<p><strong>Warhammer 40.000 Reglamento Ba\u0301sico<\/strong><\/p>\n<p>No hay tiempo para la paz. No hay perd\u00f3n. No hay respiro. Solo hay guerra.<\/p>\n","protected":false},"featured_media":89817,"template":"","meta":{"_acf_changed":false,"_kad_blocks_custom_css":"","_kad_blocks_head_custom_js":"","_kad_blocks_body_custom_js":"","_kad_blocks_footer_custom_js":""},"product_cat":[1386],"product_tag":[],"class_list":{"0":"post-89825","1":"product","2":"type-product","3":"status-publish","4":"has-post-thumbnail","6":"product_cat-miniatures","7":"pa_brand-games-workshop-en","8":"pa_product-type-codex-en","9":"pa_theme-warhammer-40-000-en","11":"first","12":"instock","13":"taxable","14":"shipping-taxable","15":"purchasable","16":"product-type-simple"},"acf":[],"yoast_head":"<!-- This site is optimized with the Yoast SEO plugin v26.1.1 - https:\/\/yoast.com\/wordpress\/plugins\/seo\/ -->\n<title>Warhammer 40.000 Reglamento Ba\u0301sico - EndormoonStore<\/title>\n<meta name=\"robots\" content=\"index, follow, max-snippet:-1, max-image-preview:large, max-video-preview:-1\" \/>\n<link rel=\"canonical\" href=\"https:\/\/endormoonstore.com\/en\/warhammer-40-000-reglamento-ba-sico\/\" \/>\n<meta property=\"og:locale\" content=\"en_US\" \/>\n<meta property=\"og:type\" content=\"article\" \/>\n<meta property=\"og:title\" content=\"Warhammer 40.000 Reglamento Ba\u0301sico - EndormoonStore\" \/>\n<meta property=\"og:description\" content=\"Warhammer 40.000 Reglamento Ba\u0301sico  No hay tiempo para la paz. No hay perd\u00f3n. No hay respiro. Solo hay guerra.\" \/>\n<meta property=\"og:url\" content=\"https:\/\/endormoonstore.com\/en\/warhammer-40-000-reglamento-ba-sico\/\" \/>\n<meta property=\"og:site_name\" content=\"EndormoonStore\" \/>\n<meta property=\"article:modified_time\" content=\"2021-12-31T23:00:12+00:00\" \/>\n<meta property=\"og:image\" content=\"https:\/\/endormoonstore.com\/wp-content\/uploads\/2020\/08\/warhammer_40.000_reglamento_ba_sico-1.jpg\" \/>\n\t<meta property=\"og:image:width\" content=\"920\" \/>\n\t<meta property=\"og:image:height\" content=\"940\" \/>\n\t<meta property=\"og:image:type\" content=\"image\/jpeg\" \/>\n<meta name=\"twitter:card\" content=\"summary_large_image\" \/>\n<meta name=\"twitter:label1\" content=\"Est. reading time\" \/>\n\t<meta name=\"twitter:data1\" content=\"7 minutes\" \/>\n<script type=\"application\/ld+json\" class=\"yoast-schema-graph\">{\"@context\":\"https:\/\/schema.org\",\"@graph\":[{\"@type\":\"WebPage\",\"@id\":\"https:\/\/endormoonstore.com\/en\/warhammer-40-000-reglamento-ba-sico\/\",\"url\":\"https:\/\/endormoonstore.com\/en\/warhammer-40-000-reglamento-ba-sico\/\",\"name\":\"Warhammer 40.000 Reglamento Ba\u0301sico - EndormoonStore\",\"isPartOf\":{\"@id\":\"https:\/\/endormoonstore.com\/#website\"},\"primaryImageOfPage\":{\"@id\":\"https:\/\/endormoonstore.com\/en\/warhammer-40-000-reglamento-ba-sico\/#primaryimage\"},\"image\":{\"@id\":\"https:\/\/endormoonstore.com\/en\/warhammer-40-000-reglamento-ba-sico\/#primaryimage\"},\"thumbnailUrl\":\"https:\/\/endormoonstore.com\/wp-content\/uploads\/2020\/08\/warhammer_40.000_reglamento_ba_sico-1.jpg\",\"datePublished\":\"2020-08-02T09:13:53+00:00\",\"dateModified\":\"2021-12-31T23:00:12+00:00\",\"breadcrumb\":{\"@id\":\"https:\/\/endormoonstore.com\/en\/warhammer-40-000-reglamento-ba-sico\/#breadcrumb\"},\"inLanguage\":\"en-US\",\"potentialAction\":[{\"@type\":\"ReadAction\",\"target\":[\"https:\/\/endormoonstore.com\/en\/warhammer-40-000-reglamento-ba-sico\/\"]}]},{\"@type\":\"ImageObject\",\"inLanguage\":\"en-US\",\"@id\":\"https:\/\/endormoonstore.com\/en\/warhammer-40-000-reglamento-ba-sico\/#primaryimage\",\"url\":\"https:\/\/endormoonstore.com\/wp-content\/uploads\/2020\/08\/warhammer_40.000_reglamento_ba_sico-1.jpg\",\"contentUrl\":\"https:\/\/endormoonstore.com\/wp-content\/uploads\/2020\/08\/warhammer_40.000_reglamento_ba_sico-1.jpg\",\"width\":920,\"height\":940},{\"@type\":\"BreadcrumbList\",\"@id\":\"https:\/\/endormoonstore.com\/en\/warhammer-40-000-reglamento-ba-sico\/#breadcrumb\",\"itemListElement\":[{\"@type\":\"ListItem\",\"position\":1,\"name\":\"Shop\",\"item\":\"https:\/\/endormoonstore.com\/en\/shop\/\"},{\"@type\":\"ListItem\",\"position\":2,\"name\":\"Warhammer 40.000 Reglamento Ba\u0301sico\"}]},{\"@type\":\"WebSite\",\"@id\":\"https:\/\/endormoonstore.com\/#website\",\"url\":\"https:\/\/endormoonstore.com\/\",\"name\":\"EndormoonStore\",\"description\":\"\",\"potentialAction\":[{\"@type\":\"SearchAction\",\"target\":{\"@type\":\"EntryPoint\",\"urlTemplate\":\"https:\/\/endormoonstore.com\/?s={search_term_string}\"},\"query-input\":{\"@type\":\"PropertyValueSpecification\",\"valueRequired\":true,\"valueName\":\"search_term_string\"}}],\"inLanguage\":\"en-US\"}]}<\/script>\n<!-- \/ Yoast SEO plugin. -->","yoast_head_json":{"title":"Warhammer 40.000 Reglamento Ba\u0301sico - EndormoonStore","robots":{"index":"index","follow":"follow","max-snippet":"max-snippet:-1","max-image-preview":"max-image-preview:large","max-video-preview":"max-video-preview:-1"},"canonical":"https:\/\/endormoonstore.com\/en\/warhammer-40-000-reglamento-ba-sico\/","og_locale":"en_US","og_type":"article","og_title":"Warhammer 40.000 Reglamento Ba\u0301sico - EndormoonStore","og_description":"Warhammer 40.000 Reglamento Ba\u0301sico  No hay tiempo para la paz. No hay perd\u00f3n. No hay respiro. Solo hay guerra.","og_url":"https:\/\/endormoonstore.com\/en\/warhammer-40-000-reglamento-ba-sico\/","og_site_name":"EndormoonStore","article_modified_time":"2021-12-31T23:00:12+00:00","og_image":[{"width":920,"height":940,"url":"https:\/\/endormoonstore.com\/wp-content\/uploads\/2020\/08\/warhammer_40.000_reglamento_ba_sico-1.jpg","type":"image\/jpeg"}],"twitter_card":"summary_large_image","twitter_misc":{"Est. reading time":"7 minutes"},"schema":{"@context":"https:\/\/schema.org","@graph":[{"@type":"WebPage","@id":"https:\/\/endormoonstore.com\/en\/warhammer-40-000-reglamento-ba-sico\/","url":"https:\/\/endormoonstore.com\/en\/warhammer-40-000-reglamento-ba-sico\/","name":"Warhammer 40.000 Reglamento Ba\u0301sico - EndormoonStore","isPartOf":{"@id":"https:\/\/endormoonstore.com\/#website"},"primaryImageOfPage":{"@id":"https:\/\/endormoonstore.com\/en\/warhammer-40-000-reglamento-ba-sico\/#primaryimage"},"image":{"@id":"https:\/\/endormoonstore.com\/en\/warhammer-40-000-reglamento-ba-sico\/#primaryimage"},"thumbnailUrl":"https:\/\/endormoonstore.com\/wp-content\/uploads\/2020\/08\/warhammer_40.000_reglamento_ba_sico-1.jpg","datePublished":"2020-08-02T09:13:53+00:00","dateModified":"2021-12-31T23:00:12+00:00","breadcrumb":{"@id":"https:\/\/endormoonstore.com\/en\/warhammer-40-000-reglamento-ba-sico\/#breadcrumb"},"inLanguage":"en-US","potentialAction":[{"@type":"ReadAction","target":["https:\/\/endormoonstore.com\/en\/warhammer-40-000-reglamento-ba-sico\/"]}]},{"@type":"ImageObject","inLanguage":"en-US","@id":"https:\/\/endormoonstore.com\/en\/warhammer-40-000-reglamento-ba-sico\/#primaryimage","url":"https:\/\/endormoonstore.com\/wp-content\/uploads\/2020\/08\/warhammer_40.000_reglamento_ba_sico-1.jpg","contentUrl":"https:\/\/endormoonstore.com\/wp-content\/uploads\/2020\/08\/warhammer_40.000_reglamento_ba_sico-1.jpg","width":920,"height":940},{"@type":"BreadcrumbList","@id":"https:\/\/endormoonstore.com\/en\/warhammer-40-000-reglamento-ba-sico\/#breadcrumb","itemListElement":[{"@type":"ListItem","position":1,"name":"Shop","item":"https:\/\/endormoonstore.com\/en\/shop\/"},{"@type":"ListItem","position":2,"name":"Warhammer 40.000 Reglamento Ba\u0301sico"}]},{"@type":"WebSite","@id":"https:\/\/endormoonstore.com\/#website","url":"https:\/\/endormoonstore.com\/","name":"EndormoonStore","description":"","potentialAction":[{"@type":"SearchAction","target":{"@type":"EntryPoint","urlTemplate":"https:\/\/endormoonstore.com\/?s={search_term_string}"},"query-input":{"@type":"PropertyValueSpecification","valueRequired":true,"valueName":"search_term_string"}}],"inLanguage":"en-US"}]}},"taxonomy_info":{"product_cat":[{"value":1386,"label":"Miniatures"}],"pa_brand":[{"value":1758,"label":"Games Workshop"}],"pa_product-type":[{"value":4232,"label":"Codex"}],"pa_theme":[{"value":4040,"label":"Warhammer 40.000"}]},"featured_image_src_large":["https:\/\/endormoonstore.com\/wp-content\/uploads\/2020\/08\/warhammer_40.000_reglamento_ba_sico-1.jpg",920,940,false],"author_info":[],"comment_info":"","_links":{"self":[{"href":"https:\/\/endormoonstore.com\/en\/wp-json\/wp\/v2\/product\/89825","targetHints":{"allow":["GET"]}}],"collection":[{"href":"https:\/\/endormoonstore.com\/en\/wp-json\/wp\/v2\/product"}],"about":[{"href":"https:\/\/endormoonstore.com\/en\/wp-json\/wp\/v2\/types\/product"}],"wp:featuredmedia":[{"embeddable":true,"href":"https:\/\/endormoonstore.com\/en\/wp-json\/wp\/v2\/media\/89817"}],"wp:attachment":[{"href":"https:\/\/endormoonstore.com\/en\/wp-json\/wp\/v2\/media?parent=89825"}],"wp:term":[{"taxonomy":"product_cat","embeddable":true,"href":"https:\/\/endormoonstore.com\/en\/wp-json\/wp\/v2\/product_cat?post=89825"},{"taxonomy":"product_tag","embeddable":true,"href":"https:\/\/endormoonstore.com\/en\/wp-json\/wp\/v2\/product_tag?post=89825"}],"curies":[{"name":"wp","href":"https:\/\/api.w.org\/{rel}","templated":true}]}}