{"id":89815,"date":"2020-07-29T18:41:59","date_gmt":"2020-07-29T16:41:59","guid":{"rendered":"https:\/\/endormoonstore.com\/ultimate-ghostface-scale-action-figure-scream\/"},"modified":"2022-01-27T20:20:42","modified_gmt":"2022-01-27T19:20:42","slug":"ultimate-ghostface-scale-action-figure-scream","status":"publish","type":"product","link":"https:\/\/endormoonstore.com\/en\/ultimate-ghostface-scale-action-figure-scream\/","title":{"rendered":"Ultimate Ghostface Scale Action Figure Scream"},"content":{"rendered":"<p><strong>Ultimate Ghostface Scale Action Figure Scream\u00a0Figura 18 cm<\/strong><\/p>\n<ul>\n<li>Neca presenta para su colecci\u00f3n de figuras Ultimate, la figura de Ghostface, basada en la pel\u00edcula &#8220;Scream&#8221;.<\/li>\n<li>Esta figura articulada, fabricada en PVC y con un tama\u00f1o de unos 18 cm.<\/li>\n<li>Incluye 3 cuchillos, una guada\u00f1a, 4 cabezas intercambiables que incluyen la m\u00e1scara original, la variante con sangre, una m\u00e1scara zombie, entre otros accesorios.<\/li>\n<\/ul>\n<p>&nbsp;<\/p>\n","protected":false},"excerpt":{"rendered":"<p><strong>Ultimate Ghostface Scale Action Figure Scream\u00a0Figura 18 cm<\/strong><\/p>\n<p>Neca presenta para su colecci\u00f3n de figuras Ultimate, la figura de Ghostface, basada en la pel\u00edcula &#8220;Scream&#8221;.<\/p>\n","protected":false},"featured_media":89767,"template":"","meta":{"_acf_changed":false,"_kad_blocks_custom_css":"","_kad_blocks_head_custom_js":"","_kad_blocks_body_custom_js":"","_kad_blocks_footer_custom_js":""},"product_cat":[1390],"product_tag":[],"class_list":{"0":"post-89815","1":"product","2":"type-product","3":"status-publish","4":"has-post-thumbnail","6":"product_cat-figures","7":"pa_brand-neca-en","8":"pa_character-ghostface-en","9":"pa_license-scream-en","10":"pa_product-type-figure","11":"pa_theme-scale-action-figure-en","13":"first","14":"outofstock","15":"taxable","16":"shipping-taxable","17":"purchasable","18":"product-type-simple"},"acf":[],"yoast_head":"<!-- This site is optimized with the Yoast SEO plugin v26.1.1 - https:\/\/yoast.com\/wordpress\/plugins\/seo\/ -->\n<title>Ultimate Ghostface Scale Action Figure Scream - EndormoonStore<\/title>\n<meta name=\"robots\" content=\"index, follow, max-snippet:-1, max-image-preview:large, max-video-preview:-1\" \/>\n<link rel=\"canonical\" href=\"https:\/\/endormoonstore.com\/ultimate-ghostface-scale-action-figure-scream\/\" \/>\n<meta property=\"og:locale\" content=\"en_US\" \/>\n<meta property=\"og:type\" content=\"article\" \/>\n<meta property=\"og:title\" content=\"Ultimate Ghostface Scale Action Figure Scream - EndormoonStore\" \/>\n<meta property=\"og:description\" content=\"Ultimate Ghostface Scale Action Figure Scream\u00a0Figura 18 cm  Neca presenta para su colecci\u00f3n de figuras Ultimate, la figura de Ghostface, basada en la pel\u00edcula &quot;Scream&quot;.\" \/>\n<meta property=\"og:url\" content=\"https:\/\/endormoonstore.com\/ultimate-ghostface-scale-action-figure-scream\/\" \/>\n<meta property=\"og:site_name\" content=\"EndormoonStore\" \/>\n<meta property=\"article:modified_time\" content=\"2022-01-27T19:20:42+00:00\" \/>\n<meta property=\"og:image\" content=\"https:\/\/endormoonstore.com\/wp-content\/uploads\/2020\/07\/s-l1600_1__5.jpg\" \/>\n\t<meta property=\"og:image:width\" content=\"1000\" \/>\n\t<meta property=\"og:image:height\" content=\"1000\" \/>\n\t<meta property=\"og:image:type\" content=\"image\/jpeg\" \/>\n<meta name=\"twitter:card\" content=\"summary_large_image\" \/>\n<script type=\"application\/ld+json\" class=\"yoast-schema-graph\">{\"@context\":\"https:\/\/schema.org\",\"@graph\":[{\"@type\":\"WebPage\",\"@id\":\"https:\/\/endormoonstore.com\/ultimate-ghostface-scale-action-figure-scream\/\",\"url\":\"https:\/\/endormoonstore.com\/ultimate-ghostface-scale-action-figure-scream\/\",\"name\":\"Ultimate Ghostface Scale Action Figure Scream - EndormoonStore\",\"isPartOf\":{\"@id\":\"https:\/\/endormoonstore.com\/#website\"},\"primaryImageOfPage\":{\"@id\":\"https:\/\/endormoonstore.com\/ultimate-ghostface-scale-action-figure-scream\/#primaryimage\"},\"image\":{\"@id\":\"https:\/\/endormoonstore.com\/ultimate-ghostface-scale-action-figure-scream\/#primaryimage\"},\"thumbnailUrl\":\"https:\/\/endormoonstore.com\/wp-content\/uploads\/2020\/07\/s-l1600_1__5.jpg\",\"datePublished\":\"2020-07-29T16:41:59+00:00\",\"dateModified\":\"2022-01-27T19:20:42+00:00\",\"breadcrumb\":{\"@id\":\"https:\/\/endormoonstore.com\/ultimate-ghostface-scale-action-figure-scream\/#breadcrumb\"},\"inLanguage\":\"en-US\",\"potentialAction\":[{\"@type\":\"ReadAction\",\"target\":[\"https:\/\/endormoonstore.com\/ultimate-ghostface-scale-action-figure-scream\/\"]}]},{\"@type\":\"ImageObject\",\"inLanguage\":\"en-US\",\"@id\":\"https:\/\/endormoonstore.com\/ultimate-ghostface-scale-action-figure-scream\/#primaryimage\",\"url\":\"https:\/\/endormoonstore.com\/wp-content\/uploads\/2020\/07\/s-l1600_1__5.jpg\",\"contentUrl\":\"https:\/\/endormoonstore.com\/wp-content\/uploads\/2020\/07\/s-l1600_1__5.jpg\",\"width\":1000,\"height\":1000},{\"@type\":\"BreadcrumbList\",\"@id\":\"https:\/\/endormoonstore.com\/ultimate-ghostface-scale-action-figure-scream\/#breadcrumb\",\"itemListElement\":[{\"@type\":\"ListItem\",\"position\":1,\"name\":\"Shop\",\"item\":\"https:\/\/endormoonstore.com\/en\/shop\/\"},{\"@type\":\"ListItem\",\"position\":2,\"name\":\"Ultimate Ghostface Scale Action Figure Scream\"}]},{\"@type\":\"WebSite\",\"@id\":\"https:\/\/endormoonstore.com\/#website\",\"url\":\"https:\/\/endormoonstore.com\/\",\"name\":\"EndormoonStore\",\"description\":\"\",\"potentialAction\":[{\"@type\":\"SearchAction\",\"target\":{\"@type\":\"EntryPoint\",\"urlTemplate\":\"https:\/\/endormoonstore.com\/?s={search_term_string}\"},\"query-input\":{\"@type\":\"PropertyValueSpecification\",\"valueRequired\":true,\"valueName\":\"search_term_string\"}}],\"inLanguage\":\"en-US\"}]}<\/script>\n<!-- \/ Yoast SEO plugin. -->","yoast_head_json":{"title":"Ultimate Ghostface Scale Action Figure Scream - EndormoonStore","robots":{"index":"index","follow":"follow","max-snippet":"max-snippet:-1","max-image-preview":"max-image-preview:large","max-video-preview":"max-video-preview:-1"},"canonical":"https:\/\/endormoonstore.com\/ultimate-ghostface-scale-action-figure-scream\/","og_locale":"en_US","og_type":"article","og_title":"Ultimate Ghostface Scale Action Figure Scream - EndormoonStore","og_description":"Ultimate Ghostface Scale Action Figure Scream\u00a0Figura 18 cm  Neca presenta para su colecci\u00f3n de figuras Ultimate, la figura de Ghostface, basada en la pel\u00edcula \"Scream\".","og_url":"https:\/\/endormoonstore.com\/ultimate-ghostface-scale-action-figure-scream\/","og_site_name":"EndormoonStore","article_modified_time":"2022-01-27T19:20:42+00:00","og_image":[{"width":1000,"height":1000,"url":"https:\/\/endormoonstore.com\/wp-content\/uploads\/2020\/07\/s-l1600_1__5.jpg","type":"image\/jpeg"}],"twitter_card":"summary_large_image","schema":{"@context":"https:\/\/schema.org","@graph":[{"@type":"WebPage","@id":"https:\/\/endormoonstore.com\/ultimate-ghostface-scale-action-figure-scream\/","url":"https:\/\/endormoonstore.com\/ultimate-ghostface-scale-action-figure-scream\/","name":"Ultimate Ghostface Scale Action Figure Scream - EndormoonStore","isPartOf":{"@id":"https:\/\/endormoonstore.com\/#website"},"primaryImageOfPage":{"@id":"https:\/\/endormoonstore.com\/ultimate-ghostface-scale-action-figure-scream\/#primaryimage"},"image":{"@id":"https:\/\/endormoonstore.com\/ultimate-ghostface-scale-action-figure-scream\/#primaryimage"},"thumbnailUrl":"https:\/\/endormoonstore.com\/wp-content\/uploads\/2020\/07\/s-l1600_1__5.jpg","datePublished":"2020-07-29T16:41:59+00:00","dateModified":"2022-01-27T19:20:42+00:00","breadcrumb":{"@id":"https:\/\/endormoonstore.com\/ultimate-ghostface-scale-action-figure-scream\/#breadcrumb"},"inLanguage":"en-US","potentialAction":[{"@type":"ReadAction","target":["https:\/\/endormoonstore.com\/ultimate-ghostface-scale-action-figure-scream\/"]}]},{"@type":"ImageObject","inLanguage":"en-US","@id":"https:\/\/endormoonstore.com\/ultimate-ghostface-scale-action-figure-scream\/#primaryimage","url":"https:\/\/endormoonstore.com\/wp-content\/uploads\/2020\/07\/s-l1600_1__5.jpg","contentUrl":"https:\/\/endormoonstore.com\/wp-content\/uploads\/2020\/07\/s-l1600_1__5.jpg","width":1000,"height":1000},{"@type":"BreadcrumbList","@id":"https:\/\/endormoonstore.com\/ultimate-ghostface-scale-action-figure-scream\/#breadcrumb","itemListElement":[{"@type":"ListItem","position":1,"name":"Shop","item":"https:\/\/endormoonstore.com\/en\/shop\/"},{"@type":"ListItem","position":2,"name":"Ultimate Ghostface Scale Action Figure Scream"}]},{"@type":"WebSite","@id":"https:\/\/endormoonstore.com\/#website","url":"https:\/\/endormoonstore.com\/","name":"EndormoonStore","description":"","potentialAction":[{"@type":"SearchAction","target":{"@type":"EntryPoint","urlTemplate":"https:\/\/endormoonstore.com\/?s={search_term_string}"},"query-input":{"@type":"PropertyValueSpecification","valueRequired":true,"valueName":"search_term_string"}}],"inLanguage":"en-US"}]}},"taxonomy_info":{"product_cat":[{"value":1390,"label":"Figures"}],"pa_brand":[{"value":2090,"label":"Neca"}],"pa_character":[{"value":10863,"label":"Ghostface"}],"pa_license":[{"value":1969,"label":"Scream"}],"pa_product-type":[{"value":2387,"label":"Figure"}],"pa_theme":[{"value":2864,"label":"Scale Action Figure"}]},"featured_image_src_large":["https:\/\/endormoonstore.com\/wp-content\/uploads\/2020\/07\/s-l1600_1__5.jpg",1000,1000,false],"author_info":[],"comment_info":"","_links":{"self":[{"href":"https:\/\/endormoonstore.com\/en\/wp-json\/wp\/v2\/product\/89815","targetHints":{"allow":["GET"]}}],"collection":[{"href":"https:\/\/endormoonstore.com\/en\/wp-json\/wp\/v2\/product"}],"about":[{"href":"https:\/\/endormoonstore.com\/en\/wp-json\/wp\/v2\/types\/product"}],"wp:featuredmedia":[{"embeddable":true,"href":"https:\/\/endormoonstore.com\/en\/wp-json\/wp\/v2\/media\/89767"}],"wp:attachment":[{"href":"https:\/\/endormoonstore.com\/en\/wp-json\/wp\/v2\/media?parent=89815"}],"wp:term":[{"taxonomy":"product_cat","embeddable":true,"href":"https:\/\/endormoonstore.com\/en\/wp-json\/wp\/v2\/product_cat?post=89815"},{"taxonomy":"product_tag","embeddable":true,"href":"https:\/\/endormoonstore.com\/en\/wp-json\/wp\/v2\/product_tag?post=89815"}],"curies":[{"name":"wp","href":"https:\/\/api.w.org\/{rel}","templated":true}]}}