{"id":89689,"date":"2020-07-29T11:05:46","date_gmt":"2020-07-29T09:05:46","guid":{"rendered":"https:\/\/endormoonstore.com\/new-blood-jason-friday-the-13th-ultimate-parte-7-scale-action-figure\/"},"modified":"2022-01-07T20:17:20","modified_gmt":"2022-01-07T19:17:20","slug":"new-blood-jason-friday-the-13th-ultimate-parte-7-scale-action-figure","status":"publish","type":"product","link":"https:\/\/endormoonstore.com\/en\/new-blood-jason-friday-the-13th-ultimate-parte-7-scale-action-figure\/","title":{"rendered":"New Blood Jason Friday The 13th Ultimate Parte 7 Scale Action Figure"},"content":{"rendered":"<p><strong>New Blood Jason Friday The 13th Ultimate Parte 7 Scale Action Figure 18 cm<\/strong><\/p>\n<ul>\n<li>\u00a0NECA nos presenta a Jason, el asesino en serie con m\u00e1s secuelas a su espalda. En esta ocasi\u00f3n se trata de la versi\u00f3n del personaje basado en la s\u00e9ptima parte (The New Blood) de sus pel\u00edculas Viernes 13, con dos cabezas intercambiables y diversos accesorios.<\/li>\n<li>La figura est\u00e1 hecha en PVC y mide unos 18cm.<\/li>\n<\/ul>\n<p>&nbsp;<\/p>\n","protected":false},"excerpt":{"rendered":"<p><strong>New Blood Jason Friday The 13th Ultimate Parte 7 Scale Action Figure 18 cm<\/strong><\/p>\n<p>NECA nos presenta a Jason, el asesino en serie con m\u00e1s secuelas a su espalda. En esta ocasi\u00f3n se trata de la versi\u00f3n del personaje basado en la s\u00e9ptima parte (The New Blood) de sus pel\u00edculas Viernes 13, con dos cabezas intercambiables y diversos accesorios.<\/p>\n","protected":false},"featured_media":121736,"template":"","meta":{"_acf_changed":false,"_kad_blocks_custom_css":"","_kad_blocks_head_custom_js":"","_kad_blocks_body_custom_js":"","_kad_blocks_footer_custom_js":""},"product_cat":[1390],"product_tag":[],"class_list":{"0":"post-89689","1":"product","2":"type-product","3":"status-publish","4":"has-post-thumbnail","6":"product_cat-figures","7":"pa_brand-neca-en","8":"pa_character-jason-voorhees-en","9":"pa_license-friday-the-13th","10":"pa_product-type-figure","11":"pa_theme-scale-action-figure-en","13":"first","14":"outofstock","15":"taxable","16":"shipping-taxable","17":"purchasable","18":"product-type-simple"},"acf":[],"yoast_head":"<!-- This site is optimized with the Yoast SEO plugin v26.1.1 - https:\/\/yoast.com\/wordpress\/plugins\/seo\/ -->\n<title>New Blood Jason Friday The 13th Ultimate Parte 7 Scale Action Figure - EndormoonStore<\/title>\n<meta name=\"robots\" content=\"index, follow, max-snippet:-1, max-image-preview:large, max-video-preview:-1\" \/>\n<link rel=\"canonical\" href=\"https:\/\/endormoonstore.com\/new-blood-jason-friday-the-13th-ultimate-parte-7-scale-action-figure\/\" \/>\n<meta property=\"og:locale\" content=\"en_US\" \/>\n<meta property=\"og:type\" content=\"article\" \/>\n<meta property=\"og:title\" content=\"New Blood Jason Friday The 13th Ultimate Parte 7 Scale Action Figure - EndormoonStore\" \/>\n<meta property=\"og:description\" content=\"New Blood Jason Friday The 13th Ultimate Parte 7 Scale Action Figure 18 cm  NECA nos presenta a Jason, el asesino en serie con m\u00e1s secuelas a su espalda. En esta ocasi\u00f3n se trata de la versi\u00f3n del personaje basado en la s\u00e9ptima parte (The New Blood) de sus pel\u00edculas Viernes 13, con dos cabezas intercambiables y diversos accesorios.\" \/>\n<meta property=\"og:url\" content=\"https:\/\/endormoonstore.com\/new-blood-jason-friday-the-13th-ultimate-parte-7-scale-action-figure\/\" \/>\n<meta property=\"og:site_name\" content=\"EndormoonStore\" \/>\n<meta property=\"article:modified_time\" content=\"2022-01-07T19:17:20+00:00\" \/>\n<meta property=\"og:image\" content=\"https:\/\/endormoonstore.com\/wp-content\/uploads\/2020\/07\/New-Blood-Jason-Friday-The-13th-Ultimate-Parte-7-Scale-Action-Figure-18.jpeg\" \/>\n\t<meta property=\"og:image:width\" content=\"1000\" \/>\n\t<meta property=\"og:image:height\" content=\"750\" \/>\n\t<meta property=\"og:image:type\" content=\"image\/jpeg\" \/>\n<meta name=\"twitter:card\" content=\"summary_large_image\" \/>\n<script type=\"application\/ld+json\" class=\"yoast-schema-graph\">{\"@context\":\"https:\/\/schema.org\",\"@graph\":[{\"@type\":\"WebPage\",\"@id\":\"https:\/\/endormoonstore.com\/new-blood-jason-friday-the-13th-ultimate-parte-7-scale-action-figure\/\",\"url\":\"https:\/\/endormoonstore.com\/new-blood-jason-friday-the-13th-ultimate-parte-7-scale-action-figure\/\",\"name\":\"New Blood Jason Friday The 13th Ultimate Parte 7 Scale Action Figure - EndormoonStore\",\"isPartOf\":{\"@id\":\"https:\/\/endormoonstore.com\/#website\"},\"primaryImageOfPage\":{\"@id\":\"https:\/\/endormoonstore.com\/new-blood-jason-friday-the-13th-ultimate-parte-7-scale-action-figure\/#primaryimage\"},\"image\":{\"@id\":\"https:\/\/endormoonstore.com\/new-blood-jason-friday-the-13th-ultimate-parte-7-scale-action-figure\/#primaryimage\"},\"thumbnailUrl\":\"https:\/\/endormoonstore.com\/wp-content\/uploads\/2020\/07\/New-Blood-Jason-Friday-The-13th-Ultimate-Parte-7-Scale-Action-Figure-18.jpeg\",\"datePublished\":\"2020-07-29T09:05:46+00:00\",\"dateModified\":\"2022-01-07T19:17:20+00:00\",\"breadcrumb\":{\"@id\":\"https:\/\/endormoonstore.com\/new-blood-jason-friday-the-13th-ultimate-parte-7-scale-action-figure\/#breadcrumb\"},\"inLanguage\":\"en-US\",\"potentialAction\":[{\"@type\":\"ReadAction\",\"target\":[\"https:\/\/endormoonstore.com\/new-blood-jason-friday-the-13th-ultimate-parte-7-scale-action-figure\/\"]}]},{\"@type\":\"ImageObject\",\"inLanguage\":\"en-US\",\"@id\":\"https:\/\/endormoonstore.com\/new-blood-jason-friday-the-13th-ultimate-parte-7-scale-action-figure\/#primaryimage\",\"url\":\"https:\/\/endormoonstore.com\/wp-content\/uploads\/2020\/07\/New-Blood-Jason-Friday-The-13th-Ultimate-Parte-7-Scale-Action-Figure-18.jpeg\",\"contentUrl\":\"https:\/\/endormoonstore.com\/wp-content\/uploads\/2020\/07\/New-Blood-Jason-Friday-The-13th-Ultimate-Parte-7-Scale-Action-Figure-18.jpeg\",\"width\":1000,\"height\":750},{\"@type\":\"BreadcrumbList\",\"@id\":\"https:\/\/endormoonstore.com\/new-blood-jason-friday-the-13th-ultimate-parte-7-scale-action-figure\/#breadcrumb\",\"itemListElement\":[{\"@type\":\"ListItem\",\"position\":1,\"name\":\"Shop\",\"item\":\"https:\/\/endormoonstore.com\/en\/shop\/\"},{\"@type\":\"ListItem\",\"position\":2,\"name\":\"New Blood Jason Friday The 13th Ultimate Parte 7 Scale Action Figure\"}]},{\"@type\":\"WebSite\",\"@id\":\"https:\/\/endormoonstore.com\/#website\",\"url\":\"https:\/\/endormoonstore.com\/\",\"name\":\"EndormoonStore\",\"description\":\"\",\"potentialAction\":[{\"@type\":\"SearchAction\",\"target\":{\"@type\":\"EntryPoint\",\"urlTemplate\":\"https:\/\/endormoonstore.com\/?s={search_term_string}\"},\"query-input\":{\"@type\":\"PropertyValueSpecification\",\"valueRequired\":true,\"valueName\":\"search_term_string\"}}],\"inLanguage\":\"en-US\"}]}<\/script>\n<!-- \/ Yoast SEO plugin. -->","yoast_head_json":{"title":"New Blood Jason Friday The 13th Ultimate Parte 7 Scale Action Figure - EndormoonStore","robots":{"index":"index","follow":"follow","max-snippet":"max-snippet:-1","max-image-preview":"max-image-preview:large","max-video-preview":"max-video-preview:-1"},"canonical":"https:\/\/endormoonstore.com\/new-blood-jason-friday-the-13th-ultimate-parte-7-scale-action-figure\/","og_locale":"en_US","og_type":"article","og_title":"New Blood Jason Friday The 13th Ultimate Parte 7 Scale Action Figure - EndormoonStore","og_description":"New Blood Jason Friday The 13th Ultimate Parte 7 Scale Action Figure 18 cm  NECA nos presenta a Jason, el asesino en serie con m\u00e1s secuelas a su espalda. En esta ocasi\u00f3n se trata de la versi\u00f3n del personaje basado en la s\u00e9ptima parte (The New Blood) de sus pel\u00edculas Viernes 13, con dos cabezas intercambiables y diversos accesorios.","og_url":"https:\/\/endormoonstore.com\/new-blood-jason-friday-the-13th-ultimate-parte-7-scale-action-figure\/","og_site_name":"EndormoonStore","article_modified_time":"2022-01-07T19:17:20+00:00","og_image":[{"width":1000,"height":750,"url":"https:\/\/endormoonstore.com\/wp-content\/uploads\/2020\/07\/New-Blood-Jason-Friday-The-13th-Ultimate-Parte-7-Scale-Action-Figure-18.jpeg","type":"image\/jpeg"}],"twitter_card":"summary_large_image","schema":{"@context":"https:\/\/schema.org","@graph":[{"@type":"WebPage","@id":"https:\/\/endormoonstore.com\/new-blood-jason-friday-the-13th-ultimate-parte-7-scale-action-figure\/","url":"https:\/\/endormoonstore.com\/new-blood-jason-friday-the-13th-ultimate-parte-7-scale-action-figure\/","name":"New Blood Jason Friday The 13th Ultimate Parte 7 Scale Action Figure - EndormoonStore","isPartOf":{"@id":"https:\/\/endormoonstore.com\/#website"},"primaryImageOfPage":{"@id":"https:\/\/endormoonstore.com\/new-blood-jason-friday-the-13th-ultimate-parte-7-scale-action-figure\/#primaryimage"},"image":{"@id":"https:\/\/endormoonstore.com\/new-blood-jason-friday-the-13th-ultimate-parte-7-scale-action-figure\/#primaryimage"},"thumbnailUrl":"https:\/\/endormoonstore.com\/wp-content\/uploads\/2020\/07\/New-Blood-Jason-Friday-The-13th-Ultimate-Parte-7-Scale-Action-Figure-18.jpeg","datePublished":"2020-07-29T09:05:46+00:00","dateModified":"2022-01-07T19:17:20+00:00","breadcrumb":{"@id":"https:\/\/endormoonstore.com\/new-blood-jason-friday-the-13th-ultimate-parte-7-scale-action-figure\/#breadcrumb"},"inLanguage":"en-US","potentialAction":[{"@type":"ReadAction","target":["https:\/\/endormoonstore.com\/new-blood-jason-friday-the-13th-ultimate-parte-7-scale-action-figure\/"]}]},{"@type":"ImageObject","inLanguage":"en-US","@id":"https:\/\/endormoonstore.com\/new-blood-jason-friday-the-13th-ultimate-parte-7-scale-action-figure\/#primaryimage","url":"https:\/\/endormoonstore.com\/wp-content\/uploads\/2020\/07\/New-Blood-Jason-Friday-The-13th-Ultimate-Parte-7-Scale-Action-Figure-18.jpeg","contentUrl":"https:\/\/endormoonstore.com\/wp-content\/uploads\/2020\/07\/New-Blood-Jason-Friday-The-13th-Ultimate-Parte-7-Scale-Action-Figure-18.jpeg","width":1000,"height":750},{"@type":"BreadcrumbList","@id":"https:\/\/endormoonstore.com\/new-blood-jason-friday-the-13th-ultimate-parte-7-scale-action-figure\/#breadcrumb","itemListElement":[{"@type":"ListItem","position":1,"name":"Shop","item":"https:\/\/endormoonstore.com\/en\/shop\/"},{"@type":"ListItem","position":2,"name":"New Blood Jason Friday The 13th Ultimate Parte 7 Scale Action Figure"}]},{"@type":"WebSite","@id":"https:\/\/endormoonstore.com\/#website","url":"https:\/\/endormoonstore.com\/","name":"EndormoonStore","description":"","potentialAction":[{"@type":"SearchAction","target":{"@type":"EntryPoint","urlTemplate":"https:\/\/endormoonstore.com\/?s={search_term_string}"},"query-input":{"@type":"PropertyValueSpecification","valueRequired":true,"valueName":"search_term_string"}}],"inLanguage":"en-US"}]}},"taxonomy_info":{"product_cat":[{"value":1390,"label":"Figures"}],"pa_brand":[{"value":2090,"label":"Neca"}],"pa_character":[{"value":3098,"label":"Jason Voorhees"}],"pa_license":[{"value":3104,"label":"Friday the 13th"}],"pa_product-type":[{"value":2387,"label":"Figure"}],"pa_theme":[{"value":2864,"label":"Scale Action Figure"}]},"featured_image_src_large":["https:\/\/endormoonstore.com\/wp-content\/uploads\/2020\/07\/New-Blood-Jason-Friday-The-13th-Ultimate-Parte-7-Scale-Action-Figure-18.jpeg",1000,750,false],"author_info":[],"comment_info":"","_links":{"self":[{"href":"https:\/\/endormoonstore.com\/en\/wp-json\/wp\/v2\/product\/89689","targetHints":{"allow":["GET"]}}],"collection":[{"href":"https:\/\/endormoonstore.com\/en\/wp-json\/wp\/v2\/product"}],"about":[{"href":"https:\/\/endormoonstore.com\/en\/wp-json\/wp\/v2\/types\/product"}],"wp:featuredmedia":[{"embeddable":true,"href":"https:\/\/endormoonstore.com\/en\/wp-json\/wp\/v2\/media\/121736"}],"wp:attachment":[{"href":"https:\/\/endormoonstore.com\/en\/wp-json\/wp\/v2\/media?parent=89689"}],"wp:term":[{"taxonomy":"product_cat","embeddable":true,"href":"https:\/\/endormoonstore.com\/en\/wp-json\/wp\/v2\/product_cat?post=89689"},{"taxonomy":"product_tag","embeddable":true,"href":"https:\/\/endormoonstore.com\/en\/wp-json\/wp\/v2\/product_tag?post=89689"}],"curies":[{"name":"wp","href":"https:\/\/api.w.org\/{rel}","templated":true}]}}