{"id":88161,"date":"2020-07-02T11:33:50","date_gmt":"2020-07-02T09:33:50","guid":{"rendered":"https:\/\/endormoonstore.com\/predator-gallery-unmasked-jungle-predator-pvc-diorama-sdcc-2020\/"},"modified":"2023-03-07T23:19:16","modified_gmt":"2023-03-07T22:19:16","slug":"predator-gallery-unmasked-jungle-predator-pvc-diorama-sdcc-2020","status":"publish","type":"product","link":"https:\/\/endormoonstore.com\/en\/predator-gallery-unmasked-jungle-predator-pvc-diorama-sdcc-2020\/","title":{"rendered":"Predator Gallery Unmasked Jungle Predator PVC Diorama SDCC 2020"},"content":{"rendered":"<p><strong>Predator Gallery Unmasked Jungle Predator PVC Diorama SDCC 2020\u00a0Figura 25 cm<\/strong><\/p>\n<ul>\n<li>Diamond Select Toys presenta la figura de este Predator sin m\u00e1scara, para la colecci\u00f3n Predator Gallery, basada en la pel\u00edcula Predator de 1987.<\/li>\n<li>Realizada en PVC, mide unos 25 cm y esculpida por Alterton y dise\u00f1ada por Caesar.<\/li>\n<li>Se trata de una edici\u00f3n limitada a 3000 unidades.<\/li>\n<\/ul>\n<p>&nbsp;<\/p>\n","protected":false},"excerpt":{"rendered":"<p><strong>Predator Gallery Unmasked Jungle Predator PVC Diorama SDCC 2020\u00a0Figura 25 cm<\/strong><\/p>\n<p>Diamond Select Toys presenta la figura de este Predator sin m\u00e1scara, para la colecci\u00f3n Predator Gallery, basada en la pel\u00edcula Predator de 1987.<\/p>\n","protected":false},"featured_media":88149,"template":"","meta":{"_acf_changed":false,"_kad_blocks_custom_css":"","_kad_blocks_head_custom_js":"","_kad_blocks_body_custom_js":"","_kad_blocks_footer_custom_js":""},"product_cat":[1390],"product_tag":[],"class_list":{"0":"post-88161","1":"product","2":"type-product","3":"status-publish","4":"has-post-thumbnail","6":"product_cat-figures","7":"pa_brand-diamond-select-toys-en","8":"pa_character-predator-en","9":"pa_license-predator-en","10":"pa_product-type-figure","11":"pa_theme-predator-gallery-en","13":"first","14":"outofstock","15":"taxable","16":"shipping-taxable","17":"purchasable","18":"product-type-simple"},"acf":[],"yoast_head":"<!-- This site is optimized with the Yoast SEO plugin v26.1.1 - https:\/\/yoast.com\/wordpress\/plugins\/seo\/ -->\n<title>Predator Gallery Unmasked Jungle Predator PVC Diorama SDCC 2020 - EndormoonStore<\/title>\n<meta name=\"robots\" content=\"index, follow, max-snippet:-1, max-image-preview:large, max-video-preview:-1\" \/>\n<link rel=\"canonical\" href=\"https:\/\/endormoonstore.com\/predator-gallery-unmasked-jungle-predator-pvc-diorama-sdcc-2020\/\" \/>\n<meta property=\"og:locale\" content=\"en_US\" \/>\n<meta property=\"og:type\" content=\"article\" \/>\n<meta property=\"og:title\" content=\"Predator Gallery Unmasked Jungle Predator PVC Diorama SDCC 2020 - EndormoonStore\" \/>\n<meta property=\"og:description\" content=\"Predator Gallery Unmasked Jungle Predator PVC Diorama SDCC 2020\u00a0Figura 25 cm  Diamond Select Toys presenta la figura de este Predator sin m\u00e1scara, para la colecci\u00f3n Predator Gallery, basada en la pel\u00edcula Predator de 1987.\" \/>\n<meta property=\"og:url\" content=\"https:\/\/endormoonstore.com\/predator-gallery-unmasked-jungle-predator-pvc-diorama-sdcc-2020\/\" \/>\n<meta property=\"og:site_name\" content=\"EndormoonStore\" \/>\n<meta property=\"article:modified_time\" content=\"2023-03-07T22:19:16+00:00\" \/>\n<meta property=\"og:image\" content=\"https:\/\/endormoonstore.com\/wp-content\/uploads\/2020\/07\/predator_gallery_sdcc_2020_unmasked_jungle_predator_pvc_diorama-1.jpeg\" \/>\n\t<meta property=\"og:image:width\" content=\"546\" \/>\n\t<meta property=\"og:image:height\" content=\"792\" \/>\n\t<meta property=\"og:image:type\" content=\"image\/jpeg\" \/>\n<meta name=\"twitter:card\" content=\"summary_large_image\" \/>\n<meta name=\"twitter:label1\" content=\"Est. reading time\" \/>\n\t<meta name=\"twitter:data1\" content=\"1 minute\" \/>\n<script type=\"application\/ld+json\" class=\"yoast-schema-graph\">{\"@context\":\"https:\/\/schema.org\",\"@graph\":[{\"@type\":\"WebPage\",\"@id\":\"https:\/\/endormoonstore.com\/predator-gallery-unmasked-jungle-predator-pvc-diorama-sdcc-2020\/\",\"url\":\"https:\/\/endormoonstore.com\/predator-gallery-unmasked-jungle-predator-pvc-diorama-sdcc-2020\/\",\"name\":\"Predator Gallery Unmasked Jungle Predator PVC Diorama SDCC 2020 - EndormoonStore\",\"isPartOf\":{\"@id\":\"https:\/\/endormoonstore.com\/#website\"},\"primaryImageOfPage\":{\"@id\":\"https:\/\/endormoonstore.com\/predator-gallery-unmasked-jungle-predator-pvc-diorama-sdcc-2020\/#primaryimage\"},\"image\":{\"@id\":\"https:\/\/endormoonstore.com\/predator-gallery-unmasked-jungle-predator-pvc-diorama-sdcc-2020\/#primaryimage\"},\"thumbnailUrl\":\"https:\/\/endormoonstore.com\/wp-content\/uploads\/2020\/07\/predator_gallery_sdcc_2020_unmasked_jungle_predator_pvc_diorama-1.jpeg\",\"datePublished\":\"2020-07-02T09:33:50+00:00\",\"dateModified\":\"2023-03-07T22:19:16+00:00\",\"breadcrumb\":{\"@id\":\"https:\/\/endormoonstore.com\/predator-gallery-unmasked-jungle-predator-pvc-diorama-sdcc-2020\/#breadcrumb\"},\"inLanguage\":\"en-US\",\"potentialAction\":[{\"@type\":\"ReadAction\",\"target\":[\"https:\/\/endormoonstore.com\/predator-gallery-unmasked-jungle-predator-pvc-diorama-sdcc-2020\/\"]}]},{\"@type\":\"ImageObject\",\"inLanguage\":\"en-US\",\"@id\":\"https:\/\/endormoonstore.com\/predator-gallery-unmasked-jungle-predator-pvc-diorama-sdcc-2020\/#primaryimage\",\"url\":\"https:\/\/endormoonstore.com\/wp-content\/uploads\/2020\/07\/predator_gallery_sdcc_2020_unmasked_jungle_predator_pvc_diorama-1.jpeg\",\"contentUrl\":\"https:\/\/endormoonstore.com\/wp-content\/uploads\/2020\/07\/predator_gallery_sdcc_2020_unmasked_jungle_predator_pvc_diorama-1.jpeg\",\"width\":546,\"height\":792},{\"@type\":\"BreadcrumbList\",\"@id\":\"https:\/\/endormoonstore.com\/predator-gallery-unmasked-jungle-predator-pvc-diorama-sdcc-2020\/#breadcrumb\",\"itemListElement\":[{\"@type\":\"ListItem\",\"position\":1,\"name\":\"Shop\",\"item\":\"https:\/\/endormoonstore.com\/en\/shop\/\"},{\"@type\":\"ListItem\",\"position\":2,\"name\":\"Predator Gallery Unmasked Jungle Predator PVC Diorama SDCC 2020\"}]},{\"@type\":\"WebSite\",\"@id\":\"https:\/\/endormoonstore.com\/#website\",\"url\":\"https:\/\/endormoonstore.com\/\",\"name\":\"EndormoonStore\",\"description\":\"\",\"potentialAction\":[{\"@type\":\"SearchAction\",\"target\":{\"@type\":\"EntryPoint\",\"urlTemplate\":\"https:\/\/endormoonstore.com\/?s={search_term_string}\"},\"query-input\":{\"@type\":\"PropertyValueSpecification\",\"valueRequired\":true,\"valueName\":\"search_term_string\"}}],\"inLanguage\":\"en-US\"}]}<\/script>\n<!-- \/ Yoast SEO plugin. -->","yoast_head_json":{"title":"Predator Gallery Unmasked Jungle Predator PVC Diorama SDCC 2020 - EndormoonStore","robots":{"index":"index","follow":"follow","max-snippet":"max-snippet:-1","max-image-preview":"max-image-preview:large","max-video-preview":"max-video-preview:-1"},"canonical":"https:\/\/endormoonstore.com\/predator-gallery-unmasked-jungle-predator-pvc-diorama-sdcc-2020\/","og_locale":"en_US","og_type":"article","og_title":"Predator Gallery Unmasked Jungle Predator PVC Diorama SDCC 2020 - EndormoonStore","og_description":"Predator Gallery Unmasked Jungle Predator PVC Diorama SDCC 2020\u00a0Figura 25 cm  Diamond Select Toys presenta la figura de este Predator sin m\u00e1scara, para la colecci\u00f3n Predator Gallery, basada en la pel\u00edcula Predator de 1987.","og_url":"https:\/\/endormoonstore.com\/predator-gallery-unmasked-jungle-predator-pvc-diorama-sdcc-2020\/","og_site_name":"EndormoonStore","article_modified_time":"2023-03-07T22:19:16+00:00","og_image":[{"width":546,"height":792,"url":"https:\/\/endormoonstore.com\/wp-content\/uploads\/2020\/07\/predator_gallery_sdcc_2020_unmasked_jungle_predator_pvc_diorama-1.jpeg","type":"image\/jpeg"}],"twitter_card":"summary_large_image","twitter_misc":{"Est. reading time":"1 minute"},"schema":{"@context":"https:\/\/schema.org","@graph":[{"@type":"WebPage","@id":"https:\/\/endormoonstore.com\/predator-gallery-unmasked-jungle-predator-pvc-diorama-sdcc-2020\/","url":"https:\/\/endormoonstore.com\/predator-gallery-unmasked-jungle-predator-pvc-diorama-sdcc-2020\/","name":"Predator Gallery Unmasked Jungle Predator PVC Diorama SDCC 2020 - EndormoonStore","isPartOf":{"@id":"https:\/\/endormoonstore.com\/#website"},"primaryImageOfPage":{"@id":"https:\/\/endormoonstore.com\/predator-gallery-unmasked-jungle-predator-pvc-diorama-sdcc-2020\/#primaryimage"},"image":{"@id":"https:\/\/endormoonstore.com\/predator-gallery-unmasked-jungle-predator-pvc-diorama-sdcc-2020\/#primaryimage"},"thumbnailUrl":"https:\/\/endormoonstore.com\/wp-content\/uploads\/2020\/07\/predator_gallery_sdcc_2020_unmasked_jungle_predator_pvc_diorama-1.jpeg","datePublished":"2020-07-02T09:33:50+00:00","dateModified":"2023-03-07T22:19:16+00:00","breadcrumb":{"@id":"https:\/\/endormoonstore.com\/predator-gallery-unmasked-jungle-predator-pvc-diorama-sdcc-2020\/#breadcrumb"},"inLanguage":"en-US","potentialAction":[{"@type":"ReadAction","target":["https:\/\/endormoonstore.com\/predator-gallery-unmasked-jungle-predator-pvc-diorama-sdcc-2020\/"]}]},{"@type":"ImageObject","inLanguage":"en-US","@id":"https:\/\/endormoonstore.com\/predator-gallery-unmasked-jungle-predator-pvc-diorama-sdcc-2020\/#primaryimage","url":"https:\/\/endormoonstore.com\/wp-content\/uploads\/2020\/07\/predator_gallery_sdcc_2020_unmasked_jungle_predator_pvc_diorama-1.jpeg","contentUrl":"https:\/\/endormoonstore.com\/wp-content\/uploads\/2020\/07\/predator_gallery_sdcc_2020_unmasked_jungle_predator_pvc_diorama-1.jpeg","width":546,"height":792},{"@type":"BreadcrumbList","@id":"https:\/\/endormoonstore.com\/predator-gallery-unmasked-jungle-predator-pvc-diorama-sdcc-2020\/#breadcrumb","itemListElement":[{"@type":"ListItem","position":1,"name":"Shop","item":"https:\/\/endormoonstore.com\/en\/shop\/"},{"@type":"ListItem","position":2,"name":"Predator Gallery Unmasked Jungle Predator PVC Diorama SDCC 2020"}]},{"@type":"WebSite","@id":"https:\/\/endormoonstore.com\/#website","url":"https:\/\/endormoonstore.com\/","name":"EndormoonStore","description":"","potentialAction":[{"@type":"SearchAction","target":{"@type":"EntryPoint","urlTemplate":"https:\/\/endormoonstore.com\/?s={search_term_string}"},"query-input":{"@type":"PropertyValueSpecification","valueRequired":true,"valueName":"search_term_string"}}],"inLanguage":"en-US"}]}},"taxonomy_info":{"product_cat":[{"value":1390,"label":"Figures"}],"pa_brand":[{"value":1632,"label":"Diamond Select Toys"}],"pa_character":[{"value":2705,"label":"Predator"}],"pa_license":[{"value":2711,"label":"Predator"}],"pa_product-type":[{"value":2387,"label":"Figure"}],"pa_theme":[{"value":5719,"label":"Predator Gallery"}]},"featured_image_src_large":["https:\/\/endormoonstore.com\/wp-content\/uploads\/2020\/07\/predator_gallery_sdcc_2020_unmasked_jungle_predator_pvc_diorama-1.jpeg",546,792,false],"author_info":[],"comment_info":"","_links":{"self":[{"href":"https:\/\/endormoonstore.com\/en\/wp-json\/wp\/v2\/product\/88161","targetHints":{"allow":["GET"]}}],"collection":[{"href":"https:\/\/endormoonstore.com\/en\/wp-json\/wp\/v2\/product"}],"about":[{"href":"https:\/\/endormoonstore.com\/en\/wp-json\/wp\/v2\/types\/product"}],"wp:featuredmedia":[{"embeddable":true,"href":"https:\/\/endormoonstore.com\/en\/wp-json\/wp\/v2\/media\/88149"}],"wp:attachment":[{"href":"https:\/\/endormoonstore.com\/en\/wp-json\/wp\/v2\/media?parent=88161"}],"wp:term":[{"taxonomy":"product_cat","embeddable":true,"href":"https:\/\/endormoonstore.com\/en\/wp-json\/wp\/v2\/product_cat?post=88161"},{"taxonomy":"product_tag","embeddable":true,"href":"https:\/\/endormoonstore.com\/en\/wp-json\/wp\/v2\/product_tag?post=88161"}],"curies":[{"name":"wp","href":"https:\/\/api.w.org\/{rel}","templated":true}]}}