{"id":87469,"date":"2020-06-20T20:18:13","date_gmt":"2020-06-20T18:18:13","guid":{"rendered":"https:\/\/endormoonstore.com\/ultimate-co-pilot-chewie-peluche-con-sonido-star-wars\/"},"modified":"2021-03-21T15:10:56","modified_gmt":"2021-03-21T14:10:56","slug":"ultimate-co-pilot-chewie-peluche-con-sonido-star-wars","status":"publish","type":"product","link":"https:\/\/endormoonstore.com\/en\/ultimate-co-pilot-chewie-peluche-con-sonido-star-wars\/","title":{"rendered":"Ultimate Co-Pilot Chewie Peluche con sonido Star Wars"},"content":{"rendered":"<p><strong>Ultimate Co-Pilot Chewie Peluche con sonido Star Wars 30 cm<\/strong><\/p>\n<ul>\n<li>Chewbacca (&#8220;Chewie&#8221; para sus mejores amigos) es conocido por ser el fiel amigo y copiloto de Han Solo, y ahora el peluche electr\u00f3nico de Chewie como copiloto definitivo puede ser el compa\u00f1ero en cualquier aventura!<\/li>\n<li>Este incre\u00edble amigo de felpa interactivo presenta m\u00e1s de 100 combinaciones de sonido y movimiento, responde en el idioma wookiee y reacciona cuando est\u00e1 en movimiento, a veces de maneras sorprendentes!<\/li>\n<li>A menudo levanta los brazos mientras ruge &#8230; y hace sonidos de satisfacci\u00f3n cuando recibe una caricia amistosa en la cabeza.<\/li>\n<li>Incluye figura, bandolera con cartera e instrucciones.<\/li>\n<li>ADVERTENCIA: PELIGRO DE Asfixia: se generar\u00e1n piezas peque\u00f1as.<\/li>\n<li>No para ni\u00f1os menores de 3 a\u00f1os. Se requieren 4 pilas alcalinas AA de 1.5v.<\/li>\n<li>Bater\u00edas de demostraci\u00f3n incluidas.<\/li>\n<\/ul>\n<p><strong>\u00a0<\/strong><\/p>\n<p>&nbsp;<\/p>\n","protected":false},"excerpt":{"rendered":"<p><strong>Ultimate Co-Pilot Chewie Peluche con sonido Star Wars 30 cm<\/strong><\/p>\n<p>Chewbacca (&#8220;Chewie&#8221; para sus mejores amigos) es conocido por ser el fiel amigo y copiloto de Han Solo, y ahora el peluche electr\u00f3nico de Chewie como copiloto definitivo puede ser el compa\u00f1ero en cualquier aventura!<\/p>\n","protected":false},"featured_media":87449,"template":"","meta":{"_acf_changed":false,"_kad_blocks_custom_css":"","_kad_blocks_head_custom_js":"","_kad_blocks_body_custom_js":"","_kad_blocks_footer_custom_js":""},"product_cat":[1390],"product_tag":[],"class_list":{"0":"post-87469","1":"product","2":"type-product","3":"status-publish","4":"has-post-thumbnail","6":"product_cat-figures","7":"pa_brand-hasbro-en","8":"pa_character-chewbacca-en","9":"pa_episode-star-wars-a-new-hope","10":"pa_license-star-wars-en","11":"pa_product-type-figure","12":"pa_theme-doll","14":"first","15":"instock","16":"taxable","17":"shipping-taxable","18":"purchasable","19":"product-type-simple"},"acf":[],"yoast_head":"<!-- This site is optimized with the Yoast SEO plugin v26.1.1 - https:\/\/yoast.com\/wordpress\/plugins\/seo\/ -->\n<title>Ultimate Co-Pilot Chewie Peluche con sonido Star Wars - EndormoonStore<\/title>\n<meta name=\"robots\" content=\"index, follow, max-snippet:-1, max-image-preview:large, max-video-preview:-1\" \/>\n<link rel=\"canonical\" href=\"https:\/\/endormoonstore.com\/en\/ultimate-co-pilot-chewie-peluche-con-sonido-star-wars\/\" \/>\n<meta property=\"og:locale\" content=\"en_US\" \/>\n<meta property=\"og:type\" content=\"article\" \/>\n<meta property=\"og:title\" content=\"Ultimate Co-Pilot Chewie Peluche con sonido Star Wars - EndormoonStore\" \/>\n<meta property=\"og:description\" content=\"Ultimate Co-Pilot Chewie Peluche con sonido Star Wars 30 cm  Chewbacca (&quot;Chewie&quot; para sus mejores amigos) es conocido por ser el fiel amigo y copiloto de Han Solo, y ahora el peluche electr\u00f3nico de Chewie como copiloto definitivo puede ser el compa\u00f1ero en cualquier aventura!\" \/>\n<meta property=\"og:url\" content=\"https:\/\/endormoonstore.com\/en\/ultimate-co-pilot-chewie-peluche-con-sonido-star-wars\/\" \/>\n<meta property=\"og:site_name\" content=\"EndormoonStore\" \/>\n<meta property=\"article:modified_time\" content=\"2021-03-21T14:10:56+00:00\" \/>\n<meta property=\"og:image\" content=\"https:\/\/endormoonstore.com\/wp-content\/uploads\/2020\/06\/hsbe0584eu4_4.jpg\" \/>\n\t<meta property=\"og:image:width\" content=\"1500\" \/>\n\t<meta property=\"og:image:height\" content=\"1500\" \/>\n\t<meta property=\"og:image:type\" content=\"image\/jpeg\" \/>\n<meta name=\"twitter:card\" content=\"summary_large_image\" \/>\n<meta name=\"twitter:label1\" content=\"Est. reading time\" \/>\n\t<meta name=\"twitter:data1\" content=\"1 minute\" \/>\n<script type=\"application\/ld+json\" class=\"yoast-schema-graph\">{\"@context\":\"https:\/\/schema.org\",\"@graph\":[{\"@type\":\"WebPage\",\"@id\":\"https:\/\/endormoonstore.com\/en\/ultimate-co-pilot-chewie-peluche-con-sonido-star-wars\/\",\"url\":\"https:\/\/endormoonstore.com\/en\/ultimate-co-pilot-chewie-peluche-con-sonido-star-wars\/\",\"name\":\"Ultimate Co-Pilot Chewie Peluche con sonido Star Wars - EndormoonStore\",\"isPartOf\":{\"@id\":\"https:\/\/endormoonstore.com\/#website\"},\"primaryImageOfPage\":{\"@id\":\"https:\/\/endormoonstore.com\/en\/ultimate-co-pilot-chewie-peluche-con-sonido-star-wars\/#primaryimage\"},\"image\":{\"@id\":\"https:\/\/endormoonstore.com\/en\/ultimate-co-pilot-chewie-peluche-con-sonido-star-wars\/#primaryimage\"},\"thumbnailUrl\":\"https:\/\/endormoonstore.com\/wp-content\/uploads\/2020\/06\/hsbe0584eu4_4.jpg\",\"datePublished\":\"2020-06-20T18:18:13+00:00\",\"dateModified\":\"2021-03-21T14:10:56+00:00\",\"breadcrumb\":{\"@id\":\"https:\/\/endormoonstore.com\/en\/ultimate-co-pilot-chewie-peluche-con-sonido-star-wars\/#breadcrumb\"},\"inLanguage\":\"en-US\",\"potentialAction\":[{\"@type\":\"ReadAction\",\"target\":[\"https:\/\/endormoonstore.com\/en\/ultimate-co-pilot-chewie-peluche-con-sonido-star-wars\/\"]}]},{\"@type\":\"ImageObject\",\"inLanguage\":\"en-US\",\"@id\":\"https:\/\/endormoonstore.com\/en\/ultimate-co-pilot-chewie-peluche-con-sonido-star-wars\/#primaryimage\",\"url\":\"https:\/\/endormoonstore.com\/wp-content\/uploads\/2020\/06\/hsbe0584eu4_4.jpg\",\"contentUrl\":\"https:\/\/endormoonstore.com\/wp-content\/uploads\/2020\/06\/hsbe0584eu4_4.jpg\",\"width\":1500,\"height\":1500},{\"@type\":\"BreadcrumbList\",\"@id\":\"https:\/\/endormoonstore.com\/en\/ultimate-co-pilot-chewie-peluche-con-sonido-star-wars\/#breadcrumb\",\"itemListElement\":[{\"@type\":\"ListItem\",\"position\":1,\"name\":\"Shop\",\"item\":\"https:\/\/endormoonstore.com\/en\/shop\/\"},{\"@type\":\"ListItem\",\"position\":2,\"name\":\"Ultimate Co-Pilot Chewie Peluche con sonido Star Wars\"}]},{\"@type\":\"WebSite\",\"@id\":\"https:\/\/endormoonstore.com\/#website\",\"url\":\"https:\/\/endormoonstore.com\/\",\"name\":\"EndormoonStore\",\"description\":\"\",\"potentialAction\":[{\"@type\":\"SearchAction\",\"target\":{\"@type\":\"EntryPoint\",\"urlTemplate\":\"https:\/\/endormoonstore.com\/?s={search_term_string}\"},\"query-input\":{\"@type\":\"PropertyValueSpecification\",\"valueRequired\":true,\"valueName\":\"search_term_string\"}}],\"inLanguage\":\"en-US\"}]}<\/script>\n<!-- \/ Yoast SEO plugin. -->","yoast_head_json":{"title":"Ultimate Co-Pilot Chewie Peluche con sonido Star Wars - EndormoonStore","robots":{"index":"index","follow":"follow","max-snippet":"max-snippet:-1","max-image-preview":"max-image-preview:large","max-video-preview":"max-video-preview:-1"},"canonical":"https:\/\/endormoonstore.com\/en\/ultimate-co-pilot-chewie-peluche-con-sonido-star-wars\/","og_locale":"en_US","og_type":"article","og_title":"Ultimate Co-Pilot Chewie Peluche con sonido Star Wars - EndormoonStore","og_description":"Ultimate Co-Pilot Chewie Peluche con sonido Star Wars 30 cm  Chewbacca (\"Chewie\" para sus mejores amigos) es conocido por ser el fiel amigo y copiloto de Han Solo, y ahora el peluche electr\u00f3nico de Chewie como copiloto definitivo puede ser el compa\u00f1ero en cualquier aventura!","og_url":"https:\/\/endormoonstore.com\/en\/ultimate-co-pilot-chewie-peluche-con-sonido-star-wars\/","og_site_name":"EndormoonStore","article_modified_time":"2021-03-21T14:10:56+00:00","og_image":[{"width":1500,"height":1500,"url":"https:\/\/endormoonstore.com\/wp-content\/uploads\/2020\/06\/hsbe0584eu4_4.jpg","type":"image\/jpeg"}],"twitter_card":"summary_large_image","twitter_misc":{"Est. reading time":"1 minute"},"schema":{"@context":"https:\/\/schema.org","@graph":[{"@type":"WebPage","@id":"https:\/\/endormoonstore.com\/en\/ultimate-co-pilot-chewie-peluche-con-sonido-star-wars\/","url":"https:\/\/endormoonstore.com\/en\/ultimate-co-pilot-chewie-peluche-con-sonido-star-wars\/","name":"Ultimate Co-Pilot Chewie Peluche con sonido Star Wars - EndormoonStore","isPartOf":{"@id":"https:\/\/endormoonstore.com\/#website"},"primaryImageOfPage":{"@id":"https:\/\/endormoonstore.com\/en\/ultimate-co-pilot-chewie-peluche-con-sonido-star-wars\/#primaryimage"},"image":{"@id":"https:\/\/endormoonstore.com\/en\/ultimate-co-pilot-chewie-peluche-con-sonido-star-wars\/#primaryimage"},"thumbnailUrl":"https:\/\/endormoonstore.com\/wp-content\/uploads\/2020\/06\/hsbe0584eu4_4.jpg","datePublished":"2020-06-20T18:18:13+00:00","dateModified":"2021-03-21T14:10:56+00:00","breadcrumb":{"@id":"https:\/\/endormoonstore.com\/en\/ultimate-co-pilot-chewie-peluche-con-sonido-star-wars\/#breadcrumb"},"inLanguage":"en-US","potentialAction":[{"@type":"ReadAction","target":["https:\/\/endormoonstore.com\/en\/ultimate-co-pilot-chewie-peluche-con-sonido-star-wars\/"]}]},{"@type":"ImageObject","inLanguage":"en-US","@id":"https:\/\/endormoonstore.com\/en\/ultimate-co-pilot-chewie-peluche-con-sonido-star-wars\/#primaryimage","url":"https:\/\/endormoonstore.com\/wp-content\/uploads\/2020\/06\/hsbe0584eu4_4.jpg","contentUrl":"https:\/\/endormoonstore.com\/wp-content\/uploads\/2020\/06\/hsbe0584eu4_4.jpg","width":1500,"height":1500},{"@type":"BreadcrumbList","@id":"https:\/\/endormoonstore.com\/en\/ultimate-co-pilot-chewie-peluche-con-sonido-star-wars\/#breadcrumb","itemListElement":[{"@type":"ListItem","position":1,"name":"Shop","item":"https:\/\/endormoonstore.com\/en\/shop\/"},{"@type":"ListItem","position":2,"name":"Ultimate Co-Pilot Chewie Peluche con sonido Star Wars"}]},{"@type":"WebSite","@id":"https:\/\/endormoonstore.com\/#website","url":"https:\/\/endormoonstore.com\/","name":"EndormoonStore","description":"","potentialAction":[{"@type":"SearchAction","target":{"@type":"EntryPoint","urlTemplate":"https:\/\/endormoonstore.com\/?s={search_term_string}"},"query-input":{"@type":"PropertyValueSpecification","valueRequired":true,"valueName":"search_term_string"}}],"inLanguage":"en-US"}]}},"taxonomy_info":{"product_cat":[{"value":1390,"label":"Figures"}],"pa_brand":[{"value":2084,"label":"Hasbro"}],"pa_character":[{"value":4331,"label":"Chewbacca"}],"pa_episode":[{"value":2405,"label":"Star Wars: A New Hope"}],"pa_license":[{"value":1644,"label":"Star Wars"}],"pa_product-type":[{"value":2387,"label":"Figure"}],"pa_theme":[{"value":1981,"label":"Doll"}]},"featured_image_src_large":["https:\/\/endormoonstore.com\/wp-content\/uploads\/2020\/06\/hsbe0584eu4_4-1024x1024.jpg",1024,1024,true],"author_info":[],"comment_info":"","_links":{"self":[{"href":"https:\/\/endormoonstore.com\/en\/wp-json\/wp\/v2\/product\/87469","targetHints":{"allow":["GET"]}}],"collection":[{"href":"https:\/\/endormoonstore.com\/en\/wp-json\/wp\/v2\/product"}],"about":[{"href":"https:\/\/endormoonstore.com\/en\/wp-json\/wp\/v2\/types\/product"}],"wp:featuredmedia":[{"embeddable":true,"href":"https:\/\/endormoonstore.com\/en\/wp-json\/wp\/v2\/media\/87449"}],"wp:attachment":[{"href":"https:\/\/endormoonstore.com\/en\/wp-json\/wp\/v2\/media?parent=87469"}],"wp:term":[{"taxonomy":"product_cat","embeddable":true,"href":"https:\/\/endormoonstore.com\/en\/wp-json\/wp\/v2\/product_cat?post=87469"},{"taxonomy":"product_tag","embeddable":true,"href":"https:\/\/endormoonstore.com\/en\/wp-json\/wp\/v2\/product_tag?post=87469"}],"curies":[{"name":"wp","href":"https:\/\/api.w.org\/{rel}","templated":true}]}}