{"id":87233,"date":"2020-06-16T19:11:44","date_gmt":"2020-06-16T17:11:44","guid":{"rendered":"https:\/\/endormoonstore.com\/tony-stark-birth-of-iron-man-s-h-figuarts\/"},"modified":"2021-04-09T13:31:19","modified_gmt":"2021-04-09T11:31:19","slug":"tony-stark-birth-of-iron-man-s-h-figuarts","status":"publish","type":"product","link":"https:\/\/endormoonstore.com\/en\/tony-stark-birth-of-iron-man-s-h-figuarts\/","title":{"rendered":"Tony Stark Birth of Iron Man S.H Figuarts"},"content":{"rendered":"<p><strong>Tony Stark Birth of Iron Man Ver. Marvel Iron Man S.H Figuarts Figura 15 cm<\/strong><\/p>\n<ul>\n<li>Tamashii Nations presenta para la l\u00ednea S.H. Figuarts la figura de Toni Stark, el multimillonario, genio y fil\u00e1ntropo creador de la armadura Iron Man.<\/li>\n<li>Se trata de una figura articulada de 15 cm de alto hecha en PVC.<\/li>\n<li>Incluye la figura y dos cuerpos (con traje y camiseta), dos cabezas alternativas, cuatro manos izquierda, cinco manos derechas, un tel\u00e9fono m\u00f3vil, un yunke, un martillo y la m\u00e1scara de Iron Man MK-I.<\/li>\n<\/ul>\n<p>&nbsp;<\/p>\n<p>&nbsp;<\/p>\n","protected":false},"excerpt":{"rendered":"<p><strong>Tony Stark Birth of Iron Man Ver. Marvel Iron Man S.H Figuarts Figura 15 cm<\/strong><\/p>\n<p>Tamashii Nations presenta para la l\u00ednea S.H. Figuarts la figura de Toni Stark, el multimillonario, genio y fil\u00e1ntropo creador de la armadura Iron Man.<\/p>\n","protected":false},"featured_media":87201,"template":"","meta":{"_acf_changed":false,"_kad_blocks_custom_css":"","_kad_blocks_head_custom_js":"","_kad_blocks_body_custom_js":"","_kad_blocks_footer_custom_js":""},"product_cat":[1390],"product_tag":[],"class_list":{"0":"post-87233","1":"product","2":"type-product","3":"status-publish","4":"has-post-thumbnail","6":"product_cat-figures","7":"pa_brand-tamashii-nations-en","8":"pa_character-tony-stark-en","9":"pa_episode-iron-man-en","10":"pa_license-marvel-en","11":"pa_product-type-figure","12":"pa_theme-s-h-figuarts-en","14":"first","15":"instock","16":"taxable","17":"shipping-taxable","18":"purchasable","19":"product-type-simple"},"acf":[],"yoast_head":"<!-- This site is optimized with the Yoast SEO plugin v26.1.1 - https:\/\/yoast.com\/wordpress\/plugins\/seo\/ -->\n<title>Tony Stark Birth of Iron Man S.H Figuarts - EndormoonStore<\/title>\n<meta name=\"robots\" content=\"index, follow, max-snippet:-1, max-image-preview:large, max-video-preview:-1\" \/>\n<link rel=\"canonical\" href=\"https:\/\/endormoonstore.com\/en\/tony-stark-birth-of-iron-man-s-h-figuarts\/\" \/>\n<meta property=\"og:locale\" content=\"en_US\" \/>\n<meta property=\"og:type\" content=\"article\" \/>\n<meta property=\"og:title\" content=\"Tony Stark Birth of Iron Man S.H Figuarts - EndormoonStore\" \/>\n<meta property=\"og:description\" content=\"Tony Stark Birth of Iron Man Ver. Marvel Iron Man S.H Figuarts Figura 15 cm  Tamashii Nations presenta para la l\u00ednea S.H. Figuarts la figura de Toni Stark, el multimillonario, genio y fil\u00e1ntropo creador de la armadura Iron Man.\" \/>\n<meta property=\"og:url\" content=\"https:\/\/endormoonstore.com\/en\/tony-stark-birth-of-iron-man-s-h-figuarts\/\" \/>\n<meta property=\"og:site_name\" content=\"EndormoonStore\" \/>\n<meta property=\"article:modified_time\" content=\"2021-04-09T11:31:19+00:00\" \/>\n<meta property=\"og:image\" content=\"https:\/\/endormoonstore.com\/wp-content\/uploads\/2020\/06\/tony_stark_birth_of_iron_man_ver._figura_15_cm_marvel_iron_man_sh_figuarts-2.jpg\" \/>\n\t<meta property=\"og:image:width\" content=\"857\" \/>\n\t<meta property=\"og:image:height\" content=\"1200\" \/>\n\t<meta property=\"og:image:type\" content=\"image\/jpeg\" \/>\n<meta name=\"twitter:card\" content=\"summary_large_image\" \/>\n<script type=\"application\/ld+json\" class=\"yoast-schema-graph\">{\"@context\":\"https:\/\/schema.org\",\"@graph\":[{\"@type\":\"WebPage\",\"@id\":\"https:\/\/endormoonstore.com\/en\/tony-stark-birth-of-iron-man-s-h-figuarts\/\",\"url\":\"https:\/\/endormoonstore.com\/en\/tony-stark-birth-of-iron-man-s-h-figuarts\/\",\"name\":\"Tony Stark Birth of Iron Man S.H Figuarts - EndormoonStore\",\"isPartOf\":{\"@id\":\"https:\/\/endormoonstore.com\/#website\"},\"primaryImageOfPage\":{\"@id\":\"https:\/\/endormoonstore.com\/en\/tony-stark-birth-of-iron-man-s-h-figuarts\/#primaryimage\"},\"image\":{\"@id\":\"https:\/\/endormoonstore.com\/en\/tony-stark-birth-of-iron-man-s-h-figuarts\/#primaryimage\"},\"thumbnailUrl\":\"https:\/\/endormoonstore.com\/wp-content\/uploads\/2020\/06\/tony_stark_birth_of_iron_man_ver._figura_15_cm_marvel_iron_man_sh_figuarts-2.jpg\",\"datePublished\":\"2020-06-16T17:11:44+00:00\",\"dateModified\":\"2021-04-09T11:31:19+00:00\",\"breadcrumb\":{\"@id\":\"https:\/\/endormoonstore.com\/en\/tony-stark-birth-of-iron-man-s-h-figuarts\/#breadcrumb\"},\"inLanguage\":\"en-US\",\"potentialAction\":[{\"@type\":\"ReadAction\",\"target\":[\"https:\/\/endormoonstore.com\/en\/tony-stark-birth-of-iron-man-s-h-figuarts\/\"]}]},{\"@type\":\"ImageObject\",\"inLanguage\":\"en-US\",\"@id\":\"https:\/\/endormoonstore.com\/en\/tony-stark-birth-of-iron-man-s-h-figuarts\/#primaryimage\",\"url\":\"https:\/\/endormoonstore.com\/wp-content\/uploads\/2020\/06\/tony_stark_birth_of_iron_man_ver._figura_15_cm_marvel_iron_man_sh_figuarts-2.jpg\",\"contentUrl\":\"https:\/\/endormoonstore.com\/wp-content\/uploads\/2020\/06\/tony_stark_birth_of_iron_man_ver._figura_15_cm_marvel_iron_man_sh_figuarts-2.jpg\",\"width\":857,\"height\":1200},{\"@type\":\"BreadcrumbList\",\"@id\":\"https:\/\/endormoonstore.com\/en\/tony-stark-birth-of-iron-man-s-h-figuarts\/#breadcrumb\",\"itemListElement\":[{\"@type\":\"ListItem\",\"position\":1,\"name\":\"Shop\",\"item\":\"https:\/\/endormoonstore.com\/en\/shop\/\"},{\"@type\":\"ListItem\",\"position\":2,\"name\":\"Tony Stark Birth of Iron Man S.H Figuarts\"}]},{\"@type\":\"WebSite\",\"@id\":\"https:\/\/endormoonstore.com\/#website\",\"url\":\"https:\/\/endormoonstore.com\/\",\"name\":\"EndormoonStore\",\"description\":\"\",\"potentialAction\":[{\"@type\":\"SearchAction\",\"target\":{\"@type\":\"EntryPoint\",\"urlTemplate\":\"https:\/\/endormoonstore.com\/?s={search_term_string}\"},\"query-input\":{\"@type\":\"PropertyValueSpecification\",\"valueRequired\":true,\"valueName\":\"search_term_string\"}}],\"inLanguage\":\"en-US\"}]}<\/script>\n<!-- \/ Yoast SEO plugin. -->","yoast_head_json":{"title":"Tony Stark Birth of Iron Man S.H Figuarts - EndormoonStore","robots":{"index":"index","follow":"follow","max-snippet":"max-snippet:-1","max-image-preview":"max-image-preview:large","max-video-preview":"max-video-preview:-1"},"canonical":"https:\/\/endormoonstore.com\/en\/tony-stark-birth-of-iron-man-s-h-figuarts\/","og_locale":"en_US","og_type":"article","og_title":"Tony Stark Birth of Iron Man S.H Figuarts - EndormoonStore","og_description":"Tony Stark Birth of Iron Man Ver. Marvel Iron Man S.H Figuarts Figura 15 cm  Tamashii Nations presenta para la l\u00ednea S.H. Figuarts la figura de Toni Stark, el multimillonario, genio y fil\u00e1ntropo creador de la armadura Iron Man.","og_url":"https:\/\/endormoonstore.com\/en\/tony-stark-birth-of-iron-man-s-h-figuarts\/","og_site_name":"EndormoonStore","article_modified_time":"2021-04-09T11:31:19+00:00","og_image":[{"width":857,"height":1200,"url":"https:\/\/endormoonstore.com\/wp-content\/uploads\/2020\/06\/tony_stark_birth_of_iron_man_ver._figura_15_cm_marvel_iron_man_sh_figuarts-2.jpg","type":"image\/jpeg"}],"twitter_card":"summary_large_image","schema":{"@context":"https:\/\/schema.org","@graph":[{"@type":"WebPage","@id":"https:\/\/endormoonstore.com\/en\/tony-stark-birth-of-iron-man-s-h-figuarts\/","url":"https:\/\/endormoonstore.com\/en\/tony-stark-birth-of-iron-man-s-h-figuarts\/","name":"Tony Stark Birth of Iron Man S.H Figuarts - EndormoonStore","isPartOf":{"@id":"https:\/\/endormoonstore.com\/#website"},"primaryImageOfPage":{"@id":"https:\/\/endormoonstore.com\/en\/tony-stark-birth-of-iron-man-s-h-figuarts\/#primaryimage"},"image":{"@id":"https:\/\/endormoonstore.com\/en\/tony-stark-birth-of-iron-man-s-h-figuarts\/#primaryimage"},"thumbnailUrl":"https:\/\/endormoonstore.com\/wp-content\/uploads\/2020\/06\/tony_stark_birth_of_iron_man_ver._figura_15_cm_marvel_iron_man_sh_figuarts-2.jpg","datePublished":"2020-06-16T17:11:44+00:00","dateModified":"2021-04-09T11:31:19+00:00","breadcrumb":{"@id":"https:\/\/endormoonstore.com\/en\/tony-stark-birth-of-iron-man-s-h-figuarts\/#breadcrumb"},"inLanguage":"en-US","potentialAction":[{"@type":"ReadAction","target":["https:\/\/endormoonstore.com\/en\/tony-stark-birth-of-iron-man-s-h-figuarts\/"]}]},{"@type":"ImageObject","inLanguage":"en-US","@id":"https:\/\/endormoonstore.com\/en\/tony-stark-birth-of-iron-man-s-h-figuarts\/#primaryimage","url":"https:\/\/endormoonstore.com\/wp-content\/uploads\/2020\/06\/tony_stark_birth_of_iron_man_ver._figura_15_cm_marvel_iron_man_sh_figuarts-2.jpg","contentUrl":"https:\/\/endormoonstore.com\/wp-content\/uploads\/2020\/06\/tony_stark_birth_of_iron_man_ver._figura_15_cm_marvel_iron_man_sh_figuarts-2.jpg","width":857,"height":1200},{"@type":"BreadcrumbList","@id":"https:\/\/endormoonstore.com\/en\/tony-stark-birth-of-iron-man-s-h-figuarts\/#breadcrumb","itemListElement":[{"@type":"ListItem","position":1,"name":"Shop","item":"https:\/\/endormoonstore.com\/en\/shop\/"},{"@type":"ListItem","position":2,"name":"Tony Stark Birth of Iron Man S.H Figuarts"}]},{"@type":"WebSite","@id":"https:\/\/endormoonstore.com\/#website","url":"https:\/\/endormoonstore.com\/","name":"EndormoonStore","description":"","potentialAction":[{"@type":"SearchAction","target":{"@type":"EntryPoint","urlTemplate":"https:\/\/endormoonstore.com\/?s={search_term_string}"},"query-input":{"@type":"PropertyValueSpecification","valueRequired":true,"valueName":"search_term_string"}}],"inLanguage":"en-US"}]}},"taxonomy_info":{"product_cat":[{"value":1390,"label":"Figures"}],"pa_brand":[{"value":2096,"label":"Tamashii Nations"}],"pa_character":[{"value":6119,"label":"Tony Stark"}],"pa_episode":[{"value":6077,"label":"Iron Man"}],"pa_license":[{"value":1642,"label":"Marvel"}],"pa_product-type":[{"value":2387,"label":"Figure"}],"pa_theme":[{"value":1813,"label":"S.H. Figuarts"}]},"featured_image_src_large":["https:\/\/endormoonstore.com\/wp-content\/uploads\/2020\/06\/tony_stark_birth_of_iron_man_ver._figura_15_cm_marvel_iron_man_sh_figuarts-2-731x1024.jpg",731,1024,true],"author_info":[],"comment_info":"","_links":{"self":[{"href":"https:\/\/endormoonstore.com\/en\/wp-json\/wp\/v2\/product\/87233","targetHints":{"allow":["GET"]}}],"collection":[{"href":"https:\/\/endormoonstore.com\/en\/wp-json\/wp\/v2\/product"}],"about":[{"href":"https:\/\/endormoonstore.com\/en\/wp-json\/wp\/v2\/types\/product"}],"wp:featuredmedia":[{"embeddable":true,"href":"https:\/\/endormoonstore.com\/en\/wp-json\/wp\/v2\/media\/87201"}],"wp:attachment":[{"href":"https:\/\/endormoonstore.com\/en\/wp-json\/wp\/v2\/media?parent=87233"}],"wp:term":[{"taxonomy":"product_cat","embeddable":true,"href":"https:\/\/endormoonstore.com\/en\/wp-json\/wp\/v2\/product_cat?post=87233"},{"taxonomy":"product_tag","embeddable":true,"href":"https:\/\/endormoonstore.com\/en\/wp-json\/wp\/v2\/product_tag?post=87233"}],"curies":[{"name":"wp","href":"https:\/\/api.w.org\/{rel}","templated":true}]}}