{"id":86427,"date":"2020-06-03T09:03:41","date_gmt":"2020-06-03T07:03:41","guid":{"rendered":"https:\/\/endormoonstore.com\/link-twilight-princess-ver-dx-edition-the-legend-of-zelda-figma\/"},"modified":"2021-03-24T15:20:35","modified_gmt":"2021-03-24T14:20:35","slug":"link-twilight-princess-ver-dx-edition-the-legend-of-zelda-figma","status":"publish","type":"product","link":"https:\/\/endormoonstore.com\/en\/link-twilight-princess-ver-dx-edition-the-legend-of-zelda-figma\/","title":{"rendered":"Link Twilight Princess ver DX Edition The Legend of Zelda figma"},"content":{"rendered":"<p><strong>Link Twilight Princess ver. DX Edition The Legend of Zelda figma Figura 14 cm<\/strong><\/p>\n<ul>\n<li>Good Smile Company presenta la Edici\u00f3n Deluxe DX de la figura Figma de Link en su versi\u00f3n del videojuego &#8220;Legend Of Zelda: Twilight Princess&#8221;.<\/li>\n<li>Esta figura articulada est\u00e1 hecha en PVC y mide unos 14 cm.<\/li>\n<li>Incluye 3x expresi\u00f3n facial, 1x Master Sword, 1x Hylian Shield (se puede mostrar en su espalda) y una base soporte articulada para exposici\u00f3n.<\/li>\n<li>Esta versi\u00f3n DX incluye adem\u00e1s 1x Ordon Sword, 1x Arco y flecha, 1x Bola, 1x cadena, 1x m\u00e1scara con cara de Halc\u00f3n y 1x Clawshot (viene con una garra abierta y otra cerrada intercambiables).<\/li>\n<\/ul>\n<p>&nbsp;<\/p>\n","protected":false},"excerpt":{"rendered":"<p><strong>Link Twilight Princess ver. DX Edition The Legend of Zelda figma Figura 14 cm<\/strong><\/p>\n<p>Good Smile Company presenta la Edici\u00f3n Deluxe DX de la figura Figma de Link en su versi\u00f3n del videojuego &#8220;Legend Of Zelda: Twilight Princess&#8221;.<\/p>\n","protected":false},"featured_media":86379,"template":"","meta":{"_acf_changed":false,"_kad_blocks_custom_css":"","_kad_blocks_head_custom_js":"","_kad_blocks_body_custom_js":"","_kad_blocks_footer_custom_js":""},"product_cat":[1390],"product_tag":[],"class_list":{"0":"post-86427","1":"product","2":"type-product","3":"status-publish","4":"has-post-thumbnail","6":"product_cat-figures","7":"pa_brand-good-smile-company-en","8":"pa_character-link-en","9":"pa_license-legend-of-zelda-en","10":"pa_product-type-figure","11":"pa_theme-figma-en","13":"first","14":"outofstock","15":"taxable","16":"shipping-taxable","17":"purchasable","18":"product-type-simple"},"acf":[],"yoast_head":"<!-- This site is optimized with the Yoast SEO plugin v26.1.1 - https:\/\/yoast.com\/wordpress\/plugins\/seo\/ -->\n<title>Link Twilight Princess ver DX Edition The Legend of Zelda figma - EndormoonStore<\/title>\n<meta name=\"robots\" content=\"index, follow, max-snippet:-1, max-image-preview:large, max-video-preview:-1\" \/>\n<link rel=\"canonical\" href=\"https:\/\/endormoonstore.com\/en\/link-twilight-princess-ver-dx-edition-the-legend-of-zelda-figma\/\" \/>\n<meta property=\"og:locale\" content=\"en_US\" \/>\n<meta property=\"og:type\" content=\"article\" \/>\n<meta property=\"og:title\" content=\"Link Twilight Princess ver DX Edition The Legend of Zelda figma - EndormoonStore\" \/>\n<meta property=\"og:description\" content=\"Link Twilight Princess ver. DX Edition The Legend of Zelda figma Figura 14 cm  Good Smile Company presenta la Edici\u00f3n Deluxe DX de la figura Figma de Link en su versi\u00f3n del videojuego &quot;Legend Of Zelda: Twilight Princess&quot;.\" \/>\n<meta property=\"og:url\" content=\"https:\/\/endormoonstore.com\/en\/link-twilight-princess-ver-dx-edition-the-legend-of-zelda-figma\/\" \/>\n<meta property=\"og:site_name\" content=\"EndormoonStore\" \/>\n<meta property=\"article:modified_time\" content=\"2021-03-24T14:20:35+00:00\" \/>\n<meta property=\"og:image\" content=\"https:\/\/endormoonstore.com\/wp-content\/uploads\/2020\/06\/gsclzg12137_6.jpg\" \/>\n\t<meta property=\"og:image:width\" content=\"600\" \/>\n\t<meta property=\"og:image:height\" content=\"800\" \/>\n\t<meta property=\"og:image:type\" content=\"image\/jpeg\" \/>\n<meta name=\"twitter:card\" content=\"summary_large_image\" \/>\n<meta name=\"twitter:label1\" content=\"Est. reading time\" \/>\n\t<meta name=\"twitter:data1\" content=\"1 minute\" \/>\n<script type=\"application\/ld+json\" class=\"yoast-schema-graph\">{\"@context\":\"https:\/\/schema.org\",\"@graph\":[{\"@type\":\"WebPage\",\"@id\":\"https:\/\/endormoonstore.com\/en\/link-twilight-princess-ver-dx-edition-the-legend-of-zelda-figma\/\",\"url\":\"https:\/\/endormoonstore.com\/en\/link-twilight-princess-ver-dx-edition-the-legend-of-zelda-figma\/\",\"name\":\"Link Twilight Princess ver DX Edition The Legend of Zelda figma - EndormoonStore\",\"isPartOf\":{\"@id\":\"https:\/\/endormoonstore.com\/#website\"},\"primaryImageOfPage\":{\"@id\":\"https:\/\/endormoonstore.com\/en\/link-twilight-princess-ver-dx-edition-the-legend-of-zelda-figma\/#primaryimage\"},\"image\":{\"@id\":\"https:\/\/endormoonstore.com\/en\/link-twilight-princess-ver-dx-edition-the-legend-of-zelda-figma\/#primaryimage\"},\"thumbnailUrl\":\"https:\/\/endormoonstore.com\/wp-content\/uploads\/2020\/06\/gsclzg12137_6.jpg\",\"datePublished\":\"2020-06-03T07:03:41+00:00\",\"dateModified\":\"2021-03-24T14:20:35+00:00\",\"breadcrumb\":{\"@id\":\"https:\/\/endormoonstore.com\/en\/link-twilight-princess-ver-dx-edition-the-legend-of-zelda-figma\/#breadcrumb\"},\"inLanguage\":\"en-US\",\"potentialAction\":[{\"@type\":\"ReadAction\",\"target\":[\"https:\/\/endormoonstore.com\/en\/link-twilight-princess-ver-dx-edition-the-legend-of-zelda-figma\/\"]}]},{\"@type\":\"ImageObject\",\"inLanguage\":\"en-US\",\"@id\":\"https:\/\/endormoonstore.com\/en\/link-twilight-princess-ver-dx-edition-the-legend-of-zelda-figma\/#primaryimage\",\"url\":\"https:\/\/endormoonstore.com\/wp-content\/uploads\/2020\/06\/gsclzg12137_6.jpg\",\"contentUrl\":\"https:\/\/endormoonstore.com\/wp-content\/uploads\/2020\/06\/gsclzg12137_6.jpg\",\"width\":600,\"height\":800},{\"@type\":\"BreadcrumbList\",\"@id\":\"https:\/\/endormoonstore.com\/en\/link-twilight-princess-ver-dx-edition-the-legend-of-zelda-figma\/#breadcrumb\",\"itemListElement\":[{\"@type\":\"ListItem\",\"position\":1,\"name\":\"Shop\",\"item\":\"https:\/\/endormoonstore.com\/en\/shop\/\"},{\"@type\":\"ListItem\",\"position\":2,\"name\":\"Link Twilight Princess ver DX Edition The Legend of Zelda figma\"}]},{\"@type\":\"WebSite\",\"@id\":\"https:\/\/endormoonstore.com\/#website\",\"url\":\"https:\/\/endormoonstore.com\/\",\"name\":\"EndormoonStore\",\"description\":\"\",\"potentialAction\":[{\"@type\":\"SearchAction\",\"target\":{\"@type\":\"EntryPoint\",\"urlTemplate\":\"https:\/\/endormoonstore.com\/?s={search_term_string}\"},\"query-input\":{\"@type\":\"PropertyValueSpecification\",\"valueRequired\":true,\"valueName\":\"search_term_string\"}}],\"inLanguage\":\"en-US\"}]}<\/script>\n<!-- \/ Yoast SEO plugin. -->","yoast_head_json":{"title":"Link Twilight Princess ver DX Edition The Legend of Zelda figma - EndormoonStore","robots":{"index":"index","follow":"follow","max-snippet":"max-snippet:-1","max-image-preview":"max-image-preview:large","max-video-preview":"max-video-preview:-1"},"canonical":"https:\/\/endormoonstore.com\/en\/link-twilight-princess-ver-dx-edition-the-legend-of-zelda-figma\/","og_locale":"en_US","og_type":"article","og_title":"Link Twilight Princess ver DX Edition The Legend of Zelda figma - EndormoonStore","og_description":"Link Twilight Princess ver. DX Edition The Legend of Zelda figma Figura 14 cm  Good Smile Company presenta la Edici\u00f3n Deluxe DX de la figura Figma de Link en su versi\u00f3n del videojuego \"Legend Of Zelda: Twilight Princess\".","og_url":"https:\/\/endormoonstore.com\/en\/link-twilight-princess-ver-dx-edition-the-legend-of-zelda-figma\/","og_site_name":"EndormoonStore","article_modified_time":"2021-03-24T14:20:35+00:00","og_image":[{"width":600,"height":800,"url":"https:\/\/endormoonstore.com\/wp-content\/uploads\/2020\/06\/gsclzg12137_6.jpg","type":"image\/jpeg"}],"twitter_card":"summary_large_image","twitter_misc":{"Est. reading time":"1 minute"},"schema":{"@context":"https:\/\/schema.org","@graph":[{"@type":"WebPage","@id":"https:\/\/endormoonstore.com\/en\/link-twilight-princess-ver-dx-edition-the-legend-of-zelda-figma\/","url":"https:\/\/endormoonstore.com\/en\/link-twilight-princess-ver-dx-edition-the-legend-of-zelda-figma\/","name":"Link Twilight Princess ver DX Edition The Legend of Zelda figma - EndormoonStore","isPartOf":{"@id":"https:\/\/endormoonstore.com\/#website"},"primaryImageOfPage":{"@id":"https:\/\/endormoonstore.com\/en\/link-twilight-princess-ver-dx-edition-the-legend-of-zelda-figma\/#primaryimage"},"image":{"@id":"https:\/\/endormoonstore.com\/en\/link-twilight-princess-ver-dx-edition-the-legend-of-zelda-figma\/#primaryimage"},"thumbnailUrl":"https:\/\/endormoonstore.com\/wp-content\/uploads\/2020\/06\/gsclzg12137_6.jpg","datePublished":"2020-06-03T07:03:41+00:00","dateModified":"2021-03-24T14:20:35+00:00","breadcrumb":{"@id":"https:\/\/endormoonstore.com\/en\/link-twilight-princess-ver-dx-edition-the-legend-of-zelda-figma\/#breadcrumb"},"inLanguage":"en-US","potentialAction":[{"@type":"ReadAction","target":["https:\/\/endormoonstore.com\/en\/link-twilight-princess-ver-dx-edition-the-legend-of-zelda-figma\/"]}]},{"@type":"ImageObject","inLanguage":"en-US","@id":"https:\/\/endormoonstore.com\/en\/link-twilight-princess-ver-dx-edition-the-legend-of-zelda-figma\/#primaryimage","url":"https:\/\/endormoonstore.com\/wp-content\/uploads\/2020\/06\/gsclzg12137_6.jpg","contentUrl":"https:\/\/endormoonstore.com\/wp-content\/uploads\/2020\/06\/gsclzg12137_6.jpg","width":600,"height":800},{"@type":"BreadcrumbList","@id":"https:\/\/endormoonstore.com\/en\/link-twilight-princess-ver-dx-edition-the-legend-of-zelda-figma\/#breadcrumb","itemListElement":[{"@type":"ListItem","position":1,"name":"Shop","item":"https:\/\/endormoonstore.com\/en\/shop\/"},{"@type":"ListItem","position":2,"name":"Link Twilight Princess ver DX Edition The Legend of Zelda figma"}]},{"@type":"WebSite","@id":"https:\/\/endormoonstore.com\/#website","url":"https:\/\/endormoonstore.com\/","name":"EndormoonStore","description":"","potentialAction":[{"@type":"SearchAction","target":{"@type":"EntryPoint","urlTemplate":"https:\/\/endormoonstore.com\/?s={search_term_string}"},"query-input":{"@type":"PropertyValueSpecification","valueRequired":true,"valueName":"search_term_string"}}],"inLanguage":"en-US"}]}},"taxonomy_info":{"product_cat":[{"value":1390,"label":"Figures"}],"pa_brand":[{"value":2081,"label":"Good Smile Company"}],"pa_character":[{"value":4718,"label":"Link"}],"pa_license":[{"value":4724,"label":"Legend Of Zelda"}],"pa_product-type":[{"value":2387,"label":"Figure"}],"pa_theme":[{"value":1819,"label":"Figma"}]},"featured_image_src_large":["https:\/\/endormoonstore.com\/wp-content\/uploads\/2020\/06\/gsclzg12137_6.jpg",600,800,false],"author_info":[],"comment_info":"","_links":{"self":[{"href":"https:\/\/endormoonstore.com\/en\/wp-json\/wp\/v2\/product\/86427","targetHints":{"allow":["GET"]}}],"collection":[{"href":"https:\/\/endormoonstore.com\/en\/wp-json\/wp\/v2\/product"}],"about":[{"href":"https:\/\/endormoonstore.com\/en\/wp-json\/wp\/v2\/types\/product"}],"wp:featuredmedia":[{"embeddable":true,"href":"https:\/\/endormoonstore.com\/en\/wp-json\/wp\/v2\/media\/86379"}],"wp:attachment":[{"href":"https:\/\/endormoonstore.com\/en\/wp-json\/wp\/v2\/media?parent=86427"}],"wp:term":[{"taxonomy":"product_cat","embeddable":true,"href":"https:\/\/endormoonstore.com\/en\/wp-json\/wp\/v2\/product_cat?post=86427"},{"taxonomy":"product_tag","embeddable":true,"href":"https:\/\/endormoonstore.com\/en\/wp-json\/wp\/v2\/product_tag?post=86427"}],"curies":[{"name":"wp","href":"https:\/\/api.w.org\/{rel}","templated":true}]}}