{"id":85913,"date":"2020-05-19T11:42:59","date_gmt":"2020-05-19T09:42:59","guid":{"rendered":"https:\/\/endormoonstore.com\/skeletor-masters-of-the-universe-origins\/"},"modified":"2021-08-23T23:00:06","modified_gmt":"2021-08-23T21:00:06","slug":"skeletor-masters-of-the-universe-origins","status":"publish","type":"product","link":"https:\/\/endormoonstore.com\/en\/skeletor-masters-of-the-universe-origins\/","title":{"rendered":"Skeletor Masters of the Universe Origins"},"content":{"rendered":"<p><strong>Skeletor Masters of the Universe Origins\u00a0Figura 14 cm<\/strong><\/p>\n<ul>\n<li>Mattel presenta la nueva colecci\u00f3n Origins para la serie Masters of the Universe.<\/li>\n<li>Se trata de una revisi\u00f3n actualizada de las figuras originales de los a\u00f1os 80 basadas en este mundo ficticio de Sword &amp; Sorcery y SciFi.<\/li>\n<li>Un mismo dise\u00f1o con mejoras de producci\u00f3n, detalle y con m\u00e1s posibilidades de articulaci\u00f3n.<\/li>\n<li>En esta ocasi\u00f3n se trata de la figura de Skeletor, el Se\u00f1or diab\u00f3lico de la destrucci\u00f3n.<\/li>\n<li>Est\u00e1 hecha en PVC y mide unos 14 cm.<\/li>\n<li>Incluye la Espada de Poder y v\u00e1culo m\u00e1gico.<\/li>\n<li><strong>NOTA: Version Europea<\/strong><\/li>\n<\/ul>\n<p>&nbsp;<\/p>\n<p>&nbsp;<\/p>\n","protected":false},"excerpt":{"rendered":"<p><strong>Skeletor Masters of the Universe Origins\u00a0Figura 14 cm<\/strong><\/p>\n<p>Mattel presenta la nueva colecci\u00f3n Origins para la serie Masters of the Universe. <strong>NOTA: Version Europea<\/strong><\/p>\n","protected":false},"featured_media":85905,"template":"","meta":{"_acf_changed":false,"_kad_blocks_custom_css":"","_kad_blocks_head_custom_js":"","_kad_blocks_body_custom_js":"","_kad_blocks_footer_custom_js":""},"product_cat":[1390],"product_tag":[],"class_list":{"0":"post-85913","1":"product","2":"type-product","3":"status-publish","4":"has-post-thumbnail","6":"product_cat-figures","7":"pa_brand-mattel-en","8":"pa_character-skeletor-en","9":"pa_license-masters-of-the-universe-en","10":"pa_product-type-figure","12":"first","13":"instock","14":"taxable","15":"shipping-taxable","16":"purchasable","17":"product-type-simple"},"acf":[],"yoast_head":"<!-- This site is optimized with the Yoast SEO plugin v26.1.1 - https:\/\/yoast.com\/wordpress\/plugins\/seo\/ -->\n<title>Skeletor Masters of the Universe Origins - EndormoonStore<\/title>\n<meta name=\"robots\" content=\"index, follow, max-snippet:-1, max-image-preview:large, max-video-preview:-1\" \/>\n<link rel=\"canonical\" href=\"https:\/\/endormoonstore.com\/en\/skeletor-masters-of-the-universe-origins\/\" \/>\n<meta property=\"og:locale\" content=\"en_US\" \/>\n<meta property=\"og:type\" content=\"article\" \/>\n<meta property=\"og:title\" content=\"Skeletor Masters of the Universe Origins - EndormoonStore\" \/>\n<meta property=\"og:description\" content=\"Skeletor Masters of the Universe Origins\u00a0Figura 14 cm  Mattel presenta la nueva colecci\u00f3n Origins para la serie Masters of the Universe. NOTA: Version Europea\" \/>\n<meta property=\"og:url\" content=\"https:\/\/endormoonstore.com\/en\/skeletor-masters-of-the-universe-origins\/\" \/>\n<meta property=\"og:site_name\" content=\"EndormoonStore\" \/>\n<meta property=\"article:modified_time\" content=\"2021-08-23T21:00:06+00:00\" \/>\n<meta property=\"og:image\" content=\"https:\/\/endormoonstore.com\/wp-content\/uploads\/2020\/05\/skeletor_masters_of_the_universe_origins.png\" \/>\n\t<meta property=\"og:image:width\" content=\"536\" \/>\n\t<meta property=\"og:image:height\" content=\"955\" \/>\n\t<meta property=\"og:image:type\" content=\"image\/png\" \/>\n<meta name=\"twitter:card\" content=\"summary_large_image\" \/>\n<meta name=\"twitter:label1\" content=\"Est. reading time\" \/>\n\t<meta name=\"twitter:data1\" content=\"1 minute\" \/>\n<script type=\"application\/ld+json\" class=\"yoast-schema-graph\">{\"@context\":\"https:\/\/schema.org\",\"@graph\":[{\"@type\":\"WebPage\",\"@id\":\"https:\/\/endormoonstore.com\/en\/skeletor-masters-of-the-universe-origins\/\",\"url\":\"https:\/\/endormoonstore.com\/en\/skeletor-masters-of-the-universe-origins\/\",\"name\":\"Skeletor Masters of the Universe Origins - EndormoonStore\",\"isPartOf\":{\"@id\":\"https:\/\/endormoonstore.com\/#website\"},\"primaryImageOfPage\":{\"@id\":\"https:\/\/endormoonstore.com\/en\/skeletor-masters-of-the-universe-origins\/#primaryimage\"},\"image\":{\"@id\":\"https:\/\/endormoonstore.com\/en\/skeletor-masters-of-the-universe-origins\/#primaryimage\"},\"thumbnailUrl\":\"https:\/\/endormoonstore.com\/wp-content\/uploads\/2020\/05\/skeletor_masters_of_the_universe_origins.png\",\"datePublished\":\"2020-05-19T09:42:59+00:00\",\"dateModified\":\"2021-08-23T21:00:06+00:00\",\"breadcrumb\":{\"@id\":\"https:\/\/endormoonstore.com\/en\/skeletor-masters-of-the-universe-origins\/#breadcrumb\"},\"inLanguage\":\"en-US\",\"potentialAction\":[{\"@type\":\"ReadAction\",\"target\":[\"https:\/\/endormoonstore.com\/en\/skeletor-masters-of-the-universe-origins\/\"]}]},{\"@type\":\"ImageObject\",\"inLanguage\":\"en-US\",\"@id\":\"https:\/\/endormoonstore.com\/en\/skeletor-masters-of-the-universe-origins\/#primaryimage\",\"url\":\"https:\/\/endormoonstore.com\/wp-content\/uploads\/2020\/05\/skeletor_masters_of_the_universe_origins.png\",\"contentUrl\":\"https:\/\/endormoonstore.com\/wp-content\/uploads\/2020\/05\/skeletor_masters_of_the_universe_origins.png\",\"width\":536,\"height\":955},{\"@type\":\"BreadcrumbList\",\"@id\":\"https:\/\/endormoonstore.com\/en\/skeletor-masters-of-the-universe-origins\/#breadcrumb\",\"itemListElement\":[{\"@type\":\"ListItem\",\"position\":1,\"name\":\"Shop\",\"item\":\"https:\/\/endormoonstore.com\/en\/shop\/\"},{\"@type\":\"ListItem\",\"position\":2,\"name\":\"Skeletor Masters of the Universe Origins\"}]},{\"@type\":\"WebSite\",\"@id\":\"https:\/\/endormoonstore.com\/#website\",\"url\":\"https:\/\/endormoonstore.com\/\",\"name\":\"EndormoonStore\",\"description\":\"\",\"potentialAction\":[{\"@type\":\"SearchAction\",\"target\":{\"@type\":\"EntryPoint\",\"urlTemplate\":\"https:\/\/endormoonstore.com\/?s={search_term_string}\"},\"query-input\":{\"@type\":\"PropertyValueSpecification\",\"valueRequired\":true,\"valueName\":\"search_term_string\"}}],\"inLanguage\":\"en-US\"}]}<\/script>\n<!-- \/ Yoast SEO plugin. -->","yoast_head_json":{"title":"Skeletor Masters of the Universe Origins - EndormoonStore","robots":{"index":"index","follow":"follow","max-snippet":"max-snippet:-1","max-image-preview":"max-image-preview:large","max-video-preview":"max-video-preview:-1"},"canonical":"https:\/\/endormoonstore.com\/en\/skeletor-masters-of-the-universe-origins\/","og_locale":"en_US","og_type":"article","og_title":"Skeletor Masters of the Universe Origins - EndormoonStore","og_description":"Skeletor Masters of the Universe Origins\u00a0Figura 14 cm  Mattel presenta la nueva colecci\u00f3n Origins para la serie Masters of the Universe. NOTA: Version Europea","og_url":"https:\/\/endormoonstore.com\/en\/skeletor-masters-of-the-universe-origins\/","og_site_name":"EndormoonStore","article_modified_time":"2021-08-23T21:00:06+00:00","og_image":[{"width":536,"height":955,"url":"https:\/\/endormoonstore.com\/wp-content\/uploads\/2020\/05\/skeletor_masters_of_the_universe_origins.png","type":"image\/png"}],"twitter_card":"summary_large_image","twitter_misc":{"Est. reading time":"1 minute"},"schema":{"@context":"https:\/\/schema.org","@graph":[{"@type":"WebPage","@id":"https:\/\/endormoonstore.com\/en\/skeletor-masters-of-the-universe-origins\/","url":"https:\/\/endormoonstore.com\/en\/skeletor-masters-of-the-universe-origins\/","name":"Skeletor Masters of the Universe Origins - EndormoonStore","isPartOf":{"@id":"https:\/\/endormoonstore.com\/#website"},"primaryImageOfPage":{"@id":"https:\/\/endormoonstore.com\/en\/skeletor-masters-of-the-universe-origins\/#primaryimage"},"image":{"@id":"https:\/\/endormoonstore.com\/en\/skeletor-masters-of-the-universe-origins\/#primaryimage"},"thumbnailUrl":"https:\/\/endormoonstore.com\/wp-content\/uploads\/2020\/05\/skeletor_masters_of_the_universe_origins.png","datePublished":"2020-05-19T09:42:59+00:00","dateModified":"2021-08-23T21:00:06+00:00","breadcrumb":{"@id":"https:\/\/endormoonstore.com\/en\/skeletor-masters-of-the-universe-origins\/#breadcrumb"},"inLanguage":"en-US","potentialAction":[{"@type":"ReadAction","target":["https:\/\/endormoonstore.com\/en\/skeletor-masters-of-the-universe-origins\/"]}]},{"@type":"ImageObject","inLanguage":"en-US","@id":"https:\/\/endormoonstore.com\/en\/skeletor-masters-of-the-universe-origins\/#primaryimage","url":"https:\/\/endormoonstore.com\/wp-content\/uploads\/2020\/05\/skeletor_masters_of_the_universe_origins.png","contentUrl":"https:\/\/endormoonstore.com\/wp-content\/uploads\/2020\/05\/skeletor_masters_of_the_universe_origins.png","width":536,"height":955},{"@type":"BreadcrumbList","@id":"https:\/\/endormoonstore.com\/en\/skeletor-masters-of-the-universe-origins\/#breadcrumb","itemListElement":[{"@type":"ListItem","position":1,"name":"Shop","item":"https:\/\/endormoonstore.com\/en\/shop\/"},{"@type":"ListItem","position":2,"name":"Skeletor Masters of the Universe Origins"}]},{"@type":"WebSite","@id":"https:\/\/endormoonstore.com\/#website","url":"https:\/\/endormoonstore.com\/","name":"EndormoonStore","description":"","potentialAction":[{"@type":"SearchAction","target":{"@type":"EntryPoint","urlTemplate":"https:\/\/endormoonstore.com\/?s={search_term_string}"},"query-input":{"@type":"PropertyValueSpecification","valueRequired":true,"valueName":"search_term_string"}}],"inLanguage":"en-US"}]}},"taxonomy_info":{"product_cat":[{"value":1390,"label":"Figures"}],"pa_brand":[{"value":2087,"label":"Mattel"}],"pa_character":[{"value":3224,"label":"Skeletor"}],"pa_license":[{"value":1963,"label":"Masters of the Universe"}],"pa_product-type":[{"value":2387,"label":"Figure"}]},"featured_image_src_large":["https:\/\/endormoonstore.com\/wp-content\/uploads\/2020\/05\/skeletor_masters_of_the_universe_origins.png",536,955,false],"author_info":[],"comment_info":"","_links":{"self":[{"href":"https:\/\/endormoonstore.com\/en\/wp-json\/wp\/v2\/product\/85913","targetHints":{"allow":["GET"]}}],"collection":[{"href":"https:\/\/endormoonstore.com\/en\/wp-json\/wp\/v2\/product"}],"about":[{"href":"https:\/\/endormoonstore.com\/en\/wp-json\/wp\/v2\/types\/product"}],"wp:featuredmedia":[{"embeddable":true,"href":"https:\/\/endormoonstore.com\/en\/wp-json\/wp\/v2\/media\/85905"}],"wp:attachment":[{"href":"https:\/\/endormoonstore.com\/en\/wp-json\/wp\/v2\/media?parent=85913"}],"wp:term":[{"taxonomy":"product_cat","embeddable":true,"href":"https:\/\/endormoonstore.com\/en\/wp-json\/wp\/v2\/product_cat?post=85913"},{"taxonomy":"product_tag","embeddable":true,"href":"https:\/\/endormoonstore.com\/en\/wp-json\/wp\/v2\/product_tag?post=85913"}],"curies":[{"name":"wp","href":"https:\/\/api.w.org\/{rel}","templated":true}]}}