{"id":85581,"date":"2020-05-12T20:25:57","date_gmt":"2020-05-12T18:25:57","guid":{"rendered":"https:\/\/endormoonstore.com\/time-machine-replica-back-to-the-future\/"},"modified":"2021-03-16T12:45:17","modified_gmt":"2021-03-16T11:45:17","slug":"time-machine-replica-back-to-the-future","status":"publish","type":"product","link":"https:\/\/endormoonstore.com\/en\/time-machine-replica-back-to-the-future\/","title":{"rendered":"Time Machine Replica Back To The Future"},"content":{"rendered":"<p><strong>Delorean Maquina del Tiempo Replica Back To The Future\u00a015 cm<\/strong><\/p>\n<ul>\n<li>Neca presenta esta r\u00e9plica fundida del Delorean, uno de los veh\u00edculos m\u00e1s emblem\u00e1ticos de la pel\u00edcula Back to the Future.<\/li>\n<li>Se trata de una r\u00e9plica hecha a mano de metal y pl\u00e1stico fundido a presi\u00f3n, excepcionalmente detallada y cuidadosamente pintada a mano.<\/li>\n<li>La m\u00e1quina del tiempo Delorean mide m\u00e1s de 15 cm de largo y cuenta con ruedas giratorias.<\/li>\n<\/ul>\n<p>&nbsp;<\/p>\n","protected":false},"excerpt":{"rendered":"<p><strong>Delorean Maquina del Tiempo Replica Back To The Future\u00a015 cm<\/strong><\/p>\n<p>Neca presenta esta r\u00e9plica fundida del Delorean, uno de los veh\u00edculos m\u00e1s emblem\u00e1ticos de la pel\u00edcula Back to the Future.<\/p>\n","protected":false},"featured_media":85561,"template":"","meta":{"_acf_changed":false,"_kad_blocks_custom_css":"","_kad_blocks_head_custom_js":"","_kad_blocks_body_custom_js":"","_kad_blocks_footer_custom_js":""},"product_cat":[1388],"product_tag":[],"class_list":{"0":"post-85581","1":"product","2":"type-product","3":"status-publish","4":"has-post-thumbnail","6":"product_cat-modelism","7":"pa_brand-neca-en","8":"pa_license-back-to-the-future","9":"pa_manufacturer-delorean-en","10":"pa_theme-die-cast-en","12":"first","13":"instock","14":"taxable","15":"shipping-taxable","16":"purchasable","17":"product-type-simple"},"acf":[],"yoast_head":"<!-- This site is optimized with the Yoast SEO plugin v26.1.1 - https:\/\/yoast.com\/wordpress\/plugins\/seo\/ -->\n<title>Time Machine Replica Back To The Future - EndormoonStore<\/title>\n<meta name=\"robots\" content=\"index, follow, max-snippet:-1, max-image-preview:large, max-video-preview:-1\" \/>\n<link rel=\"canonical\" href=\"https:\/\/endormoonstore.com\/en\/time-machine-replica-back-to-the-future\/\" \/>\n<meta property=\"og:locale\" content=\"en_US\" \/>\n<meta property=\"og:type\" content=\"article\" \/>\n<meta property=\"og:title\" content=\"Time Machine Replica Back To The Future - EndormoonStore\" \/>\n<meta property=\"og:description\" content=\"Delorean Maquina del Tiempo Replica Back To The Future\u00a015 cm  Neca presenta esta r\u00e9plica fundida del Delorean, uno de los veh\u00edculos m\u00e1s emblem\u00e1ticos de la pel\u00edcula Back to the Future.\" \/>\n<meta property=\"og:url\" content=\"https:\/\/endormoonstore.com\/en\/time-machine-replica-back-to-the-future\/\" \/>\n<meta property=\"og:site_name\" content=\"EndormoonStore\" \/>\n<meta property=\"article:modified_time\" content=\"2021-03-16T11:45:17+00:00\" \/>\n<meta property=\"og:image\" content=\"https:\/\/endormoonstore.com\/wp-content\/uploads\/2020\/05\/time_machine_replica_back_to_the_future-1.jpg\" \/>\n\t<meta property=\"og:image:width\" content=\"1600\" \/>\n\t<meta property=\"og:image:height\" content=\"1280\" \/>\n\t<meta property=\"og:image:type\" content=\"image\/jpeg\" \/>\n<meta name=\"twitter:card\" content=\"summary_large_image\" \/>\n<meta name=\"twitter:label1\" content=\"Est. reading time\" \/>\n\t<meta name=\"twitter:data1\" content=\"1 minute\" \/>\n<script type=\"application\/ld+json\" class=\"yoast-schema-graph\">{\"@context\":\"https:\/\/schema.org\",\"@graph\":[{\"@type\":\"WebPage\",\"@id\":\"https:\/\/endormoonstore.com\/en\/time-machine-replica-back-to-the-future\/\",\"url\":\"https:\/\/endormoonstore.com\/en\/time-machine-replica-back-to-the-future\/\",\"name\":\"Time Machine Replica Back To The Future - EndormoonStore\",\"isPartOf\":{\"@id\":\"https:\/\/endormoonstore.com\/#website\"},\"primaryImageOfPage\":{\"@id\":\"https:\/\/endormoonstore.com\/en\/time-machine-replica-back-to-the-future\/#primaryimage\"},\"image\":{\"@id\":\"https:\/\/endormoonstore.com\/en\/time-machine-replica-back-to-the-future\/#primaryimage\"},\"thumbnailUrl\":\"https:\/\/endormoonstore.com\/wp-content\/uploads\/2020\/05\/time_machine_replica_back_to_the_future-1.jpg\",\"datePublished\":\"2020-05-12T18:25:57+00:00\",\"dateModified\":\"2021-03-16T11:45:17+00:00\",\"breadcrumb\":{\"@id\":\"https:\/\/endormoonstore.com\/en\/time-machine-replica-back-to-the-future\/#breadcrumb\"},\"inLanguage\":\"en-US\",\"potentialAction\":[{\"@type\":\"ReadAction\",\"target\":[\"https:\/\/endormoonstore.com\/en\/time-machine-replica-back-to-the-future\/\"]}]},{\"@type\":\"ImageObject\",\"inLanguage\":\"en-US\",\"@id\":\"https:\/\/endormoonstore.com\/en\/time-machine-replica-back-to-the-future\/#primaryimage\",\"url\":\"https:\/\/endormoonstore.com\/wp-content\/uploads\/2020\/05\/time_machine_replica_back_to_the_future-1.jpg\",\"contentUrl\":\"https:\/\/endormoonstore.com\/wp-content\/uploads\/2020\/05\/time_machine_replica_back_to_the_future-1.jpg\",\"width\":1600,\"height\":1280},{\"@type\":\"BreadcrumbList\",\"@id\":\"https:\/\/endormoonstore.com\/en\/time-machine-replica-back-to-the-future\/#breadcrumb\",\"itemListElement\":[{\"@type\":\"ListItem\",\"position\":1,\"name\":\"Shop\",\"item\":\"https:\/\/endormoonstore.com\/en\/shop\/\"},{\"@type\":\"ListItem\",\"position\":2,\"name\":\"Time Machine Replica Back To The Future\"}]},{\"@type\":\"WebSite\",\"@id\":\"https:\/\/endormoonstore.com\/#website\",\"url\":\"https:\/\/endormoonstore.com\/\",\"name\":\"EndormoonStore\",\"description\":\"\",\"potentialAction\":[{\"@type\":\"SearchAction\",\"target\":{\"@type\":\"EntryPoint\",\"urlTemplate\":\"https:\/\/endormoonstore.com\/?s={search_term_string}\"},\"query-input\":{\"@type\":\"PropertyValueSpecification\",\"valueRequired\":true,\"valueName\":\"search_term_string\"}}],\"inLanguage\":\"en-US\"}]}<\/script>\n<!-- \/ Yoast SEO plugin. -->","yoast_head_json":{"title":"Time Machine Replica Back To The Future - EndormoonStore","robots":{"index":"index","follow":"follow","max-snippet":"max-snippet:-1","max-image-preview":"max-image-preview:large","max-video-preview":"max-video-preview:-1"},"canonical":"https:\/\/endormoonstore.com\/en\/time-machine-replica-back-to-the-future\/","og_locale":"en_US","og_type":"article","og_title":"Time Machine Replica Back To The Future - EndormoonStore","og_description":"Delorean Maquina del Tiempo Replica Back To The Future\u00a015 cm  Neca presenta esta r\u00e9plica fundida del Delorean, uno de los veh\u00edculos m\u00e1s emblem\u00e1ticos de la pel\u00edcula Back to the Future.","og_url":"https:\/\/endormoonstore.com\/en\/time-machine-replica-back-to-the-future\/","og_site_name":"EndormoonStore","article_modified_time":"2021-03-16T11:45:17+00:00","og_image":[{"width":1600,"height":1280,"url":"https:\/\/endormoonstore.com\/wp-content\/uploads\/2020\/05\/time_machine_replica_back_to_the_future-1.jpg","type":"image\/jpeg"}],"twitter_card":"summary_large_image","twitter_misc":{"Est. reading time":"1 minute"},"schema":{"@context":"https:\/\/schema.org","@graph":[{"@type":"WebPage","@id":"https:\/\/endormoonstore.com\/en\/time-machine-replica-back-to-the-future\/","url":"https:\/\/endormoonstore.com\/en\/time-machine-replica-back-to-the-future\/","name":"Time Machine Replica Back To The Future - EndormoonStore","isPartOf":{"@id":"https:\/\/endormoonstore.com\/#website"},"primaryImageOfPage":{"@id":"https:\/\/endormoonstore.com\/en\/time-machine-replica-back-to-the-future\/#primaryimage"},"image":{"@id":"https:\/\/endormoonstore.com\/en\/time-machine-replica-back-to-the-future\/#primaryimage"},"thumbnailUrl":"https:\/\/endormoonstore.com\/wp-content\/uploads\/2020\/05\/time_machine_replica_back_to_the_future-1.jpg","datePublished":"2020-05-12T18:25:57+00:00","dateModified":"2021-03-16T11:45:17+00:00","breadcrumb":{"@id":"https:\/\/endormoonstore.com\/en\/time-machine-replica-back-to-the-future\/#breadcrumb"},"inLanguage":"en-US","potentialAction":[{"@type":"ReadAction","target":["https:\/\/endormoonstore.com\/en\/time-machine-replica-back-to-the-future\/"]}]},{"@type":"ImageObject","inLanguage":"en-US","@id":"https:\/\/endormoonstore.com\/en\/time-machine-replica-back-to-the-future\/#primaryimage","url":"https:\/\/endormoonstore.com\/wp-content\/uploads\/2020\/05\/time_machine_replica_back_to_the_future-1.jpg","contentUrl":"https:\/\/endormoonstore.com\/wp-content\/uploads\/2020\/05\/time_machine_replica_back_to_the_future-1.jpg","width":1600,"height":1280},{"@type":"BreadcrumbList","@id":"https:\/\/endormoonstore.com\/en\/time-machine-replica-back-to-the-future\/#breadcrumb","itemListElement":[{"@type":"ListItem","position":1,"name":"Shop","item":"https:\/\/endormoonstore.com\/en\/shop\/"},{"@type":"ListItem","position":2,"name":"Time Machine Replica Back To The Future"}]},{"@type":"WebSite","@id":"https:\/\/endormoonstore.com\/#website","url":"https:\/\/endormoonstore.com\/","name":"EndormoonStore","description":"","potentialAction":[{"@type":"SearchAction","target":{"@type":"EntryPoint","urlTemplate":"https:\/\/endormoonstore.com\/?s={search_term_string}"},"query-input":{"@type":"PropertyValueSpecification","valueRequired":true,"valueName":"search_term_string"}}],"inLanguage":"en-US"}]}},"taxonomy_info":{"product_cat":[{"value":1388,"label":"Modelism"}],"pa_brand":[{"value":2090,"label":"Neca"}],"pa_license":[{"value":2858,"label":"Back To The Future"}],"pa_manufacturer":[{"value":4295,"label":"DeLorean"}],"pa_theme":[{"value":4259,"label":"Die-Cast"}]},"featured_image_src_large":["https:\/\/endormoonstore.com\/wp-content\/uploads\/2020\/05\/time_machine_replica_back_to_the_future-1-1024x819.jpg",1024,819,true],"author_info":[],"comment_info":"","_links":{"self":[{"href":"https:\/\/endormoonstore.com\/en\/wp-json\/wp\/v2\/product\/85581","targetHints":{"allow":["GET"]}}],"collection":[{"href":"https:\/\/endormoonstore.com\/en\/wp-json\/wp\/v2\/product"}],"about":[{"href":"https:\/\/endormoonstore.com\/en\/wp-json\/wp\/v2\/types\/product"}],"wp:featuredmedia":[{"embeddable":true,"href":"https:\/\/endormoonstore.com\/en\/wp-json\/wp\/v2\/media\/85561"}],"wp:attachment":[{"href":"https:\/\/endormoonstore.com\/en\/wp-json\/wp\/v2\/media?parent=85581"}],"wp:term":[{"taxonomy":"product_cat","embeddable":true,"href":"https:\/\/endormoonstore.com\/en\/wp-json\/wp\/v2\/product_cat?post=85581"},{"taxonomy":"product_tag","embeddable":true,"href":"https:\/\/endormoonstore.com\/en\/wp-json\/wp\/v2\/product_tag?post=85581"}],"curies":[{"name":"wp","href":"https:\/\/api.w.org\/{rel}","templated":true}]}}