{"id":85283,"date":"2020-05-09T20:32:11","date_gmt":"2020-05-09T18:32:11","guid":{"rendered":"https:\/\/endormoonstore.com\/dr-zaius-planet-of-the-apes-1968-one-12-collective\/"},"modified":"2021-03-27T23:33:00","modified_gmt":"2021-03-27T22:33:00","slug":"dr-zaius-planet-of-the-apes-1968-one-12-collective","status":"publish","type":"product","link":"https:\/\/endormoonstore.com\/en\/dr-zaius-planet-of-the-apes-1968-one-12-collective\/","title":{"rendered":"Dr. Zaius Planet of the Apes 1968 One:12 Collective"},"content":{"rendered":"<p><strong>Dr. Zaius Planet of the Apes 1968 One:12 Collective Figura 17 cm<\/strong><\/p>\n<ul>\n<li>Mezco Toyz, dentro de su colecci\u00f3n de figuras The One:12 Collective, presenta la figura del Doctor Zaius, Ministro de la Ciencia y Guardi\u00e1n de la Fe, basado en el personaje de la pel\u00edcula de 1968 &#8220;El Planeta de los Simios (Plaet of the Apes)&#8221;.<\/li>\n<li>Esta figura articulada de PVC, cuenta con m\u00e1s de 30 puntos de articulaci\u00f3n y mide unos 17 cm.<\/li>\n<li>Viste ropa hecha a medida e incluye accesorios como una mu\u00f1eca humana, un bast\u00f3n, dos rollos sagrados y un avi\u00f3n de papel.<\/li>\n<\/ul>\n<p>&nbsp;<\/p>\n","protected":false},"excerpt":{"rendered":"<p><strong>Dr. Zaius Planet of the Apes 1968 One:12 Collective Figura 17 cm<\/strong><\/p>\n<p>Mezco Toyz, dentro de su colecci\u00f3n de figuras The One:12 Collective, presenta la figura del Doctor Zaius, Ministro de la Ciencia y Guardi\u00e1n de la Fe, basado en el personaje de la pel\u00edcula de 1968 &#8220;El Planeta de los Simios (Plaet of the Apes)&#8221;.<\/p>\n","protected":false},"featured_media":85243,"template":"","meta":{"_acf_changed":false,"_kad_blocks_custom_css":"","_kad_blocks_head_custom_js":"","_kad_blocks_body_custom_js":"","_kad_blocks_footer_custom_js":""},"product_cat":[1390],"product_tag":[],"class_list":{"0":"post-85283","1":"product","2":"type-product","3":"status-publish","4":"has-post-thumbnail","6":"product_cat-figures","7":"pa_brand-mezco-toyz-en","8":"pa_character-dr-zaius-en","9":"pa_license-planet-of-the-apes-en","10":"pa_product-type-figure","11":"pa_theme-one12-collective-en","13":"first","14":"outofstock","15":"taxable","16":"shipping-taxable","17":"purchasable","18":"product-type-simple"},"acf":[],"yoast_head":"<!-- This site is optimized with the Yoast SEO plugin v26.1.1 - https:\/\/yoast.com\/wordpress\/plugins\/seo\/ -->\n<title>Dr. Zaius Planet of the Apes 1968 One:12 Collective - EndormoonStore<\/title>\n<meta name=\"robots\" content=\"index, follow, max-snippet:-1, max-image-preview:large, max-video-preview:-1\" \/>\n<link rel=\"canonical\" href=\"https:\/\/endormoonstore.com\/en\/dr-zaius-planet-of-the-apes-1968-one-12-collective\/\" \/>\n<meta property=\"og:locale\" content=\"en_US\" \/>\n<meta property=\"og:type\" content=\"article\" \/>\n<meta property=\"og:title\" content=\"Dr. Zaius Planet of the Apes 1968 One:12 Collective - EndormoonStore\" \/>\n<meta property=\"og:description\" content=\"Dr. Zaius Planet of the Apes 1968 One:12 Collective Figura 17 cm  Mezco Toyz, dentro de su colecci\u00f3n de figuras The One:12 Collective, presenta la figura del Doctor Zaius, Ministro de la Ciencia y Guardi\u00e1n de la Fe, basado en el personaje de la pel\u00edcula de 1968 &quot;El Planeta de los Simios (Plaet of the Apes)&quot;.\" \/>\n<meta property=\"og:url\" content=\"https:\/\/endormoonstore.com\/en\/dr-zaius-planet-of-the-apes-1968-one-12-collective\/\" \/>\n<meta property=\"og:site_name\" content=\"EndormoonStore\" \/>\n<meta property=\"article:modified_time\" content=\"2021-03-27T22:33:00+00:00\" \/>\n<meta property=\"og:image\" content=\"https:\/\/endormoonstore.com\/wp-content\/uploads\/2020\/05\/planet_of_the_apes_1968_dr._zaius-1.jpeg\" \/>\n\t<meta property=\"og:image:width\" content=\"1500\" \/>\n\t<meta property=\"og:image:height\" content=\"1500\" \/>\n\t<meta property=\"og:image:type\" content=\"image\/jpeg\" \/>\n<meta name=\"twitter:card\" content=\"summary_large_image\" \/>\n<meta name=\"twitter:label1\" content=\"Est. reading time\" \/>\n\t<meta name=\"twitter:data1\" content=\"1 minute\" \/>\n<script type=\"application\/ld+json\" class=\"yoast-schema-graph\">{\"@context\":\"https:\/\/schema.org\",\"@graph\":[{\"@type\":\"WebPage\",\"@id\":\"https:\/\/endormoonstore.com\/en\/dr-zaius-planet-of-the-apes-1968-one-12-collective\/\",\"url\":\"https:\/\/endormoonstore.com\/en\/dr-zaius-planet-of-the-apes-1968-one-12-collective\/\",\"name\":\"Dr. Zaius Planet of the Apes 1968 One:12 Collective - EndormoonStore\",\"isPartOf\":{\"@id\":\"https:\/\/endormoonstore.com\/#website\"},\"primaryImageOfPage\":{\"@id\":\"https:\/\/endormoonstore.com\/en\/dr-zaius-planet-of-the-apes-1968-one-12-collective\/#primaryimage\"},\"image\":{\"@id\":\"https:\/\/endormoonstore.com\/en\/dr-zaius-planet-of-the-apes-1968-one-12-collective\/#primaryimage\"},\"thumbnailUrl\":\"https:\/\/endormoonstore.com\/wp-content\/uploads\/2020\/05\/planet_of_the_apes_1968_dr._zaius-1.jpeg\",\"datePublished\":\"2020-05-09T18:32:11+00:00\",\"dateModified\":\"2021-03-27T22:33:00+00:00\",\"breadcrumb\":{\"@id\":\"https:\/\/endormoonstore.com\/en\/dr-zaius-planet-of-the-apes-1968-one-12-collective\/#breadcrumb\"},\"inLanguage\":\"en-US\",\"potentialAction\":[{\"@type\":\"ReadAction\",\"target\":[\"https:\/\/endormoonstore.com\/en\/dr-zaius-planet-of-the-apes-1968-one-12-collective\/\"]}]},{\"@type\":\"ImageObject\",\"inLanguage\":\"en-US\",\"@id\":\"https:\/\/endormoonstore.com\/en\/dr-zaius-planet-of-the-apes-1968-one-12-collective\/#primaryimage\",\"url\":\"https:\/\/endormoonstore.com\/wp-content\/uploads\/2020\/05\/planet_of_the_apes_1968_dr._zaius-1.jpeg\",\"contentUrl\":\"https:\/\/endormoonstore.com\/wp-content\/uploads\/2020\/05\/planet_of_the_apes_1968_dr._zaius-1.jpeg\",\"width\":1500,\"height\":1500},{\"@type\":\"BreadcrumbList\",\"@id\":\"https:\/\/endormoonstore.com\/en\/dr-zaius-planet-of-the-apes-1968-one-12-collective\/#breadcrumb\",\"itemListElement\":[{\"@type\":\"ListItem\",\"position\":1,\"name\":\"Shop\",\"item\":\"https:\/\/endormoonstore.com\/en\/shop\/\"},{\"@type\":\"ListItem\",\"position\":2,\"name\":\"Dr. Zaius Planet of the Apes 1968 One:12 Collective\"}]},{\"@type\":\"WebSite\",\"@id\":\"https:\/\/endormoonstore.com\/#website\",\"url\":\"https:\/\/endormoonstore.com\/\",\"name\":\"EndormoonStore\",\"description\":\"\",\"potentialAction\":[{\"@type\":\"SearchAction\",\"target\":{\"@type\":\"EntryPoint\",\"urlTemplate\":\"https:\/\/endormoonstore.com\/?s={search_term_string}\"},\"query-input\":{\"@type\":\"PropertyValueSpecification\",\"valueRequired\":true,\"valueName\":\"search_term_string\"}}],\"inLanguage\":\"en-US\"}]}<\/script>\n<!-- \/ Yoast SEO plugin. -->","yoast_head_json":{"title":"Dr. Zaius Planet of the Apes 1968 One:12 Collective - EndormoonStore","robots":{"index":"index","follow":"follow","max-snippet":"max-snippet:-1","max-image-preview":"max-image-preview:large","max-video-preview":"max-video-preview:-1"},"canonical":"https:\/\/endormoonstore.com\/en\/dr-zaius-planet-of-the-apes-1968-one-12-collective\/","og_locale":"en_US","og_type":"article","og_title":"Dr. Zaius Planet of the Apes 1968 One:12 Collective - EndormoonStore","og_description":"Dr. Zaius Planet of the Apes 1968 One:12 Collective Figura 17 cm  Mezco Toyz, dentro de su colecci\u00f3n de figuras The One:12 Collective, presenta la figura del Doctor Zaius, Ministro de la Ciencia y Guardi\u00e1n de la Fe, basado en el personaje de la pel\u00edcula de 1968 \"El Planeta de los Simios (Plaet of the Apes)\".","og_url":"https:\/\/endormoonstore.com\/en\/dr-zaius-planet-of-the-apes-1968-one-12-collective\/","og_site_name":"EndormoonStore","article_modified_time":"2021-03-27T22:33:00+00:00","og_image":[{"width":1500,"height":1500,"url":"https:\/\/endormoonstore.com\/wp-content\/uploads\/2020\/05\/planet_of_the_apes_1968_dr._zaius-1.jpeg","type":"image\/jpeg"}],"twitter_card":"summary_large_image","twitter_misc":{"Est. reading time":"1 minute"},"schema":{"@context":"https:\/\/schema.org","@graph":[{"@type":"WebPage","@id":"https:\/\/endormoonstore.com\/en\/dr-zaius-planet-of-the-apes-1968-one-12-collective\/","url":"https:\/\/endormoonstore.com\/en\/dr-zaius-planet-of-the-apes-1968-one-12-collective\/","name":"Dr. Zaius Planet of the Apes 1968 One:12 Collective - EndormoonStore","isPartOf":{"@id":"https:\/\/endormoonstore.com\/#website"},"primaryImageOfPage":{"@id":"https:\/\/endormoonstore.com\/en\/dr-zaius-planet-of-the-apes-1968-one-12-collective\/#primaryimage"},"image":{"@id":"https:\/\/endormoonstore.com\/en\/dr-zaius-planet-of-the-apes-1968-one-12-collective\/#primaryimage"},"thumbnailUrl":"https:\/\/endormoonstore.com\/wp-content\/uploads\/2020\/05\/planet_of_the_apes_1968_dr._zaius-1.jpeg","datePublished":"2020-05-09T18:32:11+00:00","dateModified":"2021-03-27T22:33:00+00:00","breadcrumb":{"@id":"https:\/\/endormoonstore.com\/en\/dr-zaius-planet-of-the-apes-1968-one-12-collective\/#breadcrumb"},"inLanguage":"en-US","potentialAction":[{"@type":"ReadAction","target":["https:\/\/endormoonstore.com\/en\/dr-zaius-planet-of-the-apes-1968-one-12-collective\/"]}]},{"@type":"ImageObject","inLanguage":"en-US","@id":"https:\/\/endormoonstore.com\/en\/dr-zaius-planet-of-the-apes-1968-one-12-collective\/#primaryimage","url":"https:\/\/endormoonstore.com\/wp-content\/uploads\/2020\/05\/planet_of_the_apes_1968_dr._zaius-1.jpeg","contentUrl":"https:\/\/endormoonstore.com\/wp-content\/uploads\/2020\/05\/planet_of_the_apes_1968_dr._zaius-1.jpeg","width":1500,"height":1500},{"@type":"BreadcrumbList","@id":"https:\/\/endormoonstore.com\/en\/dr-zaius-planet-of-the-apes-1968-one-12-collective\/#breadcrumb","itemListElement":[{"@type":"ListItem","position":1,"name":"Shop","item":"https:\/\/endormoonstore.com\/en\/shop\/"},{"@type":"ListItem","position":2,"name":"Dr. Zaius Planet of the Apes 1968 One:12 Collective"}]},{"@type":"WebSite","@id":"https:\/\/endormoonstore.com\/#website","url":"https:\/\/endormoonstore.com\/","name":"EndormoonStore","description":"","potentialAction":[{"@type":"SearchAction","target":{"@type":"EntryPoint","urlTemplate":"https:\/\/endormoonstore.com\/?s={search_term_string}"},"query-input":{"@type":"PropertyValueSpecification","valueRequired":true,"valueName":"search_term_string"}}],"inLanguage":"en-US"}]}},"taxonomy_info":{"product_cat":[{"value":1390,"label":"Figures"}],"pa_brand":[{"value":1638,"label":"Mezco Toyz"}],"pa_character":[{"value":4901,"label":"Dr. Zaius"}],"pa_license":[{"value":15927,"label":"Planet of the Apes"}],"pa_product-type":[{"value":2387,"label":"Figure"}],"pa_theme":[{"value":1885,"label":"One:12 Collective"}]},"featured_image_src_large":["https:\/\/endormoonstore.com\/wp-content\/uploads\/2020\/05\/planet_of_the_apes_1968_dr._zaius-1-1024x1024.jpeg",1024,1024,true],"author_info":[],"comment_info":"","_links":{"self":[{"href":"https:\/\/endormoonstore.com\/en\/wp-json\/wp\/v2\/product\/85283","targetHints":{"allow":["GET"]}}],"collection":[{"href":"https:\/\/endormoonstore.com\/en\/wp-json\/wp\/v2\/product"}],"about":[{"href":"https:\/\/endormoonstore.com\/en\/wp-json\/wp\/v2\/types\/product"}],"wp:featuredmedia":[{"embeddable":true,"href":"https:\/\/endormoonstore.com\/en\/wp-json\/wp\/v2\/media\/85243"}],"wp:attachment":[{"href":"https:\/\/endormoonstore.com\/en\/wp-json\/wp\/v2\/media?parent=85283"}],"wp:term":[{"taxonomy":"product_cat","embeddable":true,"href":"https:\/\/endormoonstore.com\/en\/wp-json\/wp\/v2\/product_cat?post=85283"},{"taxonomy":"product_tag","embeddable":true,"href":"https:\/\/endormoonstore.com\/en\/wp-json\/wp\/v2\/product_tag?post=85283"}],"curies":[{"name":"wp","href":"https:\/\/api.w.org\/{rel}","templated":true}]}}