{"id":82911,"date":"2020-02-22T12:39:31","date_gmt":"2020-02-22T11:39:31","guid":{"rendered":"https:\/\/endormoonstore.com\/the-child-baby-yoda-the-mandalorian-animatronic-star-wars\/"},"modified":"2021-12-01T22:17:33","modified_gmt":"2021-12-01T21:17:33","slug":"the-child-baby-yoda-the-mandalorian-animatronic-star-wars","status":"publish","type":"product","link":"https:\/\/endormoonstore.com\/en\/the-child-baby-yoda-the-mandalorian-animatronic-star-wars\/","title":{"rendered":"The Child Baby Yoda The Mandalorian Animatronic Star Wars"},"content":{"rendered":"<p><strong>The Child Baby Yoda The Mandalorian Animatronic Star Wars 25 cm<\/strong><\/p>\n<ul>\n<li>De la colecci\u00f3n Star Wars de Hasbro nos llega el mu\u00f1eco animatr\u00f3nico de The Child, m\u00e1s conocido por los fans de la serie The Mandalorian como Baby Yoda.<\/li>\n<li>Se trata de un mu\u00f1eco animatr\u00f3nico de unos 25 cm de alto con movimientos y hasta 25 sonidos y movimientos diferentes que te har\u00e1n pensar que realmente est\u00e1 vivo.<\/li>\n<li>Con solo un ligero golpe en su cabeza el mu\u00f1eco reaccionar\u00e1 emitiendo adorables sonidos y moviendo orejas, ojos y manos para deleite de los m\u00e1s fan\u00e1ticos de este nuevo personaje de la franquicia Star Wars.<\/li>\n<li>Incluye: figura y collar mandaloriano.<\/li>\n<li>Edad recomendada: 4 a\u00f1os en adelante.<\/li>\n<li>Advertecia: Pueden producirse piezas peque\u00f1as. No es para ni\u00f1os menores de 3 a\u00f1os.<\/li>\n<li>Requiere 2 Bater\u00edas Alcalinas AAA 2. Incluye bater\u00edas. Lee las instrucciones.<\/li>\n<\/ul>\n<p>&nbsp;<\/p>\n","protected":false},"excerpt":{"rendered":"<p><strong>The Child Baby Yoda The Mandalorian Animatronic Star Wars 25 cm<\/strong><\/p>\n<p>De la colecci\u00f3n Star Wars de Hasbro nos llega el mu\u00f1eco animatr\u00f3nico de The Child, m\u00e1s conocido por los fans de la serie The Mandalorian como Baby Yoda.<\/p>\n","protected":false},"featured_media":82883,"template":"","meta":{"_acf_changed":false,"_kad_blocks_custom_css":"","_kad_blocks_head_custom_js":"","_kad_blocks_body_custom_js":"","_kad_blocks_footer_custom_js":""},"product_cat":[1390],"product_tag":[],"class_list":{"0":"post-82911","1":"product","2":"type-product","3":"status-publish","4":"has-post-thumbnail","6":"product_cat-figures","7":"pa_brand-hasbro-en","8":"pa_character-the-child-en","9":"pa_episode-the-mandalorian-en","10":"pa_license-star-wars-en","11":"pa_product-type-figure","12":"pa_theme-doll","14":"first","15":"instock","16":"taxable","17":"shipping-taxable","18":"purchasable","19":"product-type-simple"},"acf":[],"yoast_head":"<!-- This site is optimized with the Yoast SEO plugin v26.1.1 - https:\/\/yoast.com\/wordpress\/plugins\/seo\/ -->\n<title>The Child Baby Yoda The Mandalorian Animatronic Star Wars - EndormoonStore<\/title>\n<meta name=\"robots\" content=\"index, follow, max-snippet:-1, max-image-preview:large, max-video-preview:-1\" \/>\n<link rel=\"canonical\" href=\"https:\/\/endormoonstore.com\/en\/the-child-baby-yoda-the-mandalorian-animatronic-star-wars\/\" \/>\n<meta property=\"og:locale\" content=\"en_US\" \/>\n<meta property=\"og:type\" content=\"article\" \/>\n<meta property=\"og:title\" content=\"The Child Baby Yoda The Mandalorian Animatronic Star Wars - EndormoonStore\" \/>\n<meta property=\"og:description\" content=\"The Child Baby Yoda The Mandalorian Animatronic Star Wars 25 cm  De la colecci\u00f3n Star Wars de Hasbro nos llega el mu\u00f1eco animatr\u00f3nico de The Child, m\u00e1s conocido por los fans de la serie The Mandalorian como Baby Yoda.\" \/>\n<meta property=\"og:url\" content=\"https:\/\/endormoonstore.com\/en\/the-child-baby-yoda-the-mandalorian-animatronic-star-wars\/\" \/>\n<meta property=\"og:site_name\" content=\"EndormoonStore\" \/>\n<meta property=\"article:modified_time\" content=\"2021-12-01T21:17:33+00:00\" \/>\n<meta property=\"og:image\" content=\"https:\/\/endormoonstore.com\/wp-content\/uploads\/2020\/02\/hasbrobaby-1.jpg\" \/>\n\t<meta property=\"og:image:width\" content=\"1462\" \/>\n\t<meta property=\"og:image:height\" content=\"1353\" \/>\n\t<meta property=\"og:image:type\" content=\"image\/jpeg\" \/>\n<meta name=\"twitter:card\" content=\"summary_large_image\" \/>\n<meta name=\"twitter:label1\" content=\"Est. reading time\" \/>\n\t<meta name=\"twitter:data1\" content=\"1 minute\" \/>\n<script type=\"application\/ld+json\" class=\"yoast-schema-graph\">{\"@context\":\"https:\/\/schema.org\",\"@graph\":[{\"@type\":\"WebPage\",\"@id\":\"https:\/\/endormoonstore.com\/en\/the-child-baby-yoda-the-mandalorian-animatronic-star-wars\/\",\"url\":\"https:\/\/endormoonstore.com\/en\/the-child-baby-yoda-the-mandalorian-animatronic-star-wars\/\",\"name\":\"The Child Baby Yoda The Mandalorian Animatronic Star Wars - EndormoonStore\",\"isPartOf\":{\"@id\":\"https:\/\/endormoonstore.com\/#website\"},\"primaryImageOfPage\":{\"@id\":\"https:\/\/endormoonstore.com\/en\/the-child-baby-yoda-the-mandalorian-animatronic-star-wars\/#primaryimage\"},\"image\":{\"@id\":\"https:\/\/endormoonstore.com\/en\/the-child-baby-yoda-the-mandalorian-animatronic-star-wars\/#primaryimage\"},\"thumbnailUrl\":\"https:\/\/endormoonstore.com\/wp-content\/uploads\/2020\/02\/hasbrobaby-1.jpg\",\"datePublished\":\"2020-02-22T11:39:31+00:00\",\"dateModified\":\"2021-12-01T21:17:33+00:00\",\"breadcrumb\":{\"@id\":\"https:\/\/endormoonstore.com\/en\/the-child-baby-yoda-the-mandalorian-animatronic-star-wars\/#breadcrumb\"},\"inLanguage\":\"en-US\",\"potentialAction\":[{\"@type\":\"ReadAction\",\"target\":[\"https:\/\/endormoonstore.com\/en\/the-child-baby-yoda-the-mandalorian-animatronic-star-wars\/\"]}]},{\"@type\":\"ImageObject\",\"inLanguage\":\"en-US\",\"@id\":\"https:\/\/endormoonstore.com\/en\/the-child-baby-yoda-the-mandalorian-animatronic-star-wars\/#primaryimage\",\"url\":\"https:\/\/endormoonstore.com\/wp-content\/uploads\/2020\/02\/hasbrobaby-1.jpg\",\"contentUrl\":\"https:\/\/endormoonstore.com\/wp-content\/uploads\/2020\/02\/hasbrobaby-1.jpg\",\"width\":1462,\"height\":1353},{\"@type\":\"BreadcrumbList\",\"@id\":\"https:\/\/endormoonstore.com\/en\/the-child-baby-yoda-the-mandalorian-animatronic-star-wars\/#breadcrumb\",\"itemListElement\":[{\"@type\":\"ListItem\",\"position\":1,\"name\":\"Shop\",\"item\":\"https:\/\/endormoonstore.com\/en\/shop\/\"},{\"@type\":\"ListItem\",\"position\":2,\"name\":\"The Child Baby Yoda The Mandalorian Animatronic Star Wars\"}]},{\"@type\":\"WebSite\",\"@id\":\"https:\/\/endormoonstore.com\/#website\",\"url\":\"https:\/\/endormoonstore.com\/\",\"name\":\"EndormoonStore\",\"description\":\"\",\"potentialAction\":[{\"@type\":\"SearchAction\",\"target\":{\"@type\":\"EntryPoint\",\"urlTemplate\":\"https:\/\/endormoonstore.com\/?s={search_term_string}\"},\"query-input\":{\"@type\":\"PropertyValueSpecification\",\"valueRequired\":true,\"valueName\":\"search_term_string\"}}],\"inLanguage\":\"en-US\"}]}<\/script>\n<!-- \/ Yoast SEO plugin. -->","yoast_head_json":{"title":"The Child Baby Yoda The Mandalorian Animatronic Star Wars - EndormoonStore","robots":{"index":"index","follow":"follow","max-snippet":"max-snippet:-1","max-image-preview":"max-image-preview:large","max-video-preview":"max-video-preview:-1"},"canonical":"https:\/\/endormoonstore.com\/en\/the-child-baby-yoda-the-mandalorian-animatronic-star-wars\/","og_locale":"en_US","og_type":"article","og_title":"The Child Baby Yoda The Mandalorian Animatronic Star Wars - EndormoonStore","og_description":"The Child Baby Yoda The Mandalorian Animatronic Star Wars 25 cm  De la colecci\u00f3n Star Wars de Hasbro nos llega el mu\u00f1eco animatr\u00f3nico de The Child, m\u00e1s conocido por los fans de la serie The Mandalorian como Baby Yoda.","og_url":"https:\/\/endormoonstore.com\/en\/the-child-baby-yoda-the-mandalorian-animatronic-star-wars\/","og_site_name":"EndormoonStore","article_modified_time":"2021-12-01T21:17:33+00:00","og_image":[{"width":1462,"height":1353,"url":"https:\/\/endormoonstore.com\/wp-content\/uploads\/2020\/02\/hasbrobaby-1.jpg","type":"image\/jpeg"}],"twitter_card":"summary_large_image","twitter_misc":{"Est. reading time":"1 minute"},"schema":{"@context":"https:\/\/schema.org","@graph":[{"@type":"WebPage","@id":"https:\/\/endormoonstore.com\/en\/the-child-baby-yoda-the-mandalorian-animatronic-star-wars\/","url":"https:\/\/endormoonstore.com\/en\/the-child-baby-yoda-the-mandalorian-animatronic-star-wars\/","name":"The Child Baby Yoda The Mandalorian Animatronic Star Wars - EndormoonStore","isPartOf":{"@id":"https:\/\/endormoonstore.com\/#website"},"primaryImageOfPage":{"@id":"https:\/\/endormoonstore.com\/en\/the-child-baby-yoda-the-mandalorian-animatronic-star-wars\/#primaryimage"},"image":{"@id":"https:\/\/endormoonstore.com\/en\/the-child-baby-yoda-the-mandalorian-animatronic-star-wars\/#primaryimage"},"thumbnailUrl":"https:\/\/endormoonstore.com\/wp-content\/uploads\/2020\/02\/hasbrobaby-1.jpg","datePublished":"2020-02-22T11:39:31+00:00","dateModified":"2021-12-01T21:17:33+00:00","breadcrumb":{"@id":"https:\/\/endormoonstore.com\/en\/the-child-baby-yoda-the-mandalorian-animatronic-star-wars\/#breadcrumb"},"inLanguage":"en-US","potentialAction":[{"@type":"ReadAction","target":["https:\/\/endormoonstore.com\/en\/the-child-baby-yoda-the-mandalorian-animatronic-star-wars\/"]}]},{"@type":"ImageObject","inLanguage":"en-US","@id":"https:\/\/endormoonstore.com\/en\/the-child-baby-yoda-the-mandalorian-animatronic-star-wars\/#primaryimage","url":"https:\/\/endormoonstore.com\/wp-content\/uploads\/2020\/02\/hasbrobaby-1.jpg","contentUrl":"https:\/\/endormoonstore.com\/wp-content\/uploads\/2020\/02\/hasbrobaby-1.jpg","width":1462,"height":1353},{"@type":"BreadcrumbList","@id":"https:\/\/endormoonstore.com\/en\/the-child-baby-yoda-the-mandalorian-animatronic-star-wars\/#breadcrumb","itemListElement":[{"@type":"ListItem","position":1,"name":"Shop","item":"https:\/\/endormoonstore.com\/en\/shop\/"},{"@type":"ListItem","position":2,"name":"The Child Baby Yoda The Mandalorian Animatronic Star Wars"}]},{"@type":"WebSite","@id":"https:\/\/endormoonstore.com\/#website","url":"https:\/\/endormoonstore.com\/","name":"EndormoonStore","description":"","potentialAction":[{"@type":"SearchAction","target":{"@type":"EntryPoint","urlTemplate":"https:\/\/endormoonstore.com\/?s={search_term_string}"},"query-input":{"@type":"PropertyValueSpecification","valueRequired":true,"valueName":"search_term_string"}}],"inLanguage":"en-US"}]}},"taxonomy_info":{"product_cat":[{"value":1390,"label":"Figures"}],"pa_brand":[{"value":2084,"label":"Hasbro"}],"pa_character":[{"value":2192,"label":"The Child"}],"pa_episode":[{"value":1993,"label":"The Mandalorian"}],"pa_license":[{"value":1644,"label":"Star Wars"}],"pa_product-type":[{"value":2387,"label":"Figure"}],"pa_theme":[{"value":1981,"label":"Doll"}]},"featured_image_src_large":["https:\/\/endormoonstore.com\/wp-content\/uploads\/2020\/02\/hasbrobaby-1-1024x948.jpg",1024,948,true],"author_info":[],"comment_info":"","_links":{"self":[{"href":"https:\/\/endormoonstore.com\/en\/wp-json\/wp\/v2\/product\/82911","targetHints":{"allow":["GET"]}}],"collection":[{"href":"https:\/\/endormoonstore.com\/en\/wp-json\/wp\/v2\/product"}],"about":[{"href":"https:\/\/endormoonstore.com\/en\/wp-json\/wp\/v2\/types\/product"}],"wp:featuredmedia":[{"embeddable":true,"href":"https:\/\/endormoonstore.com\/en\/wp-json\/wp\/v2\/media\/82883"}],"wp:attachment":[{"href":"https:\/\/endormoonstore.com\/en\/wp-json\/wp\/v2\/media?parent=82911"}],"wp:term":[{"taxonomy":"product_cat","embeddable":true,"href":"https:\/\/endormoonstore.com\/en\/wp-json\/wp\/v2\/product_cat?post=82911"},{"taxonomy":"product_tag","embeddable":true,"href":"https:\/\/endormoonstore.com\/en\/wp-json\/wp\/v2\/product_tag?post=82911"}],"curies":[{"name":"wp","href":"https:\/\/api.w.org\/{rel}","templated":true}]}}