{"id":81674,"date":"2020-01-12T20:50:46","date_gmt":"2020-01-12T19:50:46","guid":{"rendered":"https:\/\/endormoonstore.com\/the-child-baby-yoda-the-mandalorian-black-series-figura-3-04-cm\/"},"modified":"2021-04-13T22:11:48","modified_gmt":"2021-04-13T20:11:48","slug":"the-child-baby-yoda-the-mandalorian-black-series","status":"publish","type":"product","link":"https:\/\/endormoonstore.com\/en\/the-child-baby-yoda-the-mandalorian-black-series\/","title":{"rendered":"The Child Baby Yoda The Mandalorian Black Series"},"content":{"rendered":"<p><strong>The Child Baby Yoda The Mandalorian Black Series Figura 3,04 cm<\/strong><\/p>\n<ul>\n<li>De la colecci\u00f3n Star Wars de Hasbro llega la figura articulada de la colecci\u00f3n Black Series de The Child, tambi\u00e9n llamado Baby Yoda.<\/li>\n<li>Se trata del personaje de moda, el m\u00e1s adorable de los protagonistas de la nueva serie del canal Disney &#8220;The Mandalorian&#8221;.<\/li>\n<li>Se trata de una figura articulada hecha en PVC que mide unos 3,04 cm de alto.<\/li>\n<li>Incluye taz\u00f3n de caldo de huesos, rana Sorgan y una bola de juguete.<\/li>\n<\/ul>\n<p>&nbsp;<\/p>\n","protected":false},"excerpt":{"rendered":"<p><strong>The Child Baby Yoda The Mandalorian Black Series Figura 3,04 cm<\/strong><\/p>\n<p>De la colecci\u00f3n Star Wars de Hasbro llega la figura articulada de la colecci\u00f3n Black Series de The Child, tambi\u00e9n llamado Baby Yoda.<\/p>\n","protected":false},"featured_media":81662,"template":"","meta":{"_acf_changed":false,"_kad_blocks_custom_css":"","_kad_blocks_head_custom_js":"","_kad_blocks_body_custom_js":"","_kad_blocks_footer_custom_js":""},"product_cat":[1390],"product_tag":[],"class_list":{"0":"post-81674","1":"product","2":"type-product","3":"status-publish","4":"has-post-thumbnail","6":"product_cat-figures","7":"pa_brand-hasbro-en","8":"pa_character-the-child-en","9":"pa_episode-the-mandalorian-en","10":"pa_license-star-wars-en","11":"pa_product-type-figure","12":"pa_theme-the-black-series-en","14":"first","15":"instock","16":"taxable","17":"shipping-taxable","18":"purchasable","19":"product-type-simple"},"acf":[],"yoast_head":"<!-- This site is optimized with the Yoast SEO plugin v26.1.1 - https:\/\/yoast.com\/wordpress\/plugins\/seo\/ -->\n<title>The Child Baby Yoda The Mandalorian Black Series - EndormoonStore<\/title>\n<meta name=\"robots\" content=\"index, follow, max-snippet:-1, max-image-preview:large, max-video-preview:-1\" \/>\n<link rel=\"canonical\" href=\"https:\/\/endormoonstore.com\/en\/the-child-baby-yoda-the-mandalorian-black-series\/\" \/>\n<meta property=\"og:locale\" content=\"en_US\" \/>\n<meta property=\"og:type\" content=\"article\" \/>\n<meta property=\"og:title\" content=\"The Child Baby Yoda The Mandalorian Black Series - EndormoonStore\" \/>\n<meta property=\"og:description\" content=\"The Child Baby Yoda The Mandalorian Black Series Figura 3,04 cm  De la colecci\u00f3n Star Wars de Hasbro llega la figura articulada de la colecci\u00f3n Black Series de The Child, tambi\u00e9n llamado Baby Yoda.\" \/>\n<meta property=\"og:url\" content=\"https:\/\/endormoonstore.com\/en\/the-child-baby-yoda-the-mandalorian-black-series\/\" \/>\n<meta property=\"og:site_name\" content=\"EndormoonStore\" \/>\n<meta property=\"article:modified_time\" content=\"2021-04-13T20:11:48+00:00\" \/>\n<meta property=\"og:image\" content=\"https:\/\/endormoonstore.com\/wp-content\/uploads\/2020\/01\/the_child_baby_yoda_the_mandalorian_black_series_figura_3_04_cm-1.jpg\" \/>\n\t<meta property=\"og:image:width\" content=\"943\" \/>\n\t<meta property=\"og:image:height\" content=\"1500\" \/>\n\t<meta property=\"og:image:type\" content=\"image\/jpeg\" \/>\n<meta name=\"twitter:card\" content=\"summary_large_image\" \/>\n<script type=\"application\/ld+json\" class=\"yoast-schema-graph\">{\"@context\":\"https:\/\/schema.org\",\"@graph\":[{\"@type\":\"WebPage\",\"@id\":\"https:\/\/endormoonstore.com\/en\/the-child-baby-yoda-the-mandalorian-black-series\/\",\"url\":\"https:\/\/endormoonstore.com\/en\/the-child-baby-yoda-the-mandalorian-black-series\/\",\"name\":\"The Child Baby Yoda The Mandalorian Black Series - EndormoonStore\",\"isPartOf\":{\"@id\":\"https:\/\/endormoonstore.com\/#website\"},\"primaryImageOfPage\":{\"@id\":\"https:\/\/endormoonstore.com\/en\/the-child-baby-yoda-the-mandalorian-black-series\/#primaryimage\"},\"image\":{\"@id\":\"https:\/\/endormoonstore.com\/en\/the-child-baby-yoda-the-mandalorian-black-series\/#primaryimage\"},\"thumbnailUrl\":\"https:\/\/endormoonstore.com\/wp-content\/uploads\/2020\/01\/the_child_baby_yoda_the_mandalorian_black_series_figura_3_04_cm-1.jpg\",\"datePublished\":\"2020-01-12T19:50:46+00:00\",\"dateModified\":\"2021-04-13T20:11:48+00:00\",\"breadcrumb\":{\"@id\":\"https:\/\/endormoonstore.com\/en\/the-child-baby-yoda-the-mandalorian-black-series\/#breadcrumb\"},\"inLanguage\":\"en-US\",\"potentialAction\":[{\"@type\":\"ReadAction\",\"target\":[\"https:\/\/endormoonstore.com\/en\/the-child-baby-yoda-the-mandalorian-black-series\/\"]}]},{\"@type\":\"ImageObject\",\"inLanguage\":\"en-US\",\"@id\":\"https:\/\/endormoonstore.com\/en\/the-child-baby-yoda-the-mandalorian-black-series\/#primaryimage\",\"url\":\"https:\/\/endormoonstore.com\/wp-content\/uploads\/2020\/01\/the_child_baby_yoda_the_mandalorian_black_series_figura_3_04_cm-1.jpg\",\"contentUrl\":\"https:\/\/endormoonstore.com\/wp-content\/uploads\/2020\/01\/the_child_baby_yoda_the_mandalorian_black_series_figura_3_04_cm-1.jpg\",\"width\":943,\"height\":1500},{\"@type\":\"BreadcrumbList\",\"@id\":\"https:\/\/endormoonstore.com\/en\/the-child-baby-yoda-the-mandalorian-black-series\/#breadcrumb\",\"itemListElement\":[{\"@type\":\"ListItem\",\"position\":1,\"name\":\"Shop\",\"item\":\"https:\/\/endormoonstore.com\/en\/shop\/\"},{\"@type\":\"ListItem\",\"position\":2,\"name\":\"The Child Baby Yoda The Mandalorian Black Series\"}]},{\"@type\":\"WebSite\",\"@id\":\"https:\/\/endormoonstore.com\/#website\",\"url\":\"https:\/\/endormoonstore.com\/\",\"name\":\"EndormoonStore\",\"description\":\"\",\"potentialAction\":[{\"@type\":\"SearchAction\",\"target\":{\"@type\":\"EntryPoint\",\"urlTemplate\":\"https:\/\/endormoonstore.com\/?s={search_term_string}\"},\"query-input\":{\"@type\":\"PropertyValueSpecification\",\"valueRequired\":true,\"valueName\":\"search_term_string\"}}],\"inLanguage\":\"en-US\"}]}<\/script>\n<!-- \/ Yoast SEO plugin. -->","yoast_head_json":{"title":"The Child Baby Yoda The Mandalorian Black Series - EndormoonStore","robots":{"index":"index","follow":"follow","max-snippet":"max-snippet:-1","max-image-preview":"max-image-preview:large","max-video-preview":"max-video-preview:-1"},"canonical":"https:\/\/endormoonstore.com\/en\/the-child-baby-yoda-the-mandalorian-black-series\/","og_locale":"en_US","og_type":"article","og_title":"The Child Baby Yoda The Mandalorian Black Series - EndormoonStore","og_description":"The Child Baby Yoda The Mandalorian Black Series Figura 3,04 cm  De la colecci\u00f3n Star Wars de Hasbro llega la figura articulada de la colecci\u00f3n Black Series de The Child, tambi\u00e9n llamado Baby Yoda.","og_url":"https:\/\/endormoonstore.com\/en\/the-child-baby-yoda-the-mandalorian-black-series\/","og_site_name":"EndormoonStore","article_modified_time":"2021-04-13T20:11:48+00:00","og_image":[{"width":943,"height":1500,"url":"https:\/\/endormoonstore.com\/wp-content\/uploads\/2020\/01\/the_child_baby_yoda_the_mandalorian_black_series_figura_3_04_cm-1.jpg","type":"image\/jpeg"}],"twitter_card":"summary_large_image","schema":{"@context":"https:\/\/schema.org","@graph":[{"@type":"WebPage","@id":"https:\/\/endormoonstore.com\/en\/the-child-baby-yoda-the-mandalorian-black-series\/","url":"https:\/\/endormoonstore.com\/en\/the-child-baby-yoda-the-mandalorian-black-series\/","name":"The Child Baby Yoda The Mandalorian Black Series - EndormoonStore","isPartOf":{"@id":"https:\/\/endormoonstore.com\/#website"},"primaryImageOfPage":{"@id":"https:\/\/endormoonstore.com\/en\/the-child-baby-yoda-the-mandalorian-black-series\/#primaryimage"},"image":{"@id":"https:\/\/endormoonstore.com\/en\/the-child-baby-yoda-the-mandalorian-black-series\/#primaryimage"},"thumbnailUrl":"https:\/\/endormoonstore.com\/wp-content\/uploads\/2020\/01\/the_child_baby_yoda_the_mandalorian_black_series_figura_3_04_cm-1.jpg","datePublished":"2020-01-12T19:50:46+00:00","dateModified":"2021-04-13T20:11:48+00:00","breadcrumb":{"@id":"https:\/\/endormoonstore.com\/en\/the-child-baby-yoda-the-mandalorian-black-series\/#breadcrumb"},"inLanguage":"en-US","potentialAction":[{"@type":"ReadAction","target":["https:\/\/endormoonstore.com\/en\/the-child-baby-yoda-the-mandalorian-black-series\/"]}]},{"@type":"ImageObject","inLanguage":"en-US","@id":"https:\/\/endormoonstore.com\/en\/the-child-baby-yoda-the-mandalorian-black-series\/#primaryimage","url":"https:\/\/endormoonstore.com\/wp-content\/uploads\/2020\/01\/the_child_baby_yoda_the_mandalorian_black_series_figura_3_04_cm-1.jpg","contentUrl":"https:\/\/endormoonstore.com\/wp-content\/uploads\/2020\/01\/the_child_baby_yoda_the_mandalorian_black_series_figura_3_04_cm-1.jpg","width":943,"height":1500},{"@type":"BreadcrumbList","@id":"https:\/\/endormoonstore.com\/en\/the-child-baby-yoda-the-mandalorian-black-series\/#breadcrumb","itemListElement":[{"@type":"ListItem","position":1,"name":"Shop","item":"https:\/\/endormoonstore.com\/en\/shop\/"},{"@type":"ListItem","position":2,"name":"The Child Baby Yoda The Mandalorian Black Series"}]},{"@type":"WebSite","@id":"https:\/\/endormoonstore.com\/#website","url":"https:\/\/endormoonstore.com\/","name":"EndormoonStore","description":"","potentialAction":[{"@type":"SearchAction","target":{"@type":"EntryPoint","urlTemplate":"https:\/\/endormoonstore.com\/?s={search_term_string}"},"query-input":{"@type":"PropertyValueSpecification","valueRequired":true,"valueName":"search_term_string"}}],"inLanguage":"en-US"}]}},"taxonomy_info":{"product_cat":[{"value":1390,"label":"Figures"}],"pa_brand":[{"value":2084,"label":"Hasbro"}],"pa_character":[{"value":2192,"label":"The Child"}],"pa_episode":[{"value":1993,"label":"The Mandalorian"}],"pa_license":[{"value":1644,"label":"Star Wars"}],"pa_product-type":[{"value":2387,"label":"Figure"}],"pa_theme":[{"value":2552,"label":"The Black Series"}]},"featured_image_src_large":["https:\/\/endormoonstore.com\/wp-content\/uploads\/2020\/01\/the_child_baby_yoda_the_mandalorian_black_series_figura_3_04_cm-1-644x1024.jpg",644,1024,true],"author_info":[],"comment_info":"","_links":{"self":[{"href":"https:\/\/endormoonstore.com\/en\/wp-json\/wp\/v2\/product\/81674","targetHints":{"allow":["GET"]}}],"collection":[{"href":"https:\/\/endormoonstore.com\/en\/wp-json\/wp\/v2\/product"}],"about":[{"href":"https:\/\/endormoonstore.com\/en\/wp-json\/wp\/v2\/types\/product"}],"wp:featuredmedia":[{"embeddable":true,"href":"https:\/\/endormoonstore.com\/en\/wp-json\/wp\/v2\/media\/81662"}],"wp:attachment":[{"href":"https:\/\/endormoonstore.com\/en\/wp-json\/wp\/v2\/media?parent=81674"}],"wp:term":[{"taxonomy":"product_cat","embeddable":true,"href":"https:\/\/endormoonstore.com\/en\/wp-json\/wp\/v2\/product_cat?post=81674"},{"taxonomy":"product_tag","embeddable":true,"href":"https:\/\/endormoonstore.com\/en\/wp-json\/wp\/v2\/product_tag?post=81674"}],"curies":[{"name":"wp","href":"https:\/\/api.w.org\/{rel}","templated":true}]}}