{"id":81398,"date":"2019-12-26T19:25:15","date_gmt":"2019-12-26T18:25:15","guid":{"rendered":"https:\/\/endormoonstore.com\/star-wars-black-series-first-order-elite-snowtrooper\/"},"modified":"2022-07-23T11:49:51","modified_gmt":"2022-07-23T09:49:51","slug":"star-wars-black-series-first-order-elite-snowtrooper","status":"publish","type":"product","link":"https:\/\/endormoonstore.com\/en\/star-wars-black-series-first-order-elite-snowtrooper\/","title":{"rendered":"Star Wars Black Series First Order Elite Snowtrooper"},"content":{"rendered":"<p><strong>Star Wars Black Series First Order Elite Snowtrooper\u00a0<\/strong><\/p>\n<ul>\n<li>Hasbro presenta dentro de su colecci\u00f3n Black Series la figura de First Elite Snowtrooper basada en la pr\u00f3xima pel\u00edcula de &#8220;Star Wars: Episodio IX El Ascenso de Skywalker&#8221;.<\/li>\n<li>Se trata de una figura articulada de unos 19 cm de alto. Incluye rifle blaster y capa de tela como complemento.<\/li>\n<\/ul>\n<p>&nbsp;<\/p>\n","protected":false},"excerpt":{"rendered":"<p><strong>Star Wars Black Series First Order Elite Snowtrooper Figura 19 cm<\/strong><\/p>\n<p>Hasbro presenta dentro de su colecci\u00f3n Black Series la figura de First Elite Snowtrooper basada en la pr\u00f3xima pel\u00edcula de &#8220;Star Wars: Episodio IX El Ascenso de Skywalker&#8221;.<\/p>\n","protected":false},"featured_media":81382,"template":"","meta":{"_acf_changed":false,"_kad_blocks_custom_css":"","_kad_blocks_head_custom_js":"","_kad_blocks_body_custom_js":"","_kad_blocks_footer_custom_js":""},"product_cat":[1390],"product_tag":[],"class_list":{"0":"post-81398","1":"product","2":"type-product","3":"status-publish","4":"has-post-thumbnail","6":"product_cat-figures","7":"pa_brand-hasbro-en","8":"pa_character-snowtrooper-en","9":"pa_license-star-wars-en","10":"pa_product-type-figure","11":"pa_theme-the-black-series-en","13":"first","14":"outofstock","15":"taxable","16":"shipping-taxable","17":"purchasable","18":"product-type-simple"},"acf":[],"yoast_head":"<!-- This site is optimized with the Yoast SEO plugin v26.1.1 - https:\/\/yoast.com\/wordpress\/plugins\/seo\/ -->\n<title>Star Wars Black Series First Order Elite Snowtrooper - EndormoonStore<\/title>\n<meta name=\"robots\" content=\"index, follow, max-snippet:-1, max-image-preview:large, max-video-preview:-1\" \/>\n<link rel=\"canonical\" href=\"https:\/\/endormoonstore.com\/en\/star-wars-black-series-first-order-elite-snowtrooper\/\" \/>\n<meta property=\"og:locale\" content=\"en_US\" \/>\n<meta property=\"og:type\" content=\"article\" \/>\n<meta property=\"og:title\" content=\"Star Wars Black Series First Order Elite Snowtrooper - EndormoonStore\" \/>\n<meta property=\"og:description\" content=\"Star Wars Black Series First Order Elite Snowtrooper Figura 19 cm  Hasbro presenta dentro de su colecci\u00f3n Black Series la figura de First Elite Snowtrooper basada en la pr\u00f3xima pel\u00edcula de &quot;Star Wars: Episodio IX El Ascenso de Skywalker&quot;.\" \/>\n<meta property=\"og:url\" content=\"https:\/\/endormoonstore.com\/en\/star-wars-black-series-first-order-elite-snowtrooper\/\" \/>\n<meta property=\"og:site_name\" content=\"EndormoonStore\" \/>\n<meta property=\"article:modified_time\" content=\"2022-07-23T09:49:51+00:00\" \/>\n<meta property=\"og:image\" content=\"https:\/\/endormoonstore.com\/wp-content\/uploads\/2019\/12\/star_wars_black_series_first_order_elite_snowtrooper.jpg\" \/>\n\t<meta property=\"og:image:width\" content=\"600\" \/>\n\t<meta property=\"og:image:height\" content=\"600\" \/>\n\t<meta property=\"og:image:type\" content=\"image\/jpeg\" \/>\n<meta name=\"twitter:card\" content=\"summary_large_image\" \/>\n<script type=\"application\/ld+json\" class=\"yoast-schema-graph\">{\"@context\":\"https:\/\/schema.org\",\"@graph\":[{\"@type\":\"WebPage\",\"@id\":\"https:\/\/endormoonstore.com\/en\/star-wars-black-series-first-order-elite-snowtrooper\/\",\"url\":\"https:\/\/endormoonstore.com\/en\/star-wars-black-series-first-order-elite-snowtrooper\/\",\"name\":\"Star Wars Black Series First Order Elite Snowtrooper - EndormoonStore\",\"isPartOf\":{\"@id\":\"https:\/\/endormoonstore.com\/#website\"},\"primaryImageOfPage\":{\"@id\":\"https:\/\/endormoonstore.com\/en\/star-wars-black-series-first-order-elite-snowtrooper\/#primaryimage\"},\"image\":{\"@id\":\"https:\/\/endormoonstore.com\/en\/star-wars-black-series-first-order-elite-snowtrooper\/#primaryimage\"},\"thumbnailUrl\":\"https:\/\/endormoonstore.com\/wp-content\/uploads\/2019\/12\/star_wars_black_series_first_order_elite_snowtrooper.jpg\",\"datePublished\":\"2019-12-26T18:25:15+00:00\",\"dateModified\":\"2022-07-23T09:49:51+00:00\",\"breadcrumb\":{\"@id\":\"https:\/\/endormoonstore.com\/en\/star-wars-black-series-first-order-elite-snowtrooper\/#breadcrumb\"},\"inLanguage\":\"en-US\",\"potentialAction\":[{\"@type\":\"ReadAction\",\"target\":[\"https:\/\/endormoonstore.com\/en\/star-wars-black-series-first-order-elite-snowtrooper\/\"]}]},{\"@type\":\"ImageObject\",\"inLanguage\":\"en-US\",\"@id\":\"https:\/\/endormoonstore.com\/en\/star-wars-black-series-first-order-elite-snowtrooper\/#primaryimage\",\"url\":\"https:\/\/endormoonstore.com\/wp-content\/uploads\/2019\/12\/star_wars_black_series_first_order_elite_snowtrooper.jpg\",\"contentUrl\":\"https:\/\/endormoonstore.com\/wp-content\/uploads\/2019\/12\/star_wars_black_series_first_order_elite_snowtrooper.jpg\",\"width\":600,\"height\":600},{\"@type\":\"BreadcrumbList\",\"@id\":\"https:\/\/endormoonstore.com\/en\/star-wars-black-series-first-order-elite-snowtrooper\/#breadcrumb\",\"itemListElement\":[{\"@type\":\"ListItem\",\"position\":1,\"name\":\"Shop\",\"item\":\"https:\/\/endormoonstore.com\/en\/shop\/\"},{\"@type\":\"ListItem\",\"position\":2,\"name\":\"Star Wars Black Series First Order Elite Snowtrooper\"}]},{\"@type\":\"WebSite\",\"@id\":\"https:\/\/endormoonstore.com\/#website\",\"url\":\"https:\/\/endormoonstore.com\/\",\"name\":\"EndormoonStore\",\"description\":\"\",\"potentialAction\":[{\"@type\":\"SearchAction\",\"target\":{\"@type\":\"EntryPoint\",\"urlTemplate\":\"https:\/\/endormoonstore.com\/?s={search_term_string}\"},\"query-input\":{\"@type\":\"PropertyValueSpecification\",\"valueRequired\":true,\"valueName\":\"search_term_string\"}}],\"inLanguage\":\"en-US\"}]}<\/script>\n<!-- \/ Yoast SEO plugin. -->","yoast_head_json":{"title":"Star Wars Black Series First Order Elite Snowtrooper - EndormoonStore","robots":{"index":"index","follow":"follow","max-snippet":"max-snippet:-1","max-image-preview":"max-image-preview:large","max-video-preview":"max-video-preview:-1"},"canonical":"https:\/\/endormoonstore.com\/en\/star-wars-black-series-first-order-elite-snowtrooper\/","og_locale":"en_US","og_type":"article","og_title":"Star Wars Black Series First Order Elite Snowtrooper - EndormoonStore","og_description":"Star Wars Black Series First Order Elite Snowtrooper Figura 19 cm  Hasbro presenta dentro de su colecci\u00f3n Black Series la figura de First Elite Snowtrooper basada en la pr\u00f3xima pel\u00edcula de \"Star Wars: Episodio IX El Ascenso de Skywalker\".","og_url":"https:\/\/endormoonstore.com\/en\/star-wars-black-series-first-order-elite-snowtrooper\/","og_site_name":"EndormoonStore","article_modified_time":"2022-07-23T09:49:51+00:00","og_image":[{"width":600,"height":600,"url":"https:\/\/endormoonstore.com\/wp-content\/uploads\/2019\/12\/star_wars_black_series_first_order_elite_snowtrooper.jpg","type":"image\/jpeg"}],"twitter_card":"summary_large_image","schema":{"@context":"https:\/\/schema.org","@graph":[{"@type":"WebPage","@id":"https:\/\/endormoonstore.com\/en\/star-wars-black-series-first-order-elite-snowtrooper\/","url":"https:\/\/endormoonstore.com\/en\/star-wars-black-series-first-order-elite-snowtrooper\/","name":"Star Wars Black Series First Order Elite Snowtrooper - EndormoonStore","isPartOf":{"@id":"https:\/\/endormoonstore.com\/#website"},"primaryImageOfPage":{"@id":"https:\/\/endormoonstore.com\/en\/star-wars-black-series-first-order-elite-snowtrooper\/#primaryimage"},"image":{"@id":"https:\/\/endormoonstore.com\/en\/star-wars-black-series-first-order-elite-snowtrooper\/#primaryimage"},"thumbnailUrl":"https:\/\/endormoonstore.com\/wp-content\/uploads\/2019\/12\/star_wars_black_series_first_order_elite_snowtrooper.jpg","datePublished":"2019-12-26T18:25:15+00:00","dateModified":"2022-07-23T09:49:51+00:00","breadcrumb":{"@id":"https:\/\/endormoonstore.com\/en\/star-wars-black-series-first-order-elite-snowtrooper\/#breadcrumb"},"inLanguage":"en-US","potentialAction":[{"@type":"ReadAction","target":["https:\/\/endormoonstore.com\/en\/star-wars-black-series-first-order-elite-snowtrooper\/"]}]},{"@type":"ImageObject","inLanguage":"en-US","@id":"https:\/\/endormoonstore.com\/en\/star-wars-black-series-first-order-elite-snowtrooper\/#primaryimage","url":"https:\/\/endormoonstore.com\/wp-content\/uploads\/2019\/12\/star_wars_black_series_first_order_elite_snowtrooper.jpg","contentUrl":"https:\/\/endormoonstore.com\/wp-content\/uploads\/2019\/12\/star_wars_black_series_first_order_elite_snowtrooper.jpg","width":600,"height":600},{"@type":"BreadcrumbList","@id":"https:\/\/endormoonstore.com\/en\/star-wars-black-series-first-order-elite-snowtrooper\/#breadcrumb","itemListElement":[{"@type":"ListItem","position":1,"name":"Shop","item":"https:\/\/endormoonstore.com\/en\/shop\/"},{"@type":"ListItem","position":2,"name":"Star Wars Black Series First Order Elite Snowtrooper"}]},{"@type":"WebSite","@id":"https:\/\/endormoonstore.com\/#website","url":"https:\/\/endormoonstore.com\/","name":"EndormoonStore","description":"","potentialAction":[{"@type":"SearchAction","target":{"@type":"EntryPoint","urlTemplate":"https:\/\/endormoonstore.com\/?s={search_term_string}"},"query-input":{"@type":"PropertyValueSpecification","valueRequired":true,"valueName":"search_term_string"}}],"inLanguage":"en-US"}]}},"taxonomy_info":{"product_cat":[{"value":1390,"label":"Figures"}],"pa_brand":[{"value":2084,"label":"Hasbro"}],"pa_character":[{"value":4004,"label":"Snowtrooper"}],"pa_license":[{"value":1644,"label":"Star Wars"}],"pa_product-type":[{"value":2387,"label":"Figure"}],"pa_theme":[{"value":2552,"label":"The Black Series"}]},"featured_image_src_large":["https:\/\/endormoonstore.com\/wp-content\/uploads\/2019\/12\/star_wars_black_series_first_order_elite_snowtrooper.jpg",600,600,false],"author_info":[],"comment_info":"","_links":{"self":[{"href":"https:\/\/endormoonstore.com\/en\/wp-json\/wp\/v2\/product\/81398","targetHints":{"allow":["GET"]}}],"collection":[{"href":"https:\/\/endormoonstore.com\/en\/wp-json\/wp\/v2\/product"}],"about":[{"href":"https:\/\/endormoonstore.com\/en\/wp-json\/wp\/v2\/types\/product"}],"wp:featuredmedia":[{"embeddable":true,"href":"https:\/\/endormoonstore.com\/en\/wp-json\/wp\/v2\/media\/81382"}],"wp:attachment":[{"href":"https:\/\/endormoonstore.com\/en\/wp-json\/wp\/v2\/media?parent=81398"}],"wp:term":[{"taxonomy":"product_cat","embeddable":true,"href":"https:\/\/endormoonstore.com\/en\/wp-json\/wp\/v2\/product_cat?post=81398"},{"taxonomy":"product_tag","embeddable":true,"href":"https:\/\/endormoonstore.com\/en\/wp-json\/wp\/v2\/product_tag?post=81398"}],"curies":[{"name":"wp","href":"https:\/\/api.w.org\/{rel}","templated":true}]}}