{"id":79520,"date":"2024-10-21T03:30:58","date_gmt":"2024-10-21T01:30:58","guid":{"rendered":"https:\/\/endormoonstore.com\/spider-man-webbing-marvel-comic-gallery-pvc-diorama\/"},"modified":"2024-10-29T20:18:41","modified_gmt":"2024-10-29T19:18:41","slug":"spider-man-webbing-marvel-comic-gallery-diorama","status":"publish","type":"product","link":"https:\/\/endormoonstore.com\/en\/spider-man-webbing-marvel-comic-gallery-diorama\/","title":{"rendered":"Spider-Man Webbing Marvel Comic Gallery Diorama"},"content":{"rendered":"<p><strong>Spider-Man Webbing Marvel Comic Gallery PVC Diorama<\/strong><\/p>\n<ul>\n<li>Diamond Select Toys presenta la figura para la colecci\u00f3n Marvel Comic Gallery, de Spider-Man, agachado en una telara\u00f1a colgada en un callej\u00f3n, Spider-Man hace honor a su nombre en esta nueva escultura de PVC que retrata al h\u00e9roe en su elemento.<\/li>\n<li>Se trata de una figura de unos 18 cm de alto y 28 cm de ancho esculpida por Alterton basada en un dise\u00f1o de Caesar.<\/li>\n<li>Viene empaquetada en una caja con ventana a todo color.<\/li>\n<\/ul>\n","protected":false},"excerpt":{"rendered":"<p><strong>Spider-Man Webbing Marvel Comic Gallery PVC Diorama<\/strong><\/p>\n<p>Diamond Select Toys presenta la figura para la colecci\u00f3n Marvel Comic Gallery, de Spider-Man, agachado en una telara\u00f1a colgada en un callej\u00f3n, Spider-Man hace honor a su nombre en esta nueva escultura de PVC que retrata al h\u00e9roe en su elemento.<\/p>\n","protected":false},"featured_media":79516,"template":"","meta":{"_acf_changed":false,"_kad_blocks_custom_css":"","_kad_blocks_head_custom_js":"","_kad_blocks_body_custom_js":"","_kad_blocks_footer_custom_js":""},"product_cat":[1384],"product_tag":[],"class_list":{"0":"post-79520","1":"product","2":"type-product","3":"status-publish","4":"has-post-thumbnail","6":"product_cat-pre-orders","7":"pa_brand-diamond-select-toys-en","8":"pa_character-spider-man-en","9":"pa_license-marvel-en","10":"pa_product-type-figure","11":"pa_theme-marvel-comic-gallery-en","13":"first","14":"instock","15":"taxable","16":"shipping-taxable","17":"purchasable","18":"product-type-simple"},"acf":[],"yoast_head":"<!-- This site is optimized with the Yoast SEO plugin v26.1.1 - https:\/\/yoast.com\/wordpress\/plugins\/seo\/ -->\n<title>Spider-Man Webbing Marvel Comic Gallery Diorama - EndormoonStore<\/title>\n<meta name=\"robots\" content=\"index, follow, max-snippet:-1, max-image-preview:large, max-video-preview:-1\" \/>\n<link rel=\"canonical\" href=\"https:\/\/endormoonstore.com\/en\/spider-man-webbing-marvel-comic-gallery-diorama\/\" \/>\n<meta property=\"og:locale\" content=\"en_US\" \/>\n<meta property=\"og:type\" content=\"article\" \/>\n<meta property=\"og:title\" content=\"Spider-Man Webbing Marvel Comic Gallery Diorama - EndormoonStore\" \/>\n<meta property=\"og:description\" content=\"Spider-Man Webbing Marvel Comic Gallery PVC Diorama  Diamond Select Toys presenta la figura para la colecci\u00f3n Marvel Comic Gallery, de Spider-Man, agachado en una telara\u00f1a colgada en un callej\u00f3n, Spider-Man hace honor a su nombre en esta nueva escultura de PVC que retrata al h\u00e9roe en su elemento.\" \/>\n<meta property=\"og:url\" content=\"https:\/\/endormoonstore.com\/en\/spider-man-webbing-marvel-comic-gallery-diorama\/\" \/>\n<meta property=\"og:site_name\" content=\"EndormoonStore\" \/>\n<meta property=\"article:modified_time\" content=\"2024-10-29T19:18:41+00:00\" \/>\n<meta property=\"og:image\" content=\"https:\/\/endormoonstore.com\/wp-content\/uploads\/2019\/09\/marvel_comic_gallery_spider-man_webbing_pvc_diorama.jpg\" \/>\n\t<meta property=\"og:image:width\" content=\"1114\" \/>\n\t<meta property=\"og:image:height\" content=\"672\" \/>\n\t<meta property=\"og:image:type\" content=\"image\/jpeg\" \/>\n<meta name=\"twitter:card\" content=\"summary_large_image\" \/>\n<meta name=\"twitter:label1\" content=\"Est. reading time\" \/>\n\t<meta name=\"twitter:data1\" content=\"1 minute\" \/>\n<script type=\"application\/ld+json\" class=\"yoast-schema-graph\">{\"@context\":\"https:\/\/schema.org\",\"@graph\":[{\"@type\":\"WebPage\",\"@id\":\"https:\/\/endormoonstore.com\/en\/spider-man-webbing-marvel-comic-gallery-diorama\/\",\"url\":\"https:\/\/endormoonstore.com\/en\/spider-man-webbing-marvel-comic-gallery-diorama\/\",\"name\":\"Spider-Man Webbing Marvel Comic Gallery Diorama - EndormoonStore\",\"isPartOf\":{\"@id\":\"https:\/\/endormoonstore.com\/#website\"},\"primaryImageOfPage\":{\"@id\":\"https:\/\/endormoonstore.com\/en\/spider-man-webbing-marvel-comic-gallery-diorama\/#primaryimage\"},\"image\":{\"@id\":\"https:\/\/endormoonstore.com\/en\/spider-man-webbing-marvel-comic-gallery-diorama\/#primaryimage\"},\"thumbnailUrl\":\"https:\/\/endormoonstore.com\/wp-content\/uploads\/2019\/09\/marvel_comic_gallery_spider-man_webbing_pvc_diorama.jpg\",\"datePublished\":\"2024-10-21T01:30:58+00:00\",\"dateModified\":\"2024-10-29T19:18:41+00:00\",\"breadcrumb\":{\"@id\":\"https:\/\/endormoonstore.com\/en\/spider-man-webbing-marvel-comic-gallery-diorama\/#breadcrumb\"},\"inLanguage\":\"en-US\",\"potentialAction\":[{\"@type\":\"ReadAction\",\"target\":[\"https:\/\/endormoonstore.com\/en\/spider-man-webbing-marvel-comic-gallery-diorama\/\"]}]},{\"@type\":\"ImageObject\",\"inLanguage\":\"en-US\",\"@id\":\"https:\/\/endormoonstore.com\/en\/spider-man-webbing-marvel-comic-gallery-diorama\/#primaryimage\",\"url\":\"https:\/\/endormoonstore.com\/wp-content\/uploads\/2019\/09\/marvel_comic_gallery_spider-man_webbing_pvc_diorama.jpg\",\"contentUrl\":\"https:\/\/endormoonstore.com\/wp-content\/uploads\/2019\/09\/marvel_comic_gallery_spider-man_webbing_pvc_diorama.jpg\",\"width\":1114,\"height\":672},{\"@type\":\"BreadcrumbList\",\"@id\":\"https:\/\/endormoonstore.com\/en\/spider-man-webbing-marvel-comic-gallery-diorama\/#breadcrumb\",\"itemListElement\":[{\"@type\":\"ListItem\",\"position\":1,\"name\":\"Shop\",\"item\":\"https:\/\/endormoonstore.com\/en\/shop\/\"},{\"@type\":\"ListItem\",\"position\":2,\"name\":\"Spider-Man Webbing Marvel Comic Gallery Diorama\"}]},{\"@type\":\"WebSite\",\"@id\":\"https:\/\/endormoonstore.com\/#website\",\"url\":\"https:\/\/endormoonstore.com\/\",\"name\":\"EndormoonStore\",\"description\":\"\",\"potentialAction\":[{\"@type\":\"SearchAction\",\"target\":{\"@type\":\"EntryPoint\",\"urlTemplate\":\"https:\/\/endormoonstore.com\/?s={search_term_string}\"},\"query-input\":{\"@type\":\"PropertyValueSpecification\",\"valueRequired\":true,\"valueName\":\"search_term_string\"}}],\"inLanguage\":\"en-US\"}]}<\/script>\n<!-- \/ Yoast SEO plugin. -->","yoast_head_json":{"title":"Spider-Man Webbing Marvel Comic Gallery Diorama - EndormoonStore","robots":{"index":"index","follow":"follow","max-snippet":"max-snippet:-1","max-image-preview":"max-image-preview:large","max-video-preview":"max-video-preview:-1"},"canonical":"https:\/\/endormoonstore.com\/en\/spider-man-webbing-marvel-comic-gallery-diorama\/","og_locale":"en_US","og_type":"article","og_title":"Spider-Man Webbing Marvel Comic Gallery Diorama - EndormoonStore","og_description":"Spider-Man Webbing Marvel Comic Gallery PVC Diorama  Diamond Select Toys presenta la figura para la colecci\u00f3n Marvel Comic Gallery, de Spider-Man, agachado en una telara\u00f1a colgada en un callej\u00f3n, Spider-Man hace honor a su nombre en esta nueva escultura de PVC que retrata al h\u00e9roe en su elemento.","og_url":"https:\/\/endormoonstore.com\/en\/spider-man-webbing-marvel-comic-gallery-diorama\/","og_site_name":"EndormoonStore","article_modified_time":"2024-10-29T19:18:41+00:00","og_image":[{"width":1114,"height":672,"url":"https:\/\/endormoonstore.com\/wp-content\/uploads\/2019\/09\/marvel_comic_gallery_spider-man_webbing_pvc_diorama.jpg","type":"image\/jpeg"}],"twitter_card":"summary_large_image","twitter_misc":{"Est. reading time":"1 minute"},"schema":{"@context":"https:\/\/schema.org","@graph":[{"@type":"WebPage","@id":"https:\/\/endormoonstore.com\/en\/spider-man-webbing-marvel-comic-gallery-diorama\/","url":"https:\/\/endormoonstore.com\/en\/spider-man-webbing-marvel-comic-gallery-diorama\/","name":"Spider-Man Webbing Marvel Comic Gallery Diorama - EndormoonStore","isPartOf":{"@id":"https:\/\/endormoonstore.com\/#website"},"primaryImageOfPage":{"@id":"https:\/\/endormoonstore.com\/en\/spider-man-webbing-marvel-comic-gallery-diorama\/#primaryimage"},"image":{"@id":"https:\/\/endormoonstore.com\/en\/spider-man-webbing-marvel-comic-gallery-diorama\/#primaryimage"},"thumbnailUrl":"https:\/\/endormoonstore.com\/wp-content\/uploads\/2019\/09\/marvel_comic_gallery_spider-man_webbing_pvc_diorama.jpg","datePublished":"2024-10-21T01:30:58+00:00","dateModified":"2024-10-29T19:18:41+00:00","breadcrumb":{"@id":"https:\/\/endormoonstore.com\/en\/spider-man-webbing-marvel-comic-gallery-diorama\/#breadcrumb"},"inLanguage":"en-US","potentialAction":[{"@type":"ReadAction","target":["https:\/\/endormoonstore.com\/en\/spider-man-webbing-marvel-comic-gallery-diorama\/"]}]},{"@type":"ImageObject","inLanguage":"en-US","@id":"https:\/\/endormoonstore.com\/en\/spider-man-webbing-marvel-comic-gallery-diorama\/#primaryimage","url":"https:\/\/endormoonstore.com\/wp-content\/uploads\/2019\/09\/marvel_comic_gallery_spider-man_webbing_pvc_diorama.jpg","contentUrl":"https:\/\/endormoonstore.com\/wp-content\/uploads\/2019\/09\/marvel_comic_gallery_spider-man_webbing_pvc_diorama.jpg","width":1114,"height":672},{"@type":"BreadcrumbList","@id":"https:\/\/endormoonstore.com\/en\/spider-man-webbing-marvel-comic-gallery-diorama\/#breadcrumb","itemListElement":[{"@type":"ListItem","position":1,"name":"Shop","item":"https:\/\/endormoonstore.com\/en\/shop\/"},{"@type":"ListItem","position":2,"name":"Spider-Man Webbing Marvel Comic Gallery Diorama"}]},{"@type":"WebSite","@id":"https:\/\/endormoonstore.com\/#website","url":"https:\/\/endormoonstore.com\/","name":"EndormoonStore","description":"","potentialAction":[{"@type":"SearchAction","target":{"@type":"EntryPoint","urlTemplate":"https:\/\/endormoonstore.com\/?s={search_term_string}"},"query-input":{"@type":"PropertyValueSpecification","valueRequired":true,"valueName":"search_term_string"}}],"inLanguage":"en-US"}]}},"taxonomy_info":{"product_cat":[{"value":1384,"label":"Pre-orders"}],"pa_brand":[{"value":1632,"label":"Diamond Select Toys"}],"pa_character":[{"value":2435,"label":"Spider-Man"}],"pa_license":[{"value":1642,"label":"Marvel"}],"pa_product-type":[{"value":2387,"label":"Figure"}],"pa_theme":[{"value":2288,"label":"Marvel Comic Gallery"}]},"featured_image_src_large":["https:\/\/endormoonstore.com\/wp-content\/uploads\/2019\/09\/marvel_comic_gallery_spider-man_webbing_pvc_diorama-1024x618.jpg",1024,618,true],"author_info":[],"comment_info":"","_links":{"self":[{"href":"https:\/\/endormoonstore.com\/en\/wp-json\/wp\/v2\/product\/79520","targetHints":{"allow":["GET"]}}],"collection":[{"href":"https:\/\/endormoonstore.com\/en\/wp-json\/wp\/v2\/product"}],"about":[{"href":"https:\/\/endormoonstore.com\/en\/wp-json\/wp\/v2\/types\/product"}],"wp:featuredmedia":[{"embeddable":true,"href":"https:\/\/endormoonstore.com\/en\/wp-json\/wp\/v2\/media\/79516"}],"wp:attachment":[{"href":"https:\/\/endormoonstore.com\/en\/wp-json\/wp\/v2\/media?parent=79520"}],"wp:term":[{"taxonomy":"product_cat","embeddable":true,"href":"https:\/\/endormoonstore.com\/en\/wp-json\/wp\/v2\/product_cat?post=79520"},{"taxonomy":"product_tag","embeddable":true,"href":"https:\/\/endormoonstore.com\/en\/wp-json\/wp\/v2\/product_tag?post=79520"}],"curies":[{"name":"wp","href":"https:\/\/api.w.org\/{rel}","templated":true}]}}