{"id":78456,"date":"2019-08-06T19:38:39","date_gmt":"2019-08-06T17:38:39","guid":{"rendered":"https:\/\/endormoonstore.com\/siegfried-alpha-dubhe-saint-seiya-myth-cloth-ex\/"},"modified":"2022-01-04T23:06:29","modified_gmt":"2022-01-04T22:06:29","slug":"siegfried-alpha-dubhe-saint-seiya-myth-cloth-ex","status":"publish","type":"product","link":"https:\/\/endormoonstore.com\/en\/siegfried-alpha-dubhe-saint-seiya-myth-cloth-ex\/","title":{"rendered":"Siegfried Alpha Dubhe Saint Seiya Myth Cloth EX"},"content":{"rendered":"<p><strong>Siegfried Alpha Dubhe Saint Seiya Myth Cloth EX Figura 18 cm<\/strong><\/p>\n<ul>\n<li>Tamashii Nations presenta por fin, dos a\u00f1os despu\u00e9s de su presentaci\u00f3n, la figura de Siegfried de Dubhe Alpha, el poderoso dios guerrero de los caballeros de Asgard.<\/li>\n<li>Esta figura de 18 cm, dentro de la l\u00ednea Myth Cloth Ex, incluye partes de la armadura, pelo opcional, 4x expresiones faciales alternativas, 3x mano izquierdas + 4x mano derecha intercambiables, capa y objeto del drag\u00f3n de dos cabezas.<\/li>\n<\/ul>\n<p>&nbsp;<\/p>\n","protected":false},"excerpt":{"rendered":"<p><strong>Siegfried Alpha Dubhe Saint Seiya Myth Cloth EX Figura 18 cm<\/strong><\/p>\n<p>Tamashii Nations presenta por fin, dos a\u00f1os despu\u00e9s de su presentaci\u00f3n, la figura de Siegfried de Dubhe Alpha, el poderoso dios guerrero de los caballeros de Asgard.<\/p>\n","protected":false},"featured_media":78408,"template":"","meta":{"_acf_changed":false,"_kad_blocks_custom_css":"","_kad_blocks_head_custom_js":"","_kad_blocks_body_custom_js":"","_kad_blocks_footer_custom_js":""},"product_cat":[1390],"product_tag":[],"class_list":{"0":"post-78456","1":"product","2":"type-product","3":"status-publish","4":"has-post-thumbnail","6":"product_cat-figures","7":"pa_brand-tamashii-nations-en","8":"pa_character-siegfried-de-dubhe-en","9":"pa_license-saint-seiya-en","10":"pa_product-type-figure","11":"pa_theme-saint-cloth-myth-ex-en","13":"first","14":"outofstock","15":"taxable","16":"shipping-taxable","17":"purchasable","18":"product-type-simple"},"acf":[],"yoast_head":"<!-- This site is optimized with the Yoast SEO plugin v26.1.1 - https:\/\/yoast.com\/wordpress\/plugins\/seo\/ -->\n<title>Siegfried Alpha Dubhe Saint Seiya Myth Cloth EX - EndormoonStore<\/title>\n<meta name=\"robots\" content=\"index, follow, max-snippet:-1, max-image-preview:large, max-video-preview:-1\" \/>\n<link rel=\"canonical\" href=\"https:\/\/endormoonstore.com\/en\/siegfried-alpha-dubhe-saint-seiya-myth-cloth-ex\/\" \/>\n<meta property=\"og:locale\" content=\"en_US\" \/>\n<meta property=\"og:type\" content=\"article\" \/>\n<meta property=\"og:title\" content=\"Siegfried Alpha Dubhe Saint Seiya Myth Cloth EX - EndormoonStore\" \/>\n<meta property=\"og:description\" content=\"Siegfried Alpha Dubhe Saint Seiya Myth Cloth EX Figura 18 cm  Tamashii Nations presenta por fin, dos a\u00f1os despu\u00e9s de su presentaci\u00f3n, la figura de Siegfried de Dubhe Alpha, el poderoso dios guerrero de los caballeros de Asgard.\" \/>\n<meta property=\"og:url\" content=\"https:\/\/endormoonstore.com\/en\/siegfried-alpha-dubhe-saint-seiya-myth-cloth-ex\/\" \/>\n<meta property=\"og:site_name\" content=\"EndormoonStore\" \/>\n<meta property=\"article:modified_time\" content=\"2022-01-04T22:06:29+00:00\" \/>\n<meta property=\"og:image\" content=\"https:\/\/endormoonstore.com\/wp-content\/uploads\/2019\/08\/siegfried_alpha_dubhe_figura_18_cm_saint_seiya_myth_cloth_ex-1.jpg\" \/>\n\t<meta property=\"og:image:width\" content=\"1200\" \/>\n\t<meta property=\"og:image:height\" content=\"1500\" \/>\n\t<meta property=\"og:image:type\" content=\"image\/jpeg\" \/>\n<meta name=\"twitter:card\" content=\"summary_large_image\" \/>\n<script type=\"application\/ld+json\" class=\"yoast-schema-graph\">{\"@context\":\"https:\/\/schema.org\",\"@graph\":[{\"@type\":\"WebPage\",\"@id\":\"https:\/\/endormoonstore.com\/en\/siegfried-alpha-dubhe-saint-seiya-myth-cloth-ex\/\",\"url\":\"https:\/\/endormoonstore.com\/en\/siegfried-alpha-dubhe-saint-seiya-myth-cloth-ex\/\",\"name\":\"Siegfried Alpha Dubhe Saint Seiya Myth Cloth EX - EndormoonStore\",\"isPartOf\":{\"@id\":\"https:\/\/endormoonstore.com\/#website\"},\"primaryImageOfPage\":{\"@id\":\"https:\/\/endormoonstore.com\/en\/siegfried-alpha-dubhe-saint-seiya-myth-cloth-ex\/#primaryimage\"},\"image\":{\"@id\":\"https:\/\/endormoonstore.com\/en\/siegfried-alpha-dubhe-saint-seiya-myth-cloth-ex\/#primaryimage\"},\"thumbnailUrl\":\"https:\/\/endormoonstore.com\/wp-content\/uploads\/2019\/08\/siegfried_alpha_dubhe_figura_18_cm_saint_seiya_myth_cloth_ex-1.jpg\",\"datePublished\":\"2019-08-06T17:38:39+00:00\",\"dateModified\":\"2022-01-04T22:06:29+00:00\",\"breadcrumb\":{\"@id\":\"https:\/\/endormoonstore.com\/en\/siegfried-alpha-dubhe-saint-seiya-myth-cloth-ex\/#breadcrumb\"},\"inLanguage\":\"en-US\",\"potentialAction\":[{\"@type\":\"ReadAction\",\"target\":[\"https:\/\/endormoonstore.com\/en\/siegfried-alpha-dubhe-saint-seiya-myth-cloth-ex\/\"]}]},{\"@type\":\"ImageObject\",\"inLanguage\":\"en-US\",\"@id\":\"https:\/\/endormoonstore.com\/en\/siegfried-alpha-dubhe-saint-seiya-myth-cloth-ex\/#primaryimage\",\"url\":\"https:\/\/endormoonstore.com\/wp-content\/uploads\/2019\/08\/siegfried_alpha_dubhe_figura_18_cm_saint_seiya_myth_cloth_ex-1.jpg\",\"contentUrl\":\"https:\/\/endormoonstore.com\/wp-content\/uploads\/2019\/08\/siegfried_alpha_dubhe_figura_18_cm_saint_seiya_myth_cloth_ex-1.jpg\",\"width\":1200,\"height\":1500},{\"@type\":\"BreadcrumbList\",\"@id\":\"https:\/\/endormoonstore.com\/en\/siegfried-alpha-dubhe-saint-seiya-myth-cloth-ex\/#breadcrumb\",\"itemListElement\":[{\"@type\":\"ListItem\",\"position\":1,\"name\":\"Shop\",\"item\":\"https:\/\/endormoonstore.com\/en\/shop\/\"},{\"@type\":\"ListItem\",\"position\":2,\"name\":\"Siegfried Alpha Dubhe Saint Seiya Myth Cloth EX\"}]},{\"@type\":\"WebSite\",\"@id\":\"https:\/\/endormoonstore.com\/#website\",\"url\":\"https:\/\/endormoonstore.com\/\",\"name\":\"EndormoonStore\",\"description\":\"\",\"potentialAction\":[{\"@type\":\"SearchAction\",\"target\":{\"@type\":\"EntryPoint\",\"urlTemplate\":\"https:\/\/endormoonstore.com\/?s={search_term_string}\"},\"query-input\":{\"@type\":\"PropertyValueSpecification\",\"valueRequired\":true,\"valueName\":\"search_term_string\"}}],\"inLanguage\":\"en-US\"}]}<\/script>\n<!-- \/ Yoast SEO plugin. -->","yoast_head_json":{"title":"Siegfried Alpha Dubhe Saint Seiya Myth Cloth EX - EndormoonStore","robots":{"index":"index","follow":"follow","max-snippet":"max-snippet:-1","max-image-preview":"max-image-preview:large","max-video-preview":"max-video-preview:-1"},"canonical":"https:\/\/endormoonstore.com\/en\/siegfried-alpha-dubhe-saint-seiya-myth-cloth-ex\/","og_locale":"en_US","og_type":"article","og_title":"Siegfried Alpha Dubhe Saint Seiya Myth Cloth EX - EndormoonStore","og_description":"Siegfried Alpha Dubhe Saint Seiya Myth Cloth EX Figura 18 cm  Tamashii Nations presenta por fin, dos a\u00f1os despu\u00e9s de su presentaci\u00f3n, la figura de Siegfried de Dubhe Alpha, el poderoso dios guerrero de los caballeros de Asgard.","og_url":"https:\/\/endormoonstore.com\/en\/siegfried-alpha-dubhe-saint-seiya-myth-cloth-ex\/","og_site_name":"EndormoonStore","article_modified_time":"2022-01-04T22:06:29+00:00","og_image":[{"width":1200,"height":1500,"url":"https:\/\/endormoonstore.com\/wp-content\/uploads\/2019\/08\/siegfried_alpha_dubhe_figura_18_cm_saint_seiya_myth_cloth_ex-1.jpg","type":"image\/jpeg"}],"twitter_card":"summary_large_image","schema":{"@context":"https:\/\/schema.org","@graph":[{"@type":"WebPage","@id":"https:\/\/endormoonstore.com\/en\/siegfried-alpha-dubhe-saint-seiya-myth-cloth-ex\/","url":"https:\/\/endormoonstore.com\/en\/siegfried-alpha-dubhe-saint-seiya-myth-cloth-ex\/","name":"Siegfried Alpha Dubhe Saint Seiya Myth Cloth EX - EndormoonStore","isPartOf":{"@id":"https:\/\/endormoonstore.com\/#website"},"primaryImageOfPage":{"@id":"https:\/\/endormoonstore.com\/en\/siegfried-alpha-dubhe-saint-seiya-myth-cloth-ex\/#primaryimage"},"image":{"@id":"https:\/\/endormoonstore.com\/en\/siegfried-alpha-dubhe-saint-seiya-myth-cloth-ex\/#primaryimage"},"thumbnailUrl":"https:\/\/endormoonstore.com\/wp-content\/uploads\/2019\/08\/siegfried_alpha_dubhe_figura_18_cm_saint_seiya_myth_cloth_ex-1.jpg","datePublished":"2019-08-06T17:38:39+00:00","dateModified":"2022-01-04T22:06:29+00:00","breadcrumb":{"@id":"https:\/\/endormoonstore.com\/en\/siegfried-alpha-dubhe-saint-seiya-myth-cloth-ex\/#breadcrumb"},"inLanguage":"en-US","potentialAction":[{"@type":"ReadAction","target":["https:\/\/endormoonstore.com\/en\/siegfried-alpha-dubhe-saint-seiya-myth-cloth-ex\/"]}]},{"@type":"ImageObject","inLanguage":"en-US","@id":"https:\/\/endormoonstore.com\/en\/siegfried-alpha-dubhe-saint-seiya-myth-cloth-ex\/#primaryimage","url":"https:\/\/endormoonstore.com\/wp-content\/uploads\/2019\/08\/siegfried_alpha_dubhe_figura_18_cm_saint_seiya_myth_cloth_ex-1.jpg","contentUrl":"https:\/\/endormoonstore.com\/wp-content\/uploads\/2019\/08\/siegfried_alpha_dubhe_figura_18_cm_saint_seiya_myth_cloth_ex-1.jpg","width":1200,"height":1500},{"@type":"BreadcrumbList","@id":"https:\/\/endormoonstore.com\/en\/siegfried-alpha-dubhe-saint-seiya-myth-cloth-ex\/#breadcrumb","itemListElement":[{"@type":"ListItem","position":1,"name":"Shop","item":"https:\/\/endormoonstore.com\/en\/shop\/"},{"@type":"ListItem","position":2,"name":"Siegfried Alpha Dubhe Saint Seiya Myth Cloth EX"}]},{"@type":"WebSite","@id":"https:\/\/endormoonstore.com\/#website","url":"https:\/\/endormoonstore.com\/","name":"EndormoonStore","description":"","potentialAction":[{"@type":"SearchAction","target":{"@type":"EntryPoint","urlTemplate":"https:\/\/endormoonstore.com\/?s={search_term_string}"},"query-input":{"@type":"PropertyValueSpecification","valueRequired":true,"valueName":"search_term_string"}}],"inLanguage":"en-US"}]}},"taxonomy_info":{"product_cat":[{"value":1390,"label":"Figures"}],"pa_brand":[{"value":2096,"label":"Tamashii Nations"}],"pa_character":[{"value":9307,"label":"Siegfried de Dubhe"}],"pa_license":[{"value":1643,"label":"Saint Seiya"}],"pa_product-type":[{"value":2387,"label":"Figure"}],"pa_theme":[{"value":2972,"label":"Saint Cloth Myth EX"}]},"featured_image_src_large":["https:\/\/endormoonstore.com\/wp-content\/uploads\/2019\/08\/siegfried_alpha_dubhe_figura_18_cm_saint_seiya_myth_cloth_ex-1-819x1024.jpg",819,1024,true],"author_info":[],"comment_info":"","_links":{"self":[{"href":"https:\/\/endormoonstore.com\/en\/wp-json\/wp\/v2\/product\/78456","targetHints":{"allow":["GET"]}}],"collection":[{"href":"https:\/\/endormoonstore.com\/en\/wp-json\/wp\/v2\/product"}],"about":[{"href":"https:\/\/endormoonstore.com\/en\/wp-json\/wp\/v2\/types\/product"}],"wp:featuredmedia":[{"embeddable":true,"href":"https:\/\/endormoonstore.com\/en\/wp-json\/wp\/v2\/media\/78408"}],"wp:attachment":[{"href":"https:\/\/endormoonstore.com\/en\/wp-json\/wp\/v2\/media?parent=78456"}],"wp:term":[{"taxonomy":"product_cat","embeddable":true,"href":"https:\/\/endormoonstore.com\/en\/wp-json\/wp\/v2\/product_cat?post=78456"},{"taxonomy":"product_tag","embeddable":true,"href":"https:\/\/endormoonstore.com\/en\/wp-json\/wp\/v2\/product_tag?post=78456"}],"curies":[{"name":"wp","href":"https:\/\/api.w.org\/{rel}","templated":true}]}}