{"id":77898,"date":"2022-08-16T21:19:32","date_gmt":"2022-08-16T19:19:32","guid":{"rendered":"https:\/\/endormoonstore.com\/tomura-shigaraki-villain-s-edition-my-hero-academia-nendoroid\/"},"modified":"2023-05-20T22:39:02","modified_gmt":"2023-05-20T20:39:02","slug":"tomura-shigaraki-villains-edition-my-hero-academia-nendoroid","status":"publish","type":"product","link":"https:\/\/endormoonstore.com\/en\/tomura-shigaraki-villains-edition-my-hero-academia-nendoroid\/","title":{"rendered":"Tomura Shigaraki Villain\u2019s Edition My Hero Academia Nendoroid"},"content":{"rendered":"<p><strong>Tomura Shigaraki Villain\u2019s Edition My Hero Academia Nendoroid<\/strong><\/p>\n<ul>\n<li>De la popular serie de anime &#8220;My Hero Academia&#8221; llega una nueva versi\u00f3n del Nendoroid de Tomura Shigaraki, el l\u00edder de la Liga de Villanos.Despu\u00e9s de toda esta espera, aparece el heroico pedazo de basura.<\/li>\n<li>Las numerosas partes de la mano que cubren su cuerpo son todas removibles.<\/li>\n<li>Viene con dos expresiones faciales que incluyen su expresi\u00f3n est\u00e1ndar de desd\u00e9n y una expresi\u00f3n enloquecida escalofriante.<\/li>\n<li>Se incluyen partes de mano especiales para mostrarlo usando su Quirk &#8216;Decay&#8217; junto con partes de cabello frontales intercambiables, lo que le permite recrear todo tipo de escenas y situaciones.<\/li>\n<li>\u00a1Aseg\u00farate de agregarlo a tu colecci\u00f3n!<\/li>\n<\/ul>\n<p>&nbsp;<\/p>\n<p>&nbsp;<\/p>\n","protected":false},"excerpt":{"rendered":"<p><strong>Tomura Shigaraki Villain\u2019s Edition My Hero Academia Nendoroid<\/strong><\/p>\n<p>De la popular serie de anime &#8220;My Hero Academia&#8221; llega una nueva versi\u00f3n del Nendoroid de Tomura Shigaraki, el l\u00edder de la Liga de Villanos.Despu\u00e9s de toda esta espera, aparece el heroico pedazo de basura.<\/p>\n","protected":false},"featured_media":77874,"template":"","meta":{"_acf_changed":false,"_kad_blocks_custom_css":"","_kad_blocks_head_custom_js":"","_kad_blocks_body_custom_js":"","_kad_blocks_footer_custom_js":""},"product_cat":[1390],"product_tag":[],"class_list":{"0":"post-77898","1":"product","2":"type-product","3":"status-publish","4":"has-post-thumbnail","6":"product_cat-figures","7":"pa_brand-good-smile-company-en","8":"pa_character-tomura-shigaraki-en","9":"pa_license-my-hero-academia-en","10":"pa_product-type-figure","11":"pa_theme-nendoroid-en","13":"first","14":"outofstock","15":"taxable","16":"shipping-taxable","17":"purchasable","18":"product-type-simple"},"acf":[],"yoast_head":"<!-- This site is optimized with the Yoast SEO plugin v26.1.1 - https:\/\/yoast.com\/wordpress\/plugins\/seo\/ -->\n<title>Tomura Shigaraki Villain\u2019s Edition My Hero Academia Nendoroid - EndormoonStore<\/title>\n<meta name=\"robots\" content=\"index, follow, max-snippet:-1, max-image-preview:large, max-video-preview:-1\" \/>\n<link rel=\"canonical\" href=\"https:\/\/endormoonstore.com\/en\/tomura-shigaraki-villains-edition-my-hero-academia-nendoroid\/\" \/>\n<meta property=\"og:locale\" content=\"en_US\" \/>\n<meta property=\"og:type\" content=\"article\" \/>\n<meta property=\"og:title\" content=\"Tomura Shigaraki Villain\u2019s Edition My Hero Academia Nendoroid - EndormoonStore\" \/>\n<meta property=\"og:description\" content=\"Tomura Shigaraki Villain\u2019s Edition My Hero Academia Nendoroid  De la popular serie de anime &quot;My Hero Academia&quot; llega una nueva versi\u00f3n del Nendoroid de Tomura Shigaraki, el l\u00edder de la Liga de Villanos.Despu\u00e9s de toda esta espera, aparece el heroico pedazo de basura.\" \/>\n<meta property=\"og:url\" content=\"https:\/\/endormoonstore.com\/en\/tomura-shigaraki-villains-edition-my-hero-academia-nendoroid\/\" \/>\n<meta property=\"og:site_name\" content=\"EndormoonStore\" \/>\n<meta property=\"article:modified_time\" content=\"2023-05-20T20:39:02+00:00\" \/>\n<meta property=\"og:image\" content=\"https:\/\/endormoonstore.com\/wp-content\/uploads\/2019\/07\/tomura_shigaraki_ed._villano_figura_10_cm_my_hero_academia_nendoroid-1.jpg\" \/>\n\t<meta property=\"og:image:width\" content=\"600\" \/>\n\t<meta property=\"og:image:height\" content=\"800\" \/>\n\t<meta property=\"og:image:type\" content=\"image\/jpeg\" \/>\n<meta name=\"twitter:card\" content=\"summary_large_image\" \/>\n<meta name=\"twitter:label1\" content=\"Est. reading time\" \/>\n\t<meta name=\"twitter:data1\" content=\"1 minute\" \/>\n<script type=\"application\/ld+json\" class=\"yoast-schema-graph\">{\"@context\":\"https:\/\/schema.org\",\"@graph\":[{\"@type\":\"WebPage\",\"@id\":\"https:\/\/endormoonstore.com\/en\/tomura-shigaraki-villains-edition-my-hero-academia-nendoroid\/\",\"url\":\"https:\/\/endormoonstore.com\/en\/tomura-shigaraki-villains-edition-my-hero-academia-nendoroid\/\",\"name\":\"Tomura Shigaraki Villain\u2019s Edition My Hero Academia Nendoroid - EndormoonStore\",\"isPartOf\":{\"@id\":\"https:\/\/endormoonstore.com\/#website\"},\"primaryImageOfPage\":{\"@id\":\"https:\/\/endormoonstore.com\/en\/tomura-shigaraki-villains-edition-my-hero-academia-nendoroid\/#primaryimage\"},\"image\":{\"@id\":\"https:\/\/endormoonstore.com\/en\/tomura-shigaraki-villains-edition-my-hero-academia-nendoroid\/#primaryimage\"},\"thumbnailUrl\":\"https:\/\/endormoonstore.com\/wp-content\/uploads\/2019\/07\/tomura_shigaraki_ed._villano_figura_10_cm_my_hero_academia_nendoroid-1.jpg\",\"datePublished\":\"2022-08-16T19:19:32+00:00\",\"dateModified\":\"2023-05-20T20:39:02+00:00\",\"breadcrumb\":{\"@id\":\"https:\/\/endormoonstore.com\/en\/tomura-shigaraki-villains-edition-my-hero-academia-nendoroid\/#breadcrumb\"},\"inLanguage\":\"en-US\",\"potentialAction\":[{\"@type\":\"ReadAction\",\"target\":[\"https:\/\/endormoonstore.com\/en\/tomura-shigaraki-villains-edition-my-hero-academia-nendoroid\/\"]}]},{\"@type\":\"ImageObject\",\"inLanguage\":\"en-US\",\"@id\":\"https:\/\/endormoonstore.com\/en\/tomura-shigaraki-villains-edition-my-hero-academia-nendoroid\/#primaryimage\",\"url\":\"https:\/\/endormoonstore.com\/wp-content\/uploads\/2019\/07\/tomura_shigaraki_ed._villano_figura_10_cm_my_hero_academia_nendoroid-1.jpg\",\"contentUrl\":\"https:\/\/endormoonstore.com\/wp-content\/uploads\/2019\/07\/tomura_shigaraki_ed._villano_figura_10_cm_my_hero_academia_nendoroid-1.jpg\",\"width\":600,\"height\":800},{\"@type\":\"BreadcrumbList\",\"@id\":\"https:\/\/endormoonstore.com\/en\/tomura-shigaraki-villains-edition-my-hero-academia-nendoroid\/#breadcrumb\",\"itemListElement\":[{\"@type\":\"ListItem\",\"position\":1,\"name\":\"Shop\",\"item\":\"https:\/\/endormoonstore.com\/en\/shop\/\"},{\"@type\":\"ListItem\",\"position\":2,\"name\":\"Tomura Shigaraki Villain\u2019s Edition My Hero Academia Nendoroid\"}]},{\"@type\":\"WebSite\",\"@id\":\"https:\/\/endormoonstore.com\/#website\",\"url\":\"https:\/\/endormoonstore.com\/\",\"name\":\"EndormoonStore\",\"description\":\"\",\"potentialAction\":[{\"@type\":\"SearchAction\",\"target\":{\"@type\":\"EntryPoint\",\"urlTemplate\":\"https:\/\/endormoonstore.com\/?s={search_term_string}\"},\"query-input\":{\"@type\":\"PropertyValueSpecification\",\"valueRequired\":true,\"valueName\":\"search_term_string\"}}],\"inLanguage\":\"en-US\"}]}<\/script>\n<!-- \/ Yoast SEO plugin. -->","yoast_head_json":{"title":"Tomura Shigaraki Villain\u2019s Edition My Hero Academia Nendoroid - EndormoonStore","robots":{"index":"index","follow":"follow","max-snippet":"max-snippet:-1","max-image-preview":"max-image-preview:large","max-video-preview":"max-video-preview:-1"},"canonical":"https:\/\/endormoonstore.com\/en\/tomura-shigaraki-villains-edition-my-hero-academia-nendoroid\/","og_locale":"en_US","og_type":"article","og_title":"Tomura Shigaraki Villain\u2019s Edition My Hero Academia Nendoroid - EndormoonStore","og_description":"Tomura Shigaraki Villain\u2019s Edition My Hero Academia Nendoroid  De la popular serie de anime \"My Hero Academia\" llega una nueva versi\u00f3n del Nendoroid de Tomura Shigaraki, el l\u00edder de la Liga de Villanos.Despu\u00e9s de toda esta espera, aparece el heroico pedazo de basura.","og_url":"https:\/\/endormoonstore.com\/en\/tomura-shigaraki-villains-edition-my-hero-academia-nendoroid\/","og_site_name":"EndormoonStore","article_modified_time":"2023-05-20T20:39:02+00:00","og_image":[{"width":600,"height":800,"url":"https:\/\/endormoonstore.com\/wp-content\/uploads\/2019\/07\/tomura_shigaraki_ed._villano_figura_10_cm_my_hero_academia_nendoroid-1.jpg","type":"image\/jpeg"}],"twitter_card":"summary_large_image","twitter_misc":{"Est. reading time":"1 minute"},"schema":{"@context":"https:\/\/schema.org","@graph":[{"@type":"WebPage","@id":"https:\/\/endormoonstore.com\/en\/tomura-shigaraki-villains-edition-my-hero-academia-nendoroid\/","url":"https:\/\/endormoonstore.com\/en\/tomura-shigaraki-villains-edition-my-hero-academia-nendoroid\/","name":"Tomura Shigaraki Villain\u2019s Edition My Hero Academia Nendoroid - EndormoonStore","isPartOf":{"@id":"https:\/\/endormoonstore.com\/#website"},"primaryImageOfPage":{"@id":"https:\/\/endormoonstore.com\/en\/tomura-shigaraki-villains-edition-my-hero-academia-nendoroid\/#primaryimage"},"image":{"@id":"https:\/\/endormoonstore.com\/en\/tomura-shigaraki-villains-edition-my-hero-academia-nendoroid\/#primaryimage"},"thumbnailUrl":"https:\/\/endormoonstore.com\/wp-content\/uploads\/2019\/07\/tomura_shigaraki_ed._villano_figura_10_cm_my_hero_academia_nendoroid-1.jpg","datePublished":"2022-08-16T19:19:32+00:00","dateModified":"2023-05-20T20:39:02+00:00","breadcrumb":{"@id":"https:\/\/endormoonstore.com\/en\/tomura-shigaraki-villains-edition-my-hero-academia-nendoroid\/#breadcrumb"},"inLanguage":"en-US","potentialAction":[{"@type":"ReadAction","target":["https:\/\/endormoonstore.com\/en\/tomura-shigaraki-villains-edition-my-hero-academia-nendoroid\/"]}]},{"@type":"ImageObject","inLanguage":"en-US","@id":"https:\/\/endormoonstore.com\/en\/tomura-shigaraki-villains-edition-my-hero-academia-nendoroid\/#primaryimage","url":"https:\/\/endormoonstore.com\/wp-content\/uploads\/2019\/07\/tomura_shigaraki_ed._villano_figura_10_cm_my_hero_academia_nendoroid-1.jpg","contentUrl":"https:\/\/endormoonstore.com\/wp-content\/uploads\/2019\/07\/tomura_shigaraki_ed._villano_figura_10_cm_my_hero_academia_nendoroid-1.jpg","width":600,"height":800},{"@type":"BreadcrumbList","@id":"https:\/\/endormoonstore.com\/en\/tomura-shigaraki-villains-edition-my-hero-academia-nendoroid\/#breadcrumb","itemListElement":[{"@type":"ListItem","position":1,"name":"Shop","item":"https:\/\/endormoonstore.com\/en\/shop\/"},{"@type":"ListItem","position":2,"name":"Tomura Shigaraki Villain\u2019s Edition My Hero Academia Nendoroid"}]},{"@type":"WebSite","@id":"https:\/\/endormoonstore.com\/#website","url":"https:\/\/endormoonstore.com\/","name":"EndormoonStore","description":"","potentialAction":[{"@type":"SearchAction","target":{"@type":"EntryPoint","urlTemplate":"https:\/\/endormoonstore.com\/?s={search_term_string}"},"query-input":{"@type":"PropertyValueSpecification","valueRequired":true,"valueName":"search_term_string"}}],"inLanguage":"en-US"}]}},"taxonomy_info":{"product_cat":[{"value":1390,"label":"Figures"}],"pa_brand":[{"value":2081,"label":"Good Smile Company"}],"pa_character":[{"value":5554,"label":"Tomura Shigaraki"}],"pa_license":[{"value":4217,"label":"My Hero Academia"}],"pa_product-type":[{"value":2387,"label":"Figure"}],"pa_theme":[{"value":1861,"label":"Nendoroid"}]},"featured_image_src_large":["https:\/\/endormoonstore.com\/wp-content\/uploads\/2019\/07\/tomura_shigaraki_ed._villano_figura_10_cm_my_hero_academia_nendoroid-1.jpg",600,800,false],"author_info":[],"comment_info":"","_links":{"self":[{"href":"https:\/\/endormoonstore.com\/en\/wp-json\/wp\/v2\/product\/77898","targetHints":{"allow":["GET"]}}],"collection":[{"href":"https:\/\/endormoonstore.com\/en\/wp-json\/wp\/v2\/product"}],"about":[{"href":"https:\/\/endormoonstore.com\/en\/wp-json\/wp\/v2\/types\/product"}],"wp:featuredmedia":[{"embeddable":true,"href":"https:\/\/endormoonstore.com\/en\/wp-json\/wp\/v2\/media\/77874"}],"wp:attachment":[{"href":"https:\/\/endormoonstore.com\/en\/wp-json\/wp\/v2\/media?parent=77898"}],"wp:term":[{"taxonomy":"product_cat","embeddable":true,"href":"https:\/\/endormoonstore.com\/en\/wp-json\/wp\/v2\/product_cat?post=77898"},{"taxonomy":"product_tag","embeddable":true,"href":"https:\/\/endormoonstore.com\/en\/wp-json\/wp\/v2\/product_tag?post=77898"}],"curies":[{"name":"wp","href":"https:\/\/api.w.org\/{rel}","templated":true}]}}