{"id":77802,"date":"2019-07-19T08:34:02","date_gmt":"2019-07-19T06:34:02","guid":{"rendered":"https:\/\/endormoonstore.com\/garo-one-punch-man-super-movable-edition-nendoroid\/"},"modified":"2021-04-03T21:43:12","modified_gmt":"2021-04-03T19:43:12","slug":"garo-one-punch-man-super-movable-edition-nendoroid","status":"publish","type":"product","link":"https:\/\/endormoonstore.com\/en\/garo-one-punch-man-super-movable-edition-nendoroid\/","title":{"rendered":"Garo One Punch Man Super Movable Edition Nendoroid"},"content":{"rendered":"<p><strong>Garo One Punch Man Super Movable Edition Nendoroid Figura 10 cm<\/strong><\/p>\n<ul>\n<li>Good Smile Company presenta esta figura Nendoroid del anime &#8220;One Punch Man&#8221;, el manga revelaci\u00f3n que est\u00e1 arrasando en Jap\u00f3n y en nuestro pa\u00eds.<\/li>\n<li>Esta figura articulada de PVC de Garo, el cazador de h\u00e9roes que pretende ser el monstruo m\u00e1s fuerte del mundo.<\/li>\n<li>Mide unos 10 cm de alto e incluye complementos para personalizarla como m\u00e1s te guste.<\/li>\n<li>Viene 2x Expresiones faciales, partes de efecto y una base soporte para exposici\u00f3n.<\/li>\n<\/ul>\n<p>&nbsp;<\/p>\n","protected":false},"excerpt":{"rendered":"<p><strong>Garo One Punch Man Super Movable Edition Nendoroid Figura 10 cm<\/strong><\/p>\n<p>Good Smile Company presenta esta figura Nendoroid del anime &#8220;One Punch Man&#8221;, el manga revelaci\u00f3n que est\u00e1 arrasando en Jap\u00f3n y en nuestro pa\u00eds.<\/p>\n","protected":false},"featured_media":77782,"template":"","meta":{"_acf_changed":false,"_kad_blocks_custom_css":"","_kad_blocks_head_custom_js":"","_kad_blocks_body_custom_js":"","_kad_blocks_footer_custom_js":""},"product_cat":[1390],"product_tag":[],"class_list":{"0":"post-77802","1":"product","2":"type-product","3":"status-publish","4":"has-post-thumbnail","6":"product_cat-figures","7":"pa_brand-good-smile-company-en","8":"pa_character-garo-en","9":"pa_license-one-punch-man-en","10":"pa_product-type-figure","11":"pa_theme-nendoroid-en","13":"first","14":"instock","15":"sale","16":"taxable","17":"shipping-taxable","18":"purchasable","19":"product-type-simple"},"acf":[],"yoast_head":"<!-- This site is optimized with the Yoast SEO plugin v26.1.1 - https:\/\/yoast.com\/wordpress\/plugins\/seo\/ -->\n<title>Garo One Punch Man Super Movable Edition Nendoroid - EndormoonStore<\/title>\n<meta name=\"robots\" content=\"index, follow, max-snippet:-1, max-image-preview:large, max-video-preview:-1\" \/>\n<link rel=\"canonical\" href=\"https:\/\/endormoonstore.com\/en\/garo-one-punch-man-super-movable-edition-nendoroid\/\" \/>\n<meta property=\"og:locale\" content=\"en_US\" \/>\n<meta property=\"og:type\" content=\"article\" \/>\n<meta property=\"og:title\" content=\"Garo One Punch Man Super Movable Edition Nendoroid - EndormoonStore\" \/>\n<meta property=\"og:description\" content=\"Garo One Punch Man Super Movable Edition Nendoroid Figura 10 cm  Good Smile Company presenta esta figura Nendoroid del anime &quot;One Punch Man&quot;, el manga revelaci\u00f3n que est\u00e1 arrasando en Jap\u00f3n y en nuestro pa\u00eds.\" \/>\n<meta property=\"og:url\" content=\"https:\/\/endormoonstore.com\/en\/garo-one-punch-man-super-movable-edition-nendoroid\/\" \/>\n<meta property=\"og:site_name\" content=\"EndormoonStore\" \/>\n<meta property=\"article:modified_time\" content=\"2021-04-03T19:43:12+00:00\" \/>\n<meta property=\"og:image\" content=\"https:\/\/endormoonstore.com\/wp-content\/uploads\/2019\/07\/garo_figura_10_cm_one_punch_man_super_movable_edition_nendoroid-1.jpg\" \/>\n\t<meta property=\"og:image:width\" content=\"600\" \/>\n\t<meta property=\"og:image:height\" content=\"800\" \/>\n\t<meta property=\"og:image:type\" content=\"image\/jpeg\" \/>\n<meta name=\"twitter:card\" content=\"summary_large_image\" \/>\n<script type=\"application\/ld+json\" class=\"yoast-schema-graph\">{\"@context\":\"https:\/\/schema.org\",\"@graph\":[{\"@type\":\"WebPage\",\"@id\":\"https:\/\/endormoonstore.com\/en\/garo-one-punch-man-super-movable-edition-nendoroid\/\",\"url\":\"https:\/\/endormoonstore.com\/en\/garo-one-punch-man-super-movable-edition-nendoroid\/\",\"name\":\"Garo One Punch Man Super Movable Edition Nendoroid - EndormoonStore\",\"isPartOf\":{\"@id\":\"https:\/\/endormoonstore.com\/#website\"},\"primaryImageOfPage\":{\"@id\":\"https:\/\/endormoonstore.com\/en\/garo-one-punch-man-super-movable-edition-nendoroid\/#primaryimage\"},\"image\":{\"@id\":\"https:\/\/endormoonstore.com\/en\/garo-one-punch-man-super-movable-edition-nendoroid\/#primaryimage\"},\"thumbnailUrl\":\"https:\/\/endormoonstore.com\/wp-content\/uploads\/2019\/07\/garo_figura_10_cm_one_punch_man_super_movable_edition_nendoroid-1.jpg\",\"datePublished\":\"2019-07-19T06:34:02+00:00\",\"dateModified\":\"2021-04-03T19:43:12+00:00\",\"breadcrumb\":{\"@id\":\"https:\/\/endormoonstore.com\/en\/garo-one-punch-man-super-movable-edition-nendoroid\/#breadcrumb\"},\"inLanguage\":\"en-US\",\"potentialAction\":[{\"@type\":\"ReadAction\",\"target\":[\"https:\/\/endormoonstore.com\/en\/garo-one-punch-man-super-movable-edition-nendoroid\/\"]}]},{\"@type\":\"ImageObject\",\"inLanguage\":\"en-US\",\"@id\":\"https:\/\/endormoonstore.com\/en\/garo-one-punch-man-super-movable-edition-nendoroid\/#primaryimage\",\"url\":\"https:\/\/endormoonstore.com\/wp-content\/uploads\/2019\/07\/garo_figura_10_cm_one_punch_man_super_movable_edition_nendoroid-1.jpg\",\"contentUrl\":\"https:\/\/endormoonstore.com\/wp-content\/uploads\/2019\/07\/garo_figura_10_cm_one_punch_man_super_movable_edition_nendoroid-1.jpg\",\"width\":600,\"height\":800},{\"@type\":\"BreadcrumbList\",\"@id\":\"https:\/\/endormoonstore.com\/en\/garo-one-punch-man-super-movable-edition-nendoroid\/#breadcrumb\",\"itemListElement\":[{\"@type\":\"ListItem\",\"position\":1,\"name\":\"Shop\",\"item\":\"https:\/\/endormoonstore.com\/en\/shop\/\"},{\"@type\":\"ListItem\",\"position\":2,\"name\":\"Garo One Punch Man Super Movable Edition Nendoroid\"}]},{\"@type\":\"WebSite\",\"@id\":\"https:\/\/endormoonstore.com\/#website\",\"url\":\"https:\/\/endormoonstore.com\/\",\"name\":\"EndormoonStore\",\"description\":\"\",\"potentialAction\":[{\"@type\":\"SearchAction\",\"target\":{\"@type\":\"EntryPoint\",\"urlTemplate\":\"https:\/\/endormoonstore.com\/?s={search_term_string}\"},\"query-input\":{\"@type\":\"PropertyValueSpecification\",\"valueRequired\":true,\"valueName\":\"search_term_string\"}}],\"inLanguage\":\"en-US\"}]}<\/script>\n<!-- \/ Yoast SEO plugin. -->","yoast_head_json":{"title":"Garo One Punch Man Super Movable Edition Nendoroid - EndormoonStore","robots":{"index":"index","follow":"follow","max-snippet":"max-snippet:-1","max-image-preview":"max-image-preview:large","max-video-preview":"max-video-preview:-1"},"canonical":"https:\/\/endormoonstore.com\/en\/garo-one-punch-man-super-movable-edition-nendoroid\/","og_locale":"en_US","og_type":"article","og_title":"Garo One Punch Man Super Movable Edition Nendoroid - EndormoonStore","og_description":"Garo One Punch Man Super Movable Edition Nendoroid Figura 10 cm  Good Smile Company presenta esta figura Nendoroid del anime \"One Punch Man\", el manga revelaci\u00f3n que est\u00e1 arrasando en Jap\u00f3n y en nuestro pa\u00eds.","og_url":"https:\/\/endormoonstore.com\/en\/garo-one-punch-man-super-movable-edition-nendoroid\/","og_site_name":"EndormoonStore","article_modified_time":"2021-04-03T19:43:12+00:00","og_image":[{"width":600,"height":800,"url":"https:\/\/endormoonstore.com\/wp-content\/uploads\/2019\/07\/garo_figura_10_cm_one_punch_man_super_movable_edition_nendoroid-1.jpg","type":"image\/jpeg"}],"twitter_card":"summary_large_image","schema":{"@context":"https:\/\/schema.org","@graph":[{"@type":"WebPage","@id":"https:\/\/endormoonstore.com\/en\/garo-one-punch-man-super-movable-edition-nendoroid\/","url":"https:\/\/endormoonstore.com\/en\/garo-one-punch-man-super-movable-edition-nendoroid\/","name":"Garo One Punch Man Super Movable Edition Nendoroid - EndormoonStore","isPartOf":{"@id":"https:\/\/endormoonstore.com\/#website"},"primaryImageOfPage":{"@id":"https:\/\/endormoonstore.com\/en\/garo-one-punch-man-super-movable-edition-nendoroid\/#primaryimage"},"image":{"@id":"https:\/\/endormoonstore.com\/en\/garo-one-punch-man-super-movable-edition-nendoroid\/#primaryimage"},"thumbnailUrl":"https:\/\/endormoonstore.com\/wp-content\/uploads\/2019\/07\/garo_figura_10_cm_one_punch_man_super_movable_edition_nendoroid-1.jpg","datePublished":"2019-07-19T06:34:02+00:00","dateModified":"2021-04-03T19:43:12+00:00","breadcrumb":{"@id":"https:\/\/endormoonstore.com\/en\/garo-one-punch-man-super-movable-edition-nendoroid\/#breadcrumb"},"inLanguage":"en-US","potentialAction":[{"@type":"ReadAction","target":["https:\/\/endormoonstore.com\/en\/garo-one-punch-man-super-movable-edition-nendoroid\/"]}]},{"@type":"ImageObject","inLanguage":"en-US","@id":"https:\/\/endormoonstore.com\/en\/garo-one-punch-man-super-movable-edition-nendoroid\/#primaryimage","url":"https:\/\/endormoonstore.com\/wp-content\/uploads\/2019\/07\/garo_figura_10_cm_one_punch_man_super_movable_edition_nendoroid-1.jpg","contentUrl":"https:\/\/endormoonstore.com\/wp-content\/uploads\/2019\/07\/garo_figura_10_cm_one_punch_man_super_movable_edition_nendoroid-1.jpg","width":600,"height":800},{"@type":"BreadcrumbList","@id":"https:\/\/endormoonstore.com\/en\/garo-one-punch-man-super-movable-edition-nendoroid\/#breadcrumb","itemListElement":[{"@type":"ListItem","position":1,"name":"Shop","item":"https:\/\/endormoonstore.com\/en\/shop\/"},{"@type":"ListItem","position":2,"name":"Garo One Punch Man Super Movable Edition Nendoroid"}]},{"@type":"WebSite","@id":"https:\/\/endormoonstore.com\/#website","url":"https:\/\/endormoonstore.com\/","name":"EndormoonStore","description":"","potentialAction":[{"@type":"SearchAction","target":{"@type":"EntryPoint","urlTemplate":"https:\/\/endormoonstore.com\/?s={search_term_string}"},"query-input":{"@type":"PropertyValueSpecification","valueRequired":true,"valueName":"search_term_string"}}],"inLanguage":"en-US"}]}},"taxonomy_info":{"product_cat":[{"value":1390,"label":"Figures"}],"pa_brand":[{"value":2081,"label":"Good Smile Company"}],"pa_character":[{"value":5662,"label":"Garo"}],"pa_license":[{"value":5656,"label":"One Punch Man"}],"pa_product-type":[{"value":2387,"label":"Figure"}],"pa_theme":[{"value":1861,"label":"Nendoroid"}]},"featured_image_src_large":["https:\/\/endormoonstore.com\/wp-content\/uploads\/2019\/07\/garo_figura_10_cm_one_punch_man_super_movable_edition_nendoroid-1.jpg",600,800,false],"author_info":[],"comment_info":"","_links":{"self":[{"href":"https:\/\/endormoonstore.com\/en\/wp-json\/wp\/v2\/product\/77802","targetHints":{"allow":["GET"]}}],"collection":[{"href":"https:\/\/endormoonstore.com\/en\/wp-json\/wp\/v2\/product"}],"about":[{"href":"https:\/\/endormoonstore.com\/en\/wp-json\/wp\/v2\/types\/product"}],"wp:featuredmedia":[{"embeddable":true,"href":"https:\/\/endormoonstore.com\/en\/wp-json\/wp\/v2\/media\/77782"}],"wp:attachment":[{"href":"https:\/\/endormoonstore.com\/en\/wp-json\/wp\/v2\/media?parent=77802"}],"wp:term":[{"taxonomy":"product_cat","embeddable":true,"href":"https:\/\/endormoonstore.com\/en\/wp-json\/wp\/v2\/product_cat?post=77802"},{"taxonomy":"product_tag","embeddable":true,"href":"https:\/\/endormoonstore.com\/en\/wp-json\/wp\/v2\/product_tag?post=77802"}],"curies":[{"name":"wp","href":"https:\/\/api.w.org\/{rel}","templated":true}]}}