{"id":76076,"date":"2019-05-29T19:20:17","date_gmt":"2019-05-29T17:20:17","guid":{"rendered":"https:\/\/endormoonstore.com\/pop-up-parade-saitama-hero-costume-ver-one-punch-man\/"},"modified":"2021-04-03T21:38:21","modified_gmt":"2021-04-03T19:38:21","slug":"pop-up-parade-saitama-hero-costume-ver-one-punch-man","status":"publish","type":"product","link":"https:\/\/endormoonstore.com\/en\/pop-up-parade-saitama-hero-costume-ver-one-punch-man\/","title":{"rendered":"Pop Up Parade Saitama Hero Costume Ver One Punch Man"},"content":{"rendered":"<p><strong>Pop Up Parade Saitama: Hero Costume Ver. One Punch Man Figura 18 Cm<\/strong><\/p>\n<ul>\n<li>Good Smile Company presenta esta figura de Saitama, para la colecci\u00f3n POP UP PARADE del anime &#8220;One Punch Man&#8221;, el manga revelaci\u00f3n que est\u00e1 arrasando en Jap\u00f3n y en nuestro pa\u00eds.<\/li>\n<li>Esta figura de PVC mide unos 18 cm de alto e incluye complementos para personalizarla como m\u00e1s te guste.<\/li>\n<li>adem\u00e1s de una base soporte para exposici\u00f3n.<\/li>\n<\/ul>\n<p>&nbsp;<\/p>\n","protected":false},"excerpt":{"rendered":"<p><strong>Pop Up Parade Saitama: Hero Costume Ver. One Punch Man Figura 18 Cm<\/strong><\/p>\n<p>Good Smile Company presenta esta figura de Saitama, para la colecci\u00f3n POP UP PARADE del anime &#8220;One Punch Man&#8221;, el manga revelaci\u00f3n que est\u00e1 arrasando en Jap\u00f3n y en nuestro pa\u00eds.<\/p>\n","protected":false},"featured_media":76044,"template":"","meta":{"_acf_changed":false,"_kad_blocks_custom_css":"","_kad_blocks_head_custom_js":"","_kad_blocks_body_custom_js":"","_kad_blocks_footer_custom_js":""},"product_cat":[1390],"product_tag":[],"class_list":{"0":"post-76076","1":"product","2":"type-product","3":"status-publish","4":"has-post-thumbnail","6":"product_cat-figures","7":"pa_brand-good-smile-company-en","8":"pa_character-saitama-en","9":"pa_license-one-punch-man-en","10":"pa_product-type-figure","11":"pa_theme-pop-up-parade-en","13":"first","14":"outofstock","15":"taxable","16":"shipping-taxable","17":"purchasable","18":"product-type-simple"},"acf":[],"yoast_head":"<!-- This site is optimized with the Yoast SEO plugin v26.1.1 - https:\/\/yoast.com\/wordpress\/plugins\/seo\/ -->\n<title>Pop Up Parade Saitama Hero Costume Ver One Punch Man - EndormoonStore<\/title>\n<meta name=\"robots\" content=\"index, follow, max-snippet:-1, max-image-preview:large, max-video-preview:-1\" \/>\n<link rel=\"canonical\" href=\"https:\/\/endormoonstore.com\/pop-up-parade-saitama-hero-costume-ver-one-punch-man\/\" \/>\n<meta property=\"og:locale\" content=\"en_US\" \/>\n<meta property=\"og:type\" content=\"article\" \/>\n<meta property=\"og:title\" content=\"Pop Up Parade Saitama Hero Costume Ver One Punch Man - EndormoonStore\" \/>\n<meta property=\"og:description\" content=\"Pop Up Parade Saitama: Hero Costume Ver. One Punch Man Figura 18 Cm  Good Smile Company presenta esta figura de Saitama, para la colecci\u00f3n POP UP PARADE del anime &quot;One Punch Man&quot;, el manga revelaci\u00f3n que est\u00e1 arrasando en Jap\u00f3n y en nuestro pa\u00eds.\" \/>\n<meta property=\"og:url\" content=\"https:\/\/endormoonstore.com\/pop-up-parade-saitama-hero-costume-ver-one-punch-man\/\" \/>\n<meta property=\"og:site_name\" content=\"EndormoonStore\" \/>\n<meta property=\"article:modified_time\" content=\"2021-04-03T19:38:21+00:00\" \/>\n<meta property=\"og:image\" content=\"https:\/\/endormoonstore.com\/wp-content\/uploads\/2019\/05\/saitama_ver._traje_heroe_figura_18_cm_one_punch_man_pop_up_parade-1.jpg\" \/>\n\t<meta property=\"og:image:width\" content=\"650\" \/>\n\t<meta property=\"og:image:height\" content=\"750\" \/>\n\t<meta property=\"og:image:type\" content=\"image\/jpeg\" \/>\n<meta name=\"twitter:card\" content=\"summary_large_image\" \/>\n<script type=\"application\/ld+json\" class=\"yoast-schema-graph\">{\"@context\":\"https:\/\/schema.org\",\"@graph\":[{\"@type\":\"WebPage\",\"@id\":\"https:\/\/endormoonstore.com\/pop-up-parade-saitama-hero-costume-ver-one-punch-man\/\",\"url\":\"https:\/\/endormoonstore.com\/pop-up-parade-saitama-hero-costume-ver-one-punch-man\/\",\"name\":\"Pop Up Parade Saitama Hero Costume Ver One Punch Man - EndormoonStore\",\"isPartOf\":{\"@id\":\"https:\/\/endormoonstore.com\/#website\"},\"primaryImageOfPage\":{\"@id\":\"https:\/\/endormoonstore.com\/pop-up-parade-saitama-hero-costume-ver-one-punch-man\/#primaryimage\"},\"image\":{\"@id\":\"https:\/\/endormoonstore.com\/pop-up-parade-saitama-hero-costume-ver-one-punch-man\/#primaryimage\"},\"thumbnailUrl\":\"https:\/\/endormoonstore.com\/wp-content\/uploads\/2019\/05\/saitama_ver._traje_heroe_figura_18_cm_one_punch_man_pop_up_parade-1.jpg\",\"datePublished\":\"2019-05-29T17:20:17+00:00\",\"dateModified\":\"2021-04-03T19:38:21+00:00\",\"breadcrumb\":{\"@id\":\"https:\/\/endormoonstore.com\/pop-up-parade-saitama-hero-costume-ver-one-punch-man\/#breadcrumb\"},\"inLanguage\":\"en-US\",\"potentialAction\":[{\"@type\":\"ReadAction\",\"target\":[\"https:\/\/endormoonstore.com\/pop-up-parade-saitama-hero-costume-ver-one-punch-man\/\"]}]},{\"@type\":\"ImageObject\",\"inLanguage\":\"en-US\",\"@id\":\"https:\/\/endormoonstore.com\/pop-up-parade-saitama-hero-costume-ver-one-punch-man\/#primaryimage\",\"url\":\"https:\/\/endormoonstore.com\/wp-content\/uploads\/2019\/05\/saitama_ver._traje_heroe_figura_18_cm_one_punch_man_pop_up_parade-1.jpg\",\"contentUrl\":\"https:\/\/endormoonstore.com\/wp-content\/uploads\/2019\/05\/saitama_ver._traje_heroe_figura_18_cm_one_punch_man_pop_up_parade-1.jpg\",\"width\":650,\"height\":750},{\"@type\":\"BreadcrumbList\",\"@id\":\"https:\/\/endormoonstore.com\/pop-up-parade-saitama-hero-costume-ver-one-punch-man\/#breadcrumb\",\"itemListElement\":[{\"@type\":\"ListItem\",\"position\":1,\"name\":\"Shop\",\"item\":\"https:\/\/endormoonstore.com\/en\/shop\/\"},{\"@type\":\"ListItem\",\"position\":2,\"name\":\"Pop Up Parade Saitama Hero Costume Ver One Punch Man\"}]},{\"@type\":\"WebSite\",\"@id\":\"https:\/\/endormoonstore.com\/#website\",\"url\":\"https:\/\/endormoonstore.com\/\",\"name\":\"EndormoonStore\",\"description\":\"\",\"potentialAction\":[{\"@type\":\"SearchAction\",\"target\":{\"@type\":\"EntryPoint\",\"urlTemplate\":\"https:\/\/endormoonstore.com\/?s={search_term_string}\"},\"query-input\":{\"@type\":\"PropertyValueSpecification\",\"valueRequired\":true,\"valueName\":\"search_term_string\"}}],\"inLanguage\":\"en-US\"}]}<\/script>\n<!-- \/ Yoast SEO plugin. -->","yoast_head_json":{"title":"Pop Up Parade Saitama Hero Costume Ver One Punch Man - EndormoonStore","robots":{"index":"index","follow":"follow","max-snippet":"max-snippet:-1","max-image-preview":"max-image-preview:large","max-video-preview":"max-video-preview:-1"},"canonical":"https:\/\/endormoonstore.com\/pop-up-parade-saitama-hero-costume-ver-one-punch-man\/","og_locale":"en_US","og_type":"article","og_title":"Pop Up Parade Saitama Hero Costume Ver One Punch Man - EndormoonStore","og_description":"Pop Up Parade Saitama: Hero Costume Ver. One Punch Man Figura 18 Cm  Good Smile Company presenta esta figura de Saitama, para la colecci\u00f3n POP UP PARADE del anime \"One Punch Man\", el manga revelaci\u00f3n que est\u00e1 arrasando en Jap\u00f3n y en nuestro pa\u00eds.","og_url":"https:\/\/endormoonstore.com\/pop-up-parade-saitama-hero-costume-ver-one-punch-man\/","og_site_name":"EndormoonStore","article_modified_time":"2021-04-03T19:38:21+00:00","og_image":[{"width":650,"height":750,"url":"https:\/\/endormoonstore.com\/wp-content\/uploads\/2019\/05\/saitama_ver._traje_heroe_figura_18_cm_one_punch_man_pop_up_parade-1.jpg","type":"image\/jpeg"}],"twitter_card":"summary_large_image","schema":{"@context":"https:\/\/schema.org","@graph":[{"@type":"WebPage","@id":"https:\/\/endormoonstore.com\/pop-up-parade-saitama-hero-costume-ver-one-punch-man\/","url":"https:\/\/endormoonstore.com\/pop-up-parade-saitama-hero-costume-ver-one-punch-man\/","name":"Pop Up Parade Saitama Hero Costume Ver One Punch Man - EndormoonStore","isPartOf":{"@id":"https:\/\/endormoonstore.com\/#website"},"primaryImageOfPage":{"@id":"https:\/\/endormoonstore.com\/pop-up-parade-saitama-hero-costume-ver-one-punch-man\/#primaryimage"},"image":{"@id":"https:\/\/endormoonstore.com\/pop-up-parade-saitama-hero-costume-ver-one-punch-man\/#primaryimage"},"thumbnailUrl":"https:\/\/endormoonstore.com\/wp-content\/uploads\/2019\/05\/saitama_ver._traje_heroe_figura_18_cm_one_punch_man_pop_up_parade-1.jpg","datePublished":"2019-05-29T17:20:17+00:00","dateModified":"2021-04-03T19:38:21+00:00","breadcrumb":{"@id":"https:\/\/endormoonstore.com\/pop-up-parade-saitama-hero-costume-ver-one-punch-man\/#breadcrumb"},"inLanguage":"en-US","potentialAction":[{"@type":"ReadAction","target":["https:\/\/endormoonstore.com\/pop-up-parade-saitama-hero-costume-ver-one-punch-man\/"]}]},{"@type":"ImageObject","inLanguage":"en-US","@id":"https:\/\/endormoonstore.com\/pop-up-parade-saitama-hero-costume-ver-one-punch-man\/#primaryimage","url":"https:\/\/endormoonstore.com\/wp-content\/uploads\/2019\/05\/saitama_ver._traje_heroe_figura_18_cm_one_punch_man_pop_up_parade-1.jpg","contentUrl":"https:\/\/endormoonstore.com\/wp-content\/uploads\/2019\/05\/saitama_ver._traje_heroe_figura_18_cm_one_punch_man_pop_up_parade-1.jpg","width":650,"height":750},{"@type":"BreadcrumbList","@id":"https:\/\/endormoonstore.com\/pop-up-parade-saitama-hero-costume-ver-one-punch-man\/#breadcrumb","itemListElement":[{"@type":"ListItem","position":1,"name":"Shop","item":"https:\/\/endormoonstore.com\/en\/shop\/"},{"@type":"ListItem","position":2,"name":"Pop Up Parade Saitama Hero Costume Ver One Punch Man"}]},{"@type":"WebSite","@id":"https:\/\/endormoonstore.com\/#website","url":"https:\/\/endormoonstore.com\/","name":"EndormoonStore","description":"","potentialAction":[{"@type":"SearchAction","target":{"@type":"EntryPoint","urlTemplate":"https:\/\/endormoonstore.com\/?s={search_term_string}"},"query-input":{"@type":"PropertyValueSpecification","valueRequired":true,"valueName":"search_term_string"}}],"inLanguage":"en-US"}]}},"taxonomy_info":{"product_cat":[{"value":1390,"label":"Figures"}],"pa_brand":[{"value":2081,"label":"Good Smile Company"}],"pa_character":[{"value":5650,"label":"Saitama"}],"pa_license":[{"value":5656,"label":"One Punch Man"}],"pa_product-type":[{"value":2387,"label":"Figure"}],"pa_theme":[{"value":1939,"label":"Pop Up Parade"}]},"featured_image_src_large":["https:\/\/endormoonstore.com\/wp-content\/uploads\/2019\/05\/saitama_ver._traje_heroe_figura_18_cm_one_punch_man_pop_up_parade-1.jpg",650,750,false],"author_info":[],"comment_info":"","_links":{"self":[{"href":"https:\/\/endormoonstore.com\/en\/wp-json\/wp\/v2\/product\/76076","targetHints":{"allow":["GET"]}}],"collection":[{"href":"https:\/\/endormoonstore.com\/en\/wp-json\/wp\/v2\/product"}],"about":[{"href":"https:\/\/endormoonstore.com\/en\/wp-json\/wp\/v2\/types\/product"}],"wp:featuredmedia":[{"embeddable":true,"href":"https:\/\/endormoonstore.com\/en\/wp-json\/wp\/v2\/media\/76044"}],"wp:attachment":[{"href":"https:\/\/endormoonstore.com\/en\/wp-json\/wp\/v2\/media?parent=76076"}],"wp:term":[{"taxonomy":"product_cat","embeddable":true,"href":"https:\/\/endormoonstore.com\/en\/wp-json\/wp\/v2\/product_cat?post=76076"},{"taxonomy":"product_tag","embeddable":true,"href":"https:\/\/endormoonstore.com\/en\/wp-json\/wp\/v2\/product_tag?post=76076"}],"curies":[{"name":"wp","href":"https:\/\/api.w.org\/{rel}","templated":true}]}}