{"id":76042,"date":"2019-05-29T18:59:36","date_gmt":"2019-05-29T16:59:36","guid":{"rendered":"https:\/\/endormoonstore.com\/magneto-marvel-one-12-collective\/"},"modified":"2021-04-09T16:23:49","modified_gmt":"2021-04-09T14:23:49","slug":"magneto-marvel-one-12-collective","status":"publish","type":"product","link":"https:\/\/endormoonstore.com\/en\/magneto-marvel-one-12-collective\/","title":{"rendered":"Magneto Marvel One:12 Collective"},"content":{"rendered":"<p><strong>Magneto Marvel One:12 Collective Figura 16.5 cm<\/strong><\/p>\n<ul>\n<li>Mezco Toyz, dentro de su colecci\u00f3n de figuras The One:12 Collective presenta la figura de Magneto, conocido como Max Eisenhardt, basada en el Universo Marvel.<\/li>\n<li>La figura est\u00e1 dise\u00f1ada con un traje de tela ajustado con armadura en los hombros, guanteletes de mu\u00f1eca, cintur\u00f3n de trabajo y botas hasta las rodillas.<\/li>\n<li>La figura mide unos 16.5 cm de alto y cuenta con m\u00e1s de 30 puntos de articulaci\u00f3n.<\/li>\n<li>Viene con dos rostros intercambiables, una gama de efectos magn\u00e9ticos y 6 manos intercambiables.<\/li>\n<li>Los efectos de fuerza magn\u00e9tica incluyen imanes, capaces de sostener peque\u00f1os objetos de metal.<\/li>\n<\/ul>\n<p>&nbsp;<\/p>\n<p>&nbsp;<\/p>\n","protected":false},"excerpt":{"rendered":"<p><strong>Magneto Marvel One:12 Collective Figura 16.5 cm<\/strong><\/p>\n<p>Mezco Toyz, dentro de su colecci\u00f3n de figuras The One:12 Collective presenta la figura de Magneto, conocido como Max Eisenhardt, basada en el Universo Marvel.<\/p>\n","protected":false},"featured_media":75994,"template":"","meta":{"_acf_changed":false,"_kad_blocks_custom_css":"","_kad_blocks_head_custom_js":"","_kad_blocks_body_custom_js":"","_kad_blocks_footer_custom_js":""},"product_cat":[1390],"product_tag":[],"class_list":{"0":"post-76042","1":"product","2":"type-product","3":"status-publish","4":"has-post-thumbnail","6":"product_cat-figures","7":"pa_brand-mezco-toyz-en","8":"pa_character-magneto-en","9":"pa_license-marvel-en","10":"pa_product-type-figure","11":"pa_theme-one12-collective-en","13":"first","14":"outofstock","15":"taxable","16":"shipping-taxable","17":"purchasable","18":"product-type-simple"},"acf":[],"yoast_head":"<!-- This site is optimized with the Yoast SEO plugin v26.1.1 - https:\/\/yoast.com\/wordpress\/plugins\/seo\/ -->\n<title>Magneto Marvel One:12 Collective - EndormoonStore<\/title>\n<meta name=\"robots\" content=\"index, follow, max-snippet:-1, max-image-preview:large, max-video-preview:-1\" \/>\n<link rel=\"canonical\" href=\"https:\/\/endormoonstore.com\/en\/magneto-marvel-one-12-collective\/\" \/>\n<meta property=\"og:locale\" content=\"en_US\" \/>\n<meta property=\"og:type\" content=\"article\" \/>\n<meta property=\"og:title\" content=\"Magneto Marvel One:12 Collective - EndormoonStore\" \/>\n<meta property=\"og:description\" content=\"Magneto Marvel One:12 Collective Figura 16.5 cm  Mezco Toyz, dentro de su colecci\u00f3n de figuras The One:12 Collective presenta la figura de Magneto, conocido como Max Eisenhardt, basada en el Universo Marvel.\" \/>\n<meta property=\"og:url\" content=\"https:\/\/endormoonstore.com\/en\/magneto-marvel-one-12-collective\/\" \/>\n<meta property=\"og:site_name\" content=\"EndormoonStore\" \/>\n<meta property=\"article:modified_time\" content=\"2021-04-09T14:23:49+00:00\" \/>\n<meta property=\"og:image\" content=\"https:\/\/endormoonstore.com\/wp-content\/uploads\/2019\/05\/magneto_figura_16.5_cm_marvel_the_one-12_collective-1.jpeg\" \/>\n\t<meta property=\"og:image:width\" content=\"800\" \/>\n\t<meta property=\"og:image:height\" content=\"800\" \/>\n\t<meta property=\"og:image:type\" content=\"image\/jpeg\" \/>\n<meta name=\"twitter:card\" content=\"summary_large_image\" \/>\n<meta name=\"twitter:label1\" content=\"Est. reading time\" \/>\n\t<meta name=\"twitter:data1\" content=\"1 minute\" \/>\n<script type=\"application\/ld+json\" class=\"yoast-schema-graph\">{\"@context\":\"https:\/\/schema.org\",\"@graph\":[{\"@type\":\"WebPage\",\"@id\":\"https:\/\/endormoonstore.com\/en\/magneto-marvel-one-12-collective\/\",\"url\":\"https:\/\/endormoonstore.com\/en\/magneto-marvel-one-12-collective\/\",\"name\":\"Magneto Marvel One:12 Collective - EndormoonStore\",\"isPartOf\":{\"@id\":\"https:\/\/endormoonstore.com\/#website\"},\"primaryImageOfPage\":{\"@id\":\"https:\/\/endormoonstore.com\/en\/magneto-marvel-one-12-collective\/#primaryimage\"},\"image\":{\"@id\":\"https:\/\/endormoonstore.com\/en\/magneto-marvel-one-12-collective\/#primaryimage\"},\"thumbnailUrl\":\"https:\/\/endormoonstore.com\/wp-content\/uploads\/2019\/05\/magneto_figura_16.5_cm_marvel_the_one-12_collective-1.jpeg\",\"datePublished\":\"2019-05-29T16:59:36+00:00\",\"dateModified\":\"2021-04-09T14:23:49+00:00\",\"breadcrumb\":{\"@id\":\"https:\/\/endormoonstore.com\/en\/magneto-marvel-one-12-collective\/#breadcrumb\"},\"inLanguage\":\"en-US\",\"potentialAction\":[{\"@type\":\"ReadAction\",\"target\":[\"https:\/\/endormoonstore.com\/en\/magneto-marvel-one-12-collective\/\"]}]},{\"@type\":\"ImageObject\",\"inLanguage\":\"en-US\",\"@id\":\"https:\/\/endormoonstore.com\/en\/magneto-marvel-one-12-collective\/#primaryimage\",\"url\":\"https:\/\/endormoonstore.com\/wp-content\/uploads\/2019\/05\/magneto_figura_16.5_cm_marvel_the_one-12_collective-1.jpeg\",\"contentUrl\":\"https:\/\/endormoonstore.com\/wp-content\/uploads\/2019\/05\/magneto_figura_16.5_cm_marvel_the_one-12_collective-1.jpeg\",\"width\":800,\"height\":800},{\"@type\":\"BreadcrumbList\",\"@id\":\"https:\/\/endormoonstore.com\/en\/magneto-marvel-one-12-collective\/#breadcrumb\",\"itemListElement\":[{\"@type\":\"ListItem\",\"position\":1,\"name\":\"Shop\",\"item\":\"https:\/\/endormoonstore.com\/en\/shop\/\"},{\"@type\":\"ListItem\",\"position\":2,\"name\":\"Magneto Marvel One:12 Collective\"}]},{\"@type\":\"WebSite\",\"@id\":\"https:\/\/endormoonstore.com\/#website\",\"url\":\"https:\/\/endormoonstore.com\/\",\"name\":\"EndormoonStore\",\"description\":\"\",\"potentialAction\":[{\"@type\":\"SearchAction\",\"target\":{\"@type\":\"EntryPoint\",\"urlTemplate\":\"https:\/\/endormoonstore.com\/?s={search_term_string}\"},\"query-input\":{\"@type\":\"PropertyValueSpecification\",\"valueRequired\":true,\"valueName\":\"search_term_string\"}}],\"inLanguage\":\"en-US\"}]}<\/script>\n<!-- \/ Yoast SEO plugin. -->","yoast_head_json":{"title":"Magneto Marvel One:12 Collective - EndormoonStore","robots":{"index":"index","follow":"follow","max-snippet":"max-snippet:-1","max-image-preview":"max-image-preview:large","max-video-preview":"max-video-preview:-1"},"canonical":"https:\/\/endormoonstore.com\/en\/magneto-marvel-one-12-collective\/","og_locale":"en_US","og_type":"article","og_title":"Magneto Marvel One:12 Collective - EndormoonStore","og_description":"Magneto Marvel One:12 Collective Figura 16.5 cm  Mezco Toyz, dentro de su colecci\u00f3n de figuras The One:12 Collective presenta la figura de Magneto, conocido como Max Eisenhardt, basada en el Universo Marvel.","og_url":"https:\/\/endormoonstore.com\/en\/magneto-marvel-one-12-collective\/","og_site_name":"EndormoonStore","article_modified_time":"2021-04-09T14:23:49+00:00","og_image":[{"width":800,"height":800,"url":"https:\/\/endormoonstore.com\/wp-content\/uploads\/2019\/05\/magneto_figura_16.5_cm_marvel_the_one-12_collective-1.jpeg","type":"image\/jpeg"}],"twitter_card":"summary_large_image","twitter_misc":{"Est. reading time":"1 minute"},"schema":{"@context":"https:\/\/schema.org","@graph":[{"@type":"WebPage","@id":"https:\/\/endormoonstore.com\/en\/magneto-marvel-one-12-collective\/","url":"https:\/\/endormoonstore.com\/en\/magneto-marvel-one-12-collective\/","name":"Magneto Marvel One:12 Collective - EndormoonStore","isPartOf":{"@id":"https:\/\/endormoonstore.com\/#website"},"primaryImageOfPage":{"@id":"https:\/\/endormoonstore.com\/en\/magneto-marvel-one-12-collective\/#primaryimage"},"image":{"@id":"https:\/\/endormoonstore.com\/en\/magneto-marvel-one-12-collective\/#primaryimage"},"thumbnailUrl":"https:\/\/endormoonstore.com\/wp-content\/uploads\/2019\/05\/magneto_figura_16.5_cm_marvel_the_one-12_collective-1.jpeg","datePublished":"2019-05-29T16:59:36+00:00","dateModified":"2021-04-09T14:23:49+00:00","breadcrumb":{"@id":"https:\/\/endormoonstore.com\/en\/magneto-marvel-one-12-collective\/#breadcrumb"},"inLanguage":"en-US","potentialAction":[{"@type":"ReadAction","target":["https:\/\/endormoonstore.com\/en\/magneto-marvel-one-12-collective\/"]}]},{"@type":"ImageObject","inLanguage":"en-US","@id":"https:\/\/endormoonstore.com\/en\/magneto-marvel-one-12-collective\/#primaryimage","url":"https:\/\/endormoonstore.com\/wp-content\/uploads\/2019\/05\/magneto_figura_16.5_cm_marvel_the_one-12_collective-1.jpeg","contentUrl":"https:\/\/endormoonstore.com\/wp-content\/uploads\/2019\/05\/magneto_figura_16.5_cm_marvel_the_one-12_collective-1.jpeg","width":800,"height":800},{"@type":"BreadcrumbList","@id":"https:\/\/endormoonstore.com\/en\/magneto-marvel-one-12-collective\/#breadcrumb","itemListElement":[{"@type":"ListItem","position":1,"name":"Shop","item":"https:\/\/endormoonstore.com\/en\/shop\/"},{"@type":"ListItem","position":2,"name":"Magneto Marvel One:12 Collective"}]},{"@type":"WebSite","@id":"https:\/\/endormoonstore.com\/#website","url":"https:\/\/endormoonstore.com\/","name":"EndormoonStore","description":"","potentialAction":[{"@type":"SearchAction","target":{"@type":"EntryPoint","urlTemplate":"https:\/\/endormoonstore.com\/?s={search_term_string}"},"query-input":{"@type":"PropertyValueSpecification","valueRequired":true,"valueName":"search_term_string"}}],"inLanguage":"en-US"}]}},"taxonomy_info":{"product_cat":[{"value":1390,"label":"Figures"}],"pa_brand":[{"value":1638,"label":"Mezco Toyz"}],"pa_character":[{"value":5354,"label":"Magneto"}],"pa_license":[{"value":1642,"label":"Marvel"}],"pa_product-type":[{"value":2387,"label":"Figure"}],"pa_theme":[{"value":1885,"label":"One:12 Collective"}]},"featured_image_src_large":["https:\/\/endormoonstore.com\/wp-content\/uploads\/2019\/05\/magneto_figura_16.5_cm_marvel_the_one-12_collective-1.jpeg",800,800,false],"author_info":[],"comment_info":"","_links":{"self":[{"href":"https:\/\/endormoonstore.com\/en\/wp-json\/wp\/v2\/product\/76042","targetHints":{"allow":["GET"]}}],"collection":[{"href":"https:\/\/endormoonstore.com\/en\/wp-json\/wp\/v2\/product"}],"about":[{"href":"https:\/\/endormoonstore.com\/en\/wp-json\/wp\/v2\/types\/product"}],"wp:featuredmedia":[{"embeddable":true,"href":"https:\/\/endormoonstore.com\/en\/wp-json\/wp\/v2\/media\/75994"}],"wp:attachment":[{"href":"https:\/\/endormoonstore.com\/en\/wp-json\/wp\/v2\/media?parent=76042"}],"wp:term":[{"taxonomy":"product_cat","embeddable":true,"href":"https:\/\/endormoonstore.com\/en\/wp-json\/wp\/v2\/product_cat?post=76042"},{"taxonomy":"product_tag","embeddable":true,"href":"https:\/\/endormoonstore.com\/en\/wp-json\/wp\/v2\/product_tag?post=76042"}],"curies":[{"name":"wp","href":"https:\/\/api.w.org\/{rel}","templated":true}]}}