{"id":75340,"date":"2019-05-01T18:35:20","date_gmt":"2019-05-01T16:35:20","guid":{"rendered":"https:\/\/endormoonstore.com\/thanos-diorama-marvel-comic-gallery\/"},"modified":"2021-07-30T21:05:03","modified_gmt":"2021-07-30T19:05:03","slug":"thanos-diorama-marvel-comic-gallery","status":"publish","type":"product","link":"https:\/\/endormoonstore.com\/en\/thanos-diorama-marvel-comic-gallery\/","title":{"rendered":"Thanos Diorama Marvel Comic Gallery"},"content":{"rendered":"<p><strong>Thanos Diorama Marvel Comic Gallery Figura 23 Cm<\/strong><\/p>\n<ul>\n<li>Diamond Select Toys presenta la figura para la colecci\u00f3n Marvel Comic Gallery, de Thanos, el Tit\u00e1n Loco, que se muestra sobre una monta\u00f1a de calaveras desafiando a cualquier h\u00e9roe a intentar detenerlo, con el Guanelete Infinito en una mano.<\/li>\n<li>Se trata de una figura hecha en PVC de unos 23 cm,\u00a0 esculpida por Phil Ramirez basada en un dise\u00f1o de Caesar.<\/li>\n<\/ul>\n<p>&nbsp;<\/p>\n<p>&nbsp;<\/p>\n","protected":false},"excerpt":{"rendered":"<p><strong>Thanos Diorama Marvel Comic Gallery Figura 23 Cm<\/strong><\/p>\n<p>Diamond Select Toys presenta la figura para la colecci\u00f3n Marvel Comic Gallery, de Thanos, el Tit\u00e1n Loco, que se muestra sobre una monta\u00f1a de calaveras desafiando a cualquier h\u00e9roe a intentar detenerlo, con el Guantelete Infinito en una mano.<\/p>\n","protected":false},"featured_media":75336,"template":"","meta":{"_acf_changed":false,"_kad_blocks_custom_css":"","_kad_blocks_head_custom_js":"","_kad_blocks_body_custom_js":"","_kad_blocks_footer_custom_js":""},"product_cat":[1390],"product_tag":[],"class_list":{"0":"post-75340","1":"product","2":"type-product","3":"status-publish","4":"has-post-thumbnail","6":"product_cat-figures","7":"pa_brand-diamond-select-toys-en","8":"pa_character-thanos-en","9":"pa_license-marvel-en","10":"pa_product-type-figure","11":"pa_theme-marvel-comic-gallery-en","13":"first","14":"outofstock","15":"taxable","16":"shipping-taxable","17":"purchasable","18":"product-type-simple"},"acf":[],"yoast_head":"<!-- This site is optimized with the Yoast SEO plugin v26.1.1 - https:\/\/yoast.com\/wordpress\/plugins\/seo\/ -->\n<title>Thanos Diorama Marvel Comic Gallery - EndormoonStore<\/title>\n<meta name=\"robots\" content=\"index, follow, max-snippet:-1, max-image-preview:large, max-video-preview:-1\" \/>\n<link rel=\"canonical\" href=\"https:\/\/endormoonstore.com\/thanos-diorama-marvel-comic-gallery\/\" \/>\n<meta property=\"og:locale\" content=\"en_US\" \/>\n<meta property=\"og:type\" content=\"article\" \/>\n<meta property=\"og:title\" content=\"Thanos Diorama Marvel Comic Gallery - EndormoonStore\" \/>\n<meta property=\"og:description\" content=\"Thanos Diorama Marvel Comic Gallery Figura 23 Cm  Diamond Select Toys presenta la figura para la colecci\u00f3n Marvel Comic Gallery, de Thanos, el Tit\u00e1n Loco, que se muestra sobre una monta\u00f1a de calaveras desafiando a cualquier h\u00e9roe a intentar detenerlo, con el Guantelete Infinito en una mano.\" \/>\n<meta property=\"og:url\" content=\"https:\/\/endormoonstore.com\/thanos-diorama-marvel-comic-gallery\/\" \/>\n<meta property=\"og:site_name\" content=\"EndormoonStore\" \/>\n<meta property=\"article:modified_time\" content=\"2021-07-30T19:05:03+00:00\" \/>\n<meta property=\"og:image\" content=\"https:\/\/endormoonstore.com\/wp-content\/uploads\/2019\/05\/thanos_23_cm_pvc_diorama_marvel_comic_gallery.jpg\" \/>\n\t<meta property=\"og:image:width\" content=\"1173\" \/>\n\t<meta property=\"og:image:height\" content=\"1600\" \/>\n\t<meta property=\"og:image:type\" content=\"image\/jpeg\" \/>\n<meta name=\"twitter:card\" content=\"summary_large_image\" \/>\n<script type=\"application\/ld+json\" class=\"yoast-schema-graph\">{\"@context\":\"https:\/\/schema.org\",\"@graph\":[{\"@type\":\"WebPage\",\"@id\":\"https:\/\/endormoonstore.com\/thanos-diorama-marvel-comic-gallery\/\",\"url\":\"https:\/\/endormoonstore.com\/thanos-diorama-marvel-comic-gallery\/\",\"name\":\"Thanos Diorama Marvel Comic Gallery - EndormoonStore\",\"isPartOf\":{\"@id\":\"https:\/\/endormoonstore.com\/#website\"},\"primaryImageOfPage\":{\"@id\":\"https:\/\/endormoonstore.com\/thanos-diorama-marvel-comic-gallery\/#primaryimage\"},\"image\":{\"@id\":\"https:\/\/endormoonstore.com\/thanos-diorama-marvel-comic-gallery\/#primaryimage\"},\"thumbnailUrl\":\"https:\/\/endormoonstore.com\/wp-content\/uploads\/2019\/05\/thanos_23_cm_pvc_diorama_marvel_comic_gallery.jpg\",\"datePublished\":\"2019-05-01T16:35:20+00:00\",\"dateModified\":\"2021-07-30T19:05:03+00:00\",\"breadcrumb\":{\"@id\":\"https:\/\/endormoonstore.com\/thanos-diorama-marvel-comic-gallery\/#breadcrumb\"},\"inLanguage\":\"en-US\",\"potentialAction\":[{\"@type\":\"ReadAction\",\"target\":[\"https:\/\/endormoonstore.com\/thanos-diorama-marvel-comic-gallery\/\"]}]},{\"@type\":\"ImageObject\",\"inLanguage\":\"en-US\",\"@id\":\"https:\/\/endormoonstore.com\/thanos-diorama-marvel-comic-gallery\/#primaryimage\",\"url\":\"https:\/\/endormoonstore.com\/wp-content\/uploads\/2019\/05\/thanos_23_cm_pvc_diorama_marvel_comic_gallery.jpg\",\"contentUrl\":\"https:\/\/endormoonstore.com\/wp-content\/uploads\/2019\/05\/thanos_23_cm_pvc_diorama_marvel_comic_gallery.jpg\",\"width\":1173,\"height\":1600},{\"@type\":\"BreadcrumbList\",\"@id\":\"https:\/\/endormoonstore.com\/thanos-diorama-marvel-comic-gallery\/#breadcrumb\",\"itemListElement\":[{\"@type\":\"ListItem\",\"position\":1,\"name\":\"Shop\",\"item\":\"https:\/\/endormoonstore.com\/en\/shop\/\"},{\"@type\":\"ListItem\",\"position\":2,\"name\":\"Thanos Diorama Marvel Comic Gallery\"}]},{\"@type\":\"WebSite\",\"@id\":\"https:\/\/endormoonstore.com\/#website\",\"url\":\"https:\/\/endormoonstore.com\/\",\"name\":\"EndormoonStore\",\"description\":\"\",\"potentialAction\":[{\"@type\":\"SearchAction\",\"target\":{\"@type\":\"EntryPoint\",\"urlTemplate\":\"https:\/\/endormoonstore.com\/?s={search_term_string}\"},\"query-input\":{\"@type\":\"PropertyValueSpecification\",\"valueRequired\":true,\"valueName\":\"search_term_string\"}}],\"inLanguage\":\"en-US\"}]}<\/script>\n<!-- \/ Yoast SEO plugin. -->","yoast_head_json":{"title":"Thanos Diorama Marvel Comic Gallery - EndormoonStore","robots":{"index":"index","follow":"follow","max-snippet":"max-snippet:-1","max-image-preview":"max-image-preview:large","max-video-preview":"max-video-preview:-1"},"canonical":"https:\/\/endormoonstore.com\/thanos-diorama-marvel-comic-gallery\/","og_locale":"en_US","og_type":"article","og_title":"Thanos Diorama Marvel Comic Gallery - EndormoonStore","og_description":"Thanos Diorama Marvel Comic Gallery Figura 23 Cm  Diamond Select Toys presenta la figura para la colecci\u00f3n Marvel Comic Gallery, de Thanos, el Tit\u00e1n Loco, que se muestra sobre una monta\u00f1a de calaveras desafiando a cualquier h\u00e9roe a intentar detenerlo, con el Guantelete Infinito en una mano.","og_url":"https:\/\/endormoonstore.com\/thanos-diorama-marvel-comic-gallery\/","og_site_name":"EndormoonStore","article_modified_time":"2021-07-30T19:05:03+00:00","og_image":[{"width":1173,"height":1600,"url":"https:\/\/endormoonstore.com\/wp-content\/uploads\/2019\/05\/thanos_23_cm_pvc_diorama_marvel_comic_gallery.jpg","type":"image\/jpeg"}],"twitter_card":"summary_large_image","schema":{"@context":"https:\/\/schema.org","@graph":[{"@type":"WebPage","@id":"https:\/\/endormoonstore.com\/thanos-diorama-marvel-comic-gallery\/","url":"https:\/\/endormoonstore.com\/thanos-diorama-marvel-comic-gallery\/","name":"Thanos Diorama Marvel Comic Gallery - EndormoonStore","isPartOf":{"@id":"https:\/\/endormoonstore.com\/#website"},"primaryImageOfPage":{"@id":"https:\/\/endormoonstore.com\/thanos-diorama-marvel-comic-gallery\/#primaryimage"},"image":{"@id":"https:\/\/endormoonstore.com\/thanos-diorama-marvel-comic-gallery\/#primaryimage"},"thumbnailUrl":"https:\/\/endormoonstore.com\/wp-content\/uploads\/2019\/05\/thanos_23_cm_pvc_diorama_marvel_comic_gallery.jpg","datePublished":"2019-05-01T16:35:20+00:00","dateModified":"2021-07-30T19:05:03+00:00","breadcrumb":{"@id":"https:\/\/endormoonstore.com\/thanos-diorama-marvel-comic-gallery\/#breadcrumb"},"inLanguage":"en-US","potentialAction":[{"@type":"ReadAction","target":["https:\/\/endormoonstore.com\/thanos-diorama-marvel-comic-gallery\/"]}]},{"@type":"ImageObject","inLanguage":"en-US","@id":"https:\/\/endormoonstore.com\/thanos-diorama-marvel-comic-gallery\/#primaryimage","url":"https:\/\/endormoonstore.com\/wp-content\/uploads\/2019\/05\/thanos_23_cm_pvc_diorama_marvel_comic_gallery.jpg","contentUrl":"https:\/\/endormoonstore.com\/wp-content\/uploads\/2019\/05\/thanos_23_cm_pvc_diorama_marvel_comic_gallery.jpg","width":1173,"height":1600},{"@type":"BreadcrumbList","@id":"https:\/\/endormoonstore.com\/thanos-diorama-marvel-comic-gallery\/#breadcrumb","itemListElement":[{"@type":"ListItem","position":1,"name":"Shop","item":"https:\/\/endormoonstore.com\/en\/shop\/"},{"@type":"ListItem","position":2,"name":"Thanos Diorama Marvel Comic Gallery"}]},{"@type":"WebSite","@id":"https:\/\/endormoonstore.com\/#website","url":"https:\/\/endormoonstore.com\/","name":"EndormoonStore","description":"","potentialAction":[{"@type":"SearchAction","target":{"@type":"EntryPoint","urlTemplate":"https:\/\/endormoonstore.com\/?s={search_term_string}"},"query-input":{"@type":"PropertyValueSpecification","valueRequired":true,"valueName":"search_term_string"}}],"inLanguage":"en-US"}]}},"taxonomy_info":{"product_cat":[{"value":1390,"label":"Figures"}],"pa_brand":[{"value":1632,"label":"Diamond Select Toys"}],"pa_character":[{"value":4187,"label":"Thanos"}],"pa_license":[{"value":1642,"label":"Marvel"}],"pa_product-type":[{"value":2387,"label":"Figure"}],"pa_theme":[{"value":2288,"label":"Marvel Comic Gallery"}]},"featured_image_src_large":["https:\/\/endormoonstore.com\/wp-content\/uploads\/2019\/05\/thanos_23_cm_pvc_diorama_marvel_comic_gallery-751x1024.jpg",751,1024,true],"author_info":[],"comment_info":"","_links":{"self":[{"href":"https:\/\/endormoonstore.com\/en\/wp-json\/wp\/v2\/product\/75340","targetHints":{"allow":["GET"]}}],"collection":[{"href":"https:\/\/endormoonstore.com\/en\/wp-json\/wp\/v2\/product"}],"about":[{"href":"https:\/\/endormoonstore.com\/en\/wp-json\/wp\/v2\/types\/product"}],"wp:featuredmedia":[{"embeddable":true,"href":"https:\/\/endormoonstore.com\/en\/wp-json\/wp\/v2\/media\/75336"}],"wp:attachment":[{"href":"https:\/\/endormoonstore.com\/en\/wp-json\/wp\/v2\/media?parent=75340"}],"wp:term":[{"taxonomy":"product_cat","embeddable":true,"href":"https:\/\/endormoonstore.com\/en\/wp-json\/wp\/v2\/product_cat?post=75340"},{"taxonomy":"product_tag","embeddable":true,"href":"https:\/\/endormoonstore.com\/en\/wp-json\/wp\/v2\/product_tag?post=75340"}],"curies":[{"name":"wp","href":"https:\/\/api.w.org\/{rel}","templated":true}]}}