{"id":75334,"date":"2019-05-01T18:26:20","date_gmt":"2019-05-01T16:26:20","guid":{"rendered":"https:\/\/endormoonstore.com\/capitan-america-estatua-resina-avengers-endgame-marvel-movie-premier-collection\/"},"modified":"2022-07-02T20:49:57","modified_gmt":"2022-07-02T18:49:57","slug":"capitan-america-estatua-resina-avengers-endgame-marvel-movie-premier-collection","status":"publish","type":"product","link":"https:\/\/endormoonstore.com\/en\/capitan-america-estatua-resina-avengers-endgame-marvel-movie-premier-collection\/","title":{"rendered":"Capitan America Estatua Resina Avengers Endgame Marvel Movie Premier Collection"},"content":{"rendered":"<p><strong>Captain America Avengers Endgame Marvel Movie Premier Collection Resin Statue\u00a0<\/strong><\/p>\n<ul>\n<li>Diamond Select Toys presenta esta estatua de resina basada en el Capit\u00e1n Am\u00e9rica, tal y como aparece en la pel\u00edcula &#8220;Avengers Endgame&#8221;.<\/li>\n<li>Esta estatua est\u00e1 hecha en resina, mide unos 30 cm de alto.<\/li>\n<li>Esta estatua esculpida por Jorge Santos Souza est\u00e1 limitada a 3000 unidades, numeradas manualmente e incluye certificado de autenticidad.<\/li>\n<\/ul>\n<p>&nbsp;<\/p>\n<p>&nbsp;<\/p>\n","protected":false},"excerpt":{"rendered":"<p><strong>Captain America Avengers Endgame Marvel Movie Premier Collection Resin Statue<\/strong><\/p>\n<p>Diamond Select Toys presenta esta estatua de resina basada en el Capit\u00e1n Am\u00e9rica, tal y como aparece en la pel\u00edcula &#8220;Avengers Endgame&#8221;.<\/p>\n","protected":false},"featured_media":136914,"template":"","meta":{"_acf_changed":false,"_kad_blocks_custom_css":"","_kad_blocks_head_custom_js":"","_kad_blocks_body_custom_js":"","_kad_blocks_footer_custom_js":""},"product_cat":[1390],"product_tag":[],"class_list":{"0":"post-75334","1":"product","2":"type-product","3":"status-publish","4":"has-post-thumbnail","6":"product_cat-figures","7":"pa_brand-diamond-select-toys-en","8":"pa_character-captain-america","9":"pa_episode-the-avengers-endgane-en","10":"pa_license-marvel-en","11":"pa_product-type-statue","12":"pa_theme-marvel-movie-premier-collection-en","14":"first","15":"outofstock","16":"taxable","17":"shipping-taxable","18":"purchasable","19":"product-type-simple"},"acf":[],"yoast_head":"<!-- This site is optimized with the Yoast SEO plugin v26.1.1 - https:\/\/yoast.com\/wordpress\/plugins\/seo\/ -->\n<title>Capitan America Estatua Resina Avengers Endgame Marvel Movie Premier Collection - EndormoonStore<\/title>\n<meta name=\"robots\" content=\"index, follow, max-snippet:-1, max-image-preview:large, max-video-preview:-1\" \/>\n<link rel=\"canonical\" href=\"https:\/\/endormoonstore.com\/capitan-america-estatua-resina-avengers-endgame-marvel-movie-premier-collection\/\" \/>\n<meta property=\"og:locale\" content=\"en_US\" \/>\n<meta property=\"og:type\" content=\"article\" \/>\n<meta property=\"og:title\" content=\"Capitan America Estatua Resina Avengers Endgame Marvel Movie Premier Collection - EndormoonStore\" \/>\n<meta property=\"og:description\" content=\"Captain America Avengers Endgame Marvel Movie Premier Collection Resin Statue  Diamond Select Toys presenta esta estatua de resina basada en el Capit\u00e1n Am\u00e9rica, tal y como aparece en la pel\u00edcula &quot;Avengers Endgame&quot;.\" \/>\n<meta property=\"og:url\" content=\"https:\/\/endormoonstore.com\/capitan-america-estatua-resina-avengers-endgame-marvel-movie-premier-collection\/\" \/>\n<meta property=\"og:site_name\" content=\"EndormoonStore\" \/>\n<meta property=\"article:modified_time\" content=\"2022-07-02T18:49:57+00:00\" \/>\n<meta property=\"og:image\" content=\"https:\/\/endormoonstore.com\/wp-content\/uploads\/2019\/05\/Capitan-America-Avengers-Endgame-Marvel-Movie-Premier-Collection-Resin-Statue-1-1.jpg\" \/>\n\t<meta property=\"og:image:width\" content=\"665\" \/>\n\t<meta property=\"og:image:height\" content=\"1000\" \/>\n\t<meta property=\"og:image:type\" content=\"image\/jpeg\" \/>\n<meta name=\"twitter:card\" content=\"summary_large_image\" \/>\n<script type=\"application\/ld+json\" class=\"yoast-schema-graph\">{\"@context\":\"https:\/\/schema.org\",\"@graph\":[{\"@type\":\"WebPage\",\"@id\":\"https:\/\/endormoonstore.com\/capitan-america-estatua-resina-avengers-endgame-marvel-movie-premier-collection\/\",\"url\":\"https:\/\/endormoonstore.com\/capitan-america-estatua-resina-avengers-endgame-marvel-movie-premier-collection\/\",\"name\":\"Capitan America Estatua Resina Avengers Endgame Marvel Movie Premier Collection - EndormoonStore\",\"isPartOf\":{\"@id\":\"https:\/\/endormoonstore.com\/#website\"},\"primaryImageOfPage\":{\"@id\":\"https:\/\/endormoonstore.com\/capitan-america-estatua-resina-avengers-endgame-marvel-movie-premier-collection\/#primaryimage\"},\"image\":{\"@id\":\"https:\/\/endormoonstore.com\/capitan-america-estatua-resina-avengers-endgame-marvel-movie-premier-collection\/#primaryimage\"},\"thumbnailUrl\":\"https:\/\/endormoonstore.com\/wp-content\/uploads\/2019\/05\/Capitan-America-Avengers-Endgame-Marvel-Movie-Premier-Collection-Resin-Statue-1-1.jpg\",\"datePublished\":\"2019-05-01T16:26:20+00:00\",\"dateModified\":\"2022-07-02T18:49:57+00:00\",\"breadcrumb\":{\"@id\":\"https:\/\/endormoonstore.com\/capitan-america-estatua-resina-avengers-endgame-marvel-movie-premier-collection\/#breadcrumb\"},\"inLanguage\":\"en-US\",\"potentialAction\":[{\"@type\":\"ReadAction\",\"target\":[\"https:\/\/endormoonstore.com\/capitan-america-estatua-resina-avengers-endgame-marvel-movie-premier-collection\/\"]}]},{\"@type\":\"ImageObject\",\"inLanguage\":\"en-US\",\"@id\":\"https:\/\/endormoonstore.com\/capitan-america-estatua-resina-avengers-endgame-marvel-movie-premier-collection\/#primaryimage\",\"url\":\"https:\/\/endormoonstore.com\/wp-content\/uploads\/2019\/05\/Capitan-America-Avengers-Endgame-Marvel-Movie-Premier-Collection-Resin-Statue-1-1.jpg\",\"contentUrl\":\"https:\/\/endormoonstore.com\/wp-content\/uploads\/2019\/05\/Capitan-America-Avengers-Endgame-Marvel-Movie-Premier-Collection-Resin-Statue-1-1.jpg\",\"width\":665,\"height\":1000},{\"@type\":\"BreadcrumbList\",\"@id\":\"https:\/\/endormoonstore.com\/capitan-america-estatua-resina-avengers-endgame-marvel-movie-premier-collection\/#breadcrumb\",\"itemListElement\":[{\"@type\":\"ListItem\",\"position\":1,\"name\":\"Shop\",\"item\":\"https:\/\/endormoonstore.com\/en\/shop\/\"},{\"@type\":\"ListItem\",\"position\":2,\"name\":\"Capitan America Estatua Resina Avengers Endgame Marvel Movie Premier Collection\"}]},{\"@type\":\"WebSite\",\"@id\":\"https:\/\/endormoonstore.com\/#website\",\"url\":\"https:\/\/endormoonstore.com\/\",\"name\":\"EndormoonStore\",\"description\":\"\",\"potentialAction\":[{\"@type\":\"SearchAction\",\"target\":{\"@type\":\"EntryPoint\",\"urlTemplate\":\"https:\/\/endormoonstore.com\/?s={search_term_string}\"},\"query-input\":{\"@type\":\"PropertyValueSpecification\",\"valueRequired\":true,\"valueName\":\"search_term_string\"}}],\"inLanguage\":\"en-US\"}]}<\/script>\n<!-- \/ Yoast SEO plugin. -->","yoast_head_json":{"title":"Capitan America Estatua Resina Avengers Endgame Marvel Movie Premier Collection - EndormoonStore","robots":{"index":"index","follow":"follow","max-snippet":"max-snippet:-1","max-image-preview":"max-image-preview:large","max-video-preview":"max-video-preview:-1"},"canonical":"https:\/\/endormoonstore.com\/capitan-america-estatua-resina-avengers-endgame-marvel-movie-premier-collection\/","og_locale":"en_US","og_type":"article","og_title":"Capitan America Estatua Resina Avengers Endgame Marvel Movie Premier Collection - EndormoonStore","og_description":"Captain America Avengers Endgame Marvel Movie Premier Collection Resin Statue  Diamond Select Toys presenta esta estatua de resina basada en el Capit\u00e1n Am\u00e9rica, tal y como aparece en la pel\u00edcula \"Avengers Endgame\".","og_url":"https:\/\/endormoonstore.com\/capitan-america-estatua-resina-avengers-endgame-marvel-movie-premier-collection\/","og_site_name":"EndormoonStore","article_modified_time":"2022-07-02T18:49:57+00:00","og_image":[{"width":665,"height":1000,"url":"https:\/\/endormoonstore.com\/wp-content\/uploads\/2019\/05\/Capitan-America-Avengers-Endgame-Marvel-Movie-Premier-Collection-Resin-Statue-1-1.jpg","type":"image\/jpeg"}],"twitter_card":"summary_large_image","schema":{"@context":"https:\/\/schema.org","@graph":[{"@type":"WebPage","@id":"https:\/\/endormoonstore.com\/capitan-america-estatua-resina-avengers-endgame-marvel-movie-premier-collection\/","url":"https:\/\/endormoonstore.com\/capitan-america-estatua-resina-avengers-endgame-marvel-movie-premier-collection\/","name":"Capitan America Estatua Resina Avengers Endgame Marvel Movie Premier Collection - EndormoonStore","isPartOf":{"@id":"https:\/\/endormoonstore.com\/#website"},"primaryImageOfPage":{"@id":"https:\/\/endormoonstore.com\/capitan-america-estatua-resina-avengers-endgame-marvel-movie-premier-collection\/#primaryimage"},"image":{"@id":"https:\/\/endormoonstore.com\/capitan-america-estatua-resina-avengers-endgame-marvel-movie-premier-collection\/#primaryimage"},"thumbnailUrl":"https:\/\/endormoonstore.com\/wp-content\/uploads\/2019\/05\/Capitan-America-Avengers-Endgame-Marvel-Movie-Premier-Collection-Resin-Statue-1-1.jpg","datePublished":"2019-05-01T16:26:20+00:00","dateModified":"2022-07-02T18:49:57+00:00","breadcrumb":{"@id":"https:\/\/endormoonstore.com\/capitan-america-estatua-resina-avengers-endgame-marvel-movie-premier-collection\/#breadcrumb"},"inLanguage":"en-US","potentialAction":[{"@type":"ReadAction","target":["https:\/\/endormoonstore.com\/capitan-america-estatua-resina-avengers-endgame-marvel-movie-premier-collection\/"]}]},{"@type":"ImageObject","inLanguage":"en-US","@id":"https:\/\/endormoonstore.com\/capitan-america-estatua-resina-avengers-endgame-marvel-movie-premier-collection\/#primaryimage","url":"https:\/\/endormoonstore.com\/wp-content\/uploads\/2019\/05\/Capitan-America-Avengers-Endgame-Marvel-Movie-Premier-Collection-Resin-Statue-1-1.jpg","contentUrl":"https:\/\/endormoonstore.com\/wp-content\/uploads\/2019\/05\/Capitan-America-Avengers-Endgame-Marvel-Movie-Premier-Collection-Resin-Statue-1-1.jpg","width":665,"height":1000},{"@type":"BreadcrumbList","@id":"https:\/\/endormoonstore.com\/capitan-america-estatua-resina-avengers-endgame-marvel-movie-premier-collection\/#breadcrumb","itemListElement":[{"@type":"ListItem","position":1,"name":"Shop","item":"https:\/\/endormoonstore.com\/en\/shop\/"},{"@type":"ListItem","position":2,"name":"Capitan America Estatua Resina Avengers Endgame Marvel Movie Premier Collection"}]},{"@type":"WebSite","@id":"https:\/\/endormoonstore.com\/#website","url":"https:\/\/endormoonstore.com\/","name":"EndormoonStore","description":"","potentialAction":[{"@type":"SearchAction","target":{"@type":"EntryPoint","urlTemplate":"https:\/\/endormoonstore.com\/?s={search_term_string}"},"query-input":{"@type":"PropertyValueSpecification","valueRequired":true,"valueName":"search_term_string"}}],"inLanguage":"en-US"}]}},"taxonomy_info":{"product_cat":[{"value":1390,"label":"Figures"}],"pa_brand":[{"value":1632,"label":"Diamond Select Toys"}],"pa_character":[{"value":2309,"label":"Captain America"}],"pa_episode":[{"value":4181,"label":"The Avengers Endgane"}],"pa_license":[{"value":1642,"label":"Marvel"}],"pa_product-type":[{"value":2357,"label":"Statue"}],"pa_theme":[{"value":3320,"label":"Marvel Movie Premier Collection"}]},"featured_image_src_large":["https:\/\/endormoonstore.com\/wp-content\/uploads\/2019\/05\/Capitan-America-Avengers-Endgame-Marvel-Movie-Premier-Collection-Resin-Statue-1-1.jpg",665,1000,false],"author_info":[],"comment_info":"","_links":{"self":[{"href":"https:\/\/endormoonstore.com\/en\/wp-json\/wp\/v2\/product\/75334","targetHints":{"allow":["GET"]}}],"collection":[{"href":"https:\/\/endormoonstore.com\/en\/wp-json\/wp\/v2\/product"}],"about":[{"href":"https:\/\/endormoonstore.com\/en\/wp-json\/wp\/v2\/types\/product"}],"wp:featuredmedia":[{"embeddable":true,"href":"https:\/\/endormoonstore.com\/en\/wp-json\/wp\/v2\/media\/136914"}],"wp:attachment":[{"href":"https:\/\/endormoonstore.com\/en\/wp-json\/wp\/v2\/media?parent=75334"}],"wp:term":[{"taxonomy":"product_cat","embeddable":true,"href":"https:\/\/endormoonstore.com\/en\/wp-json\/wp\/v2\/product_cat?post=75334"},{"taxonomy":"product_tag","embeddable":true,"href":"https:\/\/endormoonstore.com\/en\/wp-json\/wp\/v2\/product_tag?post=75334"}],"curies":[{"name":"wp","href":"https:\/\/api.w.org\/{rel}","templated":true}]}}