{"id":72608,"date":"2019-03-07T20:26:26","date_gmt":"2019-03-07T19:26:26","guid":{"rendered":"https:\/\/endormoonstore.com\/rx78-2-gundam-40th-anniversary-figura-15-cm-mobile-suit-gundam-universe\/"},"modified":"2021-04-03T15:06:41","modified_gmt":"2021-04-03T13:06:41","slug":"rx78-2-gundam-40th-anniversary-figura-15-cm-mobile-suit-gundam-universe","status":"publish","type":"product","link":"https:\/\/endormoonstore.com\/en\/rx78-2-gundam-40th-anniversary-figura-15-cm-mobile-suit-gundam-universe\/","title":{"rendered":"Rx78-2 Gundam 40Th Anniversary Figura 15 cm Mobile Suit Gundam Universe"},"content":{"rendered":"<p><strong>Rx78-2 Gundam 40Th Anniversary Figura 15 cm Mobile Suit\u00a0Gundam Universe<\/strong><\/p>\n<ul>\n<li>Tamashii Nations, celebrando el 40 aniversario de GUNDAM, su licencia m\u00e1s popular, vuelve con una nueva l\u00ednea de figuras de acci\u00f3n con nuevo tama\u00f1o y nuevo esculpido, pensado para todos aquellos que quieran adentrarse en su extenso y variado universo: la l\u00ednea GUNDAM UNIVERSE.<\/li>\n<li>El Gundam RX-78-2 es el primer modelo.<\/li>\n<li>Apareci\u00f3 por primera vez en TV en 1979-1980.<\/li>\n<li>Se trata de una figura articulada de unos 15 cm dise\u00f1ada para enfatizar las poses m\u00e1s din\u00e1micas.<\/li>\n<li>Incluye escudo, beam rifle y beam sable x2, adem\u00e1s de una base soporte para su exposici\u00f3n.<\/li>\n<\/ul>\n<p>&nbsp;<\/p>\n<p>&nbsp;<\/p>\n","protected":false},"excerpt":{"rendered":"<p><strong>Rx78-2 Gundam 40Th Anniversary Figura 15 cm Mobile Suit\u00a0Gundam Universe<\/strong><\/p>\n<p>Tamashii Nations, celebrando el 40 aniversario de GUNDAM, su licencia m\u00e1s popular, vuelve con una nueva l\u00ednea de figuras de acci\u00f3n con nuevo tama\u00f1o y nuevo esculpido, pensado para todos aquellos que quieran adentrarse en su extenso y variado universo: la l\u00ednea GUNDAM UNIVERSE.<\/p>\n","protected":false},"featured_media":72588,"template":"","meta":{"_acf_changed":false,"_kad_blocks_custom_css":"","_kad_blocks_head_custom_js":"","_kad_blocks_body_custom_js":"","_kad_blocks_footer_custom_js":""},"product_cat":[1390],"product_tag":[],"class_list":{"0":"post-72608","1":"product","2":"type-product","3":"status-publish","4":"has-post-thumbnail","6":"product_cat-figures","7":"pa_brand-tamashii-nations-en","8":"pa_character-rx78-2-en","9":"pa_license-gundam-en","10":"pa_product-type-figure","11":"pa_theme-mobile-suit-gundam-universe-en","13":"first","14":"outofstock","15":"taxable","16":"shipping-taxable","17":"purchasable","18":"product-type-simple"},"acf":[],"yoast_head":"<!-- This site is optimized with the Yoast SEO plugin v26.1.1 - https:\/\/yoast.com\/wordpress\/plugins\/seo\/ -->\n<title>Rx78-2 Gundam 40Th Anniversary Figura 15 cm Mobile Suit Gundam Universe - EndormoonStore<\/title>\n<meta name=\"robots\" content=\"index, follow, max-snippet:-1, max-image-preview:large, max-video-preview:-1\" \/>\n<link rel=\"canonical\" href=\"https:\/\/endormoonstore.com\/en\/rx78-2-gundam-40th-anniversary-figura-15-cm-mobile-suit-gundam-universe\/\" \/>\n<meta property=\"og:locale\" content=\"en_US\" \/>\n<meta property=\"og:type\" content=\"article\" \/>\n<meta property=\"og:title\" content=\"Rx78-2 Gundam 40Th Anniversary Figura 15 cm Mobile Suit Gundam Universe - EndormoonStore\" \/>\n<meta property=\"og:description\" content=\"Rx78-2 Gundam 40Th Anniversary Figura 15 cm Mobile Suit\u00a0Gundam Universe  Tamashii Nations, celebrando el 40 aniversario de GUNDAM, su licencia m\u00e1s popular, vuelve con una nueva l\u00ednea de figuras de acci\u00f3n con nuevo tama\u00f1o y nuevo esculpido, pensado para todos aquellos que quieran adentrarse en su extenso y variado universo: la l\u00ednea GUNDAM UNIVERSE.\" \/>\n<meta property=\"og:url\" content=\"https:\/\/endormoonstore.com\/en\/rx78-2-gundam-40th-anniversary-figura-15-cm-mobile-suit-gundam-universe\/\" \/>\n<meta property=\"og:site_name\" content=\"EndormoonStore\" \/>\n<meta property=\"article:modified_time\" content=\"2021-04-03T13:06:41+00:00\" \/>\n<meta property=\"og:image\" content=\"https:\/\/endormoonstore.com\/wp-content\/uploads\/2019\/03\/rx78-2_gundam_40th_anniversary_figura_15_cm_mobile_suit_gundam_gundam_universe-2.jpg\" \/>\n\t<meta property=\"og:image:width\" content=\"976\" \/>\n\t<meta property=\"og:image:height\" content=\"1200\" \/>\n\t<meta property=\"og:image:type\" content=\"image\/jpeg\" \/>\n<meta name=\"twitter:card\" content=\"summary_large_image\" \/>\n<meta name=\"twitter:label1\" content=\"Est. reading time\" \/>\n\t<meta name=\"twitter:data1\" content=\"1 minute\" \/>\n<script type=\"application\/ld+json\" class=\"yoast-schema-graph\">{\"@context\":\"https:\/\/schema.org\",\"@graph\":[{\"@type\":\"WebPage\",\"@id\":\"https:\/\/endormoonstore.com\/en\/rx78-2-gundam-40th-anniversary-figura-15-cm-mobile-suit-gundam-universe\/\",\"url\":\"https:\/\/endormoonstore.com\/en\/rx78-2-gundam-40th-anniversary-figura-15-cm-mobile-suit-gundam-universe\/\",\"name\":\"Rx78-2 Gundam 40Th Anniversary Figura 15 cm Mobile Suit Gundam Universe - EndormoonStore\",\"isPartOf\":{\"@id\":\"https:\/\/endormoonstore.com\/#website\"},\"primaryImageOfPage\":{\"@id\":\"https:\/\/endormoonstore.com\/en\/rx78-2-gundam-40th-anniversary-figura-15-cm-mobile-suit-gundam-universe\/#primaryimage\"},\"image\":{\"@id\":\"https:\/\/endormoonstore.com\/en\/rx78-2-gundam-40th-anniversary-figura-15-cm-mobile-suit-gundam-universe\/#primaryimage\"},\"thumbnailUrl\":\"https:\/\/endormoonstore.com\/wp-content\/uploads\/2019\/03\/rx78-2_gundam_40th_anniversary_figura_15_cm_mobile_suit_gundam_gundam_universe-2.jpg\",\"datePublished\":\"2019-03-07T19:26:26+00:00\",\"dateModified\":\"2021-04-03T13:06:41+00:00\",\"breadcrumb\":{\"@id\":\"https:\/\/endormoonstore.com\/en\/rx78-2-gundam-40th-anniversary-figura-15-cm-mobile-suit-gundam-universe\/#breadcrumb\"},\"inLanguage\":\"en-US\",\"potentialAction\":[{\"@type\":\"ReadAction\",\"target\":[\"https:\/\/endormoonstore.com\/en\/rx78-2-gundam-40th-anniversary-figura-15-cm-mobile-suit-gundam-universe\/\"]}]},{\"@type\":\"ImageObject\",\"inLanguage\":\"en-US\",\"@id\":\"https:\/\/endormoonstore.com\/en\/rx78-2-gundam-40th-anniversary-figura-15-cm-mobile-suit-gundam-universe\/#primaryimage\",\"url\":\"https:\/\/endormoonstore.com\/wp-content\/uploads\/2019\/03\/rx78-2_gundam_40th_anniversary_figura_15_cm_mobile_suit_gundam_gundam_universe-2.jpg\",\"contentUrl\":\"https:\/\/endormoonstore.com\/wp-content\/uploads\/2019\/03\/rx78-2_gundam_40th_anniversary_figura_15_cm_mobile_suit_gundam_gundam_universe-2.jpg\",\"width\":976,\"height\":1200},{\"@type\":\"BreadcrumbList\",\"@id\":\"https:\/\/endormoonstore.com\/en\/rx78-2-gundam-40th-anniversary-figura-15-cm-mobile-suit-gundam-universe\/#breadcrumb\",\"itemListElement\":[{\"@type\":\"ListItem\",\"position\":1,\"name\":\"Shop\",\"item\":\"https:\/\/endormoonstore.com\/en\/shop\/\"},{\"@type\":\"ListItem\",\"position\":2,\"name\":\"Rx78-2 Gundam 40Th Anniversary Figura 15 cm Mobile Suit Gundam Universe\"}]},{\"@type\":\"WebSite\",\"@id\":\"https:\/\/endormoonstore.com\/#website\",\"url\":\"https:\/\/endormoonstore.com\/\",\"name\":\"EndormoonStore\",\"description\":\"\",\"potentialAction\":[{\"@type\":\"SearchAction\",\"target\":{\"@type\":\"EntryPoint\",\"urlTemplate\":\"https:\/\/endormoonstore.com\/?s={search_term_string}\"},\"query-input\":{\"@type\":\"PropertyValueSpecification\",\"valueRequired\":true,\"valueName\":\"search_term_string\"}}],\"inLanguage\":\"en-US\"}]}<\/script>\n<!-- \/ Yoast SEO plugin. -->","yoast_head_json":{"title":"Rx78-2 Gundam 40Th Anniversary Figura 15 cm Mobile Suit Gundam Universe - EndormoonStore","robots":{"index":"index","follow":"follow","max-snippet":"max-snippet:-1","max-image-preview":"max-image-preview:large","max-video-preview":"max-video-preview:-1"},"canonical":"https:\/\/endormoonstore.com\/en\/rx78-2-gundam-40th-anniversary-figura-15-cm-mobile-suit-gundam-universe\/","og_locale":"en_US","og_type":"article","og_title":"Rx78-2 Gundam 40Th Anniversary Figura 15 cm Mobile Suit Gundam Universe - EndormoonStore","og_description":"Rx78-2 Gundam 40Th Anniversary Figura 15 cm Mobile Suit\u00a0Gundam Universe  Tamashii Nations, celebrando el 40 aniversario de GUNDAM, su licencia m\u00e1s popular, vuelve con una nueva l\u00ednea de figuras de acci\u00f3n con nuevo tama\u00f1o y nuevo esculpido, pensado para todos aquellos que quieran adentrarse en su extenso y variado universo: la l\u00ednea GUNDAM UNIVERSE.","og_url":"https:\/\/endormoonstore.com\/en\/rx78-2-gundam-40th-anniversary-figura-15-cm-mobile-suit-gundam-universe\/","og_site_name":"EndormoonStore","article_modified_time":"2021-04-03T13:06:41+00:00","og_image":[{"width":976,"height":1200,"url":"https:\/\/endormoonstore.com\/wp-content\/uploads\/2019\/03\/rx78-2_gundam_40th_anniversary_figura_15_cm_mobile_suit_gundam_gundam_universe-2.jpg","type":"image\/jpeg"}],"twitter_card":"summary_large_image","twitter_misc":{"Est. reading time":"1 minute"},"schema":{"@context":"https:\/\/schema.org","@graph":[{"@type":"WebPage","@id":"https:\/\/endormoonstore.com\/en\/rx78-2-gundam-40th-anniversary-figura-15-cm-mobile-suit-gundam-universe\/","url":"https:\/\/endormoonstore.com\/en\/rx78-2-gundam-40th-anniversary-figura-15-cm-mobile-suit-gundam-universe\/","name":"Rx78-2 Gundam 40Th Anniversary Figura 15 cm Mobile Suit Gundam Universe - EndormoonStore","isPartOf":{"@id":"https:\/\/endormoonstore.com\/#website"},"primaryImageOfPage":{"@id":"https:\/\/endormoonstore.com\/en\/rx78-2-gundam-40th-anniversary-figura-15-cm-mobile-suit-gundam-universe\/#primaryimage"},"image":{"@id":"https:\/\/endormoonstore.com\/en\/rx78-2-gundam-40th-anniversary-figura-15-cm-mobile-suit-gundam-universe\/#primaryimage"},"thumbnailUrl":"https:\/\/endormoonstore.com\/wp-content\/uploads\/2019\/03\/rx78-2_gundam_40th_anniversary_figura_15_cm_mobile_suit_gundam_gundam_universe-2.jpg","datePublished":"2019-03-07T19:26:26+00:00","dateModified":"2021-04-03T13:06:41+00:00","breadcrumb":{"@id":"https:\/\/endormoonstore.com\/en\/rx78-2-gundam-40th-anniversary-figura-15-cm-mobile-suit-gundam-universe\/#breadcrumb"},"inLanguage":"en-US","potentialAction":[{"@type":"ReadAction","target":["https:\/\/endormoonstore.com\/en\/rx78-2-gundam-40th-anniversary-figura-15-cm-mobile-suit-gundam-universe\/"]}]},{"@type":"ImageObject","inLanguage":"en-US","@id":"https:\/\/endormoonstore.com\/en\/rx78-2-gundam-40th-anniversary-figura-15-cm-mobile-suit-gundam-universe\/#primaryimage","url":"https:\/\/endormoonstore.com\/wp-content\/uploads\/2019\/03\/rx78-2_gundam_40th_anniversary_figura_15_cm_mobile_suit_gundam_gundam_universe-2.jpg","contentUrl":"https:\/\/endormoonstore.com\/wp-content\/uploads\/2019\/03\/rx78-2_gundam_40th_anniversary_figura_15_cm_mobile_suit_gundam_gundam_universe-2.jpg","width":976,"height":1200},{"@type":"BreadcrumbList","@id":"https:\/\/endormoonstore.com\/en\/rx78-2-gundam-40th-anniversary-figura-15-cm-mobile-suit-gundam-universe\/#breadcrumb","itemListElement":[{"@type":"ListItem","position":1,"name":"Shop","item":"https:\/\/endormoonstore.com\/en\/shop\/"},{"@type":"ListItem","position":2,"name":"Rx78-2 Gundam 40Th Anniversary Figura 15 cm Mobile Suit Gundam Universe"}]},{"@type":"WebSite","@id":"https:\/\/endormoonstore.com\/#website","url":"https:\/\/endormoonstore.com\/","name":"EndormoonStore","description":"","potentialAction":[{"@type":"SearchAction","target":{"@type":"EntryPoint","urlTemplate":"https:\/\/endormoonstore.com\/?s={search_term_string}"},"query-input":{"@type":"PropertyValueSpecification","valueRequired":true,"valueName":"search_term_string"}}],"inLanguage":"en-US"}]}},"taxonomy_info":{"product_cat":[{"value":1390,"label":"Figures"}],"pa_brand":[{"value":2096,"label":"Tamashii Nations"}],"pa_character":[{"value":5524,"label":"Rx78-2"}],"pa_license":[{"value":5506,"label":"Gundam"}],"pa_product-type":[{"value":2387,"label":"Figure"}],"pa_theme":[{"value":5512,"label":"Mobile Suit Gundam Universe"}]},"featured_image_src_large":["https:\/\/endormoonstore.com\/wp-content\/uploads\/2019\/03\/rx78-2_gundam_40th_anniversary_figura_15_cm_mobile_suit_gundam_gundam_universe-2-833x1024.jpg",833,1024,true],"author_info":[],"comment_info":"","_links":{"self":[{"href":"https:\/\/endormoonstore.com\/en\/wp-json\/wp\/v2\/product\/72608","targetHints":{"allow":["GET"]}}],"collection":[{"href":"https:\/\/endormoonstore.com\/en\/wp-json\/wp\/v2\/product"}],"about":[{"href":"https:\/\/endormoonstore.com\/en\/wp-json\/wp\/v2\/types\/product"}],"wp:featuredmedia":[{"embeddable":true,"href":"https:\/\/endormoonstore.com\/en\/wp-json\/wp\/v2\/media\/72588"}],"wp:attachment":[{"href":"https:\/\/endormoonstore.com\/en\/wp-json\/wp\/v2\/media?parent=72608"}],"wp:term":[{"taxonomy":"product_cat","embeddable":true,"href":"https:\/\/endormoonstore.com\/en\/wp-json\/wp\/v2\/product_cat?post=72608"},{"taxonomy":"product_tag","embeddable":true,"href":"https:\/\/endormoonstore.com\/en\/wp-json\/wp\/v2\/product_tag?post=72608"}],"curies":[{"name":"wp","href":"https:\/\/api.w.org\/{rel}","templated":true}]}}